{"id":111763,"date":"2022-12-15T15:47:28","date_gmt":"2022-12-15T20:47:28","guid":{"rendered":"https:\/\/cscc-sccc.ca\/education-et-affaires-scientifiques\/bibliotheque-et-autres-ressources\/"},"modified":"2024-04-16T16:47:51","modified_gmt":"2024-04-16T20:47:51","slug":"bibliotheque-et-autres-ressources","status":"publish","type":"page","link":"https:\/\/cscc-sccc.ca\/fr\/education-et-affaires-scientifiques\/bibliotheque-et-autres-ressources\/","title":{"rendered":"Biblioth\u00e8que et autres ressources"},"content":{"rendered":"<div id=\"advanced-editor-block_3acd050248887ad17de4848dfc125ad8\" class=\"wrap-block advanced-editor page_id_111763\">\r\n    <div class=\"grid-container vertical-padding\">\r\n        <div class=\"grid-x\">\r\n            \t\t\t\t\t\r\n                    <div class=\"cell large-12 medium-12 small-12 padding-lrbt \" data-column-number=\"1\">\r\n                        <h1 style=\"text-align: center;\"><strong>Biblioth\u00e8que de biochimistes et autres ressources<\/strong><\/h1>\n                    <\/div>\r\n                \t\t\t\t\t\r\n                    <div class=\"cell large-6 medium-6 small-12 padding-lrbt \" data-column-number=\"2\">\r\n                        <p>&nbsp;<\/p>\n<h3><strong>S\u00e9lection de revues de chimie clinique et de m\u00e9decine de laboratoire<\/strong><\/h3>\n<table>\n<tbody>\n<tr>\n<td>\n<ul>\n<li><a href=\"https:\/\/www.ascp.org\/content\" target=\"_blank\" rel=\"noopener\">Soci\u00e9t\u00e9 am\u00e9ricaine de pathologie clinique<\/a><\/li>\n<li><u><a href=\"https:\/\/journals.sagepub.com\/home\/acb\" target=\"_blank\" rel=\"noopener\">Annales de biochimie clinique<\/a><\/u><\/li>\n<li><a href=\"http:\/\/www.elsevier.com\/wps\/find\/journaldescription.cws_home\/525463\/description#description\" target=\"_blank\" rel=\"noopener\">Biochimie clinique<\/a><\/li>\n<li><a href=\"https:\/\/academic.oup.com\/clinchem\/\" target=\"_blank\" rel=\"noopener\">Chimie clinique<\/a><\/li>\n<li><a href=\"https:\/\/www.degruyter.com\/journal\/key\/cclm\/html?lang=en\" target=\"_blank\" rel=\"noopener\">Chimie clinique et m\u00e9decine de laboratoire<\/a><\/li>\n<li><a href=\"https:\/\/www.sciencedirect.com\/journal\/clinica-chimica-acta\" target=\"_blank\" rel=\"noopener\">Clinica Chimica Acta<\/a><\/li>\n<li><a href=\"https:\/\/www.tandfonline.com\/journals\/ilab20\" target=\"_blank\" rel=\"noopener\">Revues critiques en sciences de laboratoire clinique<\/a><\/li>\n<li><a href=\"https:\/\/ifcc.org\/ifcc-communications-publications-division-cpd\/ifcc-publications\/ejifcc-journal\/\" target=\"_blank\" rel=\"noopener\">Journal \u00e9lectronique de la F\u00e9d\u00e9ration internationale de chimie clinique<\/a><\/li>\n<li><a href=\"https:\/\/www.sciencedirect.com\/journal\/journal-of-mass-spectrometry-and-advances-in-the-clinical-lab\" target=\"_blank\" rel=\"noopener\">Journal de spectrom\u00e9trie de masse et avanc\u00e9es dans le laboratoire clinique<\/a><\/li>\n<li><u><a href=\"https:\/\/www.tandfonline.com\/toc\/iclb20\/current\" target=\"_blank\" rel=\"noopener\">Journal scandinave Investigation clinique et de laboratoire<\/a><\/u><\/li>\n<li><a href=\"https:\/\/academic.oup.com\/jalm\" target=\"_blank\" rel=\"noopener\">Le Journal de m\u00e9decine de laboratoire appliqu\u00e9e<\/a><\/li>\n<\/ul>\n<\/td>\n<\/tr>\n<\/tbody>\n<\/table>\n<h3><\/h3>\n<h3><\/h3>\n<h3><strong>Organismes de laboratoire clinique<\/strong><\/h3>\n<table>\n<tbody>\n<tr>\n<td><strong>Canadien<\/strong><\/p>\n<ul>\n<li><a href=\"https:\/\/www.bcclinicalscientists.ca\/\" target=\"_blank\" rel=\"noopener\">Association des chercheurs cliniciens de la Colombie-Britannique<\/a> (BCACS)<\/li>\n<li><a href=\"http:\/\/www.cap-acp.org\/\" target=\"_blank\" rel=\"noopener\">Association canadienne des pathologistes<\/a> (ACP)<\/li>\n<li><a href=\"http:\/\/www.cma.ca\/\" target=\"_blank\" rel=\"noopener\">Association m\u00e9dicale canadienne<\/a> (AMC)<\/li>\n<li><a href=\"http:\/\/www.csmls.org\/\" target=\"_blank\" rel=\"noopener\">Soci\u00e9t\u00e9 canadienne de science de laboratoire m\u00e9dical<\/a> (SCSLM)<\/li>\n<li><a href=\"http:\/\/www.ontariopathologists.org\/\" target=\"_blank\" rel=\"noopener\">Association des pathologistes de l\u2019Ontario<\/a> (OAP)<\/li>\n<li><a href=\"http:\/\/www.clinicalchemistry.on.ca\/\" target=\"_blank\" rel=\"noopener\">Soci\u00e9t\u00e9 des chimistes cliniciens de l\u2019Ontario<\/a> (OSCC)<\/li>\n<li><a style=\"font-size: inherit;\" href=\"http:\/\/www.sqbc.qc.ca\/\" target=\"_blank\" rel=\"noopener\">Soci\u00e9t\u00e9 de biochimie clinique du Qu\u00e9bec<\/a><span style=\"font-size: inherit;\"> (SQBC)<\/span><\/li>\n<\/ul>\n<p><strong>Am\u00e9ricain<\/strong><\/p>\n<ul>\n<li><a href=\"http:\/\/www.aacc.org\/\" target=\"_blank\" rel=\"noopener\">Association am\u00e9ricaine de chimie<\/a><a href=\"http:\/\/www.aacc.org\/\" target=\"_blank\" rel=\"noopener\"> <\/a>clinique (AACC)<\/li>\n<li><a href=\"http:\/\/depts.washington.edu\/labweb\/aclps\/\" target=\"_blank\" rel=\"noopener\">Acad\u00e9mie des m\u00e9decins et scientifiques de laboratoire clinique<\/a> (ACLPS)<\/li>\n<li><a href=\"http:\/\/www.ama-assn.org\/\" target=\"_blank\" rel=\"noopener\">Association<\/a><a href=\"http:\/\/www.ama-assn.org\/\" target=\"_blank\" rel=\"noopener\"> <\/a>m\u00e9dicale am\u00e9ricaine (AMA)<\/li>\n<li><a href=\"http:\/\/www.ascls.org\/\" target=\"_blank\" rel=\"noopener\">Soci\u00e9t\u00e9 am\u00e9ricaine des sciences<\/a><a href=\"http:\/\/www.ascls.org\/\" target=\"_blank\" rel=\"noopener\"> <\/a>de laboratoire clinique (ASCLS)<\/li>\n<li><a href=\"http:\/\/www.ascp.org\/\" target=\"_blank\" rel=\"noopener\">Soci\u00e9t\u00e9 am\u00e9ricaine des pathologistes cliniques<\/a> (ASCP)<\/li>\n<li><a href=\"http:\/\/www.cap.org\/\" target=\"_blank\" rel=\"noopener\">Coll\u00e8ge des pathologistes am\u00e9ricains<\/a> (CAP)<\/li>\n<li><a href=\"https:\/\/www.msacl.org\/\" target=\"_blank\" rel=\"noopener\">L\u2019Association pour la spectrom\u00e9trie de masse et les progr\u00e8s dans le laboratoire clinique<\/a> (MSACL)<\/li>\n<\/ul>\n<p><strong>International<\/strong><\/p>\n<ul>\n<li><a href=\"http:\/\/www.apfcb.org\/\" target=\"_blank\" rel=\"noopener\">F\u00e9d\u00e9ration asiatique et pacifique de biochimie clinique<\/a> (APFCB)<\/li>\n<li><a href=\"http:\/\/www.acb.org.uk\/\" target=\"_blank\" rel=\"noopener\">Association de biochimie clinique et de m\u00e9decine de laboratoire<\/a> (ACB)<\/li>\n<li><a href=\"http:\/\/www.aacb.asn.au\/\" target=\"_blank\" rel=\"noopener\">Association australasienne des biochimistes cliniques<\/a> (AACB)<\/li>\n<li><a href=\"http:\/\/www.clsi.org\/\" target=\"_blank\" rel=\"noopener\">Institut des normes cliniques et de laboratoire<\/a> (CLSI, anciennement NCCLS)<\/li>\n<li><a href=\"https:\/\/cnbh.fr\/\" target=\"_blank\" rel=\"noopener\">Coll\u00e8ge National de Biochimie des H\u00f4pitaux<\/a> (CNBH)<\/li>\n<li><a href=\"http:\/\/www.iatdmct.org\/\" target=\"_blank\" rel=\"noopener\">Association internationale pour la surveillance th\u00e9rapeutique des m\u00e9dicaments et la toxicologie clinique<\/a> (IATDMCT)<\/li>\n<li><a href=\"http:\/\/www.ifcc.org\/\" target=\"_blank\" rel=\"noopener\">F\u00e9d\u00e9ration internationale de chimie clinique et de m\u00e9decine de laboratoire<\/a> (IFCCLM)<\/li>\n<\/ul>\n<\/td>\n<\/tr>\n<\/tbody>\n<\/table>\n<p>&nbsp;<\/p>\n                    <\/div>\r\n                \t\t\t\t\t\r\n                    <div class=\"cell large-6 medium-6 small-12 padding-lrbt \" data-column-number=\"3\">\r\n                        <p>&nbsp;<\/p>\n<h3><strong>Actualit\u00e9s du laboratoire<\/strong><br \/>\n<strong>et Podcasts<\/strong><\/h3>\n<table width=\"100%\">\n<tbody>\n<tr>\n<td>\n<ul>\n<li><a href=\"https:\/\/www.aacc.org\/cln\" target=\"_blank\" rel=\"noopener\">Nouvelles du laboratoire clinique de l\u2019AACC<\/a><\/li>\n<li><a href=\"https:\/\/www.aacc.org\/community\/podcast\" target=\"_blank\" rel=\"noopener\">AACC Laborastories Le Podcast<\/a><\/li>\n<li><a href=\"https:\/\/www.aacc.org\/science-and-research\/clinical-chemistry\/clinical-chemistry-podcasts\" target=\"_blank\" rel=\"noopener\">Podcasts sur la chimie clinique<\/a><\/li>\n<li><a href=\"https:\/\/the-lab-report.blubrry.net\/\" target=\"_blank\" rel=\"noopener\">Balado du rapport de laboratoire du CSCC<\/a><\/li>\n<li><a href=\"https:\/\/ifcc.org\/ifcc-communications-publications-division-cpd\/ifcc-publications\/enewsletter\/\" target=\"_blank\" rel=\"noopener\">L\u2019actualit\u00e9 \u00e9lectronique de l\u2019IFCC<\/a><\/li>\n<li><a href=\"https:\/\/www.aacc.org\/science-and-research\/journal-of-applied-laboratory-medicine\/jalm-talk\" target=\"_blank\" rel=\"noopener\">JALM Talk Podcasts<\/a><\/li>\n<\/ul>\n<\/td>\n<\/tr>\n<\/tbody>\n<\/table>\n<p>&nbsp;<\/p>\n<h3><strong>Ressources p\u00e9dagogiques<\/strong><\/h3>\n<table width=\"100%\">\n<tbody>\n<tr>\n<td>\n<ul>\n<li><a href=\"https:\/\/www.aacc.org\/education\/learning-lab\" target=\"_blank\" rel=\"noopener\">Laboratoire d\u2019apprentissage de l\u2019AACC<\/a><\/li>\n<li><a href=\"https:\/\/www.aacc.org\/science-and-research\/clinical-chemistry-trainee-council\" target=\"_blank\" rel=\"noopener\">Conseil des stagiaires de l\u2019AACC<\/a><\/li>\n<li><a href=\"https:\/\/www.aruplab.com\/education\/webinars\" target=\"_blank\" rel=\"noopener\">Webinaire des Laboratoires ARUP<\/a><\/li>\n<li><a href=\"https:\/\/www.captodayonline.com\/category\/webinar\/\" target=\"_blank\" rel=\"noopener\">Webinaire L\u2019ACP aujourd\u2019hui<\/a><\/li>\n<li><a href=\"https:\/\/cscc-sccc.ca\/2022-2023-education-roundtables-webinar-series\/\" target=\"_blank\" rel=\"noopener\">S\u00e9rie de tables rondes sur l\u2019\u00e9ducation du CSCC<\/a><\/li>\n<li><a href=\"https:\/\/cscc-sccc.ca\/fr\/education-et-affaires-scientifiques\/cours-sur-le-leadership-en-gestion-de-la-qualite\/\" target=\"_blank\" rel=\"noopener\">Programme de leadership en gestion de la qualit\u00e9 du CSCC<\/a><\/li>\n<li><u><a href=\"https:\/\/ifcc.org\/ifcc-education-division\/ifcc-eacademy\/\" target=\"_blank\" rel=\"noopener\">Acad\u00e9mie en ligne de l\u2019IFCC<\/a><\/u><\/li>\n<li><a href=\"https:\/\/ifcc.org\/ifcc-congresses-and-conferences\/webinars-recordings\/\" target=\"_blank\" rel=\"noopener\">Webinaires de l\u2019IFCC<\/a><\/li>\n<li><a href=\"https:\/\/news.mayocliniclabs.com\/edu-webinars\/\" target=\"_blank\" rel=\"noopener\">Webinaires sur les laboratoires de la Mayo Clinic<\/a><\/li>\n<li><a href=\"https:\/\/bloodsafelearning.org.au\/\" target=\"_blank\" rel=\"noopener\">Portail d\u2019apprentissage en ligne sur la m\u00e9decine transfusionnelle<br \/>\n(Apprentissage en ligne Blood Safe Australie)<\/a><\/li>\n<li><a href=\"https:\/\/whitehatcom.com\/\" target=\"_blank\" rel=\"noopener\">Point d\u2019intervention de Whitehat Communications<br \/>\nWebinaires sur les tests<\/a><\/li>\n<\/ul>\n<p>&nbsp;<\/td>\n<\/tr>\n<\/tbody>\n<\/table>\n<p>&nbsp;<\/p>\n<h3><strong>Liste de diffusion et groupes de discussion<\/strong><\/h3>\n<table width=\"100%\">\n<tbody>\n<tr>\n<td>\n<ul>\n<li><a href=\"https:\/\/lists.queensu.ca\/cgi-bin\/listserv\/wa?A0=CSCC-L\" target=\"_blank\" rel=\"noopener\">Liste de diffusion du CSCC<\/a> (membres du CSCC)<\/li>\n<li><a href=\"https:\/\/www.aacc.org\/community\/forums\" target=\"_blank\" rel=\"noopener\">Art\u00e8re de l\u2019AACC<\/a> (membres de l\u2019AACC)<\/li>\n<li>Liste de diffusion ACB du Royaume-Uni : <a href=\"mailto:mailbase@mailbase.ac.uk\" target=\"_blank\" rel=\"noopener\">mailbase@mailbase.ac.uk<\/a>(Dans le corps du message, envoyez ce qui suit :<br \/>\nrejoindre acb-clin-chem-gen Pr\u00e9nom Nom)<\/li>\n<\/ul>\n<\/td>\n<\/tr>\n<\/tbody>\n<\/table>\n<p>&nbsp;<\/p>\n<h3><strong>Liens canadiens<\/strong><\/h3>\n<table width=\"100%\">\n<tbody>\n<tr>\n<td>\n<ul>\n<li><a href=\"http:\/\/www.cihr.ca\/\" target=\"_blank\" rel=\"noopener\">Instituts de recherche en sant\u00e9 du Canada<\/a><\/li>\n<li><a href=\"https:\/\/choosingwiselycanada.org\/recommendations\/\" target=\"_blank\" rel=\"noopener\">Choisir avec soin au Canada<\/a><\/li>\n<li><a href=\"http:\/\/www.hc-sc.gc.ca\/\" target=\"_blank\" rel=\"noopener\">Sant\u00e9 Canada<\/a><\/li>\n<li><a href=\"https:\/\/iqmh.org\/\" target=\"_blank\" rel=\"noopener\">Institut pour la gestion de la qualit\u00e9 dans les soins de sant\u00e9 (IQMH)<\/a><\/li>\n<li><a href=\"https:\/\/nrc.canada.ca\/en\" target=\"_blank\" rel=\"noopener\">Conseil national de recherches du Canada (CNRC)<\/a><\/li>\n<\/ul>\n<\/td>\n<\/tr>\n<\/tbody>\n<\/table>\n                    <\/div>\r\n                        <\/div>\r\n    <\/div><!-- .grid-container -->\r\n<\/div><!-- .wrapBlock.advanced-editor -->","protected":false},"excerpt":{"rendered":"","protected":false},"author":1,"featured_media":0,"parent":111690,"menu_order":0,"comment_status":"closed","ping_status":"closed","template":"","meta":{"_acf_changed":false,"footnotes":""},"class_list":["post-111763","page","type-page","status-publish","hentry"],"acf":[],"_links":{"self":[{"href":"https:\/\/cscc-sccc.ca\/fr\/wp-json\/wp\/v2\/pages\/111763","targetHints":{"allow":["GET"]}}],"collection":[{"href":"https:\/\/cscc-sccc.ca\/fr\/wp-json\/wp\/v2\/pages"}],"about":[{"href":"https:\/\/cscc-sccc.ca\/fr\/wp-json\/wp\/v2\/types\/page"}],"author":[{"embeddable":true,"href":"https:\/\/cscc-sccc.ca\/fr\/wp-json\/wp\/v2\/users\/1"}],"replies":[{"embeddable":true,"href":"https:\/\/cscc-sccc.ca\/fr\/wp-json\/wp\/v2\/comments?post=111763"}],"version-history":[{"count":1,"href":"https:\/\/cscc-sccc.ca\/fr\/wp-json\/wp\/v2\/pages\/111763\/revisions"}],"predecessor-version":[{"id":111764,"href":"https:\/\/cscc-sccc.ca\/fr\/wp-json\/wp\/v2\/pages\/111763\/revisions\/111764"}],"up":[{"embeddable":true,"href":"https:\/\/cscc-sccc.ca\/fr\/wp-json\/wp\/v2\/pages\/111690"}],"wp:attachment":[{"href":"https:\/\/cscc-sccc.ca\/fr\/wp-json\/wp\/v2\/media?parent=111763"}],"curies":[{"name":"wp","href":"https:\/\/api.w.org\/{rel}","templated":true}]}}