{"id":111761,"date":"2022-12-14T19:38:51","date_gmt":"2022-12-15T00:38:51","guid":{"rendered":"https:\/\/cscc-sccc.ca\/domicile\/"},"modified":"2024-04-16T16:46:01","modified_gmt":"2024-04-16T20:46:01","slug":"domicile","status":"publish","type":"page","link":"https:\/\/cscc-sccc.ca\/fr\/","title":{"rendered":"Domicile"},"content":{"rendered":"<div id=\"advanced-editor-block_8ce8a785b65fd502285b59acd7dce0a5\" class=\"wrap-block advanced-editor page_id_111761\">\r\n    <div class=\"grid-container vertical-padding\">\r\n        <div class=\"grid-x\">\r\n            \t\t\t\t\t\r\n                    <div class=\"cell large-6 medium-6 small-12 padding-right padding-droit-petit\" data-column-number=\"1\">\r\n                        <h3>Qui sommes-nous ?<\/h3>\n<p>La Soci\u00e9t\u00e9 canadienne des chimistes cliniciens (SCCC) est une organisation scientifique et professionnelle nationale qui repr\u00e9sente les biochimistes cliniciens de partout au Canada. Le CSCC est compos\u00e9 d\u2019experts de premier plan dans la pratique de la biochimie clinique.<\/p>\n<h3>Ce que nous faisons<\/h3>\n<p>Le CSCC assure un leadership dans la pratique de la biochimie clinique et de la m\u00e9decine de laboratoire clinique par le biais du service, de l\u2019\u00e9ducation et de la recherche. Le CSCC prot\u00e8ge les patients en \u00e9laborant et en soutenant des normes de qualit\u00e9 \u00e9lev\u00e9es au sein des services de diagnostic. Il sert de ressource et de partenaire pour le gouvernement, l\u2019industrie et les soins de sant\u00e9. Le CSCC fait la promotion de la profession de biochimiste clinique et milite en faveur de la reconnaissance professionnelle des biochimistes cliniciens.<\/p>\n<p><a class=\"theme-button\" href=\"https:\/\/cscc-sccc.ca\/fr\/qui-sommes-nous-2\/qui-sommes-nous\/\">LIRE LA SUITE<\/a><\/p>\n                    <\/div>\r\n                \t\t\t\t\t\r\n                    <div class=\"cell large-6 medium-6 small-12 padding-left \" data-column-number=\"2\">\r\n                                    \t\t\t\t\t<div class=\"grid-x text_banners\">\r\n\t\t\t\t\t                \t\t\t\t\t                \t<div class=\"cell large-12 medium-12 small-12 text_banner\">\r\n\t\t\t\t\t                \t\t<h3>L\u2019\u00e9nonc\u00e9 de mission du CSCC<\/h3>\r\n\t\t\t\t\t                \t\t<p>Le CSCC est le chef de file de la pratique et de la profession de la biochimie clinique au Canada et fait progresser la m\u00e9decine de laboratoire dans le monde entier.<\/p>\r\n\t\t\t\t\t                \t<\/div>\r\n\t\t\t\t\t                \t\t\t\t\t                \t<div class=\"cell large-12 medium-12 small-12 text_banner\">\r\n\t\t\t\t\t                \t\t<h3>L\u2019\u00e9nonc\u00e9 de vision du CSCC<\/h3>\r\n\t\t\t\t\t                \t\t<p>Des soins de sant\u00e9 innovants et centr\u00e9s sur le patient gr\u00e2ce \u00e0 la biochimie clinique.<\/p>\r\n\t\t\t\t\t                \t<\/div>\r\n\t\t\t\t\t                \t\t\t\t            \t<\/div>\r\n\t\t\t\t                                <\/div>\r\n                        <\/div>\r\n    <\/div><!-- .grid-container -->\r\n<\/div><!-- .wrapBlock.advanced-editor --><div id=\"event-banner-block_651f35a247d50644a79a43c5b5468632\" class=\"wrap-block event-banner\">\n\t<div class=\"grid-container full\">\n    \t<div class=\"grid-x align-middle\">\n    \t\t<div class=\"cell large-shrink medium-shrink small-shrink event-img\">\n    \t\t\t\t\t\t\t\t<img decoding=\"async\" src=\"https:\/\/cscc-sccc.ca\/wp-content\/uploads\/de-yqbdm-convention-center-29164-28829-Classic-Hor-aspect-ratio-441-259.jpg\" alt=\"De Yqbdm Convention Center 29164 28829 Classic Hor Aspect Ratio 441 259\" \/>\n\t\t\t\t    \t\t<\/div>\n    \t\t<div class=\"cell large-auto medium-auto small-auto padding-left event-info\">\n    \t\t\t<h2>Conf\u00e9rence annuelle conjointe 2024 du CSCC et de la SQBC  <\/h2>\n    \t\t\t<p>16 &#8211; 19 juin 2024<br \/>\nCentre de vill\u00e9giature et de congr\u00e8s du Mont Sainte-Anne<br \/>\nMont Sainte-Anne (Qu\u00e9bec)<\/p>\n    \t\t<\/div>\n    \t\t<div class=\"cell large-shrink medium-shrink small-12 padding-left-small the-link\">\n    \t\t\t<a href=\"https:\/\/cscc-sccc.ca\/fr\/conference-2024\/\" target=\"_self\" class=\"theme-button\">Pour en savoir plus<\/a>    \t\t<\/div>\n    \t<\/div>\n\t<\/div><!-- .grid-container -->\n<\/div><!-- .wrapBlock.event-banner --><div id=\"event-news-feed-block_ddedf6f00c95bc9f7c61780f821ddcab\" class=\"wrap-block event-news-feed\">\n\t<div class=\"title-bar\">\n\t\t<div class=\"grid-container\">\n\t\t\t<div class=\"grid-x\">\n\t\t\t\t<div class=\"cell large-6 medium-6 small-12 events-title\">\n\t\t\t\t\t<h2>\u00c9v\u00e9nements du CCCS<\/h2>\n\t\t\t\t<\/div>\n\t\t\t\t<div class=\"cell large-6 medium-6 hide-for-small news-title\">\n\t\t\t\t\t<h2>Nouvelles du CCSC<\/h2>\n\t\t\t\t<\/div>\n\t\t\t<\/div>\n\t\t<\/div>\n\t<\/div><!-- .title-bar -->\n\t<div class=\"feeds\">\n\t\t<div class=\"grid-container\">\n\t    \t<div class=\"grid-x\">\n\t    \t\t<div class=\"cell large-6 medium-6 small-12 events-feed\">\n\t    \t\t\t\t    \t\t\t\t\t<div class=\"feed-item\">\n\t    \t\t\t\t\t\t<div class=\"date\">Date: June 16, 2024<\/div>\n\t    \t\t\t\t\t\t\t    \t\t\t\t\t\t<a href=\"https:\/\/cscc-sccc.ca\/fr\/event\/congres-annuel-2024-du-ccsc\/\" class=\"feed-title\">Congr\u00e8s annuel 2024 du CCSC<\/a>\n\t    \t\t\t\t\t\t<div class=\"feed-excerpt\">Le CSCC se r\u00e9unira conjointement avec la SQBC \u00e0 Mont Sainte-Anne, au Qu\u00e9bec, du 16 au 19 juin 2024. Cliquez&#8230;<\/div>\n\t    \t\t\t\t\t\t<a href=\"https:\/\/cscc-sccc.ca\/fr\/event\/congres-annuel-2024-du-ccsc\/\" class=\"read-more\">Lire la suite<\/a>\n\t    \t\t\t\t\t<\/div>\t\n\t    \t\t\t    \t    \t\t\t\t\t<div class=\"feed-item\">\n\t    \t\t\t\t\t\t<div class=\"date\">Date: April 24, 2024<\/div>\n\t    \t\t\t\t\t\t\t    \t\t\t\t\t\t<a href=\"https:\/\/cscc-sccc.ca\/fr\/event\/webinaire-de-lindustrie-quidelortho-2024\/\" class=\"feed-title\">Webinaire de l\u2019industrie QuidelOrtho 2024<\/a>\n\t    \t\t\t\t\t\t<div class=\"feed-excerpt\">Disponibilit\u00e9 de nouveaux produits au Canada&nbsp;! Triage\u00ae du test PLGF valid\u00e9 cliniquement pour les laboratoires urbains et ruraux\n24 avril 2024,&#8230;<\/div>\n\t    \t\t\t\t\t\t<a href=\"https:\/\/cscc-sccc.ca\/fr\/event\/webinaire-de-lindustrie-quidelortho-2024\/\" class=\"read-more\">Lire la suite<\/a>\n\t    \t\t\t\t\t<\/div>\t\n\t    \t\t\t    \t    \t\t\t\t\t<div class=\"feed-item\">\n\t    \t\t\t\t\t\t<div class=\"date\">Date: October 12, 2023<\/div>\n\t    \t\t\t\t\t\t\t    \t\t\t\t\t\t<a href=\"https:\/\/cscc-sccc.ca\/fr\/event\/conference-itinerante-2023-du-cscc\/\" class=\"feed-title\">Conf\u00e9rence itin\u00e9rante 2023 du CSCC<\/a>\n\t    \t\t\t\t\t\t<div class=\"feed-excerpt\">Conf\u00e9rence itin\u00e9rante 2023 du CSCC\ncommandit\u00e9 par BIO-RAD.\n\n\nQuoi de Neuf&nbsp;?\nTechnologies de diagnostic et solutions num\u00e9riques pour la transformation et l\u2019impact\nLes nouvelles&#8230;<\/div>\n\t    \t\t\t\t\t\t<a href=\"https:\/\/cscc-sccc.ca\/fr\/event\/conference-itinerante-2023-du-cscc\/\" class=\"read-more\">Lire la suite<\/a>\n\t    \t\t\t\t\t<\/div>\t\n\t    \t\t\t    \t    \t\t<\/div><!-- .events-feed -->\n\t    \t\t<div class=\"cell hide-for-large hide-for-medium small-12 news-title mobile-title\">\n\t\t\t\t\t<h2>Nouvelles du CCSC<\/h2>\n\t\t\t\t<\/div>\n\t    \t\t<div class=\"cell large-6 medium-6 small-12 news-feed\">\n\t    \t\t\t\t    \t\t\t\t\t<div class=\"feed-item\">\n\t    \t\t\t\t\t\t<div class=\"date\"><span class=\"meta-prep meta-prep-author\">Publi\u00e9 le<\/span> <span class=\"entry-date\">12 mars 2025<\/span> <span class=\"meta-sep\"><\/span> <\/div>\n\t    \t\t\t\t\t\t<a href=\"https:\/\/cscc-sccc.ca\/fr\/xviie-congres-international-de-medecine-de-laboratoire-pediatrique-18-mai-2025-bruxelles\/\" class=\"feed-title\">XVIIe Congr\u00e8s International de M\u00e9decine de Laboratoire P\u00e9diatrique &#8211; 18 mai 2025, Bruxelles<\/a>\n\t    \t\t\t\t\t\t<div class=\"feed-excerpt\">Il s\u2019agit de la 17e conf\u00e9rence ICPLM organis\u00e9e \u00e0 l\u2019\u00e9chelle internationale pour r\u00e9unir des professionnels de laboratoire et des experts&#8230;<\/div>\n\t    \t\t\t\t\t\t<a href=\"https:\/\/cscc-sccc.ca\/fr\/xviie-congres-international-de-medecine-de-laboratoire-pediatrique-18-mai-2025-bruxelles\/\" class=\"read-more\">Lire la suite<\/a>\n\t    \t\t\t\t\t<\/div>\n\t    \t\t\t    \t    \t\t\t\t\t<div class=\"feed-item\">\n\t    \t\t\t\t\t\t<div class=\"date\"><span class=\"meta-prep meta-prep-author\">Publi\u00e9 le<\/span> <span class=\"entry-date\">21 novembre 2023<\/span> <span class=\"meta-sep\"><\/span> <\/div>\n\t    \t\t\t\t\t\t<a href=\"https:\/\/cscc-sccc.ca\/fr\/ifcc-worldlab-dubai-2024\/\" class=\"feed-title\">IFCC WorldLab Duba\u00ef 2024<\/a>\n\t    \t\t\t\t\t\t<div class=\"feed-excerpt\">L\u2019IFCC WorldLab 2024 aura lieu \u00e0 Duba\u00ef du 26 au 30 mai 2024.\n\nSuivez ce lien pour plus d\u2019informations :\n\nhttps:\/\/www.dubai2024.org\/&#8230;<\/div>\n\t    \t\t\t\t\t\t<a href=\"https:\/\/cscc-sccc.ca\/fr\/ifcc-worldlab-dubai-2024\/\" class=\"read-more\">Lire la suite<\/a>\n\t    \t\t\t\t\t<\/div>\n\t    \t\t\t    \t    \t\t\t\t\t<div class=\"feed-item\">\n\t    \t\t\t\t\t\t<div class=\"date\"><span class=\"meta-prep meta-prep-author\">Publi\u00e9 le<\/span> <span class=\"entry-date\">5 septembre 2023<\/span> <span class=\"meta-sep\"><\/span> <\/div>\n\t    \t\t\t\t\t\t<a href=\"https:\/\/cscc-sccc.ca\/fr\/serie-de-tables-rondes-sur-leducation-2023-2024-inscrivez-vous-des-maintenant\/\" class=\"feed-title\">S\u00e9rie de tables rondes sur l\u2019\u00e9ducation 2023-2024 Inscrivez-vous d\u00e8s maintenant&nbsp;!<\/a>\n\t    \t\t\t\t\t\t<div class=\"feed-excerpt\">Les inscriptions sont ouvertes pour la s\u00e9rie de tables rondes sur l\u2019\u00e9ducation 2023-2024&#8230;<\/div>\n\t    \t\t\t\t\t\t<a href=\"https:\/\/cscc-sccc.ca\/fr\/serie-de-tables-rondes-sur-leducation-2023-2024-inscrivez-vous-des-maintenant\/\" class=\"read-more\">Lire la suite<\/a>\n\t    \t\t\t\t\t<\/div>\n\t    \t\t\t    \t    \t\t<\/div><!-- .news-feed -->\n\t    \t<\/div>\n\t\t<\/div>\n\t<\/div><!-- .feeds -->\n<\/div><!-- .wrapBlock.event-news-feed --><div id=\"ctas-block_68716b2278df38b1a875c618b6dd046a\" class=\"wrap-block ctas vertical-padding\">\n\t<div class=\"grid-container\">\n\t\t\t\t<div class=\"grid-x\">\n\t        <div class=\"cell large-12 medium-12 small-12 ctas-title text-center\">\n        \t\t<h3 style=\"text-align: left;\"><strong>L\u2019acad\u00e9mie CSCC offre :<\/strong><\/h3>\n            \t\t        <\/div>\n\t    <\/div>\n\t\t\t    <div class=\"grid-x grid-margin-x large-up-2 medium-up-2 small-up-1\">\n\t    \t\t    \t\t\t<div class=\"cell cta\">\n    \t\t\t\t\t<div class=\"grid-x\">\n    \t\t\t\t\t\t<div class=\"cell shrink image-cell\">\n    \t\t\t\t\t\t\t\t    \t\t\t\t\t\t\t<img decoding=\"async\" src=\"https:\/\/cscc-sccc.ca\/wp-content\/uploads\/training-aspect-ratio-220-212.jpg\" alt=\"Training Aspect Ratio 220 212\" \/>\n    \t\t\t\t\t\t\t    \t\t\t\t\t\t<\/div>\n    \t\t\t\t\t\t<div class=\"cell auto description text-center\" data-equalizer>\n    \t\t\t\t\t\t\t<h4>Formation<\/h4>\n\t\t\t\t    \t\t\t<p data-equalizer-watch>Visitez la page Formation pour en savoir plus sur les processus requis pour devenir biochimiste clinique.<\/p>\t\t\t\t    \t\t\t<a href=\"https:\/\/cscc-sccc.ca\/fr\/academy\/training\/\" target=\"_self\" class=\"read-more\">Lire la suite<\/a>    \t\t\t\t\t\t<\/div>\n    \t\t\t\t\t<\/div>\n\t\t    \t\t<\/div>\n\t    \t\t\t    \t\t\t<div class=\"cell cta\">\n    \t\t\t\t\t<div class=\"grid-x\">\n    \t\t\t\t\t\t<div class=\"cell shrink image-cell\">\n    \t\t\t\t\t\t\t\t    \t\t\t\t\t\t\t<img decoding=\"async\" src=\"https:\/\/cscc-sccc.ca\/wp-content\/uploads\/certifications-aspect-ratio-220-212.jpg\" alt=\"Certifications Aspect Ratio 220 212\" \/>\n    \t\t\t\t\t\t\t    \t\t\t\t\t\t<\/div>\n    \t\t\t\t\t\t<div class=\"cell auto description text-center\" data-equalizer>\n    \t\t\t\t\t\t\t<h4>Certification et bourse de recherche<\/h4>\n\t\t\t\t    \t\t\t<p data-equalizer-watch>Les exigences en mati\u00e8re de formation et les processus d\u2019examen pour la certification et le fellowship en biochimie clinique sont d\u00e9crits.<\/p>\t\t\t\t    \t\t\t<a href=\"https:\/\/cscc-sccc.ca\/fr\/academy\/certification-fellowship\/\" target=\"_self\" class=\"read-more\">Lire la suite<\/a>    \t\t\t\t\t\t<\/div>\n    \t\t\t\t\t<\/div>\n\t\t    \t\t<\/div>\n\t    \t\t\t    \t\t\t<div class=\"cell cta\">\n    \t\t\t\t\t<div class=\"grid-x\">\n    \t\t\t\t\t\t<div class=\"cell shrink image-cell\">\n    \t\t\t\t\t\t\t\t    \t\t\t\t\t\t\t<img decoding=\"async\" src=\"https:\/\/cscc-sccc.ca\/wp-content\/uploads\/fellowship-aspect-ratio-220-212.jpg\" alt=\"Fellowship Aspect Ratio 220 212\" \/>\n    \t\t\t\t\t\t\t    \t\t\t\t\t\t<\/div>\n    \t\t\t\t\t\t<div class=\"cell auto description text-center\" data-equalizer>\n    \t\t\t\t\t\t\t<h4>Maintien de la comp\u00e9tence<\/h4>\n\t\t\t\t    \t\t\t<p data-equalizer-watch>Le programme de d\u00e9veloppement professionnel continu (PP) con\u00e7u par l\u2019Acad\u00e9mie encourage et soutient les besoins d\u2019apprentissage continu de ses boursiers et d\u2019autres professionnels de la sant\u00e9.<\/p>\t\t\t\t    \t\t\t<a href=\"https:\/\/cscc-sccc.ca\/fr\/academy\/maintenance-of-competence\/\" target=\"_self\" class=\"read-more\">Lire la suite<\/a>    \t\t\t\t\t\t<\/div>\n    \t\t\t\t\t<\/div>\n\t\t    \t\t<\/div>\n\t    \t\t\t    \t\t\t<div class=\"cell cta\">\n    \t\t\t\t\t<div class=\"grid-x\">\n    \t\t\t\t\t\t<div class=\"cell shrink image-cell\">\n    \t\t\t\t\t\t\t\t    \t\t\t\t\t\t\t<img decoding=\"async\" src=\"https:\/\/cscc-sccc.ca\/wp-content\/uploads\/cacb-award-aspect-ratio-220-212.jpg\" alt=\"Cacb Award Aspect Ratio 220 212\" \/>\n    \t\t\t\t\t\t\t    \t\t\t\t\t\t<\/div>\n    \t\t\t\t\t\t<div class=\"cell auto description text-center\" data-equalizer>\n    \t\t\t\t\t\t\t<h4>Prix du CCCA<\/h4>\n\t\t\t\t    \t\t\t<p data-equalizer-watch>Ce prix reconna\u00eet les contributions exceptionnelles d\u2019un membre de l\u2019Acad\u00e9mie qui fait progresser les normes et la reconnaissance de la biochimie clinique en tant que profession de soins de sant\u00e9.<\/p>\t\t\t\t    \t\t\t<a href=\"https:\/\/cscc-sccc.ca\/fr\/academy\/cacb-award\/\" target=\"_self\" class=\"read-more\">Lire la suite<\/a>    \t\t\t\t\t\t<\/div>\n    \t\t\t\t\t<\/div>\n\t\t    \t\t<\/div>\n\t    \t\t\t    \t\t    <\/div>\n\t<\/div><!-- .grid-container -->\n<\/div><!-- .wrapBlock.ctas --><div id=\"two-ctas-block_2ebb24e0396f3394399e987cfcaa122f\" class=\"wrap-block two-ctas vertical-padding\">\n\t<div class=\"grid-container\">\n\t    <div class=\"grid-x grid-margin-x large-up-2 medium-up-2 small-up-1\">\n\t    \t\t    \t\t\t<div class=\"cell two-cta\">\n    \t\t\t\t\t<div class=\"grid-x\">\n    \t\t\t\t\t\t<div class=\"cell shrink image-cell\">\n    \t\t\t\t\t\t\t\t    \t\t\t\t\t\t\t<img decoding=\"async\" src=\"https:\/\/cscc-sccc.ca\/wp-content\/uploads\/clinical-biochemistry-aspect-ratio-240-310.jpg\" alt=\"Clinical Biochemistry Aspect Ratio 240 310\" \/>\n    \t\t\t\t\t\t\t    \t\t\t\t\t\t<\/div>\n    \t\t\t\t\t\t<div class=\"cell auto description\">\n    \t\t\t\t\t\t\t<h3>Clinical Biochemistry est la revue officielle de la Soci\u00e9t\u00e9 canadienne des chimistes cliniciens<\/h3>\n\t\t\t\t    \t\t\t<p><a class=\"theme-button\" href=\"https:\/\/www.elsevier.com\/locate\/clinbiochem\" target=\"_blank\" rel=\"noopener\">Cliquez ici<\/a><\/p>\n    \t\t\t\t\t\t<\/div>\n    \t\t\t\t\t<\/div>\n\t\t    \t\t<\/div>\n\t    \t\t\t    \t\t\t<div class=\"cell two-cta\">\n    \t\t\t\t\t<div class=\"grid-x\">\n    \t\t\t\t\t\t<div class=\"cell shrink image-cell\">\n    \t\t\t\t\t\t\t\t    \t\t\t\t\t\t\t<img decoding=\"async\" src=\"https:\/\/cscc-sccc.ca\/wp-content\/uploads\/library-aspect-ratio-240-310.jpg\" alt=\"Library Aspect Ratio 240 310\" \/>\n    \t\t\t\t\t\t\t    \t\t\t\t\t\t<\/div>\n    \t\t\t\t\t\t<div class=\"cell auto description\">\n    \t\t\t\t\t\t\t<h3>Visitez la page \u00c9ducation et affaires scientifiques du CSCC pour obtenir des ressources \u00e9ducatives \u00e0 jour<\/h3>\n\t\t\t\t    \t\t\t<p><a class=\"theme-button\" href=\"https:\/\/cscc-sccc.ca\/fr\/education-et-affaires-scientifiques\/\" target=\"_blank\" rel=\"noopener\">CLIQUEZ ICI<\/a><\/p>\n    \t\t\t\t\t\t<\/div>\n    \t\t\t\t\t<\/div>\n\t\t    \t\t<\/div>\n\t    \t\t\t    \t\t    <\/div>\n\t<\/div><!-- .grid-container -->\n<\/div><!-- .wrapBlock.two-ctas --><div id=\"provincial-banner-block_c09eb15c25f69e2f247012e64c626ad2\" class=\"wrap-block provincial-banner\">\n\t<div class=\"grid-container\">\n    \t<a href=\"https:\/\/cscc-sccc.ca\/fr\/provincial-sections\/\" class=\"grid-x align-middle\">\n    \t\t<div class=\"cell large-4 medium-4 small-9 padding-right-small prov-left\">\n    \t\t\t<h2>D\u00e9couvrez ce qui se passe \u00e0 votre  <br \/>\nSections provinciales du CSCC<\/h2>\n    \t\t<\/div>\n    \t\t<div class=\"cell large-auto medium-auto small-3 canada\">\n    \t\t\t<img decoding=\"async\" src=\"https:\/\/cscc-sccc.ca\/wp-content\/themes\/sryde-gutentheme\/images\/vector\/canada.svg\" alt=\"Canada\">\n    \t\t<\/div>\n    \t\t<div class=\"cell large-6 medium-6 small-12 prov-right\">\n    \t\t\t<p>Cliquez ici pour visiter les sections provinciales<\/p>\n    \t\t<\/div>\n    \t<\/a>\n\t<\/div><!-- .grid-container -->\n<\/div><!-- .wrapBlock.provincial-banner -->","protected":false},"excerpt":{"rendered":"","protected":false},"author":1,"featured_media":0,"parent":0,"menu_order":0,"comment_status":"closed","ping_status":"closed","template":"","meta":{"_acf_changed":false,"footnotes":""},"class_list":["post-111761","page","type-page","status-publish","hentry"],"acf":[],"_links":{"self":[{"href":"https:\/\/cscc-sccc.ca\/fr\/wp-json\/wp\/v2\/pages\/111761","targetHints":{"allow":["GET"]}}],"collection":[{"href":"https:\/\/cscc-sccc.ca\/fr\/wp-json\/wp\/v2\/pages"}],"about":[{"href":"https:\/\/cscc-sccc.ca\/fr\/wp-json\/wp\/v2\/types\/page"}],"author":[{"embeddable":true,"href":"https:\/\/cscc-sccc.ca\/fr\/wp-json\/wp\/v2\/users\/1"}],"replies":[{"embeddable":true,"href":"https:\/\/cscc-sccc.ca\/fr\/wp-json\/wp\/v2\/comments?post=111761"}],"version-history":[{"count":1,"href":"https:\/\/cscc-sccc.ca\/fr\/wp-json\/wp\/v2\/pages\/111761\/revisions"}],"predecessor-version":[{"id":111762,"href":"https:\/\/cscc-sccc.ca\/fr\/wp-json\/wp\/v2\/pages\/111761\/revisions\/111762"}],"wp:attachment":[{"href":"https:\/\/cscc-sccc.ca\/fr\/wp-json\/wp\/v2\/media?parent=111761"}],"curies":[{"name":"wp","href":"https:\/\/api.w.org\/{rel}","templated":true}]}}