{"id":111759,"date":"2022-12-15T15:47:05","date_gmt":"2022-12-15T20:47:05","guid":{"rendered":"https:\/\/cscc-sccc.ca\/qui-sommes-nous-2\/"},"modified":"2025-12-19T14:31:57","modified_gmt":"2025-12-19T19:31:57","slug":"qui-sommes-nous-2","status":"publish","type":"page","link":"https:\/\/cscc-sccc.ca\/fr\/qui-sommes-nous-2\/","title":{"rendered":"Qui sommes-nous"},"content":{"rendered":"<div id=\"advanced-editor-block_e00d477fa4482b7bb22e5f60331d4cba\" class=\"wrap-block advanced-editor page_id_111759\">\r\n    <div class=\"grid-container vertical-padding\">\r\n        <div class=\"grid-x\">\r\n            \t\t\t\t\t\r\n                    <div class=\"cell large-6 medium-6 small-12 padding-tlrb \" data-column-number=\"1\">\r\n                        <h3>Qui sommes-nous ?<\/h3>\n<p>La Soci\u00e9t\u00e9 canadienne des chimistes cliniciens (SCCC) est une organisation scientifique et professionnelle nationale qui repr\u00e9sente les biochimistes cliniciens de partout au Canada. Le CSCC est compos\u00e9 d\u2019experts de premier plan dans la pratique de la biochimie clinique.<\/p>\n<h3>Ce que nous faisons<\/h3>\n<p>Le CSCC assure un leadership dans la pratique de la biochimie clinique et de la m\u00e9decine de laboratoire clinique par le biais du service, de l\u2019\u00e9ducation et de la recherche. Le CSCC prot\u00e8ge les patients en \u00e9laborant et en soutenant des normes de qualit\u00e9 \u00e9lev\u00e9es au sein des services de diagnostic. Il sert de ressource et de partenaire pour le gouvernement, l\u2019industrie et les soins de sant\u00e9. Le CSCC fait la promotion de la profession de biochimiste clinique et milite en faveur de la reconnaissance professionnelle des biochimistes cliniciens.<\/p>\n<p><a class=\"theme-button\" href=\"https:\/\/cscc-sccc.ca\/fr\/qui-sommes-nous-2\/qui-sommes-nous\/\">LIRE LA SUITE<\/a><\/p>\n                    <\/div>\r\n                \t\t\t\t\t\r\n                    <div class=\"cell large-6 medium-6 small-12 padding-tlrb \" data-column-number=\"2\">\r\n                                    \t\t\t\t\t<div class=\"grid-x text_banners\">\r\n\t\t\t\t\t                \t\t\t\t\t                \t<div class=\"cell large-12 medium-12 small-12 text_banner\">\r\n\t\t\t\t\t                \t\t<h3>L\u2019\u00e9nonc\u00e9 de mission du CSCC<\/h3>\r\n\t\t\t\t\t                \t\t<p>Le CSCC est le chef de file de la pratique et de la profession de la biochimie clinique au Canada et fait progresser la m\u00e9decine de laboratoire dans le monde entier.<\/p>\r\n\t\t\t\t\t                \t<\/div>\r\n\t\t\t\t\t                \t\t\t\t\t                \t<div class=\"cell large-12 medium-12 small-12 text_banner\">\r\n\t\t\t\t\t                \t\t<h3>L\u2019\u00e9nonc\u00e9 de vision du CSCC<\/h3>\r\n\t\t\t\t\t                \t\t<p>Des soins de sant\u00e9 innovants et centr\u00e9s sur le patient gr\u00e2ce \u00e0 la biochimie clinique.<\/p>\r\n\t\t\t\t\t                \t<\/div>\r\n\t\t\t\t\t                \t\t\t\t            \t<\/div>\r\n\t\t\t\t                                <\/div>\r\n                        <\/div>\r\n    <\/div><!-- .grid-container -->\r\n<\/div><!-- .wrapBlock.advanced-editor --><div id=\"ctas-block_01484c7d209da83659555e7c213f3d77\" class=\"wrap-block ctas vertical-padding\">\n\t<div class=\"grid-container\">\n\t\t\t    <div class=\"grid-x grid-margin-x large-up-2 medium-up-2 small-up-1\">\n\t    \t\t    \t\t\t<div class=\"cell cta\">\n    \t\t\t\t\t<div class=\"grid-x\">\n    \t\t\t\t\t\t<div class=\"cell shrink image-cell\">\n    \t\t\t\t\t\t\t    \t\t\t\t\t\t<\/div>\n    \t\t\t\t\t\t<div class=\"cell auto description text-center\" data-equalizer>\n    \t\t\t\t\t\t\t<h4>Gouvernance du CCSC<\/h4>\n\t\t\t\t    \t\t\t<p data-equalizer-watch>Rencontrez les membres du conseil du CSCC<\/p>\t\t\t\t    \t\t\t<a href=\"https:\/\/cscc-sccc.ca\/fr\/about-us\/cscc-governance\/\" target=\"_self\" class=\"read-more\">Lire la suite<\/a>    \t\t\t\t\t\t<\/div>\n    \t\t\t\t\t<\/div>\n\t\t    \t\t<\/div>\n\t    \t\t\t    \t\t\t<div class=\"cell cta\">\n    \t\t\t\t\t<div class=\"grid-x\">\n    \t\t\t\t\t\t<div class=\"cell shrink image-cell\">\n    \t\t\t\t\t\t\t    \t\t\t\t\t\t<\/div>\n    \t\t\t\t\t\t<div class=\"cell auto description text-center\" data-equalizer>\n    \t\t\t\t\t\t\t<h4>R\u00e8glements administratifs du CCSC<\/h4>\n\t\t\t\t    \t\t\t<p data-equalizer-watch>Renseignez-vous sur les r\u00f4les et les responsabilit\u00e9s des postes du Conseil ainsi que sur les politiques et proc\u00e9dures de l\u2019organisation.<\/p>\t\t\t\t    \t\t\t<a href=\"https:\/\/cscc-sccc.ca\/fr\/about-us\/cscc-by-laws\/\" target=\"_self\" class=\"read-more\">Lire la suite<\/a>    \t\t\t\t\t\t<\/div>\n    \t\t\t\t\t<\/div>\n\t\t    \t\t<\/div>\n\t    \t\t\t    \t\t\t<div class=\"cell cta\">\n    \t\t\t\t\t<div class=\"grid-x\">\n    \t\t\t\t\t\t<div class=\"cell shrink image-cell\">\n    \t\t\t\t\t\t\t    \t\t\t\t\t\t<\/div>\n    \t\t\t\t\t\t<div class=\"cell auto description text-center\" data-equalizer>\n    \t\t\t\t\t\t\t<h4>Prix et subventions du CCSC<\/h4>\n\t\t\t\t    \t\t\t<p data-equalizer-watch>Le CSCC d\u00e9cerne des prix pour reconna\u00eetre les contributions exceptionnelles \u00e0 divers aspects de la biochimie clinique au Canada. Le CCSC offre \u00e9galement des subventions \u00e0 ses membres pour des activit\u00e9s \u00e9ducatives et de perfectionnement professionnel.<\/p>\t\t\t\t    \t\t\t<a href=\"https:\/\/cscc-sccc.ca\/fr\/about-us\/cscc-awards-grants\/\" target=\"_self\" class=\"read-more\">Lire la suite<\/a>    \t\t\t\t\t\t<\/div>\n    \t\t\t\t\t<\/div>\n\t\t    \t\t<\/div>\n\t    \t\t\t    \t\t\t<div class=\"cell cta\">\n    \t\t\t\t\t<div class=\"grid-x\">\n    \t\t\t\t\t\t<div class=\"cell shrink image-cell\">\n    \t\t\t\t\t\t\t    \t\t\t\t\t\t<\/div>\n    \t\t\t\t\t\t<div class=\"cell auto description text-center\" data-equalizer>\n    \t\t\t\t\t\t\t<h4>Notre histoire<\/h4>\n\t\t\t\t    \t\t\t<p data-equalizer-watch>Apprenez-en davantage sur notre histoire dans la fondation de la Soci\u00e9t\u00e9 canadienne des chimistes cliniciens et de l\u2019Acad\u00e9mie canadienne de biochimie clinique et pr\u00e9servez notre patrimoine professionnel<\/p>\t\t\t\t    \t\t\t<a href=\"https:\/\/cscc-sccc.ca\/fr\/about-us\/our-history\/\" target=\"_self\" class=\"read-more\">Lire la suite<\/a>    \t\t\t\t\t\t<\/div>\n    \t\t\t\t\t<\/div>\n\t\t    \t\t<\/div>\n\t    \t\t\t    \t\t\t<div class=\"cell cta\">\n    \t\t\t\t\t<div class=\"grid-x\">\n    \t\t\t\t\t\t<div class=\"cell shrink image-cell\">\n    \t\t\t\t\t\t\t    \t\t\t\t\t\t<\/div>\n    \t\t\t\t\t\t<div class=\"cell auto description text-center\" data-equalizer>\n    \t\t\t\t\t\t\t<h4>Joignez-vous au CCSC<\/h4>\n\t\t\t\t    \t\t\t<p data-equalizer-watch>En savoir plus sur l\u2019adh\u00e9sion au CCSC et ses avantages<\/p>\t\t\t\t    \t\t\t<a href=\"https:\/\/cscc-sccc.ca\/fr\/about-us\/join-cscc\/\" target=\"_self\" class=\"read-more\">Lire la suite<\/a>    \t\t\t\t\t\t<\/div>\n    \t\t\t\t\t<\/div>\n\t\t    \t\t<\/div>\n\t    \t\t\t    \t\t    <\/div>\n\t<\/div><!-- .grid-container -->\n<\/div><!-- .wrapBlock.ctas -->","protected":false},"excerpt":{"rendered":"","protected":false},"author":1,"featured_media":0,"parent":0,"menu_order":0,"comment_status":"closed","ping_status":"closed","template":"","meta":{"_acf_changed":false,"footnotes":""},"class_list":["post-111759","page","type-page","status-publish","hentry"],"acf":[],"_links":{"self":[{"href":"https:\/\/cscc-sccc.ca\/fr\/wp-json\/wp\/v2\/pages\/111759","targetHints":{"allow":["GET"]}}],"collection":[{"href":"https:\/\/cscc-sccc.ca\/fr\/wp-json\/wp\/v2\/pages"}],"about":[{"href":"https:\/\/cscc-sccc.ca\/fr\/wp-json\/wp\/v2\/types\/page"}],"author":[{"embeddable":true,"href":"https:\/\/cscc-sccc.ca\/fr\/wp-json\/wp\/v2\/users\/1"}],"replies":[{"embeddable":true,"href":"https:\/\/cscc-sccc.ca\/fr\/wp-json\/wp\/v2\/comments?post=111759"}],"version-history":[{"count":2,"href":"https:\/\/cscc-sccc.ca\/fr\/wp-json\/wp\/v2\/pages\/111759\/revisions"}],"predecessor-version":[{"id":137240,"href":"https:\/\/cscc-sccc.ca\/fr\/wp-json\/wp\/v2\/pages\/111759\/revisions\/137240"}],"wp:attachment":[{"href":"https:\/\/cscc-sccc.ca\/fr\/wp-json\/wp\/v2\/media?parent=111759"}],"curies":[{"name":"wp","href":"https:\/\/api.w.org\/{rel}","templated":true}]}}