{"id":111753,"date":"2022-12-21T16:51:01","date_gmt":"2022-12-21T21:51:01","guid":{"rendered":"https:\/\/cscc-sccc.ca\/academie\/prix-du-ccca\/"},"modified":"2024-04-16T16:41:06","modified_gmt":"2024-04-16T20:41:06","slug":"prix-du-ccca","status":"publish","type":"page","link":"https:\/\/cscc-sccc.ca\/fr\/academie\/prix-du-ccca\/","title":{"rendered":"Prix du CCCA"},"content":{"rendered":"<div id=\"advanced-editor-block_4431c8f4edc633e6e5d09bd2c3abeda8\" class=\"wrap-block advanced-editor page_id_111753\">\r\n    <div class=\"grid-container vertical-padding\">\r\n        <div class=\"grid-x\">\r\n            \t\t\t\t\t\r\n                    <div class=\"cell large-12 medium-12 small-12 text-center align-self-milieu padding-tlrb \" data-column-number=\"1\">\r\n                                    \t\t\t\t\t<div class=\"grid-x text_banners\">\r\n\t\t\t\t\t                \t\t\t\t\t                \t<div class=\"cell large-12 medium-12 small-12 text_banner\">\r\n\t\t\t\t\t                \t\t<h3>Services exceptionnels rendus \u00e0 la profession de biochimiste clinique<\/h3>\r\n\t\t\t\t\t                \t\t<p>Ce prix reconna\u00eet les contributions exceptionnelles d\u2019un membre de l\u2019Acad\u00e9mie qui fait progresser les normes et la reconnaissance de la biochimie clinique en tant que profession de soins de sant\u00e9 et fait ainsi progresser les objectifs professionnels de l\u2019Acad\u00e9mie.<\/p>\r\n\t\t\t\t\t                \t<\/div>\r\n\t\t\t\t\t                \t\t\t\t            \t<\/div>\r\n\t\t\t\t                                <\/div>\r\n                \t\t\t\t\t\r\n                    <div class=\"cell large-12 medium-12 small-12 padding-tlrb padding-droit-petit\" data-column-number=\"2\">\r\n                        <p style=\"text-align: center;\">Commandit\u00e9 par<br \/>\n<img loading=\"lazy\" decoding=\"async\" class=\"alignnone size-full wp-image-901\" src=\"https:\/\/cscc-sccc.ca\/wp-content\/uploads\/siemens-logo.png\" alt=\"Siemens Logo\" width=\"378\" height=\"108\"><\/p>\n                    <\/div>\r\n                \t\t\t\t\t\r\n                    <div class=\"cell large-12 medium-12 small-12 padding-tbp \" data-column-number=\"3\">\r\n                        <h2 style=\"text-align: center;\"><strong>Laur\u00e9at 2023<\/strong><\/h2>\n                    <\/div>\r\n                \t\t\t\t\t\r\n                    <div class=\"cell large-12 medium-12 small-12 padding-lrft \" data-column-number=\"4\">\r\n                        <p style=\"text-align: center;\"><img loading=\"lazy\" decoding=\"async\" class=\"alignnone size-full wp-image-76233\" src=\"https:\/\/cscc-sccc.ca\/wp-content\/uploads\/Oleschuk_200x270.jpg\" alt=\"Oleschuk 200x270\" width=\"200\" height=\"270\"><\/p>\n<h3 style=\"text-align: center;\"><strong>CURTIS OLESCHUK<\/strong><\/h3>\n                    <\/div>\r\n                        <\/div>\r\n    <\/div><!-- .grid-container -->\r\n<\/div><!-- .wrapBlock.advanced-editor --><div id=\"accordion-block_27895bb08bf7db146d146e47955af2d9\" class=\"wrap-block accordion\">\r\n    <div class=\"grid-container no-padding-top\">\r\n                    <div class=\"grid-x\">\r\n                <div class=\"cell large-12 medium-12 small-12 text-center controls\">\r\n                    <a href=\"#\" class=\"expand\">Tout d\u00e9velopper +<\/a> | <a href=\"#\" class=\"collapse\">Masquer tout &#8211;<\/a>\r\n                <\/div>\r\n                            <div class=\"cell large-12 medium-12 small-12\">\r\n                    <h3>D\u00e9claration du gagnant<\/h3>\r\n                    <div class=\"accordion-content\">\r\n                        <p><strong>Curtis Oleschuk, Ph. D., FCACB, FABFT<\/strong><\/p>\n<p>Le CCCA a le plaisir d\u2019annoncer que le Dr Curtis Oleschuk recevra le Prix du CCCA 2023 pour services exceptionnels rendus \u00e0 la profession de biochimiste clinique. Ce prix reconna\u00eet une personne qui a apport\u00e9 une contribution unique et significative \u00e0 la m\u00e9decine de laboratoire.<\/p>\n<p>Le Dr Curtis Oleschuk est actuellement chef du service de biochimie clinique au Centre des sciences de la sant\u00e9 de Kingston et professeur adjoint au D\u00e9partement de pathologie et de m\u00e9decine mol\u00e9culaire de l\u2019Universit\u00e9 Queen\u2019s.<\/p>\n<p>Le Dr Oleschuk a obtenu son doctorat en pharmacologie et toxicologie de l\u2019Universit\u00e9 Queen\u2019s en 2004 et a termin\u00e9 son stage postdoctoral en chimie clinique \u00e0 l\u2019Universit\u00e9 McMaster en 2006. Il est certifi\u00e9 en chimie clinique par l\u2019Acad\u00e9mie canadienne de biochimie clinique et est membre de l\u2019American Board of Forensic Toxicology.<\/p>\n<p>Le Dr Oleschuk exerce en tant que biochimiste clinique depuis 17 ans et en tant que toxicologue m\u00e9dico-l\u00e9gal depuis plus de 7 ans. Ses comp\u00e9tences sont diversifi\u00e9es et comprennent une expertise en mati\u00e8re de flux de travail en laboratoire, ainsi que le d\u00e9veloppement de m\u00e9thodes d\u2019essais sp\u00e9cialis\u00e9s utilisant la chromatographie liquide et la spectrom\u00e9trie de masse. Il a travaill\u00e9 avec passion pour trouver des moyens par lesquels le laboratoire peut aider \u00e0 g\u00e9rer la crise des opio\u00efdes, en travaillant au Manitoba pour promouvoir des programmes d\u2019alerte pr\u00e9coce, en plus de copr\u00e9sider ToxLRN en tant qu\u2019initiative pancanadienne visant \u00e0 tirer parti des donn\u00e9es de toxicologie clinique et m\u00e9dico-l\u00e9gale et des collaborations avec d\u2019importants intervenants provinciaux et f\u00e9d\u00e9raux.<\/p>\n<p>Il est \u00e9galement passionn\u00e9 par le r\u00f4le essentiel que jouent les biochimistes cliniciens dans la prestation de la m\u00e9decine de laboratoire et a travaill\u00e9 aux c\u00f4t\u00e9s de coll\u00e8gues biochimistes cliniciens pour sensibiliser le public au r\u00f4le des biochimistes cliniques, en plus de travailler avec les intervenants de l\u2019industrie dans le d\u00e9veloppement de LabCANDx, une initiative visant \u00e0 rehausser le profil de tous les aspects de la m\u00e9decine de laboratoire. Au-del\u00e0 de ce plaidoyer, le Dr Oleschuk a travaill\u00e9 dans les murs de la biochimie clinique en tant que pr\u00e9sident du comit\u00e9 de certification du CCCA dans le but d\u2019accro\u00eetre l\u2019int\u00e9grit\u00e9 du processus d\u2019examen. Enfin, le Dr Oleschuk a r\u00e9cemment mis sur pied un cours de premier cycle, Biochemical Pathology, au D\u00e9partement de pathologie et de m\u00e9decine mol\u00e9culaire de l\u2019Universit\u00e9 Queen\u2019s, qu\u2019il enseigne actuellement aux futurs coll\u00e8gues de la m\u00e9decine sur les aspects importants de la m\u00e9decine de laboratoire.<\/p>\n<p>En plus de participer \u00e0 de nombreux comit\u00e9s du CSCC et du CCCA, le Dr Oleschuk a \u00e9galement fait du b\u00e9n\u00e9volat aupr\u00e8s de l\u2019Association canadienne de normalisation, de l\u2019Institut des normes cliniques et de laboratoire et de la F\u00e9d\u00e9ration internationale de chimie clinique. Il a publi\u00e9 ~20 articles \u00e9valu\u00e9s par des pairs et 30 r\u00e9sum\u00e9s.<\/p>\n<p>F\u00e9licitations, Curtis.<\/p>\n                    <\/div>\r\n                <\/div>\r\n                            <div class=\"cell large-12 medium-12 small-12\">\r\n                    <h3>Laur\u00e9ats des ann\u00e9es pr\u00e9c\u00e9dentes<\/h3>\r\n                    <div class=\"accordion-content\">\r\n                        <table style=\"width: 100%; height: 1201px;\" width=\"100%\">\n<tbody>\n<tr style=\"height: 31px;\">\n<td style=\"height: 31px; width: 9.88095%;\">2023<\/td>\n<td style=\"height: 31px; width: 89.4048%;\"><a href=\"https:\/\/cscc-sccc.ca\/wp-content\/uploads\/Curtis-Oleschuk.pdf\">Curtis Oleschuk<\/a><\/td>\n<\/tr>\n<tr style=\"height: 39px;\">\n<td style=\"height: 39px; width: 9.88095%;\" width=\"10%\">2022<\/td>\n<td style=\"height: 39px; width: 89.4048%;\" width=\"90%\"><a href=\"https:\/\/www.cscc.ca\/images\/Awards\/CACBAwd\/CACB_Award_2022.pdf\" target=\"_blank\" rel=\"noopener\">Cheryl Tomalty<\/a><\/td>\n<\/tr>\n<tr style=\"height: 39px;\">\n<td style=\"height: 39px; width: 9.88095%;\">2021<\/td>\n<td style=\"height: 39px; width: 89.4048%;\"><a href=\"https:\/\/www.cscc.ca\/images\/Awards\/CACBAwd\/CACB_Award_Dr._Kavsak_service_2021.pdf\" target=\"_blank\" rel=\"noopener\">Peter Kavsak<\/a><\/td>\n<\/tr>\n<tr style=\"height: 39px;\">\n<td style=\"height: 39px; width: 9.88095%;\" width=\"64\">2020<\/td>\n<td style=\"height: 39px; width: 89.4048%;\"><a href=\"https:\/\/www.cscc.ca\/images\/Awards\/CACBAwd\/CACB_Award_Dr._Moore_service_2020.pdf\" target=\"_blank\" rel=\"noopener\">Robert W. Moore<\/a><\/td>\n<\/tr>\n<tr style=\"height: 39px;\">\n<td style=\"height: 39px; width: 9.88095%;\" width=\"64\">2019<\/td>\n<td style=\"height: 39px; width: 89.4048%;\"><a href=\"https:\/\/www.cscc.ca\/images\/Awards\/CACBAwd\/CACB_Outstanding_Contributions_2019.pdf\" target=\"_blank\" rel=\"noopener\">Eleftherios P. Diamandis<\/a><\/td>\n<\/tr>\n<tr style=\"height: 39px;\">\n<td style=\"height: 39px; width: 9.88095%;\" width=\"64\">2018<\/td>\n<td style=\"height: 39px; width: 89.4048%;\"><a href=\"https:\/\/www.cscc.ca\/images\/Awards\/CACBAwd\/CACB_Outstanding_Contributions.pdf\" target=\"_blank\" rel=\"noopener\">Sheila Boss<\/a><\/td>\n<\/tr>\n<tr style=\"height: 39px;\">\n<td style=\"height: 39px; width: 9.88095%;\" width=\"64\">2017<\/td>\n<td style=\"height: 39px; width: 89.4048%;\"><a href=\"https:\/\/www.cscc.ca\/images\/Awards\/CACBAwd\/2017_CACB_Award_for_Outstanding_Contributions_to_Clinical_Biochemistry.pdf\" target=\"_blank\" rel=\"noopener\">Mary-Ann Kallai Sanfa\u00e7on<\/a><\/td>\n<\/tr>\n<tr style=\"height: 39px;\">\n<td style=\"height: 39px; width: 9.88095%;\" width=\"64\">2016<\/td>\n<td style=\"height: 39px; width: 89.4048%;\"><a href=\"https:\/\/www.cscc.ca\/images\/Awards\/InnovationAward\/CACB_Award_2016.pdf\" target=\"_blank\" rel=\"noopener\">\u00c9douard Randell<\/a><\/td>\n<\/tr>\n<tr style=\"height: 39px;\">\n<td style=\"height: 39px; width: 9.88095%;\" width=\"64\">2015<\/td>\n<td style=\"height: 39px; width: 89.4048%;\"><a href=\"https:\/\/www.cscc.ca\/images\/Awards\/CACBAwd\/CACB_Award_2015.pdf\" target=\"_blank\" rel=\"noopener\">Qing Meng<\/a><\/td>\n<\/tr>\n<tr style=\"height: 39px;\">\n<td style=\"height: 39px; width: 9.88095%;\" width=\"64\">2014<\/td>\n<td style=\"height: 39px; width: 89.4048%;\"><a href=\"https:\/\/www.cscc.ca\/images\/Awards\/CACBAwd\/Debinski_CACB.pdf\" target=\"_blank\" rel=\"noopener\">Thomas Dembinski<\/a><\/td>\n<\/tr>\n<tr style=\"height: 39px;\">\n<td style=\"height: 39px; width: 9.88095%;\" width=\"64\">2013<\/td>\n<td style=\"height: 39px; width: 89.4048%;\"><a href=\"https:\/\/www.cscc.ca\/images\/Awards\/CACBAwd\/LepageN_CACB.pdf\" target=\"_blank\" rel=\"noopener\">Nathalie Lepage<\/a><\/td>\n<\/tr>\n<tr style=\"height: 39px;\">\n<td style=\"height: 39px; width: 9.88095%;\" width=\"64\">2012<\/td>\n<td style=\"height: 39px; width: 89.4048%;\"><a href=\"https:\/\/www.cscc.ca\/images\/Awards\/CACBAwd\/CACBCollier_2012.pdf\" target=\"_blank\" rel=\"noopener\">Christine Collier<\/a><\/td>\n<\/tr>\n<tr style=\"height: 39px;\">\n<td style=\"height: 39px; width: 9.88095%;\">2011<\/td>\n<td style=\"height: 39px; width: 89.4048%;\"><a href=\"https:\/\/www.cscc.ca\/images\/Awards\/CACBAwd\/CACBKrahn_2011.pdf\" target=\"_blank\" rel=\"noopener\">John Krahn<\/a><\/td>\n<\/tr>\n<tr style=\"height: 39px;\">\n<td style=\"height: 39px; width: 9.88095%;\">2010<\/td>\n<td style=\"height: 39px; width: 89.4048%;\"><a href=\"https:\/\/www.cscc.ca\/images\/Awards\/CACBAwd\/CACBSchneider_2010.pdf\" target=\"_blank\" rel=\"noopener\">Wolfgang Schneider<\/a><\/td>\n<\/tr>\n<tr style=\"height: 39px;\">\n<td style=\"height: 39px; width: 9.88095%;\">2009<\/td>\n<td style=\"height: 39px; width: 89.4048%;\"><a href=\"https:\/\/www.cscc.ca\/images\/Awards\/CACBAwd\/CACBGreenway2009.pdf\" target=\"_blank\" rel=\"noopener\">Donald C. Greenway<\/a><\/td>\n<\/tr>\n<tr style=\"height: 39px;\">\n<td style=\"height: 39px; width: 9.88095%;\">2008<\/td>\n<td style=\"height: 39px; width: 89.4048%;\"><a href=\"https:\/\/www.cscc.ca\/images\/Awards\/CACBAwd\/CACBGrey2008.pdf\" target=\"_blank\" rel=\"noopener\">Vijaylaxmi Gris<\/a><\/td>\n<\/tr>\n<tr style=\"height: 39px;\">\n<td style=\"height: 39px; width: 9.88095%;\">2007<\/td>\n<td style=\"height: 39px; width: 89.4048%;\"><a href=\"https:\/\/www.cscc.ca\/images\/Awards\/CACBAwd\/CACBVinet2007.pdf\" target=\"_blank\" rel=\"noopener\">Bernard Vinet<\/a><\/td>\n<\/tr>\n<tr style=\"height: 39px;\">\n<td style=\"height: 39px; width: 9.88095%;\">2006<\/td>\n<td style=\"height: 39px; width: 89.4048%;\"><a href=\"https:\/\/www.cscc.ca\/images\/Awards\/CACBAwd\/CACBHill_S2006.pdf\" target=\"_blank\" rel=\"noopener\">Stephen Hill<\/a><\/td>\n<\/tr>\n<tr style=\"height: 39px;\">\n<td style=\"height: 39px; width: 9.88095%;\">2005<\/td>\n<td style=\"height: 39px; width: 89.4048%;\"><a href=\"https:\/\/www.cscc.ca\/images\/Awards\/CACBAwd\/CACBLyon_2005.pdf\" target=\"_blank\" rel=\"noopener\">Andrew Lyon<\/a><\/td>\n<\/tr>\n<tr style=\"height: 39px;\">\n<td style=\"height: 39px; width: 9.88095%;\">2004<\/td>\n<td style=\"height: 39px; width: 89.4048%;\"><a href=\"https:\/\/www.cscc.ca\/images\/Awards\/CACBAwd\/CACBAdeli_2004.pdf\" target=\"_blank\" rel=\"noopener\">Khosrow Adeli<\/a><\/td>\n<\/tr>\n<tr style=\"height: 39px;\">\n<td style=\"height: 39px; width: 9.88095%;\">2003<\/td>\n<td style=\"height: 39px; width: 89.4048%;\"><a href=\"https:\/\/www.cscc.ca\/images\/Awards\/CACBAwd\/CACBParry_2003.pdf\">David Parry<\/a><\/td>\n<\/tr>\n<tr style=\"height: 39px;\">\n<td style=\"height: 39px; width: 9.88095%;\">2002<\/td>\n<td style=\"height: 39px; width: 89.4048%;\"><a href=\"https:\/\/www.cscc.ca\/images\/Awards\/CACBAwd\/CACBCollins_2002.pdf\" target=\"_blank\" rel=\"noopener\">Patricia Collins<\/a><\/td>\n<\/tr>\n<tr style=\"height: 39px;\">\n<td style=\"height: 39px; width: 9.88095%;\">2001<\/td>\n<td style=\"height: 39px; width: 89.4048%;\"><a href=\"https:\/\/cscc-sccc.ca\/wp-content\/uploads\/Raymond-Lepage-2001.pdf\">Raymond Lepage, 2001<\/a><\/td>\n<\/tr>\n<tr style=\"height: 39px;\">\n<td style=\"height: 39px; width: 9.88095%;\">2000<\/td>\n<td style=\"height: 39px; width: 89.4048%;\"><a href=\"https:\/\/cscc-sccc.ca\/wp-content\/uploads\/Peter-Bunting-2000.pdf\">Peter Bunting 2000<\/a><\/td>\n<\/tr>\n<tr style=\"height: 39px;\">\n<td style=\"height: 39px; width: 9.88095%;\">1999<\/td>\n<td style=\"height: 39px; width: 89.4048%;\">Robert E. Hill<\/td>\n<\/tr>\n<tr style=\"height: 39px;\">\n<td style=\"height: 39px; width: 9.88095%;\">1998<\/td>\n<td style=\"height: 39px; width: 89.4048%;\">Matthew McQueen<\/td>\n<\/tr>\n<tr style=\"height: 39px;\">\n<td style=\"height: 39px; width: 9.88095%;\">1997<\/td>\n<td style=\"height: 39px; width: 89.4048%;\">Roger Sanfa\u00e7on<\/td>\n<\/tr>\n<tr style=\"height: 39px;\">\n<td style=\"height: 39px; width: 9.88095%;\">1996<\/td>\n<td style=\"height: 39px; width: 89.4048%;\">Paul Desjardins<\/td>\n<\/tr>\n<tr style=\"height: 39px;\">\n<td style=\"height: 39px; width: 9.88095%;\">1995<\/td>\n<td style=\"height: 39px; width: 89.4048%;\">Douglas G. Gornall<\/td>\n<\/tr>\n<tr style=\"height: 39px;\">\n<td style=\"height: 39px; width: 9.88095%;\">1994<\/td>\n<td style=\"height: 39px; width: 89.4048%;\">Allan G. Gornall<\/td>\n<\/tr>\n<tr style=\"height: 39px;\">\n<td style=\"height: 39px; width: 9.88095%;\">1993<\/td>\n<td style=\"height: 39px; width: 89.4048%;\">Morris Pudek (1er r\u00e9cipiendaire)<\/td>\n<\/tr>\n<\/tbody>\n<\/table>\n                    <\/div>\r\n                <\/div>\r\n                            <div class=\"cell large-12 medium-12 small-12\">\r\n                    <h3>Cadre de r\u00e9f\u00e9rence<\/h3>\r\n                    <div class=\"accordion-content\">\r\n                        <ol>\n<li style=\"font-weight: 400;\">Le prix sera d\u00e9cern\u00e9 annuellement, mais si, de l\u2019avis du conseil d\u2019administration de l\u2019Acad\u00e9mie, aucun candidat appropri\u00e9 n\u2019est disponible au cours d\u2019une ann\u00e9e, le prix ne sera pas d\u00e9cern\u00e9.<\/li>\n<li style=\"font-weight: 400;\">Le prix sera accompagn\u00e9 d\u2019un certificat encadr\u00e9 et d\u2019honoraires d\u2019un montant de 1 500,00 $ offerts par Siemens Canada Limit\u00e9e.<\/li>\n<li style=\"font-weight: 400;\">On ne s\u2019attend g\u00e9n\u00e9ralement pas \u00e0 ce que le r\u00e9cipiendaire du prix prononce une allocution ou une communication, mais le prix et la lecture de la citation doivent g\u00e9n\u00e9ralement avoir lieu lors de la conf\u00e9rence annuelle du CCCA. Un repr\u00e9sentant de la Soci\u00e9t\u00e9 sera invit\u00e9 \u00e0 participer \u00e0 la pr\u00e9sentation.<\/li>\n<li style=\"font-weight: 400;\">Aucune proc\u00e9dure formelle de nomination n\u2019est sp\u00e9cifi\u00e9e, mais les membres de l\u2019Acad\u00e9mie peuvent proposer des candidats appropri\u00e9s au Conseil d\u2019administration par l\u2019interm\u00e9diaire du si\u00e8ge de l\u2019Acad\u00e9mie. Les propositions peuvent \u00eatre sollicit\u00e9es annuellement dans le bulletin d\u2019information de la CCSC.<\/li>\n<\/ol>\n<p style=\"font-weight: 400;\">\n                    <\/div>\r\n                <\/div>\r\n                        <\/div>\r\n            <\/div><!-- grid-container -->\r\n<\/div><!-- .wrapBlock.accordion -->","protected":false},"excerpt":{"rendered":"","protected":false},"author":1,"featured_media":0,"parent":111736,"menu_order":0,"comment_status":"closed","ping_status":"closed","template":"","meta":{"_acf_changed":false,"footnotes":""},"class_list":["post-111753","page","type-page","status-publish","hentry"],"acf":[],"_links":{"self":[{"href":"https:\/\/cscc-sccc.ca\/fr\/wp-json\/wp\/v2\/pages\/111753","targetHints":{"allow":["GET"]}}],"collection":[{"href":"https:\/\/cscc-sccc.ca\/fr\/wp-json\/wp\/v2\/pages"}],"about":[{"href":"https:\/\/cscc-sccc.ca\/fr\/wp-json\/wp\/v2\/types\/page"}],"author":[{"embeddable":true,"href":"https:\/\/cscc-sccc.ca\/fr\/wp-json\/wp\/v2\/users\/1"}],"replies":[{"embeddable":true,"href":"https:\/\/cscc-sccc.ca\/fr\/wp-json\/wp\/v2\/comments?post=111753"}],"version-history":[{"count":1,"href":"https:\/\/cscc-sccc.ca\/fr\/wp-json\/wp\/v2\/pages\/111753\/revisions"}],"predecessor-version":[{"id":111754,"href":"https:\/\/cscc-sccc.ca\/fr\/wp-json\/wp\/v2\/pages\/111753\/revisions\/111754"}],"up":[{"embeddable":true,"href":"https:\/\/cscc-sccc.ca\/fr\/wp-json\/wp\/v2\/pages\/111736"}],"wp:attachment":[{"href":"https:\/\/cscc-sccc.ca\/fr\/wp-json\/wp\/v2\/media?parent=111753"}],"curies":[{"name":"wp","href":"https:\/\/api.w.org\/{rel}","templated":true}]}}