{"id":111751,"date":"2022-12-22T16:51:56","date_gmt":"2022-12-22T21:51:56","guid":{"rendered":"https:\/\/cscc-sccc.ca\/academie\/accreditation-des-reunions\/"},"modified":"2024-04-16T16:41:06","modified_gmt":"2024-04-16T20:41:06","slug":"accreditation-des-reunions","status":"publish","type":"page","link":"https:\/\/cscc-sccc.ca\/fr\/academie\/accreditation-des-reunions\/","title":{"rendered":"Accr\u00e9ditation des r\u00e9unions"},"content":{"rendered":"<div id=\"advanced-editor-block_c858aa93dcc57927a4051027f1fac8bd\" class=\"wrap-block advanced-editor page_id_111751\">\r\n    <div class=\"grid-container vertical-padding\">\r\n        <div class=\"grid-x\">\r\n            \t\t\t\t\t\r\n                    <div class=\"cell large-12 medium-12 small-12 padding-lrbt \" data-column-number=\"1\">\r\n                        <h1 style=\"text-align: center;\"><strong>Accr\u00e9ditation des r\u00e9unions<\/strong><\/h1>\n<p>&nbsp;<\/p>\n<p style=\"text-align: center;\"><span lang=\"EN-CA\">Les programmes de formation agr\u00e9\u00e9s par l\u2019Acad\u00e9mie canadienne de biochimie clinique (ACCCA) peuvent \u00eatre r\u00e9clam\u00e9s en tant qu\u2019heures de cr\u00e9dit de cat\u00e9gorie 1. Les programmes agr\u00e9\u00e9s donnent droit \u00e0 1 cr\u00e9dit pour chaque heure d\u2019enseignement. Par exemple, un symposium de 3 heures avec une pause rafra\u00eechissement d\u2019une demi-heure recevrait 2,5 heures de cr\u00e9dit de cat\u00e9gorie 1.<\/span><\/p>\n<p style=\"text-align: center;\"><span lang=\"EN-CA\">Il y a un certain nombre d\u2019\u00e9tapes qui doivent \u00eatre franchies afin d\u2019obtenir l\u2019agr\u00e9ment du programme d\u2019\u00e9ducation. L\u2019ach\u00e8vement des \u00e9tapes est votre preuve que le programme offrira \u00e0 vos participants une v\u00e9ritable exp\u00e9rience d\u2019apprentissage.<\/span><\/p>\n                    <\/div>\r\n                \t\t\t\t\t\r\n                    <div class=\"cell large-6 medium-6 small-12 padding-lrbt \" data-column-number=\"2\">\r\n                        <h3>La demande d\u2019accr\u00e9ditation est maintenant en ligne.<\/h3>\n<p>Cliquez sur le bouton ci-dessous pour en savoir plus et commencer le processus de demande. Vous pouvez cliquer sur le bouton \u00ab Enregistrer la progression pour plus tard \u00bb une fois que vous avez commenc\u00e9 le processus de candidature et revenir plus tard et une URL sera g\u00e9n\u00e9r\u00e9e pour que vous puissiez envoyer un e-mail aux conf\u00e9renciers, afin de soumettre leurs informations dans votre candidature. Une version Word de la demande est fournie \u00e0 titre de guide pour aider le demandeur \u00e0 recueillir des renseignements.<\/p>\n<p><a class=\"theme-button\" href=\"https:\/\/cscc-sccc.ca\/fr\/demande-daccreditation-pour-une-reunion\/\">Demande d\u2019accr\u00e9ditation pour une r\u00e9union (anglais)<\/a><\/p>\n<p><a class=\"theme-button\" href=\"https:\/\/cscc-sccc.ca\/demande-daccreditation-dela-reunion\/\">DEMANDE D\u2019ACCR\u00c9DITATION DELA R\u00c9UNION (Fran\u00e7ais)<\/a><\/p>\n                    <\/div>\r\n                \t\t\t\t\t\r\n                    <div class=\"cell large-6 medium-6 small-12 padding-lrbt \" data-column-number=\"3\">\r\n                        <p>Une version Word de la demande est fournie \u00e0 titre de guide pour aider le demandeur \u00e0 recueillir des renseignements.<\/p>\n<p><a href=\"https:\/\/cscc-sccc.ca\/wp-content\/uploads\/APPLICATION_Guide_20130907_EN.pdf\" target=\"_blank\" rel=\"noopener\">Guide en anglais<\/a>                  <a href=\"https:\/\/cscc-sccc.ca\/wp-content\/uploads\/APPLICATION_Guide_20160907_FR.pdf\" target=\"_blank\" rel=\"noopener\">Guide en fran\u00e7ais<\/a><\/p>\n                    <\/div>\r\n                \t\t\t\t\t\r\n                    <div class=\"cell large-6 medium-6 small-12 padding-lrbt \" data-column-number=\"4\">\r\n                        <h3><span lang=\"EN-CA\">Soumission du formulaire de candidature<\/span><\/h3>\n<p><span lang=\"EN-CA\">Le formulaire de demande d\u00fbment rempli et les documents \u00e0 l\u2019appui doivent \u00eatre soumis au si\u00e8ge social du CSCC au moins 1 mois avant la date de d\u00e9but de l\u2019\u00e9v\u00e9nement. Au moins 50 % des formulaires de conflit d\u2019int\u00e9r\u00eats sign\u00e9s par le pr\u00e9sident doivent \u00eatre joints \u00e0 la demande. Les autres peuvent \u00eatre soumis lorsqu\u2019ils sont disponibles, mais tous doivent \u00eatre soumis avant l\u2019\u00e9v\u00e9nement.<\/span><\/p>\n<p><span lang=\"EN-CA\">Une fois que l\u2019accr\u00e9ditation a \u00e9t\u00e9 approuv\u00e9e par le comit\u00e9 du MDC, la d\u00e9claration suivante doit \u00eatre ajout\u00e9e \u00e0 tout le mat\u00e9riel promotionnel li\u00e9 \u00e0 la conf\u00e9rence :<\/span><\/p>\n<p><span lang=\"EN-CA\">\u00ab Cet \u00e9v\u00e9nement est une activit\u00e9 d\u2019apprentissage de groupe agr\u00e9\u00e9e telle que d\u00e9finie par le Programme de perfectionnement professionnel du CCSC et du CCCA. \u00bb<\/span><\/p>\n                    <\/div>\r\n                \t\t\t\t\t\r\n                    <div class=\"cell large-6 medium-6 small-12 padding-lrbt \" data-column-number=\"5\">\r\n                        <h3>Frais d\u2019accr\u00e9ditation<\/h3>\n<p>Les frais doivent accompagner le formulaire de demande et \u00eatre payables au CCCA.<\/p>\n<p>Les frais d\u2019accr\u00e9ditation doivent \u00eatre int\u00e9gr\u00e9s aux frais d\u2019inscription \u00e0 la conf\u00e9rence.<\/p>\n<p>Les sections provinciales peuvent demander une subvention du CCSC pour couvrir les frais.<\/p>\n<table width=\"593\">\n<tbody>\n<tr>\n<td width=\"60%\">R\u00e9unions de 1 jour ou moins<\/td>\n<td>500 $ + 65 $ TVH<\/td>\n<\/tr>\n<tr>\n<td>Chaque jour suppl\u00e9mentaire ou partie de jour<\/td>\n<td>100 $ + TVH de 13 $<\/td>\n<\/tr>\n<tr>\n<td>Conf\u00e9rences du CSCC<\/td>\n<td>300 $<\/td>\n<\/tr>\n<\/tbody>\n<\/table>\n<p>&nbsp;<\/p>\n                    <\/div>\r\n                        <\/div>\r\n    <\/div><!-- .grid-container -->\r\n<\/div><!-- .wrapBlock.advanced-editor -->","protected":false},"excerpt":{"rendered":"","protected":false},"author":1,"featured_media":0,"parent":111736,"menu_order":0,"comment_status":"closed","ping_status":"closed","template":"","meta":{"_acf_changed":false,"footnotes":""},"class_list":["post-111751","page","type-page","status-publish","hentry"],"acf":[],"_links":{"self":[{"href":"https:\/\/cscc-sccc.ca\/fr\/wp-json\/wp\/v2\/pages\/111751","targetHints":{"allow":["GET"]}}],"collection":[{"href":"https:\/\/cscc-sccc.ca\/fr\/wp-json\/wp\/v2\/pages"}],"about":[{"href":"https:\/\/cscc-sccc.ca\/fr\/wp-json\/wp\/v2\/types\/page"}],"author":[{"embeddable":true,"href":"https:\/\/cscc-sccc.ca\/fr\/wp-json\/wp\/v2\/users\/1"}],"replies":[{"embeddable":true,"href":"https:\/\/cscc-sccc.ca\/fr\/wp-json\/wp\/v2\/comments?post=111751"}],"version-history":[{"count":1,"href":"https:\/\/cscc-sccc.ca\/fr\/wp-json\/wp\/v2\/pages\/111751\/revisions"}],"predecessor-version":[{"id":111752,"href":"https:\/\/cscc-sccc.ca\/fr\/wp-json\/wp\/v2\/pages\/111751\/revisions\/111752"}],"up":[{"embeddable":true,"href":"https:\/\/cscc-sccc.ca\/fr\/wp-json\/wp\/v2\/pages\/111736"}],"wp:attachment":[{"href":"https:\/\/cscc-sccc.ca\/fr\/wp-json\/wp\/v2\/media?parent=111751"}],"curies":[{"name":"wp","href":"https:\/\/api.w.org\/{rel}","templated":true}]}}