{"id":111745,"date":"2022-12-21T16:49:21","date_gmt":"2022-12-21T21:49:21","guid":{"rendered":"https:\/\/cscc-sccc.ca\/academie\/formation\/"},"modified":"2024-04-16T16:40:56","modified_gmt":"2024-04-16T20:40:56","slug":"formation","status":"publish","type":"page","link":"https:\/\/cscc-sccc.ca\/fr\/academie\/formation\/","title":{"rendered":"Formation"},"content":{"rendered":"<div id=\"advanced-editor-block_bab3c2e86a4aaa4d4e48a5b86bdddc0c\" class=\"wrap-block advanced-editor page_id_111745\">\r\n    <div class=\"grid-container vertical-padding\">\r\n        <div class=\"grid-x\">\r\n            \t\t\t\t\t\r\n                    <div class=\"cell large-12 medium-12 small-12 padding-lrbt \" data-column-number=\"1\">\r\n                        <h1 style=\"text-align: center;\">Comment puis-je devenir biochimiste clinique&nbsp;?<\/h1>\n<p>&nbsp;<\/p>\n<p>Il existe plusieurs fa\u00e7ons de devenir biochimiste clinicien (nom alternatif de chimiste clinicien) au Canada. La plus courante est d\u2019abord d\u2019obtenir un doctorat en philosophie (Ph.D.) dans une branche de la chimie ou des sciences de la vie (souvent la biochimie ou la physiologie), puis d\u2019entrer dans un programme de formation postdoctorale de deux ans accr\u00e9dit\u00e9 par le CCCA en chimie clinique ou en biochimie clinique (un centre a un programme de 3 ans).<\/p>\n<p>De tels programmes, offerts dans 6 universit\u00e9s canadiennes, visent \u00e0 acqu\u00e9rir des comp\u00e9tences professionnelles ainsi qu\u2019un petit compl\u00e9ment de recherche. La comp\u00e9tence professionnelle est \u00e9valu\u00e9e au moyen d\u2019examens \u00e9crits et oraux organis\u00e9s et supervis\u00e9s par l\u2019Acad\u00e9mie canadienne de biochimie clinique (ACCCA), un organisme de la Soci\u00e9t\u00e9 canadienne des chimistes cliniciens (SCCC). Un certificat de sp\u00e9cialit\u00e9 est d\u00e9cern\u00e9 apr\u00e8s avoir r\u00e9ussi les examens de certification.<\/p>\n<p>Veuillez consulter la <a href=\"https:\/\/cscc-sccc.ca\/academy\/certification-fellowship\/\">page Certification et bourse de recherche<\/a> pour obtenir de plus amples renseignements sur le processus de demande de certification et de bourse apr\u00e8s l\u2019obtention du dipl\u00f4me d\u2019un programme de formation postdoctorale agr\u00e9\u00e9 par le CCCA et des renseignements sur les voies alternatives pour devenir biochimiste clinique au Canada.<\/p>\n                    <\/div>\r\n                        <\/div>\r\n    <\/div><!-- .grid-container -->\r\n<\/div><!-- .wrapBlock.advanced-editor --><div id=\"ctas-block_2ae2b3a3004ecb2b06ad071ebd80942e\" class=\"wrap-block ctas vertical-padding\">\n\t<div class=\"grid-container\">\n\t\t\t\t<div class=\"grid-x\">\n\t        <div class=\"cell large-12 medium-12 small-12 ctas-title text-center\">\n        \t\t<h1><strong>Programmes de formation accr\u00e9dit\u00e9s par le CCCA<\/strong><\/h1>\n            \t\t        <\/div>\n\t    <\/div>\n\t\t\t    <div class=\"grid-x grid-margin-x large-up-2 medium-up-2 small-up-1\">\n\t    \t\t    \t\t\t<div class=\"cell cta\">\n    \t\t\t\t\t<div class=\"grid-x\">\n    \t\t\t\t\t\t<div class=\"cell shrink image-cell\">\n    \t\t\t\t\t\t\t    \t\t\t\t\t\t<\/div>\n    \t\t\t\t\t\t<div class=\"cell auto description text-center\" data-equalizer>\n    \t\t\t\t\t\t\t<h4>Universit\u00e9 de l\u2019Alberta<br \/>\n<\/h4>\n\t\t\t\t    \t\t\t<p data-equalizer-watch>Edmonton (Alberta)<br \/>\n<br \/>\nCodirecteurs du programme :  <br \/>\nDr. Anna F\u00fcz\u00e9ry<br \/>\nDre Miranda Brun<\/p>\t\t\t\t    \t\t\t<a href=\"https:\/\/www.ualberta.ca\/laboratory-medicine-and-pathology\/programs\/phd-fellowships\/clinical-biochemistry.html\" target=\"_blanc\" class=\"read-more\">Lire la suite<\/a>    \t\t\t\t\t\t<\/div>\n    \t\t\t\t\t<\/div>\n\t\t    \t\t<\/div>\n\t    \t\t\t    \t\t\t<div class=\"cell cta\">\n    \t\t\t\t\t<div class=\"grid-x\">\n    \t\t\t\t\t\t<div class=\"cell shrink image-cell\">\n    \t\t\t\t\t\t\t    \t\t\t\t\t\t<\/div>\n    \t\t\t\t\t\t<div class=\"cell auto description text-center\" data-equalizer>\n    \t\t\t\t\t\t\t<h4>Universit\u00e9 de Calgary et Alberta Precision Labs<\/h4>\n\t\t\t\t    \t\t\t<p data-equalizer-watch>Calgary (Alberta)<br \/>\n<br \/>\nCodirecteurs du programme :<br \/>\nDr Hossein Sadrzadeh <br \/>\nDre Jessica Gifford (en anglais seulement)<\/p>\t\t\t\t    \t\t\t<a href=\"https:\/\/cumming.ucalgary.ca\/departments\/pathology\/education\/programs-information\" target=\"_blanc\" class=\"read-more\">Lire la suite<\/a>    \t\t\t\t\t\t<\/div>\n    \t\t\t\t\t<\/div>\n\t\t    \t\t<\/div>\n\t    \t\t\t    \t\t\t<div class=\"cell cta\">\n    \t\t\t\t\t<div class=\"grid-x\">\n    \t\t\t\t\t\t<div class=\"cell shrink image-cell\">\n    \t\t\t\t\t\t\t    \t\t\t\t\t\t<\/div>\n    \t\t\t\t\t\t<div class=\"cell auto description text-center\" data-equalizer>\n    \t\t\t\t\t\t\t<h4>Universit\u00e9 du Manitoba<\/h4>\n\t\t\t\t    \t\t\t<p data-equalizer-watch>Winnipeg (Manitoba)<br \/>\n<br \/>\nDirecteur de programme :  <br \/>\nDr. Eleonora Petryayeva<\/p>\t\t\t\t    \t\t\t<a href=\"https:\/\/umanitoba.ca\/medicine\/postgraduate-medical-education-pgme\/clinical-biochemistry-post-doctoral-residency-program\" target=\"_blanc\" class=\"read-more\">Lire la suite<\/a>    \t\t\t\t\t\t<\/div>\n    \t\t\t\t\t<\/div>\n\t\t    \t\t<\/div>\n\t    \t\t\t    \t\t\t<div class=\"cell cta\">\n    \t\t\t\t\t<div class=\"grid-x\">\n    \t\t\t\t\t\t<div class=\"cell shrink image-cell\">\n    \t\t\t\t\t\t\t    \t\t\t\t\t\t<\/div>\n    \t\t\t\t\t\t<div class=\"cell auto description text-center\" data-equalizer>\n    \t\t\t\t\t\t\t<h4>Universit\u00e9 de Toronto<\/h4>\n\t\t\t\t    \t\t\t<p data-equalizer-watch>Toronto (Ontario)<br \/>\n<br \/>\nCodirecteurs du programme :  <br \/>\nDre Vathany Kulasingam<br \/>\nDr Paul Yip (en anglais seulement) <\/p>\t\t\t\t    \t\t\t<a href=\"https:\/\/lmp.utoronto.ca\/clinical-chemistry\" target=\"_blanc\" class=\"read-more\">Lire la suite<\/a>    \t\t\t\t\t\t<\/div>\n    \t\t\t\t\t<\/div>\n\t\t    \t\t<\/div>\n\t    \t\t\t    \t\t\t<div class=\"cell cta\">\n    \t\t\t\t\t<div class=\"grid-x\">\n    \t\t\t\t\t\t<div class=\"cell shrink image-cell\">\n    \t\t\t\t\t\t\t    \t\t\t\t\t\t<\/div>\n    \t\t\t\t\t\t<div class=\"cell auto description text-center\" data-equalizer>\n    \t\t\t\t\t\t\t<h4>Universit\u00e9 McMaster<\/h4>\n\t\t\t\t    \t\t\t<p data-equalizer-watch>Hamilton (Ontario)<br \/>\n<br \/>\nDirecteur de programme :  <br \/>\nDre Cynthia Balion <\/p>\t\t\t\t    \t\t\t<a href=\"https:\/\/pathres.mcmaster.ca\/fellowship-programs\/clinical-biochemistry\/\" target=\"_blanc\" class=\"read-more\">Lire la suite<\/a>    \t\t\t\t\t\t<\/div>\n    \t\t\t\t\t<\/div>\n\t\t    \t\t<\/div>\n\t    \t\t\t    \t\t\t<div class=\"cell cta\">\n    \t\t\t\t\t<div class=\"grid-x\">\n    \t\t\t\t\t\t<div class=\"cell shrink image-cell\">\n    \t\t\t\t\t\t\t    \t\t\t\t\t\t<\/div>\n    \t\t\t\t\t\t<div class=\"cell auto description text-center\" data-equalizer>\n    \t\t\t\t\t\t\t<h4>Universit\u00e9 de Montr\u00e9al <\/h4>\n\t\t\t\t    \t\t\t<p data-equalizer-watch>Montr\u00e9al (Qu\u00e9bec)<br \/>\n<br \/>\nDirecteur de programme :  <br \/>\nDre Carine Nyalendo<\/p>\t\t\t\t    \t\t\t<a href=\"https:\/\/biochimie.umontreal.ca\/etudes\/depd-biochimie-clinique\/\" target=\"_blanc\" class=\"read-more\">Lire la suite<\/a>    \t\t\t\t\t\t<\/div>\n    \t\t\t\t\t<\/div>\n\t\t    \t\t<\/div>\n\t    \t\t\t    \t\t\t<div class=\"cell cta\">\n    \t\t\t\t\t<div class=\"grid-x\">\n    \t\t\t\t\t\t<div class=\"cell shrink image-cell\">\n    \t\t\t\t\t\t\t    \t\t\t\t\t\t<\/div>\n    \t\t\t\t\t\t<div class=\"cell auto description text-center\" data-equalizer>\n    \t\t\t\t\t\t\t<h4>Universit\u00e9 Memorial de Terre-Neuve<\/h4>\n\t\t\t\t    \t\t\t<p data-equalizer-watch>St. John\u2019s (Terre-Neuve-et-Labrador)<br \/>\n<br \/>\nDirecteur de programme :  <br \/>\nDr. Berna Aslan<\/p>\t\t\t\t    \t\t\t<a href=\"https:\/\/www.mun.ca\/medicine\/laboratorymedicine\/programs\/clinical-biochemistry\/\" target=\"_blanc\" class=\"read-more\">Lire la suite<\/a>    \t\t\t\t\t\t<\/div>\n    \t\t\t\t\t<\/div>\n\t\t    \t\t<\/div>\n\t    \t\t\t    \t\t\t<div class=\"cell cta\">\n    \t\t\t\t\t<div class=\"grid-x\">\n    \t\t\t\t\t\t<div class=\"cell shrink image-cell\">\n    \t\t\t\t\t\t\t    \t\t\t\t\t\t<\/div>\n    \t\t\t\t\t\t<div class=\"cell auto description text-center\" data-equalizer>\n    \t\t\t\t\t\t\t<h4>Universit\u00e9 de la Saskatchewan<\/h4>\n\t\t\t\t    \t\t\t<p data-equalizer-watch>Saskatoon (Saskatchewan)<br \/>\n<br \/>\nCodirecteurs du programme :<br \/>\nDr Fang Wu<br \/>\nDr Jay Kalra (en anglais seulement)<\/p>\t\t\t\t    \t\t\t<a href=\"https:\/\/cscc-sccc.ca\/fr\/wp-content\/uploads\/Clinical_Biochemistry_Fellowship_UOFS_Call_for_Applicants.pdf\" target=\"_blanc\" class=\"read-more\">Lire la suite<\/a>    \t\t\t\t\t\t<\/div>\n    \t\t\t\t\t<\/div>\n\t\t    \t\t<\/div>\n\t    \t\t\t    \t\t    <\/div>\n\t<\/div><!-- .grid-container -->\n<\/div><!-- .wrapBlock.ctas --><div id=\"two-ctas-block_8490b5e1425558926ad2c5edeb5f0035\" class=\"wrap-block two-ctas vertical-padding\">\n\t<div class=\"grid-container\">\n\t    <div class=\"grid-x grid-margin-x large-up-2 medium-up-2 small-up-1\">\n\t    \t\t    \t\t\t<div class=\"cell two-cta\">\n    \t\t\t\t\t<div class=\"grid-x\">\n    \t\t\t\t\t\t<div class=\"cell shrink image-cell\">\n    \t\t\t\t\t\t\t    \t\t\t\t\t\t<\/div>\n    \t\t\t\t\t\t<div class=\"cell auto description\">\n    \t\t\t\t\t\t\t<h3>Programme<\/h3>\n\t\t\t\t    \t\t\t<p>Le syllabus sert de guide aux stagiaires pour les aider dans leur formation et les pr\u00e9parer aux examens de certification de l\u2019Acad\u00e9mie canadienne de biochimie clinique et de l\u2019Ordre des Chimistes du Qu\u00e9bec. Les examens sont bas\u00e9s sur le programme mais peuvent \u00e9galement contenir des questions sur des sujets pertinents \u00e0 la biochimie clinique au-del\u00e0 du cadre du programme.<\/p>\n<p><a class=\"theme-button\" href=\"https:\/\/www.cscc.ca\/images\/Academy\/Certification\/CACB_Syllabus_2013_ENG_FINAL_APPROVED.pdf\">Programme d\u2019anglais 2013<\/a><\/p>\n<p><a class=\"theme-button\" href=\"https:\/\/www.cscc.ca\/images\/Academy\/Certification\/CACB_Syllabus_2013_FR_FINAL_APPROVED.pdf\">Syllabus 2013<\/a><\/p>\n    \t\t\t\t\t\t<\/div>\n    \t\t\t\t\t<\/div>\n\t\t    \t\t<\/div>\n\t    \t\t\t    \t\t\t<div class=\"cell two-cta\">\n    \t\t\t\t\t<div class=\"grid-x\">\n    \t\t\t\t\t\t<div class=\"cell shrink image-cell\">\n    \t\t\t\t\t\t\t    \t\t\t\t\t\t<\/div>\n    \t\t\t\t\t\t<div class=\"cell auto description\">\n    \t\t\t\t\t\t\t<h3>Titres de comp\u00e9tences \u00e9trangers<\/h3>\n\t\t\t\t    \t\t\t<p>Si vous \u00eates titulaire d\u2019un dipl\u00f4me universitaire d\u2019une universit\u00e9 \u00e0 l\u2019ext\u00e9rieur du Canada ou des \u00c9tats-Unis et que vous avez besoin que vos titres de comp\u00e9tences soient \u00e9valu\u00e9s et reconnus pour l\u2019un de ces programmes, veuillez consulter le Bureau de r\u00e9f\u00e9rence <a href=\"https:\/\/www.cicic.ca\/\" target=\"_blank\" rel=\"noopener\">des titres de comp\u00e9tences \u00e9trangers<\/a> du gouvernement du Canada (1-888-854-1805).<\/p>\n<p>Pour plus d\u2019informations sur le processus d\u2019examen, veuillez consulter la <a href=\"https:\/\/cscc-sccc.ca\/academy\/certification-fellowship\/\">page Certification<\/a>.<\/p>\n    \t\t\t\t\t\t<\/div>\n    \t\t\t\t\t<\/div>\n\t\t    \t\t<\/div>\n\t    \t\t\t    \t\t    <\/div>\n\t<\/div><!-- .grid-container -->\n<\/div><!-- .wrapBlock.two-ctas -->","protected":false},"excerpt":{"rendered":"","protected":false},"author":1,"featured_media":0,"parent":111736,"menu_order":0,"comment_status":"closed","ping_status":"closed","template":"","meta":{"_acf_changed":false,"footnotes":""},"class_list":["post-111745","page","type-page","status-publish","hentry"],"acf":[],"_links":{"self":[{"href":"https:\/\/cscc-sccc.ca\/fr\/wp-json\/wp\/v2\/pages\/111745","targetHints":{"allow":["GET"]}}],"collection":[{"href":"https:\/\/cscc-sccc.ca\/fr\/wp-json\/wp\/v2\/pages"}],"about":[{"href":"https:\/\/cscc-sccc.ca\/fr\/wp-json\/wp\/v2\/types\/page"}],"author":[{"embeddable":true,"href":"https:\/\/cscc-sccc.ca\/fr\/wp-json\/wp\/v2\/users\/1"}],"replies":[{"embeddable":true,"href":"https:\/\/cscc-sccc.ca\/fr\/wp-json\/wp\/v2\/comments?post=111745"}],"version-history":[{"count":1,"href":"https:\/\/cscc-sccc.ca\/fr\/wp-json\/wp\/v2\/pages\/111745\/revisions"}],"predecessor-version":[{"id":111747,"href":"https:\/\/cscc-sccc.ca\/fr\/wp-json\/wp\/v2\/pages\/111745\/revisions\/111747"}],"up":[{"embeddable":true,"href":"https:\/\/cscc-sccc.ca\/fr\/wp-json\/wp\/v2\/pages\/111736"}],"wp:attachment":[{"href":"https:\/\/cscc-sccc.ca\/fr\/wp-json\/wp\/v2\/media?parent=111745"}],"curies":[{"name":"wp","href":"https:\/\/api.w.org\/{rel}","templated":true}]}}