{"id":111736,"date":"2022-12-15T15:47:39","date_gmt":"2022-12-15T20:47:39","guid":{"rendered":"https:\/\/cscc-sccc.ca\/academie\/"},"modified":"2024-04-16T16:40:54","modified_gmt":"2024-04-16T20:40:54","slug":"academie","status":"publish","type":"page","link":"https:\/\/cscc-sccc.ca\/fr\/academie\/","title":{"rendered":"Acad\u00e9mie"},"content":{"rendered":"<div id=\"advanced-editor-block_1b97d4f36d92951f1312b219d1eb1995\" class=\"wrap-block advanced-editor page_id_111736\">\r\n    <div class=\"grid-container vertical-padding\">\r\n        <div class=\"grid-x\">\r\n            \t\t\t\t\t\r\n                    <div class=\"cell large-8 medium-8 small-12  \" data-column-number=\"1\">\r\n                                    \t\t\t\t\t<div class=\"grid-x text_banners\">\r\n\t\t\t\t\t                \t\t\t\t\t                \t<div class=\"cell large-12 medium-12 small-12 text_banner\">\r\n\t\t\t\t\t                \t\t<h3>Mission<\/h3>\r\n\t\t\t\t\t                \t\t<p>L\u2019Acad\u00e9mie canadienne de biochimie clinique (ACCB), l\u2019organisme acad\u00e9mique de la Soci\u00e9t\u00e9 canadienne des chimistes cliniciens (SCCC), s\u2019engage \u00e0 maintenir les normes de comp\u00e9tence les plus \u00e9lev\u00e9es dans la pratique de la biochimie clinique par la formation, la certification, l\u2019accr\u00e9ditation et le perfectionnement professionnel. Le CCCA sert principalement les int\u00e9r\u00eats de ses Fellows en faisant la promotion de l\u2019excellence en m\u00e9decine de laboratoire au profit du public.<\/p>\r\n\t\t\t\t\t                \t<\/div>\r\n\t\t\t\t\t                \t\t\t\t            \t<\/div>\r\n\t\t\t\t                                <\/div>\r\n                \t\t\t\t\t\r\n                    <div class=\"cell large-4 medium-4 small-12  \" data-column-number=\"2\">\r\n                        <p><img decoding=\"async\" class=\"aligncenter\" src=\"https:\/\/www.cscc.ca\/images\/stories\/cscc_a.jpg\"><\/p>\n                    <\/div>\r\n                        <\/div>\r\n    <\/div><!-- .grid-container -->\r\n<\/div><!-- .wrapBlock.advanced-editor --><div id=\"ctas-block_8178f8ea5b82240c3aa69ddb0141865e\" class=\"wrap-block ctas vertical-padding\">\n\t<div class=\"grid-container\">\n\t\t\t\t<div class=\"grid-x\">\n\t        <div class=\"cell large-12 medium-12 small-12 ctas-title text-center\">\n        \t\t<h2><strong>L\u2019acad\u00e9mie CSCC offre :<\/strong><\/h2>\n            \t\t        <\/div>\n\t    <\/div>\n\t\t\t    <div class=\"grid-x grid-margin-x large-up-2 medium-up-2 small-up-1\">\n\t    \t\t    \t\t\t<div class=\"cell cta\">\n    \t\t\t\t\t<div class=\"grid-x\">\n    \t\t\t\t\t\t<div class=\"cell shrink image-cell\">\n    \t\t\t\t\t\t\t    \t\t\t\t\t\t<\/div>\n    \t\t\t\t\t\t<div class=\"cell auto description text-center\" data-equalizer>\n    \t\t\t\t\t\t\t<h4>Conseil d\u2019administration du CCCA<\/h4>\n\t\t\t\t    \t\t\t<p data-equalizer-watch>Rencontrez notre conseil d\u2019administration<\/p>\t\t\t\t    \t\t\t<a href=\"https:\/\/cscc-sccc.ca\/fr\/academy\/cacb-board-of-directors\/\" target=\"_self\" class=\"read-more\">Lire la suite<\/a>    \t\t\t\t\t\t<\/div>\n    \t\t\t\t\t<\/div>\n\t\t    \t\t<\/div>\n\t    \t\t\t    \t\t\t<div class=\"cell cta\">\n    \t\t\t\t\t<div class=\"grid-x\">\n    \t\t\t\t\t\t<div class=\"cell shrink image-cell\">\n    \t\t\t\t\t\t\t    \t\t\t\t\t\t<\/div>\n    \t\t\t\t\t\t<div class=\"cell auto description text-center\" data-equalizer>\n    \t\t\t\t\t\t\t<h4>Formation<\/h4>\n\t\t\t\t    \t\t\t<p data-equalizer-watch>Visitez la page Formation pour en savoir plus sur les processus requis pour devenir biochimiste clinique.<\/p>\t\t\t\t    \t\t\t<a href=\"https:\/\/cscc-sccc.ca\/fr\/academy\/training\/\" target=\"_self\" class=\"read-more\">Lire la suite<\/a>    \t\t\t\t\t\t<\/div>\n    \t\t\t\t\t<\/div>\n\t\t    \t\t<\/div>\n\t    \t\t\t    \t\t\t<div class=\"cell cta\">\n    \t\t\t\t\t<div class=\"grid-x\">\n    \t\t\t\t\t\t<div class=\"cell shrink image-cell\">\n    \t\t\t\t\t\t\t    \t\t\t\t\t\t<\/div>\n    \t\t\t\t\t\t<div class=\"cell auto description text-center\" data-equalizer>\n    \t\t\t\t\t\t\t<h4>Certification et bourse de recherche<\/h4>\n\t\t\t\t    \t\t\t<p data-equalizer-watch>Les exigences en mati\u00e8re de formation et les processus d\u2019examen pour la certification et le fellowship en biochimie clinique sont d\u00e9crits.<\/p>\t\t\t\t    \t\t\t<a href=\"https:\/\/cscc-sccc.ca\/fr\/academy\/certification-fellowship\/\" target=\"_self\" class=\"read-more\">Lire la suite<\/a>    \t\t\t\t\t\t<\/div>\n    \t\t\t\t\t<\/div>\n\t\t    \t\t<\/div>\n\t    \t\t\t    \t\t\t<div class=\"cell cta\">\n    \t\t\t\t\t<div class=\"grid-x\">\n    \t\t\t\t\t\t<div class=\"cell shrink image-cell\">\n    \t\t\t\t\t\t\t    \t\t\t\t\t\t<\/div>\n    \t\t\t\t\t\t<div class=\"cell auto description text-center\" data-equalizer>\n    \t\t\t\t\t\t\t<h4>Maintien de la comp\u00e9tence<\/h4>\n\t\t\t\t    \t\t\t<p data-equalizer-watch>Le programme de d\u00e9veloppement professionnel continu (PP) con\u00e7u par l\u2019Acad\u00e9mie encourage et soutient les besoins d\u2019apprentissage continu de ses boursiers et d\u2019autres professionnels de la sant\u00e9.<\/p>\t\t\t\t    \t\t\t<a href=\"https:\/\/cscc-sccc.ca\/fr\/academy\/maintenance-of-competence\/\" target=\"_self\" class=\"read-more\">Lire la suite<\/a>    \t\t\t\t\t\t<\/div>\n    \t\t\t\t\t<\/div>\n\t\t    \t\t<\/div>\n\t    \t\t\t    \t\t\t<div class=\"cell cta\">\n    \t\t\t\t\t<div class=\"grid-x\">\n    \t\t\t\t\t\t<div class=\"cell shrink image-cell\">\n    \t\t\t\t\t\t\t    \t\t\t\t\t\t<\/div>\n    \t\t\t\t\t\t<div class=\"cell auto description text-center\" data-equalizer>\n    \t\t\t\t\t\t\t<h4>Prix du CCCA<\/h4>\n\t\t\t\t    \t\t\t<p data-equalizer-watch>Ce prix reconna\u00eet les contributions exceptionnelles d\u2019un membre de l\u2019Acad\u00e9mie qui fait progresser les normes et la reconnaissance de la biochimie clinique en tant que profession de soins de sant\u00e9.<\/p>\t\t\t\t    \t\t\t<a href=\"https:\/\/cscc-sccc.ca\/fr\/academy\/cacb-award\/\" target=\"_self\" class=\"read-more\">Lire la suite<\/a>    \t\t\t\t\t\t<\/div>\n    \t\t\t\t\t<\/div>\n\t\t    \t\t<\/div>\n\t    \t\t\t    \t\t\t<div class=\"cell cta\">\n    \t\t\t\t\t<div class=\"grid-x\">\n    \t\t\t\t\t\t<div class=\"cell shrink image-cell\">\n    \t\t\t\t\t\t\t    \t\t\t\t\t\t<\/div>\n    \t\t\t\t\t\t<div class=\"cell auto description text-center\" data-equalizer>\n    \t\t\t\t\t\t\t<h4>Accr\u00e9ditation des r\u00e9unions<\/h4>\n\t\t\t\t    \t\t\t<p data-equalizer-watch>L\u2019acad\u00e9mie accr\u00e9dite les programmes \u00e9ducatifs pour le maintien des cr\u00e9dits de d\u00e9veloppement professionnel des comp\u00e9tences.<\/p>\t\t\t\t    \t\t\t<a href=\"https:\/\/cscc-sccc.ca\/fr\/academy\/meeting-accreditation\/\" target=\"_self\" class=\"read-more\">Lire la suite<\/a>    \t\t\t\t\t\t<\/div>\n    \t\t\t\t\t<\/div>\n\t\t    \t\t<\/div>\n\t    \t\t\t    \t\t    <\/div>\n\t<\/div><!-- .grid-container -->\n<\/div><!-- .wrapBlock.ctas -->","protected":false},"excerpt":{"rendered":"","protected":false},"author":1,"featured_media":0,"parent":0,"menu_order":0,"comment_status":"closed","ping_status":"closed","template":"","meta":{"_acf_changed":false,"footnotes":""},"class_list":["post-111736","page","type-page","status-publish","hentry"],"acf":[],"_links":{"self":[{"href":"https:\/\/cscc-sccc.ca\/fr\/wp-json\/wp\/v2\/pages\/111736","targetHints":{"allow":["GET"]}}],"collection":[{"href":"https:\/\/cscc-sccc.ca\/fr\/wp-json\/wp\/v2\/pages"}],"about":[{"href":"https:\/\/cscc-sccc.ca\/fr\/wp-json\/wp\/v2\/types\/page"}],"author":[{"embeddable":true,"href":"https:\/\/cscc-sccc.ca\/fr\/wp-json\/wp\/v2\/users\/1"}],"replies":[{"embeddable":true,"href":"https:\/\/cscc-sccc.ca\/fr\/wp-json\/wp\/v2\/comments?post=111736"}],"version-history":[{"count":1,"href":"https:\/\/cscc-sccc.ca\/fr\/wp-json\/wp\/v2\/pages\/111736\/revisions"}],"predecessor-version":[{"id":111743,"href":"https:\/\/cscc-sccc.ca\/fr\/wp-json\/wp\/v2\/pages\/111736\/revisions\/111743"}],"wp:attachment":[{"href":"https:\/\/cscc-sccc.ca\/fr\/wp-json\/wp\/v2\/media?parent=111736"}],"curies":[{"name":"wp","href":"https:\/\/api.w.org\/{rel}","templated":true}]}}