{"id":111731,"date":"2022-12-15T15:48:23","date_gmt":"2022-12-15T20:48:23","guid":{"rendered":"https:\/\/cscc-sccc.ca\/sections-provinciales\/"},"modified":"2024-05-31T12:49:21","modified_gmt":"2024-05-31T16:49:21","slug":"sections-provinciales","status":"publish","type":"page","link":"https:\/\/cscc-sccc.ca\/fr\/sections-provinciales\/","title":{"rendered":"Sections provinciales"},"content":{"rendered":"<div id=\"advanced-editor-block_e352de5043009d3d376884af592976cf\" class=\"wrap-block advanced-editor page_id_111731\">\r\n    <div class=\"grid-container vertical-padding\">\r\n        <div class=\"grid-x\">\r\n            \t\t\t\t\t\r\n                    <div class=\"cell large-12 medium-12 small-12  \" data-column-number=\"1\">\r\n                        <p>Les sections provinciales peuvent \u00eatre \u00e9tablies sous r\u00e9serve de l\u2019approbation du Conseil, sur demande \u00e9crite de cinq membres \u00e0 part enti\u00e8re r\u00e9sidant dans cette province. Dans le cas des provinces o\u00f9 il n\u2019y a pas de section provinciale officielle, les membres qui y r\u00e9sident peuvent demander l\u2019adh\u00e9sion \u00e0 une section provinciale voisine.<\/p>\n<p>Les sections provinciales jouissent d\u2019une autonomie dans toutes les mati\u00e8res qui ne sont pas d\u00e9finies, limit\u00e9es ou r\u00e9serv\u00e9es par la Soci\u00e9t\u00e9.<\/p>\n                    <\/div>\r\n                        <\/div>\r\n    <\/div><!-- .grid-container -->\r\n<\/div><!-- .wrapBlock.advanced-editor --><div id=\"ctas-block_0528a21b172903211802cd5a4c22bd2c\" class=\"wrap-block ctas vertical-padding\">\n\t<div class=\"grid-container\">\n\t\t\t\t<div class=\"grid-x\">\n\t        <div class=\"cell large-12 medium-12 small-12 ctas-title text-center\">\n        \t\t<h2>Sections provinciales actuelles :<\/h2>\n            \t\t        <\/div>\n\t    <\/div>\n\t\t\t    <div class=\"grid-x grid-margin-x large-up-2 medium-up-2 small-up-1\">\n\t    \t\t    \t\t\t<div class=\"cell cta\">\n    \t\t\t\t\t<div class=\"grid-x\">\n    \t\t\t\t\t\t<div class=\"cell shrink image-cell\">\n    \t\t\t\t\t\t\t    \t\t\t\t\t\t<\/div>\n    \t\t\t\t\t\t<div class=\"cell auto description text-center\" data-equalizer>\n    \t\t\t\t\t\t\t<h4>Soci\u00e9t\u00e9 des chimistes cliniciens de la Colombie-Britannique (BCSCC)<\/h4>\n\t\t\t\t    \t\t\t\t\t\t\t    \t\t\t    \t\t\t\t\t\t<\/div>\n    \t\t\t\t\t<\/div>\n\t\t    \t\t<\/div>\n\t    \t\t\t    \t\t\t<div class=\"cell cta\">\n    \t\t\t\t\t<div class=\"grid-x\">\n    \t\t\t\t\t\t<div class=\"cell shrink image-cell\">\n    \t\t\t\t\t\t\t    \t\t\t\t\t\t<\/div>\n    \t\t\t\t\t\t<div class=\"cell auto description text-center\" data-equalizer>\n    \t\t\t\t\t\t\t<h4>Soci\u00e9t\u00e9 des chimistes cliniciens de l\u2019Alberta (ASCC)<\/h4>\n\t\t\t\t    \t\t\t\t\t\t\t    \t\t\t<a href=\"https:\/\/cscc-sccc.ca\/fr\/sections-provinciales\/alberta-ascc-en-anglais-seulement\/\" target=\"_self\" class=\"read-more\">Lire la suite<\/a>    \t\t\t\t\t\t<\/div>\n    \t\t\t\t\t<\/div>\n\t\t    \t\t<\/div>\n\t    \t\t\t    \t\t\t<div class=\"cell cta\">\n    \t\t\t\t\t<div class=\"grid-x\">\n    \t\t\t\t\t\t<div class=\"cell shrink image-cell\">\n    \t\t\t\t\t\t\t    \t\t\t\t\t\t<\/div>\n    \t\t\t\t\t\t<div class=\"cell auto description text-center\" data-equalizer>\n    \t\t\t\t\t\t\t<h4>Soci\u00e9t\u00e9 des chimistes cliniciens de la Saskatchewan (SSCC)<\/h4>\n\t\t\t\t    \t\t\t\t\t\t\t    \t\t\t    \t\t\t\t\t\t<\/div>\n    \t\t\t\t\t<\/div>\n\t\t    \t\t<\/div>\n\t    \t\t\t    \t\t\t<div class=\"cell cta\">\n    \t\t\t\t\t<div class=\"grid-x\">\n    \t\t\t\t\t\t<div class=\"cell shrink image-cell\">\n    \t\t\t\t\t\t\t    \t\t\t\t\t\t<\/div>\n    \t\t\t\t\t\t<div class=\"cell auto description text-center\" data-equalizer>\n    \t\t\t\t\t\t\t<h4>Soci\u00e9t\u00e9 des chimistes cliniciens du Manitoba (MSCC)<\/h4>\n\t\t\t\t    \t\t\t\t\t\t\t    \t\t\t    \t\t\t\t\t\t<\/div>\n    \t\t\t\t\t<\/div>\n\t\t    \t\t<\/div>\n\t    \t\t\t    \t\t\t<div class=\"cell cta\">\n    \t\t\t\t\t<div class=\"grid-x\">\n    \t\t\t\t\t\t<div class=\"cell shrink image-cell\">\n    \t\t\t\t\t\t\t    \t\t\t\t\t\t<\/div>\n    \t\t\t\t\t\t<div class=\"cell auto description text-center\" data-equalizer>\n    \t\t\t\t\t\t\t<h4>Soci\u00e9t\u00e9 des chimistes cliniciens de l\u2019Ontario (OSCC)<\/h4>\n\t\t\t\t    \t\t\t\t\t\t\t    \t\t\t<a href=\"https:\/\/cscc-sccc.ca\/fr\/sections-provinciales\/ontario-oscc\/\" target=\"_blanc\" class=\"read-more\">Lire la suite<\/a>    \t\t\t\t\t\t<\/div>\n    \t\t\t\t\t<\/div>\n\t\t    \t\t<\/div>\n\t    \t\t\t    \t\t\t<div class=\"cell cta\">\n    \t\t\t\t\t<div class=\"grid-x\">\n    \t\t\t\t\t\t<div class=\"cell shrink image-cell\">\n    \t\t\t\t\t\t\t    \t\t\t\t\t\t<\/div>\n    \t\t\t\t\t\t<div class=\"cell auto description text-center\" data-equalizer>\n    \t\t\t\t\t\t\t<h4>Soci\u00e9t\u00e9 des chimistes cliniciens du Nouveau-Brunswick (CCNSNB)<\/h4>\n\t\t\t\t    \t\t\t\t\t\t\t    \t\t\t    \t\t\t\t\t\t<\/div>\n    \t\t\t\t\t<\/div>\n\t\t    \t\t<\/div>\n\t    \t\t\t    \t\t\t<div class=\"cell cta\">\n    \t\t\t\t\t<div class=\"grid-x\">\n    \t\t\t\t\t\t<div class=\"cell shrink image-cell\">\n    \t\t\t\t\t\t\t    \t\t\t\t\t\t<\/div>\n    \t\t\t\t\t\t<div class=\"cell auto description text-center\" data-equalizer>\n    \t\t\t\t\t\t\t<h4>Soci\u00e9t\u00e9 des chimistes cliniciens de la Nouvelle-\u00c9cosse (NSSCC)<\/h4>\n\t\t\t\t    \t\t\t\t\t\t\t    \t\t\t    \t\t\t\t\t\t<\/div>\n    \t\t\t\t\t<\/div>\n\t\t    \t\t<\/div>\n\t    \t\t\t    \t\t    <\/div>\n\t<\/div><!-- .grid-container -->\n<\/div><!-- .wrapBlock.ctas -->","protected":false},"excerpt":{"rendered":"","protected":false},"author":1,"featured_media":0,"parent":0,"menu_order":0,"comment_status":"closed","ping_status":"closed","template":"","meta":{"_acf_changed":false,"footnotes":""},"class_list":["post-111731","page","type-page","status-publish","hentry"],"acf":[],"_links":{"self":[{"href":"https:\/\/cscc-sccc.ca\/fr\/wp-json\/wp\/v2\/pages\/111731","targetHints":{"allow":["GET"]}}],"collection":[{"href":"https:\/\/cscc-sccc.ca\/fr\/wp-json\/wp\/v2\/pages"}],"about":[{"href":"https:\/\/cscc-sccc.ca\/fr\/wp-json\/wp\/v2\/types\/page"}],"author":[{"embeddable":true,"href":"https:\/\/cscc-sccc.ca\/fr\/wp-json\/wp\/v2\/users\/1"}],"replies":[{"embeddable":true,"href":"https:\/\/cscc-sccc.ca\/fr\/wp-json\/wp\/v2\/comments?post=111731"}],"version-history":[{"count":5,"href":"https:\/\/cscc-sccc.ca\/fr\/wp-json\/wp\/v2\/pages\/111731\/revisions"}],"predecessor-version":[{"id":114611,"href":"https:\/\/cscc-sccc.ca\/fr\/wp-json\/wp\/v2\/pages\/111731\/revisions\/114611"}],"wp:attachment":[{"href":"https:\/\/cscc-sccc.ca\/fr\/wp-json\/wp\/v2\/media?parent=111731"}],"curies":[{"name":"wp","href":"https:\/\/api.w.org\/{rel}","templated":true}]}}