{"id":111708,"date":"2023-02-28T14:53:20","date_gmt":"2023-02-28T19:53:20","guid":{"rendered":"https:\/\/cscc-sccc.ca\/actualites-evenements\/"},"modified":"2024-04-16T16:35:39","modified_gmt":"2024-04-16T20:35:39","slug":"actualites-evenements","status":"publish","type":"page","link":"https:\/\/cscc-sccc.ca\/fr\/actualites-evenements\/","title":{"rendered":"Actualit\u00e9s &amp; Ev\u00e9nements"},"content":{"rendered":"<div id=\"advanced-editor-block_9e870a38cdf22aadae7cb89ca97b0a20\" class=\"wrap-block advanced-editor page_id_111708\">\r\n    <div class=\"grid-container vertical-padding\">\r\n        <div class=\"grid-x\">\r\n            \t\t\t\t\t\r\n                    <div class=\"cell large-12 medium-12 small-12  \" data-column-number=\"1\">\r\n                        <p>Tenez-vous au courant des derni\u00e8res nouvelles et \u00e9v\u00e9nements du CSCC<\/p>\n                    <\/div>\r\n                        <\/div>\r\n    <\/div><!-- .grid-container -->\r\n<\/div><!-- .wrapBlock.advanced-editor --><div id=\"event-news-feed-block_7e6a928de02eaea010550db9eabb655c\" class=\"wrap-block event-news-feed\">\n\t<div class=\"title-bar\">\n\t\t<div class=\"grid-container\">\n\t\t\t<div class=\"grid-x\">\n\t\t\t\t<div class=\"cell large-6 medium-6 small-12 events-title\">\n\t\t\t\t\t<h2>\u00c9v\u00e9nements du CCCS<\/h2>\n\t\t\t\t<\/div>\n\t\t\t\t<div class=\"cell large-6 medium-6 hide-for-small news-title\">\n\t\t\t\t\t<h2>Nouvelles du CCSC<\/h2>\n\t\t\t\t<\/div>\n\t\t\t<\/div>\n\t\t<\/div>\n\t<\/div><!-- .title-bar -->\n\t<div class=\"feeds\">\n\t\t<div class=\"grid-container\">\n\t    \t<div class=\"grid-x\">\n\t    \t\t<div class=\"cell large-6 medium-6 small-12 events-feed\">\n\t    \t\t\t\t    \t\t\t\t\t<div class=\"feed-item\">\n\t    \t\t\t\t\t\t<div class=\"date\">Date: June 16, 2024<\/div>\n\t    \t\t\t\t\t\t\t    \t\t\t\t\t\t<a href=\"https:\/\/cscc-sccc.ca\/fr\/event\/congres-annuel-2024-du-ccsc\/\" class=\"feed-title\">Congr\u00e8s annuel 2024 du CCSC<\/a>\n\t    \t\t\t\t\t\t<div class=\"feed-excerpt\">Le CSCC se r\u00e9unira conjointement avec la SQBC \u00e0 Mont Sainte-Anne, au Qu\u00e9bec, du 16 au 19 juin 2024. Cliquez&#8230;<\/div>\n\t    \t\t\t\t\t\t<a href=\"https:\/\/cscc-sccc.ca\/fr\/event\/congres-annuel-2024-du-ccsc\/\" class=\"read-more\">Lire la suite<\/a>\n\t    \t\t\t\t\t<\/div>\t\n\t    \t\t\t    \t    \t\t\t\t\t<div class=\"feed-item\">\n\t    \t\t\t\t\t\t<div class=\"date\">Date: April 24, 2024<\/div>\n\t    \t\t\t\t\t\t\t    \t\t\t\t\t\t<a href=\"https:\/\/cscc-sccc.ca\/fr\/event\/webinaire-de-lindustrie-quidelortho-2024\/\" class=\"feed-title\">Webinaire de l\u2019industrie QuidelOrtho 2024<\/a>\n\t    \t\t\t\t\t\t<div class=\"feed-excerpt\">Disponibilit\u00e9 de nouveaux produits au Canada&nbsp;! Triage\u00ae du test PLGF valid\u00e9 cliniquement pour les laboratoires urbains et ruraux\n24 avril 2024,&#8230;<\/div>\n\t    \t\t\t\t\t\t<a href=\"https:\/\/cscc-sccc.ca\/fr\/event\/webinaire-de-lindustrie-quidelortho-2024\/\" class=\"read-more\">Lire la suite<\/a>\n\t    \t\t\t\t\t<\/div>\t\n\t    \t\t\t    \t    \t\t\t\t\t<div class=\"feed-item\">\n\t    \t\t\t\t\t\t<div class=\"date\">Date: October 12, 2023<\/div>\n\t    \t\t\t\t\t\t\t    \t\t\t\t\t\t<a href=\"https:\/\/cscc-sccc.ca\/fr\/event\/conference-itinerante-2023-du-cscc\/\" class=\"feed-title\">Conf\u00e9rence itin\u00e9rante 2023 du CSCC<\/a>\n\t    \t\t\t\t\t\t<div class=\"feed-excerpt\">Conf\u00e9rence itin\u00e9rante 2023 du CSCC\ncommandit\u00e9 par BIO-RAD.\n\n\nQuoi de Neuf&nbsp;?\nTechnologies de diagnostic et solutions num\u00e9riques pour la transformation et l\u2019impact\nLes nouvelles&#8230;<\/div>\n\t    \t\t\t\t\t\t<a href=\"https:\/\/cscc-sccc.ca\/fr\/event\/conference-itinerante-2023-du-cscc\/\" class=\"read-more\">Lire la suite<\/a>\n\t    \t\t\t\t\t<\/div>\t\n\t    \t\t\t    \t    \t\t<\/div><!-- .events-feed -->\n\t    \t\t<div class=\"cell hide-for-large hide-for-medium small-12 news-title mobile-title\">\n\t\t\t\t\t<h2>Nouvelles du CCSC<\/h2>\n\t\t\t\t<\/div>\n\t    \t\t<div class=\"cell large-6 medium-6 small-12 news-feed\">\n\t    \t\t\t\t    \t\t\t\t\t<div class=\"feed-item\">\n\t    \t\t\t\t\t\t<div class=\"date\"><span class=\"meta-prep meta-prep-author\">Publi\u00e9 le<\/span> <span class=\"entry-date\">12 mars 2025<\/span> <span class=\"meta-sep\"><\/span> <\/div>\n\t    \t\t\t\t\t\t<a href=\"https:\/\/cscc-sccc.ca\/fr\/xviie-congres-international-de-medecine-de-laboratoire-pediatrique-18-mai-2025-bruxelles\/\" class=\"feed-title\">XVIIe Congr\u00e8s International de M\u00e9decine de Laboratoire P\u00e9diatrique &#8211; 18 mai 2025, Bruxelles<\/a>\n\t    \t\t\t\t\t\t<div class=\"feed-excerpt\">Il s\u2019agit de la 17e conf\u00e9rence ICPLM organis\u00e9e \u00e0 l\u2019\u00e9chelle internationale pour r\u00e9unir des professionnels de laboratoire et des experts&#8230;<\/div>\n\t    \t\t\t\t\t\t<a href=\"https:\/\/cscc-sccc.ca\/fr\/xviie-congres-international-de-medecine-de-laboratoire-pediatrique-18-mai-2025-bruxelles\/\" class=\"read-more\">Lire la suite<\/a>\n\t    \t\t\t\t\t<\/div>\n\t    \t\t\t    \t    \t\t\t\t\t<div class=\"feed-item\">\n\t    \t\t\t\t\t\t<div class=\"date\"><span class=\"meta-prep meta-prep-author\">Publi\u00e9 le<\/span> <span class=\"entry-date\">21 novembre 2023<\/span> <span class=\"meta-sep\"><\/span> <\/div>\n\t    \t\t\t\t\t\t<a href=\"https:\/\/cscc-sccc.ca\/fr\/ifcc-worldlab-dubai-2024\/\" class=\"feed-title\">IFCC WorldLab Duba\u00ef 2024<\/a>\n\t    \t\t\t\t\t\t<div class=\"feed-excerpt\">L\u2019IFCC WorldLab 2024 aura lieu \u00e0 Duba\u00ef du 26 au 30 mai 2024.\n\nSuivez ce lien pour plus d\u2019informations :\n\nhttps:\/\/www.dubai2024.org\/&#8230;<\/div>\n\t    \t\t\t\t\t\t<a href=\"https:\/\/cscc-sccc.ca\/fr\/ifcc-worldlab-dubai-2024\/\" class=\"read-more\">Lire la suite<\/a>\n\t    \t\t\t\t\t<\/div>\n\t    \t\t\t    \t    \t\t\t\t\t<div class=\"feed-item\">\n\t    \t\t\t\t\t\t<div class=\"date\"><span class=\"meta-prep meta-prep-author\">Publi\u00e9 le<\/span> <span class=\"entry-date\">5 septembre 2023<\/span> <span class=\"meta-sep\"><\/span> <\/div>\n\t    \t\t\t\t\t\t<a href=\"https:\/\/cscc-sccc.ca\/fr\/serie-de-tables-rondes-sur-leducation-2023-2024-inscrivez-vous-des-maintenant\/\" class=\"feed-title\">S\u00e9rie de tables rondes sur l\u2019\u00e9ducation 2023-2024 Inscrivez-vous d\u00e8s maintenant&nbsp;!<\/a>\n\t    \t\t\t\t\t\t<div class=\"feed-excerpt\">Les inscriptions sont ouvertes pour la s\u00e9rie de tables rondes sur l\u2019\u00e9ducation 2023-2024&#8230;<\/div>\n\t    \t\t\t\t\t\t<a href=\"https:\/\/cscc-sccc.ca\/fr\/serie-de-tables-rondes-sur-leducation-2023-2024-inscrivez-vous-des-maintenant\/\" class=\"read-more\">Lire la suite<\/a>\n\t    \t\t\t\t\t<\/div>\n\t    \t\t\t    \t    \t\t<\/div><!-- .news-feed -->\n\t    \t<\/div>\n\t\t<\/div>\n\t<\/div><!-- .feeds -->\n<\/div><!-- .wrapBlock.event-news-feed -->","protected":false},"excerpt":{"rendered":"","protected":false},"author":1,"featured_media":0,"parent":0,"menu_order":0,"comment_status":"closed","ping_status":"closed","template":"","meta":{"_acf_changed":false,"footnotes":""},"class_list":["post-111708","page","type-page","status-publish","hentry"],"acf":[],"_links":{"self":[{"href":"https:\/\/cscc-sccc.ca\/fr\/wp-json\/wp\/v2\/pages\/111708","targetHints":{"allow":["GET"]}}],"collection":[{"href":"https:\/\/cscc-sccc.ca\/fr\/wp-json\/wp\/v2\/pages"}],"about":[{"href":"https:\/\/cscc-sccc.ca\/fr\/wp-json\/wp\/v2\/types\/page"}],"author":[{"embeddable":true,"href":"https:\/\/cscc-sccc.ca\/fr\/wp-json\/wp\/v2\/users\/1"}],"replies":[{"embeddable":true,"href":"https:\/\/cscc-sccc.ca\/fr\/wp-json\/wp\/v2\/comments?post=111708"}],"version-history":[{"count":1,"href":"https:\/\/cscc-sccc.ca\/fr\/wp-json\/wp\/v2\/pages\/111708\/revisions"}],"predecessor-version":[{"id":111710,"href":"https:\/\/cscc-sccc.ca\/fr\/wp-json\/wp\/v2\/pages\/111708\/revisions\/111710"}],"wp:attachment":[{"href":"https:\/\/cscc-sccc.ca\/fr\/wp-json\/wp\/v2\/media?parent=111708"}],"curies":[{"name":"wp","href":"https:\/\/api.w.org\/{rel}","templated":true}]}}