{"id":111706,"date":"2023-02-28T16:34:18","date_gmt":"2023-02-28T21:34:18","guid":{"rendered":"https:\/\/cscc-sccc.ca\/qui-sommes-nous\/"},"modified":"2024-04-16T16:44:10","modified_gmt":"2024-04-16T20:44:10","slug":"qui-sommes-nous","status":"publish","type":"page","link":"https:\/\/cscc-sccc.ca\/fr\/qui-sommes-nous-2\/qui-sommes-nous\/","title":{"rendered":"Qui sommes-nous ?"},"content":{"rendered":"<div id=\"advanced-editor-block_45e8aab0e389a66674b2698d389b191b\" class=\"wrap-block advanced-editor page_id_111706\">\r\n    <div class=\"grid-container vertical-padding\">\r\n        <div class=\"grid-x\">\r\n            \t\t\t\t\t\r\n                    <div class=\"cell large-12 medium-12 small-12  \" data-column-number=\"1\">\r\n                        <p>Nous faisons preuve de leadership dans la pratique de la biochimie clinique et de la m\u00e9decine de laboratoire clinique par le biais du service, de l\u2019\u00e9ducation et de la recherche.<\/p>\n<p>Les biochimistes cliniciens travaillent dans divers milieux, y compris les h\u00f4pitaux, les laboratoires communautaires et de r\u00e9f\u00e9rence et l\u2019industrie. Le biochimiste clinicien interagit avec de nombreux autres professionnels, y compris des m\u00e9decins, des infirmi\u00e8res, des technologues, des administrateurs, des repr\u00e9sentants du gouvernement, des \u00e9tudiants (m\u00e9dicaux et techniques) et du personnel d\u2019affaires. La vari\u00e9t\u00e9 quotidienne fait de la biochimie clinique une profession stimulante, stimulante et agr\u00e9able.<\/p>\n<p>Le CSCC \u00e9tablit des normes pour les services de diagnostic et sert de ressource au gouvernement, \u00e0 l\u2019industrie et aux associations de soins de sant\u00e9, ainsi qu\u2019\u00e0 l\u2019int\u00e9r\u00eat du grand public.<\/p>\n                    <\/div>\r\n                \t\t\t\t\t\r\n                    <div class=\"cell large-12 medium-12 small-12 text-center align-self-milieu padding-tlrb \" data-column-number=\"2\">\r\n                                    \t\t\t\t\t<div class=\"grid-x text_banners\">\r\n\t\t\t\t\t                \t\t\t\t\t                \t<div class=\"cell large-12 medium-12 small-12 text_banner\">\r\n\t\t\t\t\t                \t\t<h3>Notre \u00e9nonc\u00e9 de mission<\/h3>\r\n\t\t\t\t\t                \t\t<p>La Soci\u00e9t\u00e9 canadienne des chimistes cliniciens (SCCC) est une soci\u00e9t\u00e9 scientifique et professionnelle nationale qui repr\u00e9sente les biochimistes cliniciens de partout au Canada. Il assure un leadership dans la pratique de la biochimie clinique et de la m\u00e9decine de laboratoire clinique par le biais du service, de l\u2019\u00e9ducation et de la recherche. La Soci\u00e9t\u00e9 \u00e9tablit des normes pour les services de diagnostic et sert de ressource au gouvernement, \u00e0 l\u2019industrie et aux associations de soins de sant\u00e9, dans l\u2019int\u00e9r\u00eat du grand public.<\/p>\r\n\t\t\t\t\t                \t<\/div>\r\n\t\t\t\t\t                \t\t\t\t            \t<\/div>\r\n\t\t\t\t                                <\/div>\r\n                \t\t\t\t\t\r\n                    <div class=\"cell large-12 medium-12 small-12  \" data-column-number=\"3\">\r\n                        <h3><\/h3>\n<h3><strong>Qu\u2019est-ce qu\u2019un biochimiste clinique&nbsp;?<\/strong><\/h3>\n<p>La biochimie clinique est la division de la m\u00e9decine de laboratoire qui s\u2019occupe de la mesure des produits chimiques (naturels et non naturels) dans le sang, l\u2019urine et d\u2019autres fluides corporels. Ces r\u00e9sultats de test sont utiles pour d\u00e9tecter les probl\u00e8mes de sant\u00e9, d\u00e9terminer le pronostic et guider le traitement d\u2019un patient.<\/p>\n<p>Les biochimistes cliniques sont des scientifiques de niveau doctorat ayant une formation postdoctorale sp\u00e9cialis\u00e9e en m\u00e9decine de laboratoire. Tous sont titulaires d\u2019une certification de l\u2019Acad\u00e9mie canadienne de biochimie clinique ou l\u2019\u00e9quivalent. La p\u00e9rennit\u00e9 de la comp\u00e9tence professionnelle est assur\u00e9e par la participation au programme de maintien des comp\u00e9tences offert par l\u2019Acad\u00e9mie.<\/p>\n<p>Les biochimistes cliniques veillent \u00e0 ce que des r\u00e9sultats d\u2019analyses biochimiques de haute qualit\u00e9, exacts et pr\u00e9cis soient fournis afin que des soins de haute qualit\u00e9 puissent \u00eatre fournis au patient. Les biochimistes cliniciens dirigent l\u2019\u00e9laboration et la mise en \u0153uvre de syst\u00e8mes de gestion de la qualit\u00e9 en laboratoire qui englobent tous les aspects du processus d\u2019analyse : pr\u00e9-analytique, analytique et post-analytique.<\/p>\n                    <\/div>\r\n                        <\/div>\r\n    <\/div><!-- .grid-container -->\r\n<\/div><!-- .wrapBlock.advanced-editor --><div id=\"ctas-block_1a130e8bce33fc2520580f1deecc4e4d\" class=\"wrap-block ctas vertical-padding\">\n\t<div class=\"grid-container\">\n\t\t\t\t<div class=\"grid-x\">\n\t        <div class=\"cell large-12 medium-12 small-12 ctas-title text-center\">\n        \t\t<h3><strong>Les principales responsabilit\u00e9s d\u2019un biochimiste clinicien sont les suivantes :<\/strong><\/h3>\n            \t\t        <\/div>\n\t    <\/div>\n\t\t\t    <div class=\"grid-x grid-margin-x large-up-2 medium-up-2 small-up-1\">\n\t    \t\t    \t\t\t<div class=\"cell cta\">\n    \t\t\t\t\t<div class=\"grid-x\">\n    \t\t\t\t\t\t<div class=\"cell shrink image-cell\">\n    \t\t\t\t\t\t\t    \t\t\t\t\t\t<\/div>\n    \t\t\t\t\t\t<div class=\"cell auto description text-center\" data-equalizer>\n    \t\t\t\t\t\t\t<h4>Interpr\u00e9tation des tests de laboratoire des patients pour le d\u00e9pistage, le diagnostic, la gestion et la surveillance des processus pathologiques.<\/h4>\n\t\t\t\t    \t\t\t\t\t\t\t    \t\t\t    \t\t\t\t\t\t<\/div>\n    \t\t\t\t\t<\/div>\n\t\t    \t\t<\/div>\n\t    \t\t\t    \t\t\t<div class=\"cell cta\">\n    \t\t\t\t\t<div class=\"grid-x\">\n    \t\t\t\t\t\t<div class=\"cell shrink image-cell\">\n    \t\t\t\t\t\t\t    \t\t\t\t\t\t<\/div>\n    \t\t\t\t\t\t<div class=\"cell auto description text-center\" data-equalizer>\n    \t\t\t\t\t\t\t<h4>\u00c9laboration de guides d\u2019interpr\u00e9tation \u00e0 l\u2019intention d\u2019autres professionnels utilisant le service de laboratoire, par la s\u00e9lection et la validation d\u2019intervalles de r\u00e9f\u00e9rence, de commentaires interpr\u00e9tatifs et de valeurs critiques.<\/h4>\n\t\t\t\t    \t\t\t\t\t\t\t    \t\t\t    \t\t\t\t\t\t<\/div>\n    \t\t\t\t\t<\/div>\n\t\t    \t\t<\/div>\n\t    \t\t\t    \t\t\t<div class=\"cell cta\">\n    \t\t\t\t\t<div class=\"grid-x\">\n    \t\t\t\t\t\t<div class=\"cell shrink image-cell\">\n    \t\t\t\t\t\t\t    \t\t\t\t\t\t<\/div>\n    \t\t\t\t\t\t<div class=\"cell auto description text-center\" data-equalizer>\n    \t\t\t\t\t\t\t<h4>En consultation avec des coll\u00e8gues cliniciens, l\u2019\u00e9laboration, la mise en \u0153uvre et le suivi d\u2019algorithmes de test, de d\u00e9lais d\u2019ex\u00e9cution appropri\u00e9s, de lignes directrices de pratique et de parcours de soins.<\/h4>\n\t\t\t\t    \t\t\t\t\t\t\t    \t\t\t    \t\t\t\t\t\t<\/div>\n    \t\t\t\t\t<\/div>\n\t\t    \t\t<\/div>\n\t    \t\t\t    \t\t\t<div class=\"cell cta\">\n    \t\t\t\t\t<div class=\"grid-x\">\n    \t\t\t\t\t\t<div class=\"cell shrink image-cell\">\n    \t\t\t\t\t\t\t    \t\t\t\t\t\t<\/div>\n    \t\t\t\t\t\t<div class=\"cell auto description text-center\" data-equalizer>\n    \t\t\t\t\t\t\t<h4>Assurer la supervision et l\u2019orientation des programmes de d\u00e9pistage au point de service, tant en milieu hospitalier qu\u2019en milieu communautaire.<\/h4>\n\t\t\t\t    \t\t\t\t\t\t\t    \t\t\t    \t\t\t\t\t\t<\/div>\n    \t\t\t\t\t<\/div>\n\t\t    \t\t<\/div>\n\t    \t\t\t    \t\t\t<div class=\"cell cta\">\n    \t\t\t\t\t<div class=\"grid-x\">\n    \t\t\t\t\t\t<div class=\"cell shrink image-cell\">\n    \t\t\t\t\t\t\t    \t\t\t\t\t\t<\/div>\n    \t\t\t\t\t\t<div class=\"cell auto description text-center\" data-equalizer>\n    \t\t\t\t\t\t\t<h4>\u00c9laboration et mise en \u0153uvre de politiques et de proc\u00e9dures pour s\u2019assurer que le laboratoire produit de l\u2019information de haute qualit\u00e9 et respecte les exigences r\u00e9glementaires et les normes de pratique.<\/h4>\n\t\t\t\t    \t\t\t\t\t\t\t    \t\t\t    \t\t\t\t\t\t<\/div>\n    \t\t\t\t\t<\/div>\n\t\t    \t\t<\/div>\n\t    \t\t\t    \t\t\t<div class=\"cell cta\">\n    \t\t\t\t\t<div class=\"grid-x\">\n    \t\t\t\t\t\t<div class=\"cell shrink image-cell\">\n    \t\t\t\t\t\t\t    \t\t\t\t\t\t<\/div>\n    \t\t\t\t\t\t<div class=\"cell auto description text-center\" data-equalizer>\n    \t\t\t\t\t\t\t<h4>S\u00e9lection des m\u00e9thodes d\u2019essai et de l\u2019instrumentation.<\/h4>\n\t\t\t\t    \t\t\t\t\t\t\t    \t\t\t    \t\t\t\t\t\t<\/div>\n    \t\t\t\t\t<\/div>\n\t\t    \t\t<\/div>\n\t    \t\t\t    \t\t\t<div class=\"cell cta\">\n    \t\t\t\t\t<div class=\"grid-x\">\n    \t\t\t\t\t\t<div class=\"cell shrink image-cell\">\n    \t\t\t\t\t\t\t    \t\t\t\t\t\t<\/div>\n    \t\t\t\t\t\t<div class=\"cell auto description text-center\" data-equalizer>\n    \t\t\t\t\t\t\t<h4>\u00c9valuation de la valeur scientifique et m\u00e9dicale de nouveaux tests potentiels, \u00e9valuation de la valeur continue des tests existants, afin d\u2019optimiser la prise en charge des patients et l\u2019utilisation des ressources en soins de sant\u00e9.<\/h4>\n\t\t\t\t    \t\t\t\t\t\t\t    \t\t\t    \t\t\t\t\t\t<\/div>\n    \t\t\t\t\t<\/div>\n\t\t    \t\t<\/div>\n\t    \t\t\t    \t\t\t<div class=\"cell cta\">\n    \t\t\t\t\t<div class=\"grid-x\">\n    \t\t\t\t\t\t<div class=\"cell shrink image-cell\">\n    \t\t\t\t\t\t\t    \t\t\t\t\t\t<\/div>\n    \t\t\t\t\t\t<div class=\"cell auto description text-center\" data-equalizer>\n    \t\t\t\t\t\t\t<h4>Enseignement et recherche<\/h4>\n\t\t\t\t    \t\t\t\t\t\t\t    \t\t\t    \t\t\t\t\t\t<\/div>\n    \t\t\t\t\t<\/div>\n\t\t    \t\t<\/div>\n\t    \t\t\t    \t\t    <\/div>\n\t<\/div><!-- .grid-container -->\n<\/div><!-- .wrapBlock.ctas --><div id=\"advanced-editor-block_02af9d9122c354ccc867ca2f9f54251c\" class=\"wrap-block advanced-editor page_id_111706\">\r\n    <div class=\"grid-container vertical-padding\">\r\n        <div class=\"grid-x\">\r\n            \t\t\t\t\t\r\n                    <div class=\"cell large-12 medium-12 small-12  \" data-column-number=\"1\">\r\n                        <h3><\/h3>\n<h3><strong>Faites partie de notre communaut\u00e9<\/strong><\/h3>\n<p>Joignez-vous au CSCC d\u00e8s maintenant et acc\u00e9dez \u00e0 de nombreux avantages pour les membres, notamment : R\u00e9unions annuelles avec des pr\u00e9sentations des principaux contributeurs, publications et nouvelles, activit\u00e9s scientifiques et groupes d\u2019int\u00e9r\u00eat, \u00e9ducation et d\u00e9veloppement professionnel, repr\u00e9sentation et plaidoyer nationaux et internationaux.<\/p>\n<p>Pour plus d\u2019informations sur le CSCC et pour obtenir des instructions sur la fa\u00e7on d\u2019adh\u00e9rer, veuillez visiter notre page d\u2019adh\u00e9sion ci-dessous.<\/p>\n<p><a class=\"theme-button\" href=\"https:\/\/cscc-sccc.ca\/fr\/joignez-vous-au-ccsc\/\" target=\"_blank\" rel=\"noopener\">JOIGNEZ-VOUS AU CCSC<\/a><\/p>\n                    <\/div>\r\n                        <\/div>\r\n    <\/div><!-- .grid-container -->\r\n<\/div><!-- .wrapBlock.advanced-editor -->","protected":false},"excerpt":{"rendered":"","protected":false},"author":1,"featured_media":0,"parent":111759,"menu_order":0,"comment_status":"closed","ping_status":"closed","template":"","meta":{"_acf_changed":false,"footnotes":""},"class_list":["post-111706","page","type-page","status-publish","hentry"],"acf":[],"_links":{"self":[{"href":"https:\/\/cscc-sccc.ca\/fr\/wp-json\/wp\/v2\/pages\/111706","targetHints":{"allow":["GET"]}}],"collection":[{"href":"https:\/\/cscc-sccc.ca\/fr\/wp-json\/wp\/v2\/pages"}],"about":[{"href":"https:\/\/cscc-sccc.ca\/fr\/wp-json\/wp\/v2\/types\/page"}],"author":[{"embeddable":true,"href":"https:\/\/cscc-sccc.ca\/fr\/wp-json\/wp\/v2\/users\/1"}],"replies":[{"embeddable":true,"href":"https:\/\/cscc-sccc.ca\/fr\/wp-json\/wp\/v2\/comments?post=111706"}],"version-history":[{"count":1,"href":"https:\/\/cscc-sccc.ca\/fr\/wp-json\/wp\/v2\/pages\/111706\/revisions"}],"predecessor-version":[{"id":111707,"href":"https:\/\/cscc-sccc.ca\/fr\/wp-json\/wp\/v2\/pages\/111706\/revisions\/111707"}],"up":[{"embeddable":true,"href":"https:\/\/cscc-sccc.ca\/fr\/wp-json\/wp\/v2\/pages\/111759"}],"wp:attachment":[{"href":"https:\/\/cscc-sccc.ca\/fr\/wp-json\/wp\/v2\/media?parent=111706"}],"curies":[{"name":"wp","href":"https:\/\/api.w.org\/{rel}","templated":true}]}}