{"id":111696,"date":"2023-02-28T16:39:20","date_gmt":"2023-02-28T21:39:20","guid":{"rendered":"https:\/\/cscc-sccc.ca\/joignez-vous-au-ccsc\/"},"modified":"2025-02-05T13:13:54","modified_gmt":"2025-02-05T18:13:54","slug":"joignez-vous-au-ccsc","status":"publish","type":"page","link":"https:\/\/cscc-sccc.ca\/fr\/qui-sommes-nous-2\/joignez-vous-au-ccsc\/","title":{"rendered":"Joignez-vous au CCSC"},"content":{"rendered":"<div id=\"advanced-editor-block_e172107781e00f56c9eeef0513a4cc0e\" class=\"wrap-block advanced-editor page_id_111696\">\r\n    <div class=\"grid-container vertical-padding\">\r\n        <div class=\"grid-x\">\r\n            \t\t\t\t\t\r\n                    <div class=\"cell large-12 medium-12 small-12  \" data-column-number=\"1\">\r\n                        <h1 style=\"text-align: center;\"><strong>Comment devenir membre du CSCC ?<\/strong><\/h1>\n                    <\/div>\r\n                \t\t\t\t\t\r\n                    <div class=\"cell large-12 medium-12 small-12  \" data-column-number=\"2\">\r\n                        <h3><strong>Objectifs du CCSC<\/strong><\/h3>\n<p>L\u2019objectif de la Soci\u00e9t\u00e9 canadienne des chimistes cliniciens est d\u2019\u00e9lever et de maintenir un niveau \u00e9lev\u00e9 de pratique de la biochimie clinique et de promouvoir le statut professionnel des biochimistes cliniques.<\/p>\n<p>\u00ab La biochimie clinique est d\u00e9finie comme l\u2019application de concepts chimiques et biochimiques et des techniques analytiques correspondantes \u00e0 la pr\u00e9vention, \u00e0 la d\u00e9tection, au diagnostic, au traitement et \u00e0 la compr\u00e9hension des maladies. \u00bb<\/p>\n<p>\u00ab Les buts de la Soci\u00e9t\u00e9 et de son territoire d\u2019op\u00e9ration sont les suivants&nbsp;: exploiter, sans gain p\u00e9cuniaire, une soci\u00e9t\u00e9 scientifique et professionnelle pour l\u2019avancement de la pratique de la biochimie clinique, tenir des conf\u00e9rences et des r\u00e9unions scientifiques et \u00e9ducatives, diffuser des informations d\u2019int\u00e9r\u00eat professionnel, encourager le d\u00e9veloppement et l\u2019utilisation de m\u00e9thodes de pratique am\u00e9lior\u00e9es,  le mat\u00e9riel de r\u00e9f\u00e9rence, l\u2019appareil et le contr\u00f4le de la qualit\u00e9, et d\u2019\u00e9tablir une affiliation et\/ou une liaison \u00e9troite avec d\u2019autres soci\u00e9t\u00e9s et groupes dont les programmes peuvent \u00eatre li\u00e9s \u00e0 la chimie clinique et sont dans l\u2019int\u00e9r\u00eat du public.<\/p>\n<p>De plus, par l\u2019entremise de l\u2019Acad\u00e9mie canadienne de biochimie clinique (ci-apr\u00e8s appel\u00e9e l\u2019Acad\u00e9mie), de maintenir et d\u2019am\u00e9liorer les normes de comp\u00e9tence pour la pratique de la biochimie clinique, d\u2019\u00e9laborer et d\u2019\u00e9tendre des programmes de formation postdoctorale et postdoctorale, d\u2019agr\u00e9er les programmes qui r\u00e9pondent \u00e0 ses normes approuv\u00e9es et de certifier la comp\u00e9tence des dipl\u00f4m\u00e9s des programmes de formation.<\/p>\n<p>&#8211; des r\u00e8glements administratifs de la CCSC.<\/p>\n                    <\/div>\r\n                \t\t\t\t\t\r\n                    <div class=\"cell large-6 medium-6 small-12  \" data-column-number=\"3\">\r\n                        <h3><strong>Formulaire de demande d&#8217;adh\u00e9sion<\/strong><\/h3>\n<p><a class=\"theme-button\" href=\"https:\/\/cscc-sccc.ca\/fr\/joignez-vous-au-ccsc\/formulaire-de-demande-dadhesion-au-ccsc\/\">Formulaire de demande d\u2019adh\u00e9sion en ligne \u00e0 la CCSC<\/a><\/p>\n<p><a class=\"theme-button\" href=\"https:\/\/cscc.ca\/images\/Forms\/StudentEligibilityFormFill.pdf\" target=\"_blank\" rel=\"noopener\">Formulaire d\u2019admissibilit\u00e9 des \u00e9tudiants<\/a><\/p>\n<p>* Les \u00e9tudiants doivent envoyer le <a href=\"https:\/\/cscc.ca\/images\/Forms\/StudentEligibilityFormFill.pdf\" target=\"_blank\" rel=\"noopener\">formulaire d\u2019admissibilit\u00e9 des \u00e9tudiants<\/a> d\u00fbment rempli afin d\u2019\u00eatre admissibles au tarif \u00e9tudiant. Celui-ci peut \u00eatre envoy\u00e9 par e-mail \u00e0 <a href=\"mailto:office@cscc.ca\">info@cscc.ca<\/a><\/p>\n<h3><\/h3>\n<h3><strong>Instructions pour faire une demande d\u2019adh\u00e9sion<\/strong><\/h3>\n<p>Votre signature sur le formulaire de demande sera consid\u00e9r\u00e9e comme une confirmation que les titres de comp\u00e9tences \u00e9num\u00e9r\u00e9s sont corrects.<\/p>\n<p><strong>Enceintes:<\/strong> Curriculum vitae<\/p>\n<p><strong>Honoraires:<\/strong> Le paiement doit accompagner le formulaire. Les ch\u00e8ques doivent \u00eatre libell\u00e9s \u00e0 l\u2019ordre de la Soci\u00e9t\u00e9 canadienne des chimistes cliniciens.<\/p>\n<p><strong>D\u00e9lais:<\/strong> Les demandes peuvent \u00eatre soumises en tout temps, celles re\u00e7ues avant le 1er d\u00e9cembre seront examin\u00e9es par le Conseil de la CCSC lors de la r\u00e9union d\u2019hiver du Conseil, ou le 1er mai pour la r\u00e9union d\u2019\u00e9t\u00e9 du Conseil.<\/p>\n<p>&nbsp;<\/p>\n<p>Les frais d\u2019adh\u00e9sion sont assujettis \u00e0 l\u2019imp\u00f4t provincial de votre lieu de r\u00e9sidence.<\/p>\n<table width=\"720\">\n<tbody>\n<tr>\n<td width=\"50%\">Province<\/td>\n<td width=\"15%\">Imp\u00f4ts<\/td>\n<td><\/td>\n<\/tr>\n<tr>\n<td>AB, C.-B., SK., MB<\/td>\n<td>5%<\/td>\n<td>TPS<\/td>\n<\/tr>\n<tr>\n<td>SUR<\/td>\n<td>13%<\/td>\n<td>HST<\/td>\n<\/tr>\n<tr>\n<td>N.-B., T.-N.-L., N.-\u00c9., \u00ce.-P.-\u00c9.<\/td>\n<td>15%<\/td>\n<td>HST<\/td>\n<\/tr>\n<tr>\n<td>QC<\/td>\n<td>14.975%<\/td>\n<td>TPS\/TVQ<\/td>\n<\/tr>\n<tr>\n<td>\u00c0 l\u2019ext\u00e9rieur du Canada<\/td>\n<td>0%<\/td>\n<td>HST<\/td>\n<\/tr>\n<\/tbody>\n<\/table>\n                    <\/div>\r\n                \t\t\t\t\t\r\n                    <div class=\"cell large-6 medium-6 small-12  \" data-column-number=\"4\">\r\n                        <h3><strong>Cat\u00e9gories de membres<\/strong><\/h3>\n<p><strong>Plein<\/strong> tarif (350 $ + taxes applicables)<\/p>\n<ul>\n<li>Une personne qui est dipl\u00f4m\u00e9e d\u2019un programme universitaire approuv\u00e9 par la Soci\u00e9t\u00e9 avec une ma\u00eetrise ou un doctorat ou l\u2019\u00e9quivalent et qui exerce une activit\u00e9 professionnelle en biochimie clinique.<\/li>\n<\/ul>\n<p><strong>Associ\u00e9<\/strong> (180 $ + taxes applicables)<\/p>\n<ul>\n<li>Une personne qui est associ\u00e9e \u00e0 la pratique de la chimie clinique, mais qui n\u2019est pas admissible au statut de membre \u00e0 part enti\u00e8re.<\/li>\n<\/ul>\n<p><strong>Affili\u00e9 <\/strong>(75 $ + taxes applicables)<\/p>\n<ul>\n<li>Une personne qui est un professionnel de la sant\u00e9 de laboratoire qui est titulaire d\u2019une ma\u00eetrise ou d\u2019un doctorat (ou l\u2019\u00e9quivalent) mais qui n\u2019est pas associ\u00e9e principalement \u00e0 la pratique de la biochimie clinique est admissible \u00e0 devenir membre affili\u00e9.<\/li>\n<\/ul>\n<p><strong>\u00c9m\u00e9rite <\/strong>(0 $)<\/p>\n<ul>\n<li>Une personne qui est membre \u00e0 part enti\u00e8re depuis au moins dix (10) ans et qui est retrait\u00e9e d\u2019un emploi \u00e0 temps plein.<\/li>\n<\/ul>\n<p><strong>\u00c9tudiant <\/strong>(55 $ + taxes applicables)<\/p>\n<ul>\n<li>Une personne qui est : a) participe \u00e0 un programme de formation postdoctorale (ou l\u2019\u00e9quivalent) approuv\u00e9 par l\u2019Acad\u00e9mie canadienne de biochimie clinique&nbsp;; b) qui poursuit des \u00e9tudes sup\u00e9rieures \u00e0 mi-temps dans le cadre d\u2019un programme de formation en vue de l\u2019obtention du statut de membre \u00e0 part enti\u00e8re ou d\u2019affili\u00e9. Un <a href=\"https:\/\/cscc.ca\/images\/Forms\/StudentEligibilityFormFill.pdf\" target=\"_blank\" rel=\"noopener\">formulaire d\u2019admissibilit\u00e9 de l\u2019\u00e9tudiant <\/a>doit accompagner la demande d\u2019adh\u00e9sion.<\/li>\n<\/ul>\n                    <\/div>\r\n                \t\t\t\t\t\r\n                    <div class=\"cell large-6 medium-6 small-12  \" data-column-number=\"5\">\r\n                        <h3 style=\"background: white; margin: 0in 0in 7.5pt 0in;\"><strong>Vie priv\u00e9e<\/strong><\/h3>\n<p style=\"background: white; margin: 0in 0in 7.5pt 0in;\">Ces informations sont confidentielles. La CCSC s\u2019engage \u00e0 prot\u00e9ger la vie priv\u00e9e de ses membres. Toutes les donn\u00e9es personnelles identifiables sur les membres sont stock\u00e9es en toute s\u00e9curit\u00e9 et utilis\u00e9es uniquement aux fins pour lesquelles elles nous sont fournies. Vous pouvez choisir de masquer vos informations si vous en faites la demande. Assurez-vous d\u2019indiquer si vous souhaitez que votre nom et vos renseignements figurent dans le r\u00e9pertoire des membres de la CSCC.<\/p>\n                    <\/div>\r\n                \t\t\t\t\t\r\n                    <div class=\"cell large-6 medium-6 small-12  \" data-column-number=\"6\">\r\n                        <h3>Journal de biochimie clinique<\/h3>\n<p>L\u2019abonnement en ligne \u00e0 Clinical Biochemistry Journal sera inclus dans votre cotisation de base. Si vous d\u00e9sirez recevoir une version imprim\u00e9e de la revue, veuillez l\u2019indiquer en remplissant le formulaire de renouvellement, et un co\u00fbt de 50 $ plus taxes sera ajout\u00e9 \u00e0 votre cotisation.<\/p>\n                    <\/div>\r\n                \t\t\t\t\t\r\n                    <div class=\"cell large-12 medium-12 small-12  \" data-column-number=\"7\">\r\n                        <h1 style=\"text-align: center;\"><strong>Avantages de l\u2019adh\u00e9sion au CSCC  <\/strong><\/h1>\n<h3><\/h3>\n<h3><\/h3>\n<h3><strong>Information<\/strong><\/h3>\n<div align=\"left\">\n<dl>\n<dd>Le CCSC tient une r\u00e9union scientifique annuelle, souvent marqu\u00e9e par des symposiums mettant en vedette des chercheurs de premier plan de renomm\u00e9e internationale dans le domaine de la chimie clinique. Les r\u00e9unions annuelles incluent souvent d\u2019autres soci\u00e9t\u00e9s, avec des r\u00e9unions tournantes dans tout le pays dans toutes les grandes villes.<\/p>\n<p>Les prix du CCSC sont d\u00e9cern\u00e9s chaque ann\u00e9e en reconnaissance de r\u00e9alisations exceptionnelles dans plusieurs aspects de la chimie clinique. Des prix reconnaissant les contributions \u00e0 l\u2019\u00e9ducation et \u00e0 la recherche sont d\u00e9cern\u00e9s par la Soci\u00e9t\u00e9 avec l\u2019appui d\u2019entreprises commanditaires.<\/p>\n<p>L\u2019enqu\u00eate sur les salaires du CCSC fournit une ventilation des salaires des membres selon le titre, le lieu de travail et les \u00e9tudes, et fournit des renseignements sur les avantages sociaux et les avantages li\u00e9s \u00e0 l\u2019\u00e9ducation. Ces donn\u00e9es sont utiles aux membres lors des n\u00e9gociations salariales.<\/dd>\n<\/dl>\n<h3><\/h3>\n<h3><strong>Publications\/Communications<\/strong><\/h3>\n<dl>\n<dd>La revue bimestrielle <strong><br \/>\n  <em>Clinical Biochemistry<\/em><br \/>\n<\/strong> et <em><br \/>\n  <strong>le bulletin d\u2019information The CSCC News<\/strong><br \/>\n<\/em> fournissent \u00e0 tous les membres des informations opportunes sur la chimie clinique et des informations sur les activit\u00e9s du CSCC. Les membres sont \u00e9galement inform\u00e9s des nouvelles locales par le biais des bulletins de la section provinciale.<\/p>\n<p>Le r\u00e9pertoire des membres en ligne fournit une r\u00e9f\u00e9rence facile aux chimistes cliniciens de partout au Canada et sert \u00e0 encourager le r\u00e9seautage et l\u2019interaction entre les membres. Les membres peuvent effectuer une recherche dans l\u2019annuaire par nom, province, poste, institution, etc. Les donn\u00e9es sont maintenues \u00e0 jour.<\/dd>\n<dd>La liste de diffusion du CCSC est un outil de communication tr\u00e8s actif qui permet de discuter d\u2019une vari\u00e9t\u00e9 de questions et de demandes des m\u00e9decins qui surviennent quotidiennement dans le cadre du travail d\u2019un chimiste clinicien. Pour vous inscrire (ou pour \u00eatre retir\u00e9 de la liste), veuillez communiquer avec le bureau du CSCC au <a href=\"mailto:info@cscc.ca\">info@cscc.ca<\/a>.<\/dd>\n<\/dl>\n<h3><\/h3>\n<h3><strong>Activit\u00e9 scientifique<\/strong><\/h3>\n<dl>\n<dd>Le CSCC s\u2019int\u00e9resse \u00e0 des questions d\u2019actualit\u00e9 qui touchent la pratique de la chimie clinique et qui impliquent souvent le gouvernement ou les organismes de soins de sant\u00e9. Les activit\u00e9s vont de la publication d\u2019\u00e9nonc\u00e9s de position et de groupes de travail qui englobent des projets du tiers monde \u00e0 des vid\u00e9os \u00e9ducatives. <a href=\"https:\/\/cscc-sccc.ca\/fr\/education-et-affaires-scientifiques\/groupes-dinteret-et-comites\/\">Les groupes d\u2019int\u00e9r\u00eat<\/a> permettent \u00e0 leurs membres de se joindre \u00e0 d\u2019autres personnes qui s\u2019int\u00e9ressent \u00e0 l\u2019avancement d\u2019un domaine sp\u00e9cifique de la connaissance, de l\u2019apprentissage ou de la technologie afin d\u2019influer sur leur domaine particulier ou de produire des solutions dans leur domaine particulier.<\/dd>\n<\/dl>\n<\/div>\n<h3 align=\"left\"><\/h3>\n<h3 align=\"left\"><strong>L&#8217;\u00e9ducation<\/strong><\/h3>\n<div align=\"left\">\n<dl>\n<dd>Le CCSC offre \u00e0 ses membres de nombreuses possibilit\u00e9s de perfectionnement professionnel par l\u2019entremise d\u2019\u00e9v\u00e9nements de sections provinciales, de cours, du congr\u00e8s scientifique annuel et d\u2019un programme de cr\u00e9dits de formation continue.<\/p>\n<p>L\u2019Acad\u00e9mie canadienne de biochimie clinique, cr\u00e9\u00e9e au sein du CSCC en 1986, a pour principales responsabilit\u00e9s la certification, par examen, des candidats qui poss\u00e8dent les qualifications requises&nbsp;; l\u2019accr\u00e9ditation des programmes de formation en biochimie clinique&nbsp;; et la promotion de la recherche.<\/p>\n<p>La conf\u00e9rence itin\u00e9rante du CSCC est parrain\u00e9e conjointement par le CSCC et Bio-Rad. Toutes les sections provinciales et les centres universitaires ont la possibilit\u00e9 de sugg\u00e9rer des personnes et\/ou des sujets \u00e0 consid\u00e9rer, et d\u2019accueillir le conf\u00e9rencier en prenant des dispositions pour financer les co\u00fbts locaux.<\/dd>\n<\/dl>\n<h3><\/h3>\n<h3><strong>Repr\u00e9sentation<\/strong><\/h3>\n<dl>\n<dd>Le CSCC donne \u00e0 la profession une voix de plus en plus forte et efficace aux niveaux national et international. C\u2019est la seule organisation nationale qui s\u2019exprime au nom des chimistes cliniciens et de leurs droits, responsabilit\u00e9s et pr\u00e9occupations.<\/p>\n<p>Des possibilit\u00e9s sont offertes aux membres qui choisissent de s\u2019impliquer dans la gouvernance de la CSCC \u00e0 l\u2019\u00e9chelle provinciale ou nationale. De plus, le CSCC est repr\u00e9sent\u00e9 par des membres au sein d\u2019un certain nombre d\u2019organisations affili\u00e9es telles que la F\u00e9d\u00e9ration internationale de chimie clinique et de m\u00e9decine de laboratoire et le Comit\u00e9 consultatif des laboratoires cliniques (lignes directrices du SIG).<\/dd>\n<\/dl>\n<h3><\/h3>\n<h3><strong>Plaidoyer<\/strong><\/h3>\n<dl>\n<dd>Le CCSC s\u2019attaque \u00e0 des questions g\u00e9n\u00e9rales qui touchent la communaut\u00e9 de la chimie clinique, car ces questions ont une incidence sur les membres de la Soci\u00e9t\u00e9. La r\u00e9glementation des groupes de soins de sant\u00e9 au moyen d\u2019examens l\u00e9gislatifs provinciaux et les recommandations aux organismes gouvernementaux comp\u00e9tents concernant les normes et les lignes directrices minimales en sont deux exemples.<\/dd>\n<\/dl>\n<\/div>\n<h3 align=\"left\"><\/h3>\n<h3 align=\"left\"><strong>Outils d\u2019adh\u00e9sion<\/strong><\/h3>\n<dl>\n<dd>Les membres peuvent se connecter au site Web o\u00f9 se trouvent de nombreux outils utiles tels qu\u2019un r\u00e9pertoire des membres, des sondages, des expos\u00e9s de position, des num\u00e9ros du bulletin d\u2019information et un acc\u00e8s direct \u00e0 la revue <em>de biochimie clinique<\/em> en ligne.<\/dd>\n<\/dl>\n                    <\/div>\r\n                        <\/div>\r\n    <\/div><!-- .grid-container -->\r\n<\/div><!-- .wrapBlock.advanced-editor -->","protected":false},"excerpt":{"rendered":"","protected":false},"author":1,"featured_media":0,"parent":111759,"menu_order":0,"comment_status":"closed","ping_status":"closed","template":"","meta":{"_acf_changed":false,"footnotes":""},"class_list":["post-111696","page","type-page","status-publish","hentry"],"acf":[],"_links":{"self":[{"href":"https:\/\/cscc-sccc.ca\/fr\/wp-json\/wp\/v2\/pages\/111696","targetHints":{"allow":["GET"]}}],"collection":[{"href":"https:\/\/cscc-sccc.ca\/fr\/wp-json\/wp\/v2\/pages"}],"about":[{"href":"https:\/\/cscc-sccc.ca\/fr\/wp-json\/wp\/v2\/types\/page"}],"author":[{"embeddable":true,"href":"https:\/\/cscc-sccc.ca\/fr\/wp-json\/wp\/v2\/users\/1"}],"replies":[{"embeddable":true,"href":"https:\/\/cscc-sccc.ca\/fr\/wp-json\/wp\/v2\/comments?post=111696"}],"version-history":[{"count":3,"href":"https:\/\/cscc-sccc.ca\/fr\/wp-json\/wp\/v2\/pages\/111696\/revisions"}],"predecessor-version":[{"id":126373,"href":"https:\/\/cscc-sccc.ca\/fr\/wp-json\/wp\/v2\/pages\/111696\/revisions\/126373"}],"up":[{"embeddable":true,"href":"https:\/\/cscc-sccc.ca\/fr\/wp-json\/wp\/v2\/pages\/111759"}],"wp:attachment":[{"href":"https:\/\/cscc-sccc.ca\/fr\/wp-json\/wp\/v2\/media?parent=111696"}],"curies":[{"name":"wp","href":"https:\/\/api.w.org\/{rel}","templated":true}]}}