{"id":111692,"date":"2023-02-28T16:43:12","date_gmt":"2023-02-28T21:43:12","guid":{"rendered":"https:\/\/cscc-sccc.ca\/maintien-de-la-competence\/"},"modified":"2024-04-16T16:40:53","modified_gmt":"2024-04-16T20:40:53","slug":"maintien-de-la-competence","status":"publish","type":"page","link":"https:\/\/cscc-sccc.ca\/fr\/academie\/maintien-de-la-competence\/","title":{"rendered":"Maintien de la comp\u00e9tence"},"content":{"rendered":"<div id=\"advanced-editor-block_3e483c431d2e63532179cdb6715c0716\" class=\"wrap-block advanced-editor page_id_111692\">\r\n    <div class=\"grid-container vertical-padding\">\r\n        <div class=\"grid-x\">\r\n            \t\t\t\t\t\r\n                    <div class=\"cell large-12 medium-12 small-12  \" data-column-number=\"1\">\r\n                        <p style=\"text-align: left;\">Le Comit\u00e9 du maintien des comp\u00e9tences supervise le programme de d\u00e9veloppement professionnel continu (PP) con\u00e7u par l\u2019Acad\u00e9mie canadienne de biochimie clinique afin d\u2019encourager et de soutenir les besoins d\u2019apprentissage continu de ses Fellows et d\u2019autres professionnels de la sant\u00e9 qui pratiquent la chimie clinique. Le programme utilise l\u2019accr\u00e9ditation des activit\u00e9s de perfectionnement professionnel continu, \u00e9tablit un programme de perfectionnement professionnel continu pour les cr\u00e9dits de formation continue et effectue des v\u00e9rifications des demandes de cr\u00e9dits de perfectionnement professionnel comme moyen d\u2019atteindre cet objectif.<\/p>\n                    <\/div>\r\n                        <\/div>\r\n    <\/div><!-- .grid-container -->\r\n<\/div><!-- .wrapBlock.advanced-editor --><div id=\"advanced-editor-block_6506ce009494af84b49f2cfeae47247e\" class=\"wrap-block advanced-editor page_id_111692\">\r\n    <div class=\"grid-container vertical-padding\">\r\n        <div class=\"grid-x\">\r\n            \t\t\t\t\t\r\n                    <div class=\"cell large-12 medium-12 small-12  \" data-column-number=\"1\">\r\n                        <h2 style=\"text-align: center;\">Programme de perfectionnement professionnel (PP) du CCCA<\/h2>\n                    <\/div>\r\n                \t\t\t\t\t\r\n                    <div class=\"cell large-6 medium-6 small-12 padding-right padding-droit-petit\" data-column-number=\"2\">\r\n                        <h3><strong>Exigences pour les boursiers<\/strong><\/h3>\n<p>Les boursiers doivent avoir les cr\u00e9dits de perfectionnement professionnel suivants chaque ann\u00e9e :<\/p>\n<ul>\n<li>Un minimum de 25 cr\u00e9dits de PP au total<\/li>\n<li>Un minimum de 15 cr\u00e9dits de PP dans la cat\u00e9gorie 1<\/li>\n<li>10 cr\u00e9dits de PP dans au moins 2 des cat\u00e9gories de 2 \u00e0 8<\/li>\n<\/ul>\n<p>Chaque ann\u00e9e, un certificat de perfectionnement professionnel sera d\u00e9livr\u00e9 aux Fellows qui satisfont \u00e0 ces exigences.<\/p>\n                    <\/div>\r\n                \t\t\t\t\t\r\n                    <div class=\"cell large-6 medium-6 small-12 padding-left padding-gauche-petit\" data-column-number=\"3\">\r\n                        <h3><strong>Liste des <\/strong><strong>Fellows en r\u00e8gle 2023<\/strong><\/h3>\n<p>T\u00e9l\u00e9charger : <a class=\"theme-button\" href=\"https:\/\/cscc-sccc.ca\/wp-content\/uploads\/2023_FellowsGoodStanding.pdf\" target=\"_blank\" rel=\"noopener\">FELLOWS EN R\u00c8GLE 2023<\/a><\/p>\n                    <\/div>\r\n                        <\/div>\r\n    <\/div><!-- .grid-container -->\r\n<\/div><!-- .wrapBlock.advanced-editor --><div id=\"advanced-editor-block_29a22feeba1a01d0d20555701bacad61\" class=\"wrap-block advanced-editor page_id_111692\">\r\n    <div class=\"grid-container vertical-padding\">\r\n        <div class=\"grid-x\">\r\n            \t\t\t\t\t\r\n                    <div class=\"cell large-6 medium-6 small-12 padding-right padding-droit-petit\" data-column-number=\"1\">\r\n                        <h3><strong>Soumission des cr\u00e9dits<\/strong><\/h3>\n<p><strong>La soumission des cr\u00e9dits se fait uniquement en ligne.<\/strong><\/p>\n<ol>\n<li>Pour soumettre, connectez-vous et cliquez sur \u00ab Mon profil \u00bb en haut \u00e0 droite du site Web. Cliquez sur \u00ab Programme de perfectionnement professionnel et entr\u00e9e de cr\u00e9dit \u00bb dans la navigation de votre profil.<br \/>\nVotre dossier personnel s\u2019affichera \u00e0 l\u2019\u00e9cran. Selon votre navigateur Internet, vous devrez peut-\u00eatre faire d\u00e9filer l\u2019\u00e9cran vers le bas pour voir l\u2019enregistrement.<\/li>\n<li>Pour entrer vos cr\u00e9dits, cliquez sur le bouton rouge \u00ab Soumettre de nouveaux cr\u00e9dits \u00bb \u00e0 droite.<\/li>\n<li>La soumission de documents est obligatoire au moment de la soumission des cr\u00e9dits, afin de compl\u00e9ter la demande. Par cons\u00e9quent, vous devriez avoir tous les documents \u00e9lectroniques pr\u00eats \u00e0 \u00eatre t\u00e9l\u00e9charg\u00e9s.<\/li>\n<li>Dans certains cas, des documents suppl\u00e9mentaires peuvent \u00eatre exig\u00e9s pour une v\u00e9rification. Le dossier le plus complet doit \u00eatre soumis afin d\u2019\u00e9viter une documentation insuffisante.<\/li>\n<li>Si vous souhaitez stocker votre documentation sur le site, celle-ci sera conserv\u00e9e pendant 3 ans.<\/li>\n<\/ol>\n                    <\/div>\r\n                \t\t\t\t\t\r\n                    <div class=\"cell large-6 medium-6 small-12 padding-left padding-gauche-petit\" data-column-number=\"2\">\r\n                        <h3><strong>D\u00e9lais<\/strong><\/h3>\n<p>La date limite pour soumettre des cr\u00e9dits pour l\u2019ann\u00e9e est le <strong>31 d\u00e9cembre<\/strong><\/p>\n<p>La plupart des s\u00e9ances de formation du CSCC comprennent un code pour entrer vos cr\u00e9dits, en utilisant la section \u00ab Entr\u00e9e du code CE \u00bb sous Outils d\u2019adh\u00e9sion pour soumettre les cr\u00e9dits. Le code CE pour les cr\u00e9dits de PP expire <strong>60 jours<\/strong> apr\u00e8s la date de la session.<\/p>\n                    <\/div>\r\n                        <\/div>\r\n    <\/div><!-- .grid-container -->\r\n<\/div><!-- .wrapBlock.advanced-editor --><div id=\"advanced-editor-block_2b9e0040cbce0ffac0180e9d61fb2396\" class=\"wrap-block advanced-editor page_id_111692\">\r\n    <div class=\"grid-container vertical-padding\">\r\n        <div class=\"grid-x\">\r\n            \t\t\t\t\t\r\n                    <div class=\"cell large-12 medium-12 small-12  \" data-column-number=\"1\">\r\n                        <h2 style=\"text-align: center;\">CAT\u00c9GORIES DE CR\u00c9DIT ET DOCUMENTS REQUIS<\/h2>\n<table width=\"1209\">\n<thead>\n<tr>\n<td width=\"443\">Cat\u00e9gorie<\/td>\n<td width=\"355\">Exemples<\/td>\n<td width=\"411\">Documentation requise<\/td>\n<\/tr>\n<\/thead>\n<tbody>\n<tr>\n<td width=\"443\">\n<h3><strong>CAT\u00c9GORIE 1<\/strong><strong><br \/>\n<\/strong><\/h3>\n<p><strong>Apprentissage formel en groupe <\/strong><em>sp\u00e9cifiquement li\u00e9 \u00e0 la m\u00e9decine de laboratoire et accr\u00e9dit\u00e9 par le CCCA, le Coll\u00e8ge royal des m\u00e9decins et chirurgiens, ou AACC\/ADLM (ACCENT)<\/em><\/p>\n<p><em>1 cr\u00e9dit \/ heure<\/em><\/td>\n<td width=\"355\">\n<ul>\n<li>Conf\u00e9rence<\/li>\n<li>S\u00e9minaires<\/li>\n<li>Grands Rounds m\u00e9dicaux accr\u00e9dit\u00e9s li\u00e9s \u00e0 la m\u00e9decine de laboratoire<\/li>\n<li>Tables rondes sur l\u2019\u00e9ducation du CCSC<\/li>\n<li>Webinaires de l\u2019AACC<\/li>\n<li>Webinaires de l\u2019IFCC<\/li>\n<\/ul>\n<\/td>\n<td width=\"411\">\n<ul>\n<li>Table ronde sur l\u2019\u00e9ducation du CSCC :\n<ul>\n<li>Code(s) CE(s)<\/li>\n<li>Certificat attestant de la r\u00e9ussite des questions \u00e0 choix multiples apr\u00e8s avoir examin\u00e9 une table ronde archiv\u00e9e sur l\u2019\u00e9ducation de la CCSC<\/li>\n<\/ul>\n<\/li>\n<li>R\u00e9unions du CCSC :\n<ul>\n<li>Code(s) CE(s)<\/li>\n<\/ul>\n<\/li>\n<li>Autres r\u00e9unions (p. ex., AACC\/ADLM, IFCC) :<\/li>\n<li>Attestation de participation indiquant le nombre d\u2019heures et l\u2019organisme d\u2019accr\u00e9ditation\n<ul>\n<li>Inscription et horaire du programme (sign\u00e9 et dat\u00e9 par le participant avec les \u00e9v\u00e9nements auxquels il a particip\u00e9)<\/li>\n<\/ul>\n<\/li>\n<li>En l\u2019absence d\u2019un certificat officiel, la plupart des r\u00e9unions nationales et internationales devraient \u00eatre admissibles si elles pr\u00e9sentent un ou plusieurs des \u00e9l\u00e9ments suivants :\n<ul>\n<li>Accr\u00e9ditation par un organisme reconnu<\/li>\n<li>Pertinent pour la m\u00e9decine de laboratoire et la pratique professionnelle&nbsp;; le contexte n\u2019est ni trop clinique, ni trop fondamental de recherche biom\u00e9dicale (c\u2019est-\u00e0-dire qu\u2019il n\u2019est pas directement applicable \u00e0 la pratique)<\/li>\n<li>Le niveau de contenu s\u2019adresse aux professionnels de laboratoire (scientifiques et m\u00e9decins)<\/li>\n<li>Inscription et programme pr\u00e9cisant les dates et heures, les intervenants, les titres, les objectifs d\u2019apprentissage des sessions<\/li>\n<\/ul>\n<\/li>\n<li>Le comit\u00e9 fera preuve de jugement et pourra demander des pi\u00e8ces justificatives suppl\u00e9mentaires si les documents soumis sont jug\u00e9s inad\u00e9quats<\/li>\n<\/ul>\n<\/td>\n<\/tr>\n<tr>\n<td width=\"443\">\n<h3><strong>CAT\u00c9GORIE 2<br \/>\n<\/strong><\/h3>\n<p><strong>Autres apprentissages formels en groupe <\/strong><em><br \/>\n  <u>non<\/u><br \/>\n<\/em><em> sp\u00e9cifiquement li\u00e9s \u00e0 la m\u00e9decine de laboratoire ou apprentissages formels en groupe li\u00e9s \u00e0 la m\u00e9decine de laboratoire non accr\u00e9dit\u00e9s selon la cat\u00e9gorie 1.<\/em><\/p>\n<p><em>1 cr\u00e9dit \/ heure<\/em><\/td>\n<td width=\"355\">\n<ul>\n<li>Tours<\/li>\n<li>S\u00e9minaires d\u00e9partementaux<\/li>\n<li>Symposiums<\/li>\n<li>\u00c9v\u00e9nements satellites dans le cadre de grandes conf\u00e9rences<\/li>\n<li>Clubs de lecture<\/li>\n<li>Cours<\/li>\n<li>Ateliers parrain\u00e9s par l\u2019industrie<\/li>\n<li>R\u00e9unions r\u00e9gionales de biochimie clinique<\/li>\n<li>Programmes accr\u00e9dit\u00e9s par P.A.C.E.<\/li>\n<\/ul>\n<\/td>\n<td width=\"411\">\n<ul>\n<li>Certificat de participation<\/li>\n<li>Annonce de la r\u00e9union (sign\u00e9e et dat\u00e9e par le participant)<\/li>\n<li>Proc\u00e8s-verbal de r\u00e9union indiquant la pr\u00e9sence<\/li>\n<\/ul>\n<\/td>\n<\/tr>\n<tr>\n<td width=\"443\">\n<h3><strong>CAT\u00c9GORIE 3<br \/>\n<\/strong><\/h3>\n<p><strong>Apprentissage autodirig\u00e9<\/strong><\/p>\n<p><em>1 cr\u00e9dit \/ heure<\/em><\/td>\n<td width=\"355\">\n<ul>\n<li>Lecture d\u2019un journal ou d\u2019un manuel<\/li>\n<li>Affichage des pr\u00e9sentations en ligne<\/li>\n<li>Modules d\u2019auto-\u00e9valuation (p. ex., ASCP)<\/li>\n<li>Tables rondes archiv\u00e9es sur l\u2019\u00e9ducation du CSCC<\/li>\n<li>Programmes P.A.C.E. archiv\u00e9s<\/li>\n<li><strong>Engager:<\/strong>\n<ul>\n<li>Recherches documentaires<\/li>\n<li>Groupes de discussion par e-mail<\/li>\n<\/ul>\n<\/li>\n<\/ul>\n<\/td>\n<td width=\"411\">\n<ul>\n<li>Date et heure du s\u00e9jour<\/li>\n<li>\u00c9num\u00e9rer les titres et les r\u00e9f\u00e9rences des articles de revues<\/li>\n<li>R\u00e9pertorier les pr\u00e9sentations en ligne consult\u00e9es<\/li>\n<\/ul>\n<\/td>\n<\/tr>\n<tr>\n<td width=\"443\">\n<h3><strong>CAT\u00c9GORIE 4<\/strong><\/h3>\n<p>(inactif)<\/td>\n<td width=\"355\"><\/td>\n<td width=\"411\"><\/td>\n<\/tr>\n<tr>\n<td width=\"443\">\n<h3><strong>CAT\u00c9GORIE 5<br \/>\n<\/strong><\/h3>\n<p><strong>Apprentissage associ\u00e9 au service<\/strong><\/p>\n<p><em>1 cr\u00e9dit \/ 3 heures<\/em><br \/>\n(Max. 5 cr\u00e9dits par article)<\/td>\n<td width=\"355\">\n<ul>\n<li>Appartenance \u00e0 un conseil d\u2019administration, \u00e0 un conseil ou \u00e0 un comit\u00e9 d\u2019une association scientifique, d\u2019un h\u00f4pital ou d\u2019un d\u00e9partement hospitalier<\/li>\n<li>Examinateur d\u2019un organisme de certification ou d\u2019accr\u00e9ditation reconnu<\/li>\n<li>Examinateur de revue ou membre du comit\u00e9 de r\u00e9daction<\/li>\n<\/ul>\n<\/td>\n<td width=\"411\">\n<ul>\n<li>Lettre\/e-mail d\u2019accus\u00e9 de r\u00e9ception ou d\u2019invitation \u00e0 se joindre \u00e0 l\u2019\u00e9quipe<\/li>\n<li>Date et heure du s\u00e9jour<\/li>\n<li>Proc\u00e8s-verbal de r\u00e9union indiquant la pr\u00e9sence<\/li>\n<\/ul>\n<\/td>\n<\/tr>\n<tr>\n<td width=\"443\">\n<h3><strong>CAT\u00c9GORIE 6  <\/strong><strong><br \/>\n<\/strong><\/h3>\n<p><strong>Enseignement en m\u00e9decine de laboratoire<\/strong><\/p>\n<p><em>2 cr\u00e9dits \/ heure<\/em><\/td>\n<td width=\"355\">\n<ul>\n<li>Enseignement aux \u00e9tudiants de niveau universitaire\/coll\u00e9gial<\/li>\n<li>Enseignement de groupe formel pour les technologues de laboratoire<\/li>\n<li>Formation \u00e0 la s\u00e9curit\u00e9 sur le lieu de travail<\/li>\n<\/ul>\n<\/td>\n<td width=\"411\">\n<ul>\n<li>Date et heure du s\u00e9jour<\/li>\n<li>Horaire des cours, y compris le nom du participant et le titre des conf\u00e9rences<\/li>\n<li>Lettre\/courriel d\u2019accus\u00e9 de r\u00e9ception de l\u2019organisateur du cours<\/li>\n<\/ul>\n<\/td>\n<\/tr>\n<tr>\n<td width=\"443\">\n<h3><strong>CAT\u00c9GORIE 7<br \/>\n<\/strong><\/h3>\n<p><strong>Changement de pratique<\/strong><\/p>\n<p><em>1 cr\u00e9dit \/ heure<\/em><br \/>\n(Max. 5 cr\u00e9dits par soumission)<\/td>\n<td width=\"355\">\n<ul>\n<li>Temps consacr\u00e9 \u00e0 l\u2019\u00e9laboration d\u2019un nouveau processus, p. ex.,\n<ul>\n<li>Nouveau test de laboratoire<\/li>\n<li>Format de rapport r\u00e9vis\u00e9<\/li>\n<li>Mise \u00e0 jour du programme d\u2019enseignement<\/li>\n<\/ul>\n<\/li>\n<li><em>Remarque : Le temps consacr\u00e9 \u00e0 la mise en \u0153uvre du processus <u>n\u2019est pas<\/u> admissible, car il serait consid\u00e9r\u00e9 comme faisant partie des t\u00e2ches habituelles d\u2019un biochimiste. Cela comprend la formation du personnel, la diffusion de l\u2019information et l\u2019administration.<\/em><\/li>\n<\/ul>\n<\/td>\n<td width=\"411\">\n<ul>\n<li>Description du stimulus et des activit\u00e9s d\u2019apprentissage<\/li>\n<li>Description des r\u00e9sultats du processus<\/li>\n<li>Liste des principales r\u00e9f\u00e9rences<\/li>\n<\/ul>\n<\/td>\n<\/tr>\n<tr>\n<td width=\"443\">\n<h3><strong>CAT\u00c9GORIE 8<br \/>\n<\/strong><\/h3>\n<p><strong>Publications et pr\u00e9sentations<\/strong><\/p>\n<p><em>5 cr\u00e9dits \/ soumission<\/em><\/td>\n<td width=\"355\">\n<ul>\n<li>Articles publi\u00e9s dans des revues scientifiques<\/li>\n<li>Affiches ou pr\u00e9sentations orales<\/li>\n<li>Soumissions \u00e0 des publications indirectement li\u00e9es \u00e0 la m\u00e9decine de laboratoire, p. ex., bulletins d\u2019information d\u2019h\u00f4pitaux<\/li>\n<\/ul>\n<\/td>\n<td width=\"411\">\n<ul>\n<li>Copie du r\u00e9sum\u00e9\/titre du programme de la r\u00e9union<\/li>\n<li>Copie de la premi\u00e8re page de l\u2019article<\/li>\n<\/ul>\n<\/td>\n<\/tr>\n<tr>\n<td width=\"443\">\n<h3><strong>CAT\u00c9GORIE 9<br \/>\n<\/strong><\/h3>\n<p><strong>Fellows du Coll\u00e8ge royal des m\u00e9decins et chirurgiens seulement<\/strong><\/p>\n<p><em>50 cr\u00e9dits \/ an (fixe)<\/em><\/td>\n<td colspan=\"2\">Les m\u00e9decins titulaires d\u2019un certificat de cr\u00e9dits du Coll\u00e8ge royal des m\u00e9decins et chirurgiens du Canada qui souhaitent utiliser ce certificat pour servir \u00e0 la fois le CRMCC et le CCCA peuvent utiliser cette cat\u00e9gorie. Si la cat\u00e9gorie 9 est utilis\u00e9e pour soumettre des cr\u00e9dits, les cr\u00e9dits <u>ne doivent pas<\/u> \u00eatre inscrits dans une autre cat\u00e9gorie. Une soumission de cat\u00e9gorie 9 \u00e9quivaut \u00e0 50 cr\u00e9dits (fixe). Le certificat annuel du CRMCC est votre pi\u00e8ce justificative. Une seule soumission peut \u00eatre faite chaque ann\u00e9e.<\/td>\n<\/tr>\n<\/tbody>\n<\/table>\n                    <\/div>\r\n                        <\/div>\r\n    <\/div><!-- .grid-container -->\r\n<\/div><!-- .wrapBlock.advanced-editor -->","protected":false},"excerpt":{"rendered":"","protected":false},"author":1,"featured_media":0,"parent":111736,"menu_order":0,"comment_status":"closed","ping_status":"closed","template":"","meta":{"_acf_changed":false,"footnotes":""},"class_list":["post-111692","page","type-page","status-publish","hentry"],"acf":[],"_links":{"self":[{"href":"https:\/\/cscc-sccc.ca\/fr\/wp-json\/wp\/v2\/pages\/111692","targetHints":{"allow":["GET"]}}],"collection":[{"href":"https:\/\/cscc-sccc.ca\/fr\/wp-json\/wp\/v2\/pages"}],"about":[{"href":"https:\/\/cscc-sccc.ca\/fr\/wp-json\/wp\/v2\/types\/page"}],"author":[{"embeddable":true,"href":"https:\/\/cscc-sccc.ca\/fr\/wp-json\/wp\/v2\/users\/1"}],"replies":[{"embeddable":true,"href":"https:\/\/cscc-sccc.ca\/fr\/wp-json\/wp\/v2\/comments?post=111692"}],"version-history":[{"count":1,"href":"https:\/\/cscc-sccc.ca\/fr\/wp-json\/wp\/v2\/pages\/111692\/revisions"}],"predecessor-version":[{"id":111694,"href":"https:\/\/cscc-sccc.ca\/fr\/wp-json\/wp\/v2\/pages\/111692\/revisions\/111694"}],"up":[{"embeddable":true,"href":"https:\/\/cscc-sccc.ca\/fr\/wp-json\/wp\/v2\/pages\/111736"}],"wp:attachment":[{"href":"https:\/\/cscc-sccc.ca\/fr\/wp-json\/wp\/v2\/media?parent=111692"}],"curies":[{"name":"wp","href":"https:\/\/api.w.org\/{rel}","templated":true}]}}