{"id":111691,"date":"2023-02-03T10:53:21","date_gmt":"2023-02-03T15:53:21","guid":{"rendered":"https:\/\/cscc-sccc.ca\/ontario-oscc\/"},"modified":"2024-04-16T16:40:52","modified_gmt":"2024-04-16T20:40:52","slug":"ontario-oscc","status":"publish","type":"page","link":"https:\/\/cscc-sccc.ca\/fr\/sections-provinciales\/ontario-oscc\/","title":{"rendered":"Ontario (OSCC)"},"content":{"rendered":"<div id=\"advanced-editor-block_97c4114852d44afe49f622f0bf0e943e\" class=\"wrap-block advanced-editor page_id_111691\">\r\n    <div class=\"grid-container vertical-padding\">\r\n        <div class=\"grid-x\">\r\n            \t\t\t\t\t\r\n                    <div class=\"cell large-12 medium-12 small-12  \" data-column-number=\"1\">\r\n                        <h1 style=\"text-align: center;\"><strong>Message du pr\u00e9sident de l\u2019OSCC<\/strong><\/h1>\n<p>&nbsp;<\/p>\n<table>\n<tbody>\n<tr>\n<td width=\"70%\">Alors que je reviens au Conseil de l\u2019OSCC, c\u2019est avec honneur et humilit\u00e9 que j\u2019accepte le r\u00f4le de pr\u00e9sident de l\u2019OSCC. J\u2019ai h\u00e2te de travailler en collaboration avec le Conseil de l\u2019OSCC pour r\u00e9pondre aux besoins de nos membres au cours de mon mandat.<\/p>\n<p>Tout d\u2019abord, j\u2019aimerais exprimer ma sinc\u00e8re gratitude \u00e0 la Dre Dana Bailey, notre ancienne pr\u00e9sidente, pour son leadership exceptionnel au cours des deux derni\u00e8res ann\u00e9es. Sous la direction de Dana, l\u2019OSCC a \u00e9t\u00e9 t\u00e9moin du retour r\u00e9ussi des assembl\u00e9es annuelles en personne \u00e0 Toronto (2022) et \u00e0 Kitchner (2023). Dana et le Conseil ont \u00e9galement revitalis\u00e9 les \u00e9nonc\u00e9s de mission, de vision et de valeurs de la CSAO afin de mieux refl\u00e9ter notre soci\u00e9t\u00e9. Merci aux membres sortants du conseil et \u00e0 Dana pour leur d\u00e9vouement et l\u2019avancement de la soci\u00e9t\u00e9 pendant leur mandat. De plus, je souhaite la bienvenue aux nouveaux membres de notre conseil, les Drs. Curtis Oleschuk, Cristiana Stefan et Ivan Stevic.<\/p>\n<p>Pour ce qui est de l\u2019avenir, l\u2019OSCC s\u2019engage \u00e0 organiser une assembl\u00e9e annuelle en personne \u00e0 l\u2019automne et \u00e0 explorer d\u2019autres possibilit\u00e9s de formation pour les membres au printemps. Nous continuerons d\u2019am\u00e9liorer le site Web de l\u2019OSCC afin de permettre aux membres de mieux trouver des renseignements pr\u00e9cieux. Enfin, nous aspirons \u00e0 renforcer nos relations avec l\u2019OMA et d\u2019autres scientifiques de laboratoire clinique alors que nous poursuivons notre parcours pour devenir des professionnels de la sant\u00e9 r\u00e9glement\u00e9s.<\/p>\n<p>En terminant, j\u2019encourage tous nos membres \u00e0 s\u2019engager activement aupr\u00e8s du conseil de l\u2019OSCC tout au long de l\u2019ann\u00e9e 2024 en partageant leurs id\u00e9es et leurs suggestions.<\/p>\n<p>Nous souhaitons \u00e0 tous une ann\u00e9e 2024 heureuse, saine et productive.<\/p>\n<p>Sinc\u00e8rement<\/p>\n<p>Michael Knauer, Ph. D., FCACB<br \/>\nPr\u00e9sident de l\u2019OSCC 2024-2026<\/p>\n<p>&nbsp;<\/td>\n<td width=\"30%\"><img loading=\"lazy\" decoding=\"async\" class=\"alignnone wp-image-82417 size-full\" src=\"https:\/\/cscc-sccc.ca\/wp-content\/uploads\/Michael-Knauer3.jpg\" alt=\"Micha\u00ebl Knauer3\" width=\"195\" height=\"200\"><\/td>\n<\/tr>\n<\/tbody>\n<\/table>\n                    <\/div>\r\n                \t\t\t\t\t\r\n                    <div class=\"cell large-12 medium-12 small-12  \" data-column-number=\"2\">\r\n                        <p class=\"zw-paragraph\" data-linerule=\"auto\" data-line-height=\"1.0791666666666666\" data-margin-bottom=\"8.0pt\" data-doc-id=\"2827032000003456001\" data-doc-type=\"writer\">\n<p class=\"zw-paragraph\" data-linerule=\"auto\" data-line-height=\"1.0791666666666666\" data-margin-bottom=\"8.0pt\">\n<p class=\"zw-paragraph\" data-linerule=\"auto\" data-line-height=\"1.0791666666666666\" data-margin-bottom=\"8.0pt\"><span class=\"EOP\"> <\/span><\/p>\n                    <\/div>\r\n                \t\t\t\t\t\r\n                    <div class=\"cell large-12 medium-12 small-12 padding-lrbt \" data-column-number=\"3\">\r\n                        <h3 style=\"text-align: center;\"><strong><img loading=\"lazy\" decoding=\"async\" class=\"aligncenter wp-image-3595 size-full\" src=\"https:\/\/cscc-sccc.ca\/wp-content\/uploads\/OSCC-Mission-Vision-Values.png\" alt=\"Valeurs de la vision de la mission de l\u2019OSCC\" width=\"621\" height=\"783\" srcset=\"https:\/\/cscc-sccc.ca\/wp-content\/uploads\/OSCC-Mission-Vision-Values.png 621w, https:\/\/cscc-sccc.ca\/wp-content\/uploads\/OSCC-Mission-Vision-Values-397x500.png 397w\" sizes=\"auto, (max-width: 621px) 85vw, 621px\" \/><\/strong><\/h3>\n                    <\/div>\r\n                        <\/div>\r\n    <\/div><!-- .grid-container -->\r\n<\/div><!-- .wrapBlock.advanced-editor -->","protected":false},"excerpt":{"rendered":"","protected":false},"author":1,"featured_media":0,"parent":111731,"menu_order":0,"comment_status":"closed","ping_status":"closed","template":"","meta":{"_acf_changed":false,"footnotes":""},"class_list":["post-111691","page","type-page","status-publish","hentry"],"acf":[],"_links":{"self":[{"href":"https:\/\/cscc-sccc.ca\/fr\/wp-json\/wp\/v2\/pages\/111691","targetHints":{"allow":["GET"]}}],"collection":[{"href":"https:\/\/cscc-sccc.ca\/fr\/wp-json\/wp\/v2\/pages"}],"about":[{"href":"https:\/\/cscc-sccc.ca\/fr\/wp-json\/wp\/v2\/types\/page"}],"author":[{"embeddable":true,"href":"https:\/\/cscc-sccc.ca\/fr\/wp-json\/wp\/v2\/users\/1"}],"replies":[{"embeddable":true,"href":"https:\/\/cscc-sccc.ca\/fr\/wp-json\/wp\/v2\/comments?post=111691"}],"version-history":[{"count":1,"href":"https:\/\/cscc-sccc.ca\/fr\/wp-json\/wp\/v2\/pages\/111691\/revisions"}],"predecessor-version":[{"id":111693,"href":"https:\/\/cscc-sccc.ca\/fr\/wp-json\/wp\/v2\/pages\/111691\/revisions\/111693"}],"up":[{"embeddable":true,"href":"https:\/\/cscc-sccc.ca\/fr\/wp-json\/wp\/v2\/pages\/111731"}],"wp:attachment":[{"href":"https:\/\/cscc-sccc.ca\/fr\/wp-json\/wp\/v2\/media?parent=111691"}],"curies":[{"name":"wp","href":"https:\/\/api.w.org\/{rel}","templated":true}]}}