{"id":111690,"date":"2023-02-28T14:49:07","date_gmt":"2023-02-28T19:49:07","guid":{"rendered":"https:\/\/cscc-sccc.ca\/education-et-affaires-scientifiques\/"},"modified":"2024-04-16T16:35:35","modified_gmt":"2024-04-16T20:35:35","slug":"education-et-affaires-scientifiques","status":"publish","type":"page","link":"https:\/\/cscc-sccc.ca\/fr\/education-et-affaires-scientifiques\/","title":{"rendered":"\u00c9ducation et affaires scientifiques"},"content":{"rendered":"<div id=\"advanced-editor-block_3a53e32488cd22f11b9e436ffb72fa5e\" class=\"wrap-block advanced-editor page_id_111690\">\r\n    <div class=\"grid-container vertical-padding\">\r\n        <div class=\"grid-x\">\r\n            \t\t\t\t\t\r\n                    <div class=\"cell large-12 medium-12 small-12  \" data-column-number=\"1\">\r\n                        <p>La Division de l\u2019\u00e9ducation et des affaires scientifiques supervise tous les aspects des activit\u00e9s d\u2019enseignement et de recherche du CSCC, y compris la formation continue, les r\u00e9unions scientifiques et les activit\u00e9s de qualit\u00e9.<\/p>\n                    <\/div>\r\n                        <\/div>\r\n    <\/div><!-- .grid-container -->\r\n<\/div><!-- .wrapBlock.advanced-editor --><div id=\"ctas-block_24d4d94e350cf66e8ff5c439f48b1b85\" class=\"wrap-block ctas vertical-padding\">\n\t<div class=\"grid-container\">\n\t\t\t\t<div class=\"grid-x\">\n\t        <div class=\"cell large-12 medium-12 small-12 ctas-title text-center\">\n        \t\t<h2>En savoir plus sur les ressources \u00e9ducatives disponibles<\/h2>\n            \t\t        <\/div>\n\t    <\/div>\n\t\t\t    <div class=\"grid-x grid-margin-x large-up-2 medium-up-2 small-up-1\">\n\t    \t\t    \t\t\t<div class=\"cell cta\">\n    \t\t\t\t\t<div class=\"grid-x\">\n    \t\t\t\t\t\t<div class=\"cell shrink image-cell\">\n    \t\t\t\t\t\t\t    \t\t\t\t\t\t<\/div>\n    \t\t\t\t\t\t<div class=\"cell auto description text-center\" data-equalizer>\n    \t\t\t\t\t\t\t<h4>Journal de biochimie clinique<\/h4>\n\t\t\t\t    \t\t\t<p data-equalizer-watch>Le journal officiel du CSCC<\/p>\t\t\t\t    \t\t\t<a href=\"https:\/\/cscc-sccc.ca\/fr\/education-scientific-affairs\/clinical-biochemistry-journal\/\" target=\"_self\" class=\"read-more\">Lire la suite<\/a>    \t\t\t\t\t\t<\/div>\n    \t\t\t\t\t<\/div>\n\t\t    \t\t<\/div>\n\t    \t\t\t    \t\t\t<div class=\"cell cta\">\n    \t\t\t\t\t<div class=\"grid-x\">\n    \t\t\t\t\t\t<div class=\"cell shrink image-cell\">\n    \t\t\t\t\t\t\t    \t\t\t\t\t\t<\/div>\n    \t\t\t\t\t\t<div class=\"cell auto description text-center\" data-equalizer>\n    \t\t\t\t\t\t\t<h4>Le podcast du rapport de laboratoire<\/h4>\n\t\t\t\t    \t\t\t<p data-equalizer-watch>Une collection d\u2019histoires, d\u2019interviews et de discussions pour donner un aper\u00e7u de ce qui se passe derri\u00e8re chaque r\u00e9sultat de laboratoire.<\/p>\t\t\t\t    \t\t\t<a href=\"https:\/\/cscc-sccc.ca\/fr\/education-scientific-affairs\/the-lab-report-podcast\/\" target=\"_self\" class=\"read-more\">Lire la suite<\/a>    \t\t\t\t\t\t<\/div>\n    \t\t\t\t\t<\/div>\n\t\t    \t\t<\/div>\n\t    \t\t\t    \t\t\t<div class=\"cell cta\">\n    \t\t\t\t\t<div class=\"grid-x\">\n    \t\t\t\t\t\t<div class=\"cell shrink image-cell\">\n    \t\t\t\t\t\t\t    \t\t\t\t\t\t<\/div>\n    \t\t\t\t\t\t<div class=\"cell auto description text-center\" data-equalizer>\n    \t\t\t\t\t\t\t<h4>Biblioth\u00e8que et ressources<\/h4>\n\t\t\t\t    \t\t\t<p data-equalizer-watch>Une collection de ressources en ligne<\/p>\t\t\t\t    \t\t\t<a href=\"https:\/\/cscc-sccc.ca\/fr\/education-scientific-affairs\/library-other-resources\/\" target=\"_self\" class=\"read-more\">Lire la suite<\/a>    \t\t\t\t\t\t<\/div>\n    \t\t\t\t\t<\/div>\n\t\t    \t\t<\/div>\n\t    \t\t\t    \t\t\t<div class=\"cell cta\">\n    \t\t\t\t\t<div class=\"grid-x\">\n    \t\t\t\t\t\t<div class=\"cell shrink image-cell\">\n    \t\t\t\t\t\t\t    \t\t\t\t\t\t<\/div>\n    \t\t\t\t\t\t<div class=\"cell auto description text-center\" data-equalizer>\n    \t\t\t\t\t\t\t<h4>Cours en ligne sur le leadership en gestion de la qualit\u00e9<\/h4>\n\t\t\t\t    \t\t\t<p data-equalizer-watch>Apprenez-en davantage sur la fa\u00e7on d\u2019assurer un leadership et une supervision comp\u00e9tents du syst\u00e8me de gestion de la qualit\u00e9 en laboratoire gr\u00e2ce \u00e0 ce programme de certificat.<\/p>\t\t\t\t    \t\t\t<a href=\"https:\/\/cscc-sccc.ca\/fr\/education-scientific-affairs\/leadership-in-quality-management-course\/\" target=\"_self\" class=\"read-more\">Lire la suite<\/a>    \t\t\t\t\t\t<\/div>\n    \t\t\t\t\t<\/div>\n\t\t    \t\t<\/div>\n\t    \t\t\t    \t\t\t<div class=\"cell cta\">\n    \t\t\t\t\t<div class=\"grid-x\">\n    \t\t\t\t\t\t<div class=\"cell shrink image-cell\">\n    \t\t\t\t\t\t\t    \t\t\t\t\t\t<\/div>\n    \t\t\t\t\t\t<div class=\"cell auto description text-center\" data-equalizer>\n    \t\t\t\t\t\t\t<h4>La liste de diffusion du CSCC<\/h4>\n\t\t\t\t    \t\t\t<p data-equalizer-watch>Un forum \u00e9ducatif pour participer \u00e0 des discussions sur la biochimie clinique<\/p>\t\t\t\t    \t\t\t<a href=\"https:\/\/cscc-sccc.ca\/fr\/education-scientific-affairs\/join-cscc-listserv\/\" target=\"_self\" class=\"read-more\">Lire la suite<\/a>    \t\t\t\t\t\t<\/div>\n    \t\t\t\t\t<\/div>\n\t\t    \t\t<\/div>\n\t    \t\t\t    \t\t\t<div class=\"cell cta\">\n    \t\t\t\t\t<div class=\"grid-x\">\n    \t\t\t\t\t\t<div class=\"cell shrink image-cell\">\n    \t\t\t\t\t\t\t    \t\t\t\t\t\t<\/div>\n    \t\t\t\t\t\t<div class=\"cell auto description text-center\" data-equalizer>\n    \t\t\t\t\t\t\t<h4>L\u2019outil d\u2019\u00e9tude CliCK<\/h4>\n\t\t\t\t    \t\t\t<p data-equalizer-watch>Une collection de jeux de cartes m\u00e9moire sur des sujets de m\u00e9decine de laboratoire et de biochimie clinique<\/p>\t\t\t\t    \t\t\t<a href=\"https:\/\/cscc-sccc.ca\/fr\/education-scientific-affairs\/cscc-practice-guidelines-position-statements-reports\/click-study-tool\/\" target=\"_self\" class=\"read-more\">Lire la suite<\/a>    \t\t\t\t\t\t<\/div>\n    \t\t\t\t\t<\/div>\n\t\t    \t\t<\/div>\n\t    \t\t\t    \t\t\t<div class=\"cell cta\">\n    \t\t\t\t\t<div class=\"grid-x\">\n    \t\t\t\t\t\t<div class=\"cell shrink image-cell\">\n    \t\t\t\t\t\t\t    \t\t\t\t\t\t<\/div>\n    \t\t\t\t\t\t<div class=\"cell auto description text-center\" data-equalizer>\n    \t\t\t\t\t\t\t<h4>Groupes d\u2019int\u00e9r\u00eat, groupes de travail et comit\u00e9s<\/h4>\n\t\t\t\t    \t\t\t<p data-equalizer-watch>Une communaut\u00e9 qui s\u2019int\u00e9resse \u00e0 l\u2019avancement d\u2019un domaine particulier<\/p>\t\t\t\t    \t\t\t<a href=\"https:\/\/cscc-sccc.ca\/fr\/education-scientific-affairs\/interest-groups-committees\/\" target=\"_self\" class=\"read-more\">Lire la suite<\/a>    \t\t\t\t\t\t<\/div>\n    \t\t\t\t\t<\/div>\n\t\t    \t\t<\/div>\n\t    \t\t\t    \t\t\t<div class=\"cell cta\">\n    \t\t\t\t\t<div class=\"grid-x\">\n    \t\t\t\t\t\t<div class=\"cell shrink image-cell\">\n    \t\t\t\t\t\t\t    \t\t\t\t\t\t<\/div>\n    \t\t\t\t\t\t<div class=\"cell auto description text-center\" data-equalizer>\n    \t\t\t\t\t\t\t<h4>Lignes directrices, \u00e9nonc\u00e9s de position et rapports du CCSC<\/h4>\n\t\t\t\t    \t\t\t<p data-equalizer-watch>Une collection de ressources pour la pratique<\/p>\t\t\t\t    \t\t\t<a href=\"https:\/\/cscc-sccc.ca\/fr\/education-scientific-affairs\/cscc-practice-guidelines-position-statements-reports\/\" target=\"_self\" class=\"read-more\">Lire la suite<\/a>    \t\t\t\t\t\t<\/div>\n    \t\t\t\t\t<\/div>\n\t\t    \t\t<\/div>\n\t    \t\t\t    \t\t    <\/div>\n\t<\/div><!-- .grid-container -->\n<\/div><!-- .wrapBlock.ctas -->","protected":false},"excerpt":{"rendered":"","protected":false},"author":1,"featured_media":0,"parent":0,"menu_order":0,"comment_status":"closed","ping_status":"closed","template":"","meta":{"_acf_changed":false,"footnotes":""},"class_list":["post-111690","page","type-page","status-publish","hentry"],"acf":[],"_links":{"self":[{"href":"https:\/\/cscc-sccc.ca\/fr\/wp-json\/wp\/v2\/pages\/111690","targetHints":{"allow":["GET"]}}],"collection":[{"href":"https:\/\/cscc-sccc.ca\/fr\/wp-json\/wp\/v2\/pages"}],"about":[{"href":"https:\/\/cscc-sccc.ca\/fr\/wp-json\/wp\/v2\/types\/page"}],"author":[{"embeddable":true,"href":"https:\/\/cscc-sccc.ca\/fr\/wp-json\/wp\/v2\/users\/1"}],"replies":[{"embeddable":true,"href":"https:\/\/cscc-sccc.ca\/fr\/wp-json\/wp\/v2\/comments?post=111690"}],"version-history":[{"count":1,"href":"https:\/\/cscc-sccc.ca\/fr\/wp-json\/wp\/v2\/pages\/111690\/revisions"}],"predecessor-version":[{"id":111695,"href":"https:\/\/cscc-sccc.ca\/fr\/wp-json\/wp\/v2\/pages\/111690\/revisions\/111695"}],"wp:attachment":[{"href":"https:\/\/cscc-sccc.ca\/fr\/wp-json\/wp\/v2\/media?parent=111690"}],"curies":[{"name":"wp","href":"https:\/\/api.w.org\/{rel}","templated":true}]}}