{"id":111688,"date":"2023-03-01T09:07:12","date_gmt":"2023-03-01T14:07:12","guid":{"rendered":"https:\/\/cscc-sccc.ca\/lignes-directrices-enonces-de-position-et-rapports-du-ccsc\/"},"modified":"2024-04-16T16:35:32","modified_gmt":"2024-04-16T20:35:32","slug":"lignes-directrices-enonces-de-position-et-rapports-du-ccsc","status":"publish","type":"page","link":"https:\/\/cscc-sccc.ca\/fr\/education-et-affaires-scientifiques\/lignes-directrices-enonces-de-position-et-rapports-du-ccsc\/","title":{"rendered":"Lignes directrices, \u00e9nonc\u00e9s de position et rapports du CCSC"},"content":{"rendered":"<div id=\"advanced-editor-block_1c20460678b857526903328cb8facd5c\" class=\"wrap-block advanced-editor page_id_111688\">\r\n    <div class=\"grid-container vertical-padding\">\r\n        <div class=\"grid-x\">\r\n            \t\t\t\t\t\r\n                    <div class=\"cell large-12 medium-12 small-12 align-self-milieu padding-tlrb \" data-column-number=\"1\">\r\n                        <h3><\/h3>\n<h3><strong>Lignes directrices, \u00e9nonc\u00e9s de position et recommandations du CCSC<\/strong><\/h3>\n<table width=\"100%\">\n<tbody>\n<tr>\n<td width=\"42%\"><strong>Titre<\/strong><\/td>\n<td width=\"15%\"><strong>Publication Date<\/strong><\/td>\n<td width=\"20%\"><strong>Groupe d\u2019int\u00e9r\u00eat et comit\u00e9<\/strong><\/td>\n<td width=\"21%\"><strong>Copyright<\/strong><\/td>\n<\/tr>\n<tr>\n<td><a href=\"https:\/\/www.degruyter.com\/document\/doi\/10.1515\/cclm-2023-0147\/html\" target=\"_blank\" rel=\"noopener\">\u00c9tablissement d\u2019indicateurs de qualit\u00e9 pour les tests de glyc\u00e9mie au point de service : recommandations de la Soci\u00e9t\u00e9 canadienne des chimistes cliniciens Tests au point de service et indicateurs de qualit\u00e9 Groupes d\u2019int\u00e9r\u00eats sp\u00e9ciaux<\/a><\/td>\n<td>Avril 2023<\/td>\n<td>POCT et indicateurs de qualit\u00e9 SIG<\/td>\n<td><em>Chimie clinique et m\u00e9decine de laboratoire (CCLM), volume 61, num\u00e9ro 7, pages 1280-1287.<\/em><\/td>\n<\/tr>\n<tr>\n<td width=\"42%\"><a href=\"https:\/\/cjgim.ca\/index.php\/csim\/article\/view\/650\">R\u00e9duire, r\u00e9utiliser,<\/a><a href=\"https:\/\/cjgim.ca\/index.php\/csim\/article\/view\/650\"> recycler<\/a><a href=\"https:\/\/cjgim.ca\/index.php\/csim\/article\/view\/650\">:<\/a><a href=\"https:\/\/cjgim.ca\/index.php\/csim\/article\/view\/650\"> les<\/a> <a href=\"https:\/\/cjgim.ca\/index.php\/csim\/article\/view\/650\">10<\/a><a href=\"https:\/\/cjgim.ca\/index.php\/csim\/article\/view\/650\"> recommandations de Choisir avec soin pour conserver les ressources de laboratoire<\/a><\/td>\n<td width=\"15%\">nov. 2022<\/td>\n<td width=\"20%\">SIG de gestion de l\u2019utilisation<\/td>\n<td width=\"21%\"><em>Revue canadienne de m\u00e9decine interne g\u00e9n\u00e9rale<\/em>, volume 17, num\u00e9ro 4, pages 86-95.<\/td>\n<\/tr>\n<tr>\n<td width=\"42%\"><a href=\"https:\/\/www.onlinecjc.ca\/article\/S0828-282X(22)00215-X\/fulltext\">La Soci\u00e9t\u00e9 canadienne des<\/a><a href=\"https:\/\/www.onlinecjc.ca\/article\/S0828-282X(22)00215-X\/fulltext\"> <\/a><a href=\"https:\/\/www.onlinecjc.ca\/article\/S0828-282X(22)00215-X\/fulltext\"><\/a><a href=\"https:\/\/www.onlinecjc.ca\/article\/S0828-282X(22)00215-X\/fulltext\"> chimistes chimiques a harmonis\u00e9 les recommandations de d\u00e9claration des lipides en laboratoire clinique sur la base des lignes directrices sur les lipides de la Soci\u00e9t\u00e9 canadienne de<\/a><a href=\"https:\/\/www.onlinecjc.ca\/article\/S0828-282X(22)00215-X\/fulltext\"> cardio-vasculaire<\/a><a href=\"https:\/\/www.onlinecjc.ca\/article\/S0828-282X(22)00215-X\/fulltext\">2021<\/a><a href=\"https:\/\/www.onlinecjc.ca\/article\/S0828-282X(22)00215-X\/fulltext\"> <\/a><\/td>\n<td width=\"15%\">ao\u00fbt 2022<\/td>\n<td width=\"20%\">Groupe de travail sur l\u2019harmonisation des intervalles de r\u00e9f\u00e9rence<\/td>\n<td width=\"21%\"><em>Revue canadienne de cardiologie<\/em>, volume 38, num\u00e9ro 8, pages 1180-1188.<\/td>\n<\/tr>\n<tr>\n<td width=\"42%\">Test intrapartum du lactate du cuir chevelu f\u0153tal : consid\u00e9rations pour la mise en \u0153uvre et la prise de d\u00e9cision clinique<\/td>\n<td width=\"15%\">nov. 2021<\/td>\n<td width=\"20%\">POCT SIG<\/td>\n<td width=\"21%\"><em>J OBstet Gynaecol Can<\/em>., volume 43, num\u00e9ro 11, pages 1244-1246.<\/td>\n<\/tr>\n<tr>\n<td width=\"42%\">Lignes directrices consensuelles de la Soci\u00e9t\u00e9 canadienne des chimistes cliniciens (CCSC) pour l\u2019essai, la s\u00e9lection et la gestion de la qualit\u00e9 des tests de d\u00e9pistage du SRAS-CoV-2 au point de service<\/td>\n<td width=\"15%\">sept. 2021<\/td>\n<td width=\"20%\">COVID-19\/POCT SIG<\/td>\n<td width=\"21%\"><em>Biochimie clinique<\/em>, volume 95, pages 1-12.<\/td>\n<\/tr>\n<tr>\n<td width=\"42%\">Recommandations pratiques de l\u2019AACC pour la mise en \u0153uvre et l\u2019interpr\u00e9tation de l\u2019autorisation d\u2019utilisation d\u2019urgence du SRAS-CoV-2 et des tests s\u00e9rologiques d\u00e9velopp\u00e9s en laboratoire dans les laboratoires cliniques<\/td>\n<td width=\"15%\">sept. 2021<\/td>\n<td width=\"20%\">COVID-19 SIG<\/td>\n<td width=\"21%\"><em>Chimie clinique<\/em>, volume 67, num\u00e9ro 9, pages 1188-1200.<\/td>\n<\/tr>\n<tr>\n<td width=\"42%\">Pratiques d\u2019assurance de la qualit\u00e9 pour les programmes d\u2019essais au point de service : Recommandations du groupe d\u2019int\u00e9r\u00eat sur les tests au point de service de la Soci\u00e9t\u00e9 canadienne des chimistes cliniciens<\/td>\n<td width=\"15%\">f\u00e9vr. 2021<\/td>\n<td width=\"20%\">POCT SIG<\/td>\n<td width=\"21%\"><em>Biochimie clinique<\/em>, volume 88, pages 11-17.<\/td>\n<\/tr>\n<tr>\n<td width=\"42%\"><a href=\"https:\/\/www.sciencedirect.com\/science\/article\/pii\/S0009912020308444\">Lignes directrices consensuelles provisoires de la Soci\u00e9t\u00e9 canadienne des chimistes cliniciens (SCCC) pour<\/a> <a href=\"https:\/\/www.sciencedirect.com\/science\/article\/pii\/S0009912020308444\">le<\/a><a href=\"https:\/\/www.sciencedirect.com\/science\/article\/pii\/S0009912020308444\"> d\u00e9pistage<\/a><a href=\"https:\/\/www.sciencedirect.com\/science\/article\/pii\/S0009912020308444\"> et la d\u00e9claration de la s\u00e9rologie du SRAS-CoV-2<\/a><\/td>\n<td width=\"15%\">d\u00e9c. 2020<\/td>\n<td width=\"20%\">COVID-19 SIG<\/td>\n<td width=\"21%\"><em>Biochimie clinique<\/em>, volume 86, pages 1-7.<\/td>\n<\/tr>\n<tr>\n<td width=\"42%\">Lignes directrices provisoires sur l\u2019utilisation de l\u2019instrument Abbott ID NOWMC et du test COVID-19 pour le compte du R\u00e9seau des laboratoires de sant\u00e9 publique du Canada et de la Soci\u00e9t\u00e9 canadienne des chimistes cliniciens<\/td>\n<td width=\"15%\">nov. 2020<\/td>\n<td width=\"20%\">COVID-19 SIG<\/td>\n<td width=\"21%\"><em>Can Commun Dis Rep<\/em>, Volume 46, Num\u00e9ro 11\/12, Pages 422-426.<\/td>\n<\/tr>\n<tr>\n<td width=\"42%\">Tests au point de service : \u00c9nonc\u00e9 de position de la Soci\u00e9t\u00e9 canadienne des chimistes cliniciens<\/td>\n<td width=\"15%\">mars 2018<\/td>\n<td width=\"20%\">POCT SIG<\/td>\n<td width=\"21%\">Biochimie clinique, volume 53, pages 156-159.<\/td>\n<\/tr>\n<tr>\n<td width=\"42%\"><a href=\"https:\/\/www.sciencedirect.com\/science\/article\/pii\/S0009912017310548\/pdfft?md5=2d58a5c75076f6ddd51cdfdd1a0c8fae&amp;pid=1-s2.0-S0009912017310548-main.pdf\">Recommandations de candidats<\/a><a href=\"https:\/\/www.sciencedirect.com\/science\/article\/pii\/S0009912017310548\/pdfft?md5=2d58a5c75076f6ddd51cdfdd1a0c8fae&amp;pid=1-s2.0-S0009912017310548-main.pdf\"> <\/a><a href=\"https:\/\/www.sciencedirect.com\/science\/article\/pii\/S0009912017310548\/pdfft?md5=2d58a5c75076f6ddd51cdfdd1a0c8fae&amp;pid=1-s2.0-S0009912017310548-main.pdf\"><\/a><a href=\"https:\/\/www.sciencedirect.com\/science\/article\/pii\/S0009912017310548\/pdfft?md5=2d58a5c75076f6ddd51cdfdd1a0c8fae&amp;pid=1-s2.0-S0009912017310548-main.pdf\"> pour l\u2019\u00e9lectrophor\u00e8se des prot\u00e9ines du groupe de travail sur la gammapathie monoclonale de la Soci\u00e9t\u00e9 canadienne des chimistes cliniciens<\/a> <a href=\"https:\/\/www.sciencedirect.com\/science\/article\/pii\/S0009912017310548\/pdfft?md5=2d58a5c75076f6ddd51cdfdd1a0c8fae&amp;pid=1-s2.0-S0009912017310548-main.pdf\"><\/a><a href=\"https:\/\/www.sciencedirect.com\/science\/article\/pii\/S0009912017310548\/pdfft?md5=2d58a5c75076f6ddd51cdfdd1a0c8fae&amp;pid=1-s2.0-S0009912017310548-main.pdf\"> <\/a><\/td>\n<td width=\"15%\">janv. 2018<\/td>\n<td width=\"20%\">Gammopathie monoclonale SIG<\/td>\n<td width=\"21%\"><em>Biochimie clinique<\/em>, volume 51, pages 10-20.<\/td>\n<\/tr>\n<tr>\n<td width=\"42%\">Dosage de la troponine cardiaque en milieu de soins de courte dur\u00e9e : ordonnance, d\u00e9claration et tests de haute sensibilit\u00e9 \u2013 une mise \u00e0 jour de la Soci\u00e9t\u00e9 canadienne des chimistes cliniciens (CCSC)<\/td>\n<td width=\"15%\">nov. 2018<\/td>\n<td width=\"20%\"><\/td>\n<td width=\"21%\"><em>Biochimie clinique<\/em>, volume 44, num\u00e9ro 16, pages 1273 \u2013 1277.<\/td>\n<\/tr>\n<\/tbody>\n<\/table>\n                    <\/div>\r\n                \t\t\t\t\t\r\n                    <div class=\"cell large-12 medium-12 small-12 padding-tlrb \" data-column-number=\"2\">\r\n                        <h3><\/h3>\n<h3><strong>Mises \u00e0 jour de la pratique du CCSC<\/strong><\/h3>\n<table style=\"width: 99.0989%;\">\n<tbody>\n<tr>\n<td style=\"width: 533px;\" width=\"265\"><strong>Titre<\/strong><\/td>\n<td style=\"width: 198px;\" width=\"95\"><strong>Publication Date<\/strong><\/td>\n<td style=\"width: 271px;\" width=\"132\"><strong>Groupe d\u2019int\u00e9r\u00eat et comit\u00e9s<\/strong><\/td>\n<\/tr>\n<tr>\n<td style=\"width: 533px;\" width=\"265\"><a href=\"https:\/\/cscc-sccc.ca\/fr\/lignes-directrices-enonces-de-position-et-rapports-du-ccsc\/kit-doutils-dequation-ldl-c-du-nih\/\" target=\"_blank\" rel=\"noopener\">Mise \u00e0 jour sur les pratiques du Groupe de travail sur l\u2019harmonisation des intervalles de r\u00e9f\u00e9rence du CCSC : Recommandations sur le calcul et la d\u00e9claration des LDL-C<\/a><\/td>\n<td style=\"width: 198px;\" width=\"95\">juin 2022<\/td>\n<td style=\"width: 271px;\" width=\"132\">Groupe de travail sur l\u2019harmonisation des intervalles de r\u00e9f\u00e9rence<\/td>\n<\/tr>\n<tr>\n<td style=\"width: 533px;\" width=\"265\">Alerte \u00e0 la pratique du CSCC \u2013 P\u00e9nuries mondiales de fournitures de laboratoire (mars 2022)<\/p>\n<p>SCCC Alerte destin\u00e9e aux cabinets m\u00e9dicaux &#8211; P\u00e9nuries mondiales de fournitures de laboratoire (Mars 2022)<\/p>\n<table style=\"border-collapse: collapse; width: 100%;\">\n<tbody>\n<tr>\n<td style=\"width: 50%;\"><a href=\"https:\/\/cscc-sccc.ca\/wp-content\/uploads\/2022_CSCC_Practice_Alert_on_Global_Shortages_en.pdf\" target=\"_blank\" rel=\"noopener\">Anglais <\/a><\/td>\n<td style=\"width: 50%;\"><a href=\"https:\/\/www.cscc.ca\/images\/resources\/positionstatements\/2022_SCCC_alerte_destinee_aux_cabinets_medicaux_fr.pdf\" target=\"_blank\" rel=\"noopener\">Fran\u00e7ais<\/a><\/td>\n<\/tr>\n<\/tbody>\n<\/table>\n<\/td>\n<td style=\"width: 198px;\" width=\"95\">mars 2022<\/td>\n<td style=\"width: 271px;\" width=\"132\">SIG de gestion de l\u2019utilisation<\/td>\n<\/tr>\n<tr>\n<td style=\"width: 533px;\" width=\"265\"><a href=\"https:\/\/choosingwiselycanada.org\/labs-global-shortages\/\" target=\"_blank\" rel=\"noopener\">Choisir avec soin Canada et le CSCC \u2013 Utiliser judicieusement les laboratoires pendant les p\u00e9nuries mondiales de tubes sanguins et d\u2019autres ressources<\/a><\/p>\n<p>&nbsp;<\/td>\n<td style=\"width: 198px;\" width=\"95\">f\u00e9vr. 2022<\/td>\n<td style=\"width: 271px;\" width=\"132\">SIG de gestion de l\u2019utilisation<\/td>\n<\/tr>\n<tr>\n<td style=\"width: 533px;\" width=\"265\"><a href=\"https:\/\/cscc-sccc.ca\/wp-content\/uploads\/Practice-Updates-Position-description-CSCC-approved-January-2006.pdf\" target=\"_blank\" rel=\"noopener\">Description du poste de biochimiste clinicien (2006)<\/a><\/td>\n<td style=\"width: 198px;\" width=\"95\">janv. 2006<\/td>\n<td style=\"width: 271px;\" width=\"132\"><\/td>\n<\/tr>\n<\/tbody>\n<\/table>\n<p>&nbsp;<\/p>\n                    <\/div>\r\n                \t\t\t\t\t\r\n                    <div class=\"cell large-12 medium-12 small-12 padding-tlrb \" data-column-number=\"3\">\r\n                        <h3><\/h3>\n<h3><strong>Sondages, rapports, autres<\/strong><\/h3>\n<table>\n<tbody>\n<tr>\n<td width=\"265\"><strong>Titre<\/strong><\/td>\n<td width=\"95\"><strong>Publication Date<\/strong><\/td>\n<td width=\"132\"><strong>Groupe d\u2019int\u00e9r\u00eat et comit\u00e9s<\/strong><\/td>\n<td width=\"132\"><strong>Copyright<\/strong><\/td>\n<\/tr>\n<tr>\n<td width=\"265\"><a href=\"https:\/\/doi.org\/10.1016\/j.cjca.2021.03.018\">Aper\u00e7u<\/a><a href=\"https:\/\/doi.org\/10.1016\/j.cjca.2021.03.018\"> des pratiques de d\u00e9claration des lipides dans les laboratoires cliniques canadiens : une<\/a><a href=\"https:\/\/doi.org\/10.1016\/j.cjca.2021.03.018\"> n\u00e9cessit\u00e9<\/a><a href=\"https:\/\/doi.org\/10.1016\/j.cjca.2021.03.018\">urgente<\/a><a href=\"https:\/\/doi.org\/10.1016\/j.cjca.2021.03.018\"> <\/a><span style=\"color: #182d56;\"><br \/>\n  <u>d\u2019harmonisation<\/u><br \/>\n<\/span><\/td>\n<td width=\"95\">juin 2021<\/td>\n<td width=\"132\">Groupe de travail sur l\u2019harmonisation des intervalles de r\u00e9f\u00e9rence<\/td>\n<td width=\"132\"><em>Revue canadienne de cardiologie<\/em>, volume 37, pages 937-937<\/td>\n<\/tr>\n<tr>\n<td width=\"265\">Application de la m\u00e9thode TML \u00e0 l\u2019analyse de donn\u00e9es volumineuses et \u00e0 l\u2019harmonisation des intervalles de r\u00e9f\u00e9rence<\/td>\n<td width=\"95\">avr. 2021<\/td>\n<td width=\"132\">Groupe de travail sur l\u2019harmonisation des intervalles de r\u00e9f\u00e9rence<\/td>\n<td width=\"132\">Journal de m\u00e9decine de laboratoire, volume 45, pages 79-85<\/td>\n<\/tr>\n<tr>\n<td width=\"265\">Harmonisation de l\u2019intervalle de r\u00e9f\u00e9rence chez les enfants et les adultes au Canada : mise \u00e0 jour.<\/td>\n<td width=\"95\">janv. 2019<\/td>\n<td width=\"132\">Groupe de travail sur l\u2019harmonisation des intervalles de r\u00e9f\u00e9rence<\/td>\n<td width=\"132\">Chimie clinique et m\u00e9decine de laboratoire. Volume 57, Pages 57-60<\/td>\n<\/tr>\n<tr>\n<td width=\"265\">Enqu\u00eate nationale sur les intervalles de r\u00e9f\u00e9rence chez les adultes et les enfants dans les laboratoires cliniques du Canada : rapport du groupe de travail du CCSC sur l\u2019harmonisation des intervalles de r\u00e9f\u00e9rence.<\/td>\n<td width=\"95\">nov. 2017<\/td>\n<td width=\"132\">Groupe de travail sur l\u2019harmonisation des intervalles de r\u00e9f\u00e9rence<\/td>\n<td width=\"132\">Biochimie clinique, Volume 50, Pages 925-935<\/td>\n<\/tr>\n<\/tbody>\n<\/table>\n                    <\/div>\r\n                        <\/div>\r\n    <\/div><!-- .grid-container -->\r\n<\/div><!-- .wrapBlock.advanced-editor -->","protected":false},"excerpt":{"rendered":"","protected":false},"author":1,"featured_media":0,"parent":111690,"menu_order":0,"comment_status":"closed","ping_status":"closed","template":"","meta":{"_acf_changed":false,"footnotes":""},"class_list":["post-111688","page","type-page","status-publish","hentry"],"acf":[],"_links":{"self":[{"href":"https:\/\/cscc-sccc.ca\/fr\/wp-json\/wp\/v2\/pages\/111688","targetHints":{"allow":["GET"]}}],"collection":[{"href":"https:\/\/cscc-sccc.ca\/fr\/wp-json\/wp\/v2\/pages"}],"about":[{"href":"https:\/\/cscc-sccc.ca\/fr\/wp-json\/wp\/v2\/types\/page"}],"author":[{"embeddable":true,"href":"https:\/\/cscc-sccc.ca\/fr\/wp-json\/wp\/v2\/users\/1"}],"replies":[{"embeddable":true,"href":"https:\/\/cscc-sccc.ca\/fr\/wp-json\/wp\/v2\/comments?post=111688"}],"version-history":[{"count":1,"href":"https:\/\/cscc-sccc.ca\/fr\/wp-json\/wp\/v2\/pages\/111688\/revisions"}],"predecessor-version":[{"id":111689,"href":"https:\/\/cscc-sccc.ca\/fr\/wp-json\/wp\/v2\/pages\/111688\/revisions\/111689"}],"up":[{"embeddable":true,"href":"https:\/\/cscc-sccc.ca\/fr\/wp-json\/wp\/v2\/pages\/111690"}],"wp:attachment":[{"href":"https:\/\/cscc-sccc.ca\/fr\/wp-json\/wp\/v2\/media?parent=111688"}],"curies":[{"name":"wp","href":"https:\/\/api.w.org\/{rel}","templated":true}]}}