{"id":111686,"date":"2023-03-01T09:14:23","date_gmt":"2023-03-01T14:14:23","guid":{"rendered":"https:\/\/cscc-sccc.ca\/groupes-dinteret-et-comites\/sig-de-gestion-de-lutilisation\/"},"modified":"2024-04-16T16:34:09","modified_gmt":"2024-04-16T20:34:09","slug":"sig-de-gestion-de-lutilisation","status":"publish","type":"page","link":"https:\/\/cscc-sccc.ca\/fr\/education-et-affaires-scientifiques\/groupes-dinteret-et-comites\/sig-de-gestion-de-lutilisation\/","title":{"rendered":"SIG de gestion de l\u2019utilisation"},"content":{"rendered":"<div id=\"advanced-editor-block_6e5df86e0bd3f018e730ceba421e1988\" class=\"wrap-block advanced-editor page_id_111686\">\r\n    <div class=\"grid-container vertical-padding\">\r\n        <div class=\"grid-x\">\r\n            \t\t\t\t\t\r\n                    <div class=\"cell large-12 medium-12 small-12  \" data-column-number=\"1\">\r\n                        <h1 style=\"text-align: center;\"><a name=\"_Toc126140513\"><\/a><strong>Groupe d\u2019int\u00e9r\u00eat sp\u00e9cial sur la gestion de l\u2019utilisation<\/strong><\/h1>\n                    <\/div>\r\n                \t\t\t\t\t\r\n                    <div class=\"cell large-6 medium-6 small-12 padding-tlrb \" data-column-number=\"2\">\r\n                        <h3><strong>But:<\/strong><\/h3>\n<p>L\u2019objectif du CSCC UM SIG est de :<\/p>\n<ul>\n<li>Partager les meilleures pratiques de gestion de l\u2019utilisation des laboratoires avec d\u2019autres laboratoires.<\/li>\n<li>\u00c9laborer des recommandations pour la gestion de l\u2019utilisation des laboratoires.<\/li>\n<li>Promouvoir une utilisation optimale du laboratoire aupr\u00e8s des utilisateurs du laboratoire.<\/li>\n<\/ul>\n                    <\/div>\r\n                \t\t\t\t\t\r\n                    <div class=\"cell large-6 medium-6 small-12 padding-tlrb \" data-column-number=\"3\">\r\n                        <h3><strong>Activit\u00e9s g\u00e9n\u00e9rales&nbsp;:<\/strong><\/h3>\n<p>1. Les membres du GIS de l\u2019UM travaillent sur les recommandations de Choisir avec soin.<br \/>\n2. Les membres du SIG de l\u2019UM s\u2019efforcent de mettre en \u0153uvre les recommandations du CWC dans leurs propres laboratoires.<br \/>\n3. Les membres du SIG de l\u2019UM travaillent avec d\u2019autres groupes (IFCC, AACC) pour partager des informations.<\/p>\n                    <\/div>\r\n                \t\t\t\t\t\r\n                    <div class=\"cell large-6 medium-6 small-12 padding-tlrb \" data-column-number=\"4\">\r\n                        <h3><strong>Co-pr\u00e9sidents :<\/strong><\/h3>\n<p>Dr Daniel Beriault<br \/>\nDre Karina Rodriguez-Capote<\/p>\n<p>Mandats : 2019 \u00e0 aujourd\u2019hui<\/p>\n<h3><strong>Membres:<\/strong><\/h3>\n<table style=\"border-collapse: collapse; width: 100%;\">\n<tbody>\n<tr>\n<td style=\"width: 33.3333%;\"><strong>Membres<\/strong><\/td>\n<td style=\"width: 33.3333%;\"><strong>Sous-comit\u00e9 sur la p\u00e9nurie de tubes<\/strong><\/td>\n<td style=\"width: 33.3333%;\"><strong>Recommandations du Sous-comit\u00e9 sur la CIAC<\/strong><\/td>\n<\/tr>\n<tr>\n<td style=\"width: 33.3333%;\">Mohamed Abou El Hassan<br \/>\nLynn Allen<br \/>\nSaranya Arnoldo<br \/>\nDaniel Beriault<br \/>\nVipin Bhayana<br \/>\nDavid Blank<br \/>\nIvan Blasutig<br \/>\nIhssan Bouhtiauy<br \/>\nPeter Catomeris<br \/>\nMichael Chan<br \/>\nYu Chen<br \/>\nAlex Chin<br \/>\nChristine Collier<br \/>\nJim Dalton<br \/>\nLawrence De Koning<br \/>\nEdgard Delvin<br \/>\nRose Djiana<br \/>\nAndrew Don-Wauchope<br \/>\nKent Dooley<br \/>\nJessica Gifford<br \/>\nStephen Hill<br \/>\nYun Huang<br \/>\nBenjamin Jung<br \/>\nJay Kalra<br \/>\nSukhbir Kaur<br \/>\nSteve Keys<br \/>\nDavid Kinniburgh<br \/>\nVathany Kulasingam<br \/>\nBarry Kyle<br \/>\nLoralie Langman<br \/>\nHui Li<br \/>\nJoseph Macri<br \/>\nAndr\u00e9 Mattman<br \/>\nCurtis Oleschuk<br \/>\nAdam S. Ptol\u00e9m\u00e9e<br \/>\nEd Randell<br \/>\nKarina Rodriguez-Capote<br \/>\nAngela Rutledge<br \/>\nKareena Schnabl<br \/>\nRajeevan Selvaratnam<br \/>\nLusia Sepiashvili<br \/>\nJulie Shaw<br \/>\nJanet Simons<br \/>\nKun-Young Sohn<br \/>\nJennifer Taher<br \/>\nNicolas T\u00e9treault<br \/>\nLaurel Thorlacius<br \/>\nUvaraj Uddayasanhar<br \/>\nAllison Venner<br \/>\nSophia Wong<br \/>\nLufang Yang<br \/>\nHyoungsik Yim<br \/>\nPaul Yip<br \/>\nMichelle Parker<\/td>\n<td style=\"width: 33.3333%;\" width=\"167\">Dan Beriault<br \/>\nJanet Simons<br \/>\nKristin Hauff<br \/>\nKarina Rodriguez-Capote<br \/>\nDavid Kinniburgh<br \/>\nLoralie Langman<br \/>\nAndr\u00e9 Mattman<br \/>\nMichael Knauer<br \/>\nDanijela Konforte<br \/>\nCurtis Olechuk<br \/>\nPlage de Lori<br \/>\nJay Kalra<br \/>\nYu Chen<br \/>\nF\u00e9lix Leung<br \/>\nIhssan Bouhtiauy<br \/>\nSaranya Arnoldo<br \/>\nMohamed Abouelhassan<br \/>\nManal Elnenaei&nbsp;<\/td>\n<td style=\"width: 33.3333%;\">Dan Beriault<br \/>\nJanet Simons<br \/>\nKristin Hauff<br \/>\nKarina Rodriguez-Capote<br \/>\nDavid Kinniburgh<br \/>\nLoralie Langman<br \/>\nAndr\u00e9 Mattman<br \/>\nMichael Knauer<br \/>\nDanijela Konforte<br \/>\nCurtis Olechuk<br \/>\nPlage de Lori<br \/>\nJay Kalra<br \/>\nYu Chen<br \/>\nF\u00e9lix Leung<br \/>\nIhssan Bouhtiauy<br \/>\nSaranya Arnoldo<br \/>\nMohamed Abouelhassan<br \/>\nManal Elnenaei<br \/>\nDana Bailey<br \/>\nPeter Catomeris<br \/>\nMichelle Parker<br \/>\nParc Sophia<br \/>\nLaurel Thorlacius<br \/>\nChristine Collier<\/td>\n<\/tr>\n<\/tbody>\n<\/table>\n<p>&nbsp;<\/p>\n                    <\/div>\r\n                \t\t\t\t\t\r\n                    <div class=\"cell large-6 medium-6 small-12 padding-tlrb \" data-column-number=\"5\">\r\n                        <h3><strong>Publications:<\/strong><\/h3>\n<table style=\"border-collapse: collapse; width: 100%;\">\n<tbody>\n<tr>\n<td style=\"width: 100%;\">\n<ul>\n<li><a href=\"https:\/\/cjgim.ca\/index.php\/csim\/article\/view\/650\" target=\"_blank\" rel=\"noopener\">R\u00e9duire, r\u00e9utiliser, recycler : Top 10 des recommandations de Choisir avec soin pour la conservation des ressources de laboratoire<\/a> (tel que publi\u00e9 dans Can Journ Gen Int Med. 17(4)&nbsp;:86-95. (18 novembre 2022))<\/li>\n<\/ul>\n<\/td>\n<\/tr>\n<\/tbody>\n<\/table>\n<h3><strong>Alertes d\u2019entra\u00eenement :<\/strong><\/h3>\n<table style=\"border-collapse: collapse; width: 100%; height: 104px;\">\n<tbody>\n<tr style=\"height: 104px;\">\n<td style=\"width: 100%; height: 104px;\">\n<ul>\n<li>Soci\u00e9t\u00e9 canadienne des chimistes cliniciens (CCSC) Avis de pratique : P\u00e9nuries mondiales de fournitures de laboratoire.<br \/>\n<table style=\"border-collapse: collapse; width: 100%;\">\n<tbody>\n<tr>\n<td style=\"width: 50%;\"><a href=\"https:\/\/cscc-sccc.ca\/wp-content\/uploads\/UM-SIGs-UM-Project-Practice-Alert-Global-Shortages-2022.pdf\" target=\"_blank\" rel=\"noopener\">Anglais<\/a><\/td>\n<td style=\"width: 50%;\"><a href=\"https:\/\/cscc-sccc.ca\/wp-content\/uploads\/UM-SIGs-UM-Project-Practice-Alert-Global-Shortages-2022.pdf\" target=\"_blank\" rel=\"noopener\">Fran\u00e7ais<\/a><\/td>\n<\/tr>\n<\/tbody>\n<\/table>\n<\/li>\n<\/ul>\n<\/td>\n<\/tr>\n<tr>\n<td style=\"width: 100%;\">\n<ul>\n<li><a href=\"https:\/\/choosingwiselycanada.org\/perspective\/global-shortages\/\" target=\"_blank\" rel=\"noopener\">Utiliser les laboratoires \u00e0 bon escient en cas de p\u00e9nurie mondiale de tubes sanguins et d\u2019autres ressources<\/a><\/li>\n<\/ul>\n<\/td>\n<\/tr>\n<tr>\n<td style=\"width: 100%;\">\n<ul>\n<li><a href=\"https:\/\/choosingwiselycanada.org\/perspective\/global-shortages\/\">Choisir avec soin Canada Utiliser judicieusement les laboratoires pendant les p\u00e9nuries mondiales de sondes sanguines et d\u2019autres ressources<\/a><\/li>\n<\/ul>\n<\/td>\n<\/tr>\n<tr>\n<td style=\"width: 100%;\">\n<ul>\n<li><a href=\"https:\/\/cscc-sccc.ca\/wp-content\/uploads\/UM-SIGs-UM-Project-Practice-Alert-Global-Shortages-2022.pdf\" target=\"_blank\" rel=\"noopener\">Choisir avec soin Recommandations Canada<\/a><\/li>\n<\/ul>\n<\/td>\n<\/tr>\n<\/tbody>\n<\/table>\n                    <\/div>\r\n                        <\/div>\r\n    <\/div><!-- .grid-container -->\r\n<\/div><!-- .wrapBlock.advanced-editor -->","protected":false},"excerpt":{"rendered":"","protected":false},"author":1,"featured_media":0,"parent":111656,"menu_order":0,"comment_status":"closed","ping_status":"closed","template":"","meta":{"_acf_changed":false,"footnotes":""},"class_list":["post-111686","page","type-page","status-publish","hentry"],"acf":[],"_links":{"self":[{"href":"https:\/\/cscc-sccc.ca\/fr\/wp-json\/wp\/v2\/pages\/111686","targetHints":{"allow":["GET"]}}],"collection":[{"href":"https:\/\/cscc-sccc.ca\/fr\/wp-json\/wp\/v2\/pages"}],"about":[{"href":"https:\/\/cscc-sccc.ca\/fr\/wp-json\/wp\/v2\/types\/page"}],"author":[{"embeddable":true,"href":"https:\/\/cscc-sccc.ca\/fr\/wp-json\/wp\/v2\/users\/1"}],"replies":[{"embeddable":true,"href":"https:\/\/cscc-sccc.ca\/fr\/wp-json\/wp\/v2\/comments?post=111686"}],"version-history":[{"count":1,"href":"https:\/\/cscc-sccc.ca\/fr\/wp-json\/wp\/v2\/pages\/111686\/revisions"}],"predecessor-version":[{"id":111687,"href":"https:\/\/cscc-sccc.ca\/fr\/wp-json\/wp\/v2\/pages\/111686\/revisions\/111687"}],"up":[{"embeddable":true,"href":"https:\/\/cscc-sccc.ca\/fr\/wp-json\/wp\/v2\/pages\/111656"}],"wp:attachment":[{"href":"https:\/\/cscc-sccc.ca\/fr\/wp-json\/wp\/v2\/media?parent=111686"}],"curies":[{"name":"wp","href":"https:\/\/api.w.org\/{rel}","templated":true}]}}