{"id":111683,"date":"2023-03-01T09:06:27","date_gmt":"2023-03-01T14:06:27","guid":{"rendered":"https:\/\/cscc-sccc.ca\/journal-de-biochimie-clinique\/"},"modified":"2024-04-16T16:35:32","modified_gmt":"2024-04-16T20:35:32","slug":"journal-de-biochimie-clinique","status":"publish","type":"page","link":"https:\/\/cscc-sccc.ca\/fr\/education-et-affaires-scientifiques\/journal-de-biochimie-clinique\/","title":{"rendered":"Journal de biochimie clinique"},"content":{"rendered":"<div id=\"advanced-editor-block_209030217b1f3db47f69c4897156165d\" class=\"wrap-block advanced-editor page_id_111683\">\r\n    <div class=\"grid-container vertical-padding\">\r\n        <div class=\"grid-x\">\r\n            \t\t\t\t\t\r\n                    <div class=\"cell large-12 medium-12 small-12 padding-lrbt \" data-column-number=\"1\">\r\n                        <h1 style=\"text-align: center;\"><strong>Journal de biochimie clinique<\/strong><\/h1>\n<p>&nbsp;<\/p>\n<p style=\"text-align: center;\">Clinical Biochemistry publie des articles relatifs aux applications de la biologie mol\u00e9culaire, de la biochimie, de la chimie et de l\u2019immunologie \u00e0 la recherche clinique et au diagnostic, \u00e0 la th\u00e9rapie et \u00e0 la surveillance des maladies humaines. Les manuscrits sont class\u00e9s dans la cat\u00e9gorie des \u00e9tudes analytiques ou cliniques et peuvent \u00eatre propos\u00e9s sous forme d\u2019articles complets ou de capsules. Les critiques sont les bienvenues, mais les contributeurs sont encourag\u00e9s \u00e0 contacter le r\u00e9dacteur en chef pour \u00e9viter tout conflit avec d\u2019autres critiques \u00e0 venir.<\/p>\n                    <\/div>\r\n                \t\t\t\t\t\r\n                    <div class=\"cell large-6 medium-6 small-12 padding-lrbt \" data-column-number=\"2\">\r\n                        <p><a href=\"https:\/\/www.sciencedirect.com\/journal\/clinical-biochemistry\" target=\"_blank\" rel=\"noopener\"><img loading=\"lazy\" decoding=\"async\" class=\"alignnone size-full wp-image-1738 aligncenter\" src=\"https:\/\/cscc-sccc.ca\/wp-content\/uploads\/clinical-biochemistry-1.jpg\" alt=\"Biochimie clinique\" width=\"576\" height=\"768\" srcset=\"https:\/\/cscc-sccc.ca\/wp-content\/uploads\/clinical-biochemistry-1.jpg 576w, https:\/\/cscc-sccc.ca\/wp-content\/uploads\/clinical-biochemistry-1-375x500.jpg 375w\" sizes=\"auto, (max-width: 576px) 85vw, 576px\" \/><\/a><\/p>\n<h4 style=\"text-align: center;\"><strong><a href=\"https:\/\/www.sciencedirect.com\/journal\/clinical-biochemistry\" target=\"_blank\" rel=\"noopener\">Journal de biochimie clinique<\/a><\/strong><\/h4>\n<h4 style=\"text-align: center;\"><strong>R\u00e9dactrice en chef : <a href=\"mailto:langman.loralie@mayo.edu\" target=\"_blank\" rel=\"noopener\">Loralie Langman<\/a><\/strong><\/h4>\n                    <\/div>\r\n                \t\t\t\t\t\r\n                    <div class=\"cell large-6 medium-6 small-12 padding-rbght \" data-column-number=\"3\">\r\n                        <h3><strong>ACC\u00c8S DES MEMBRES \u00c0 LA REVUE<\/strong><\/h3>\n<p>L\u2019acc\u00e8s en ligne pour les membres du CCSC a \u00e9t\u00e9 d\u00e9plac\u00e9 afin d\u2019offrir une interface pr\u00e9f\u00e9rable aux membres. Les membres peuvent acc\u00e9der \u00e0 la revue par <a href=\"http:\/\/www.sciencedirect.com\/\" target=\"_blank\" rel=\"noopener\">l\u2019interm\u00e9diaire de www.sciencedirect.com<\/a> en suivant les instructions ci-dessous.<\/p>\n<p>Les membres peuvent entrer leur nom d\u2019utilisateur et leur mot de passe sur le site <a href=\"http:\/\/www.sciencedirect.com\/\" target=\"_blank\" rel=\"noopener\">principal de www.sciencedirect.com<\/a> une fois qu\u2019ils ont enregistr\u00e9 leur acc\u00e8s, et une recherche g\u00e9n\u00e9rale de la revue les am\u00e8nera \u00e0 la bonne page.<\/p>\n<p><strong> <\/strong><\/p>\n<h3><strong>Activer l\u2019acc\u00e8s \u00e0 la <em>biochimie clinique<\/em><\/strong><\/h3>\n<p>Pour activer votre acc\u00e8s \u00e0 la revue <em>Clinical Biochemistry,<\/em> entrez votre num\u00e9ro de membre du CCSC. Il s\u2019agit du num\u00e9ro qui est utilis\u00e9 pour vous connecter \u00e0 la section \u00ab r\u00e9serv\u00e9e aux membres \u00bb du site Web du CSCC. Il est \u00e9galement visible sur la ligne inf\u00e9rieure de l\u2019\u00e9tiquette d\u2019envoi des Nouvelles du CCSC. Si vous avez oubli\u00e9 votre num\u00e9ro de membre, veuillez communiquer avec le si\u00e8ge social de la CSCC. Le num\u00e9ro de membre doit \u00eatre entr\u00e9 \u00e0 l\u2019adresse suivante : <a href=\"https:\/\/www.sciencedirect.com\/science\/activate\/clinbiochem\" target=\"_blank\" rel=\"noopener\">https:\/\/www.sciencedirect.com\/science\/activate\/clinbiochem<\/a><\/p>\n<p>Notez que \u00ab&nbsp;https:\/\/&nbsp;\u00bb DOIT \u00eatre entr\u00e9 pour cette URL &#8211; \u00ab&nbsp;http:\/\/&nbsp;\u00bb ne fonctionnera pas. Cela permet de s\u2019assurer que vos informations d\u2019inscription sont s\u00e9curis\u00e9es lorsque vous les saisissez dans le formulaire d\u2019inscription.<\/p>\n<p>Apr\u00e8s avoir particip\u00e9, cliquez sur \u00ab&nbsp;soumettre&nbsp;\u00bb. L\u2019\u00e9tape suivante consiste \u00e0 remplir un profil d\u2019utilisateur. Il vous sera demand\u00e9 de remplir un formulaire et de choisir un mot de passe. Un nom d\u2019utilisateur vous sera attribu\u00e9. Le nom d\u2019utilisateur et le mot de passe seront sensibles \u00e0 la casse. Apr\u00e8s l\u2019inscription, vous pouvez vous connecter directement avec votre nouveau nom d\u2019utilisateur et votre nouveau mot de passe.<\/p>\n<p><strong>Note!<\/strong>  Veuillez NE PAS utiliser de caract\u00e8res sp\u00e9ciaux, tels que \u00f6, \u00e9, \u0153 lors de la saisie de vos donn\u00e9es personnelles dans le formulaire de profil.<\/p>\n<p>Une fois inscrit, vous pouvez acc\u00e9der directement \u00e0 : <a href=\"https:\/\/www.sciencedirect.com\/journal\/clinical-biochemistry\" target=\"_blank\" rel=\"noopener\">https:\/\/www.sciencedirect.com\/journal\/clinical-biochemistry<\/a> et entrer votre nom d\u2019utilisateur et votre mot de passe personnels dans la barre de connexion en haut de la page.<\/p>\n<p>Si vous rencontrez des probl\u00e8mes lors de l\u2019enregistrement, veuillez noter que les navigateurs plus anciens peuvent ne pas prendre en charge le cryptage SSL, qui est n\u00e9cessaire pour une transmission s\u00e9curis\u00e9e des donn\u00e9es. De plus, les cookies doivent \u00eatre activ\u00e9s dans votre navigateur pour faciliter le processus d\u2019inscription.<\/p>\n<p>Si vous avez besoin d\u2019aide, n\u2019h\u00e9sitez pas \u00e0 contacter le centre d\u2019assistance \u00e0 la client\u00e8le :<\/p>\n<p>Soumettez un ticket \u00e9lectronique au centre d\u2019aide ScienceDirect \u00e0 l\u2019adresse suivante : <a href=\"https:\/\/service.elsevier.com\/app\/home\/supporthub\/sciencedirect\/track\/APN7UwpcDv8U~egLGj0a~yKW1Rsqky75Mv9~~zj~PP_2\/\" target=\"_blank\" rel=\"noopener\">https:\/\/service.elsevier.com\/app\/home\/supporthub\/sciencedirect\/track\/APN7UwpcDv8U~egLGj0a~yKW1Rsqky75Mv9~~zj~PP_2\/<\/a><\/p>\n                    <\/div>\r\n                        <\/div>\r\n    <\/div><!-- .grid-container -->\r\n<\/div><!-- .wrapBlock.advanced-editor -->","protected":false},"excerpt":{"rendered":"","protected":false},"author":1,"featured_media":0,"parent":111690,"menu_order":0,"comment_status":"closed","ping_status":"closed","template":"","meta":{"_acf_changed":false,"footnotes":""},"class_list":["post-111683","page","type-page","status-publish","hentry"],"acf":[],"_links":{"self":[{"href":"https:\/\/cscc-sccc.ca\/fr\/wp-json\/wp\/v2\/pages\/111683","targetHints":{"allow":["GET"]}}],"collection":[{"href":"https:\/\/cscc-sccc.ca\/fr\/wp-json\/wp\/v2\/pages"}],"about":[{"href":"https:\/\/cscc-sccc.ca\/fr\/wp-json\/wp\/v2\/types\/page"}],"author":[{"embeddable":true,"href":"https:\/\/cscc-sccc.ca\/fr\/wp-json\/wp\/v2\/users\/1"}],"replies":[{"embeddable":true,"href":"https:\/\/cscc-sccc.ca\/fr\/wp-json\/wp\/v2\/comments?post=111683"}],"version-history":[{"count":1,"href":"https:\/\/cscc-sccc.ca\/fr\/wp-json\/wp\/v2\/pages\/111683\/revisions"}],"predecessor-version":[{"id":111685,"href":"https:\/\/cscc-sccc.ca\/fr\/wp-json\/wp\/v2\/pages\/111683\/revisions\/111685"}],"up":[{"embeddable":true,"href":"https:\/\/cscc-sccc.ca\/fr\/wp-json\/wp\/v2\/pages\/111690"}],"wp:attachment":[{"href":"https:\/\/cscc-sccc.ca\/fr\/wp-json\/wp\/v2\/media?parent=111683"}],"curies":[{"name":"wp","href":"https:\/\/api.w.org\/{rel}","templated":true}]}}