{"id":111680,"date":"2023-03-01T09:10:22","date_gmt":"2023-03-01T14:10:22","guid":{"rendered":"https:\/\/cscc-sccc.ca\/groupes-dinteret-et-comites\/pied-a-coulisse-sig\/"},"modified":"2024-04-16T16:34:08","modified_gmt":"2024-04-16T20:34:08","slug":"pied-a-coulisse-sig","status":"publish","type":"page","link":"https:\/\/cscc-sccc.ca\/fr\/education-et-affaires-scientifiques\/groupes-dinteret-et-comites\/pied-a-coulisse-sig\/","title":{"rendered":"PIED \u00c0 COULISSE SIG"},"content":{"rendered":"<div id=\"advanced-editor-block_9e031bf6cfc33260697aa5297d30f0af\" class=\"wrap-block advanced-editor page_id_111680\">\r\n    <div class=\"grid-container vertical-padding\">\r\n        <div class=\"grid-x\">\r\n            \t\t\t\t\t\r\n                    <div class=\"cell large-12 medium-12 small-12  \" data-column-number=\"1\">\r\n                        <p><img loading=\"lazy\" decoding=\"async\" class=\"aligncenter size-medium wp-image-3545\" src=\"https:\/\/cscc-sccc.ca\/wp-content\/uploads\/CALIPER-Logo-500x125.png\" alt=\"Logo de l\u2019\u00e9trier\" width=\"500\" height=\"125\" srcset=\"https:\/\/cscc-sccc.ca\/wp-content\/uploads\/CALIPER-Logo-500x125.png 500w, https:\/\/cscc-sccc.ca\/wp-content\/uploads\/CALIPER-Logo.png 682w\" sizes=\"auto, (max-width: 500px) 85vw, 500px\" \/><\/p>\n<h1 style=\"text-align: center;\"><strong>Groupe d\u2019Int\u00e9r\u00eat Sp\u00e9cial CALIPER<\/strong><\/h1>\n                    <\/div>\r\n                \t\t\t\t\t\r\n                    <div class=\"cell large-6 medium-6 small-12 padding-tlrb \" data-column-number=\"2\">\r\n                        <h3><strong>But:<\/strong><\/h3>\n<p>L\u2019Initiative canadienne des laboratoires sur les intervalles de r\u00e9f\u00e9rence p\u00e9diatriques (CALIPER) est une initiative nationale en mati\u00e8re de sant\u00e9 visant \u00e0 am\u00e9liorer le diagnostic et le suivi des enfants et des adolescents ayant des probl\u00e8mes de sant\u00e9. Notre objectif principal est d\u2019\u00e9tablir une base de donn\u00e9es compl\u00e8te d\u2019intervalles de r\u00e9f\u00e9rence fond\u00e9s sur des donn\u00e9es probantes sp\u00e9cifiques \u00e0 l\u2019\u00e2ge et au sexe pour les tests de laboratoire cliniques de routine et \u00e9mergents chez les enfants et les adolescents.<\/p>\n<p>CALIPER est con\u00e7u pour combler les lacunes qui existent actuellement dans l\u2019interpr\u00e9tation pr\u00e9cise des r\u00e9sultats des tests sanguins dans le but ultime d\u2019am\u00e9liorer les soins diagnostiques p\u00e9diatriques.<\/p>\n                    <\/div>\r\n                \t\t\t\t\t\r\n                    <div class=\"cell large-6 medium-6 small-12 padding-tlrb \" data-column-number=\"3\">\r\n                        <h3><strong>Activit\u00e9s g\u00e9n\u00e9rales&nbsp;:<\/strong><\/h3>\n<p>CALIPER continue de conna\u00eetre du succ\u00e8s et d\u2019avoir un impact mondial. En f\u00e9vrier 2023, les laboratoires cliniques de 143 pays (avec plus de 7600 utilisateurs enregistr\u00e9s) acc\u00e9daient \u00e0 la base de donn\u00e9es et utilisaient les informations sur l\u2019intervalle de r\u00e9f\u00e9rence CALIPER dans leur pratique courante en laboratoire\/clinique, y compris dans la plupart des h\u00f4pitaux pour enfants au Canada et aux \u00c9tats-Unis. Les principaux progr\u00e8s r\u00e9alis\u00e9s sont les suivants :<\/p>\n<ul>\n<li>Recrutement de <strong>+12 800 enfants et adolescents en bonne sant\u00e9<\/strong>dans les \u00e9coles et autres centres communautaires.<\/li>\n<li>Etablir des intervalles de r\u00e9f\u00e9rence p\u00e9diatriques pour +<strong>200 biomarqueurs de laboratoire <\/strong>de sant\u00e9 et de maladie sur plusieurs plateformes analytiques.<\/li>\n<li>Publication <strong>de +80 articles \u00e9valu\u00e9s par des pairs<\/strong> dans des revues \u00e0 fort impact pour partager des m\u00e9thodes et des donn\u00e9es dans le monde entier.<\/li>\n<li>Cr\u00e9ation d\u2019une base de donn\u00e9es en ligne et d\u2019une application mobile permettant d\u2019acc\u00e9der gratuitement aux intervalles de r\u00e9f\u00e9rence CALIPER bas\u00e9s sur des donn\u00e9es \u00e9valu\u00e9es par des pairs provenant de milliers d\u2019enfants et d\u2019adolescents en bonne sant\u00e9, de la naissance \u00e0 l\u2019\u00e2ge de 18 ans.<\/li>\n<\/ul>\n<p>CALIPER continue de lancer de nouvelles \u00e9tudes et de collaborer avec des chimistes cliniciens du monde entier pour combler les lacunes en mati\u00e8re de diagnostics p\u00e9diatriques pour les marqueurs sp\u00e9ciaux et les nouveaux instruments de laboratoire. La base de donn\u00e9es en ligne CALIPER est r\u00e9guli\u00e8rement mise \u00e0 jour avec de nouvelles donn\u00e9es \u00e9valu\u00e9es par des pairs. Son utilisation est gratuite pour tous les professionnels de la sant\u00e9, les professionnels de laboratoire, ainsi que les familles et les enfants.<\/p>\n                    <\/div>\r\n                \t\t\t\t\t\r\n                    <div class=\"cell large-6 medium-6 small-12 padding-tlrb \" data-column-number=\"4\">\r\n                        <h3><strong>Chaise:<\/strong><\/h3>\n<h3><strong>Dr. Khosrow Adeli<\/strong><\/h3>\n<p>Mandat&nbsp;: 2010 &#8211; pr\u00e9sent<\/p>\n<h3><strong>Membres:<\/strong><\/h3>\n<p>Mary Kathryn Bohn<br \/>\nVictoria Higgins<br \/>\nBenjamin Jung<br \/>\nJoseph Macri<br \/>\n\u00c9douard Randell<br \/>\nLusia Sepiashvili<br \/>\nVijay Gris<br \/>\nVilte Barakauskas<br \/>\nEdgard Delvin<br \/>\nChristopher McCudden<br \/>\nFabienne Parente<br \/>\nDe plus, de nombreux membres du groupe de discussion p\u00e9diatrique de partout au Canada<\/p>\n                    <\/div>\r\n                \t\t\t\t\t\r\n                    <div class=\"cell large-6 medium-6 small-12 padding-tlrb \" data-column-number=\"5\">\r\n                        <h3><strong>Pour plus d\u2019informations sur le projet CALIPER :<\/strong><\/h3>\n<p><a href=\"http:\/\/www.sickkids.ca\/Caliperproject\/index.html\">Site web de CALIPER<\/a><\/p>\n<h3><strong>Pour acc\u00e9der \u00e0 la base de donn\u00e9es en ligne CALIPER :<\/strong><\/h3>\n<p><a href=\"https:\/\/caliperdatabase.org\/#\/\">Base de donn\u00e9es CALIPER<\/a><\/p>\n<h3><strong>Pour obtenir une liste compl\u00e8te des publications de CALIPER \u00e9valu\u00e9es par des pairs :  <\/strong><\/h3>\n<p><a href=\"https:\/\/caliperproject.ca\/caliper\/healthcare-professionals\/#publications\">Publications de CALIPER<\/a><\/p>\n                    <\/div>\r\n                        <\/div>\r\n    <\/div><!-- .grid-container -->\r\n<\/div><!-- .wrapBlock.advanced-editor -->","protected":false},"excerpt":{"rendered":"","protected":false},"author":1,"featured_media":0,"parent":111656,"menu_order":0,"comment_status":"closed","ping_status":"closed","template":"","meta":{"_acf_changed":false,"footnotes":""},"class_list":["post-111680","page","type-page","status-publish","hentry"],"acf":[],"_links":{"self":[{"href":"https:\/\/cscc-sccc.ca\/fr\/wp-json\/wp\/v2\/pages\/111680","targetHints":{"allow":["GET"]}}],"collection":[{"href":"https:\/\/cscc-sccc.ca\/fr\/wp-json\/wp\/v2\/pages"}],"about":[{"href":"https:\/\/cscc-sccc.ca\/fr\/wp-json\/wp\/v2\/types\/page"}],"author":[{"embeddable":true,"href":"https:\/\/cscc-sccc.ca\/fr\/wp-json\/wp\/v2\/users\/1"}],"replies":[{"embeddable":true,"href":"https:\/\/cscc-sccc.ca\/fr\/wp-json\/wp\/v2\/comments?post=111680"}],"version-history":[{"count":1,"href":"https:\/\/cscc-sccc.ca\/fr\/wp-json\/wp\/v2\/pages\/111680\/revisions"}],"predecessor-version":[{"id":111684,"href":"https:\/\/cscc-sccc.ca\/fr\/wp-json\/wp\/v2\/pages\/111680\/revisions\/111684"}],"up":[{"embeddable":true,"href":"https:\/\/cscc-sccc.ca\/fr\/wp-json\/wp\/v2\/pages\/111656"}],"wp:attachment":[{"href":"https:\/\/cscc-sccc.ca\/fr\/wp-json\/wp\/v2\/media?parent=111680"}],"curies":[{"name":"wp","href":"https:\/\/api.w.org\/{rel}","templated":true}]}}