{"id":111679,"date":"2023-03-01T09:08:08","date_gmt":"2023-03-01T14:08:08","guid":{"rendered":"https:\/\/cscc-sccc.ca\/cours-sur-le-leadership-en-gestion-de-la-qualite\/"},"modified":"2024-04-16T16:35:32","modified_gmt":"2024-04-16T20:35:32","slug":"cours-sur-le-leadership-en-gestion-de-la-qualite","status":"publish","type":"page","link":"https:\/\/cscc-sccc.ca\/fr\/education-et-affaires-scientifiques\/cours-sur-le-leadership-en-gestion-de-la-qualite\/","title":{"rendered":"Cours sur le leadership en gestion de la qualit\u00e9"},"content":{"rendered":"<div id=\"advanced-editor-block_9e77d57b50f6bb1578a818af157f3c00\" class=\"wrap-block advanced-editor page_id_111679\">\r\n    <div class=\"grid-container vertical-padding\">\r\n        <div class=\"grid-x\">\r\n            \t\t\t\t\t\r\n                    <div class=\"cell large-12 medium-12 small-12  \" data-column-number=\"1\">\r\n                        <h2><img loading=\"lazy\" decoding=\"async\" class=\"size-full wp-image-985 alignright\" src=\"https:\/\/cscc-sccc.ca\/wp-content\/uploads\/Banner_QM.gif\" alt=\"Banni\u00e8re Qm\" width=\"700\" height=\"187\">Introduction au programme de certificat en leadership en gestion de la qualit\u00e9<\/h2>\n<p>L\u2019objectif de ce programme est d\u2019amener les biochimistes cliniques, en tant que chefs de laboratoire, au niveau requis pour assurer un leadership et une supervision comp\u00e9tents des syst\u00e8mes de gestion de la qualit\u00e9 (SMQ) dans leur laboratoire. Le programme de certificat est pr\u00e9sent\u00e9 sous la forme d\u2019un cours en ligne sur la gestion de la qualit\u00e9.<\/p>\n<h3><strong>Histoire  <\/strong><\/h3>\n<p>L\u2019id\u00e9e originale de ce programme est n\u00e9e de conversations informelles entre quelques organisateurs, participants et conf\u00e9renciers qui ont fait une pr\u00e9sentation lors de la conf\u00e9rence conjointe CSCC-SQBC \u00e0 Qu\u00e9bec dans le cadre du symposium d\u2019une journ\u00e9e sur la s\u00e9curit\u00e9 des patients et l\u2019erreur m\u00e9dicale, en 2012. Un petit groupe de travail a \u00e9t\u00e9 form\u00e9 et une t\u00e9l\u00e9conf\u00e9rence a eu lieu en d\u00e9cembre 2012 pour discuter des besoins en mati\u00e8re de formation continue et des possibilit\u00e9s de formation en gestion de la qualit\u00e9 pour les biochimistes cliniques. Cette enqu\u00eate a \u00e9t\u00e9 men\u00e9e aupr\u00e8s des membres afin d\u2019\u00e9valuer le besoin et l\u2019int\u00e9r\u00eat de poursuivre la formation continue sur la gestion de la qualit\u00e9. Le Groupe de travail sur la gestion de la qualit\u00e9 du CSCC (GT-QM) a \u00e9t\u00e9 officialis\u00e9 et a re\u00e7u le mandat d\u2019\u00e9laborer un programme de formation pour les biochimistes cliniciens qui souhaitent jouer un r\u00f4le plus actif en tant que leaders du SMQ dans leurs propres laboratoires. La reconnaissance de ces \u00e9tudes et de ces comp\u00e9tences avanc\u00e9es devait \u00eatre assur\u00e9e par un certificat d\u00e9cern\u00e9 par le CCCA \u00e0 ceux qui terminaient le programme.<\/p>\n<h3><strong>Pourquoi suivre ce programme  <\/strong><\/h3>\n<p>Ce programme aidera les biochimistes cliniciens \u00e0 :<\/p>\n<ul class=\"two-column-list\">\n<li>Acqu\u00e9rir une meilleure compr\u00e9hension de la norme ISO 15189 et d\u2019autres normes et directives de qualit\u00e9.<\/li>\n<li>D\u00e9velopper une compr\u00e9hension avanc\u00e9e des syst\u00e8mes de gestion de la qualit\u00e9 et de leur fonctionnement.<\/li>\n<li>Acqu\u00e9rir de nouvelles comp\u00e9tences pour jouer un r\u00f4le plus important dans la promotion de la qualit\u00e9 dans le laboratoire.<\/li>\n<li>Fournir des directives au personnel sur les activit\u00e9s visant \u00e0 am\u00e9liorer la qualit\u00e9 des processus existants et \u00e0 planifier de nouveaux projets.<\/li>\n<li>Fournir les comp\u00e9tences n\u00e9cessaires pour assumer un r\u00f4le de leadership dans la mise en \u0153uvre ou l\u2019am\u00e9lioration du syst\u00e8me de gestion de la qualit\u00e9 (SMQ) du laboratoire.<\/li>\n<li>Participer en tant que membre comp\u00e9tent et perspicace d\u2019une \u00e9quipe impliqu\u00e9e dans la mise en \u0153uvre, la r\u00e9vision ou l\u2019am\u00e9lioration d\u2019un syst\u00e8me de gestion de la qualit\u00e9 d\u2019un laboratoire.<\/li>\n<li>Assister le directeur du laboratoire dans la mise en \u0153uvre ou l\u2019am\u00e9lioration du SMQ.<\/li>\n<li>Gagnez des cr\u00e9dits de PP.<\/li>\n<\/ul>\n<p>Le programme de certificat se compose de cinq modules diff\u00e9rents qui, ensemble, fournissent un aper\u00e7u complet de la gestion de la qualit\u00e9. Les modules sont les suivants<\/p>\n<ul class=\"two-column-list\">\n<li>Normes de gestion de la qualit\u00e9 des laboratoires<\/li>\n<li>Objectifs de performance analytique pour les tests de laboratoire<\/li>\n<li>Contr\u00f4le des non-conformit\u00e9s<\/li>\n<li>Culture de la qualit\u00e9 et de la s\u00e9curit\u00e9 des patients<\/li>\n<li>\u00c9thique et gestion des risques<\/li>\n<\/ul>\n<p>Le programme utilise une vari\u00e9t\u00e9 de ressources \u00e9ducatives, y compris les tables rondes sur l\u2019\u00e9ducation du CSCC, les conf\u00e9rences itin\u00e9rantes du CSCC, les discussions des ateliers du CSCC, les r\u00e9f\u00e9rences (principalement en libre acc\u00e8s), les pr\u00e9sentations de l\u2019IFCC, les documents de l\u2019OMS et d\u2019autres documents \u00e9ducatifs disponibles dans le domaine public par le biais d\u2019un acc\u00e8s Web. Chaque module est divis\u00e9 en sous-sections avec des objectifs d\u2019apprentissage et un texte \u00e9crit pour guider l\u2019apprentissage et compl\u00e9ter le mat\u00e9riel couvert dans les pr\u00e9sentations li\u00e9es, les lectures recommand\u00e9es et d\u2019autres documents de r\u00e9f\u00e9rence. La ma\u00eetrise du mat\u00e9riel contenu dans chaque module n\u00e9cessitera environ 10 heures d\u2019auto-apprentissage et sera \u00e9valu\u00e9e pour obtenir des cr\u00e9dits au moyen d\u2019un quiz en ligne de 10 questions \u00e0 r\u00e9ponse courte. Les membres du GT-QM serviront de corps professoral du cours.<\/p>\n<p><strong>Ce programme de 5 modules est approuv\u00e9 pour 50 cr\u00e9dits de PP.<\/strong><\/p>\n<p><strong>Il s\u2019agit d\u2019une activit\u00e9 d\u2019apprentissage de groupe agr\u00e9\u00e9e telle que d\u00e9finie par le Programme de perfectionnement professionnel du CCCA et de la CCSC.<\/strong><\/p>\n<p><strong>Les participants ont deux ans pour terminer le programme.<\/strong><\/p>\n<h3><strong>Le programme n\u2019est pas disponible pour le moment<\/strong><\/h3>\n<h4><strong>Contact par e-mail<\/strong><\/h4>\n<p>Si vous avez des questions ou des commentaires, veuillez <a href=\"mailto:qm@cscc.ca\">qm@cscc.ca<\/a> envoyer un courriel.<\/p>\n<h3><strong>Remerciements<\/strong><\/h3>\n<table border=\"0\" cellpadding=\"14\">\n<tbody>\n<tr valign=\"top\">\n<td><strong>Chaise <\/strong><\/td>\n<td>Ed Randell<\/td>\n<\/tr>\n<tr valign=\"top\">\n<td><strong>Co-pr\u00e9sident<\/strong><\/td>\n<td>Lynn Allen<\/td>\n<\/tr>\n<tr valign=\"top\">\n<td><strong>Membres d\u2019origine<\/strong><\/td>\n<td>Lynn Allen, Ed Randell, Edgard Delvin, Jay Kalra, Annu Khajuria, John Krahn (jusqu\u2019en 2014)<\/td>\n<\/tr>\n<tr valign=\"top\">\n<td><strong>D\u00e9veloppeurs de modules actuels<\/strong><\/td>\n<td>Saranya Arnoldo, Berna Aslan, Ihssan Bouhtiauy, Teralee Burton, Yn Huang, Lianna Kyriakopoulou, Isolde Seiden Long, Vinita Thakur et Paul Yip<\/td>\n<\/tr>\n<tr valign=\"top\">\n<td><strong>Autres membres du GT-QM<\/strong><br \/>\n(depuis 2014)<\/td>\n<td>Adam Ptol\u00e9m\u00e9e, Rose Djiana, Lei Fu, Cheryl Tomalty, Nadheige Lochard<\/td>\n<\/tr>\n<\/tbody>\n<\/table>\n<p>Nous remercions le conseil d\u2019administration du CCSC, le conseil d\u2019administration du CCCA et notre personnel, Pamela Lyons, Erica Lattimore et Elizabeth Hooper, pour leur soutien ind\u00e9fectible.<\/p>\n                    <\/div>\r\n                        <\/div>\r\n    <\/div><!-- .grid-container -->\r\n<\/div><!-- .wrapBlock.advanced-editor -->","protected":false},"excerpt":{"rendered":"","protected":false},"author":1,"featured_media":0,"parent":111690,"menu_order":0,"comment_status":"closed","ping_status":"closed","template":"","meta":{"_acf_changed":false,"footnotes":""},"class_list":["post-111679","page","type-page","status-publish","hentry"],"acf":[],"_links":{"self":[{"href":"https:\/\/cscc-sccc.ca\/fr\/wp-json\/wp\/v2\/pages\/111679","targetHints":{"allow":["GET"]}}],"collection":[{"href":"https:\/\/cscc-sccc.ca\/fr\/wp-json\/wp\/v2\/pages"}],"about":[{"href":"https:\/\/cscc-sccc.ca\/fr\/wp-json\/wp\/v2\/types\/page"}],"author":[{"embeddable":true,"href":"https:\/\/cscc-sccc.ca\/fr\/wp-json\/wp\/v2\/users\/1"}],"replies":[{"embeddable":true,"href":"https:\/\/cscc-sccc.ca\/fr\/wp-json\/wp\/v2\/comments?post=111679"}],"version-history":[{"count":1,"href":"https:\/\/cscc-sccc.ca\/fr\/wp-json\/wp\/v2\/pages\/111679\/revisions"}],"predecessor-version":[{"id":111682,"href":"https:\/\/cscc-sccc.ca\/fr\/wp-json\/wp\/v2\/pages\/111679\/revisions\/111682"}],"up":[{"embeddable":true,"href":"https:\/\/cscc-sccc.ca\/fr\/wp-json\/wp\/v2\/pages\/111690"}],"wp:attachment":[{"href":"https:\/\/cscc-sccc.ca\/fr\/wp-json\/wp\/v2\/media?parent=111679"}],"curies":[{"name":"wp","href":"https:\/\/api.w.org\/{rel}","templated":true}]}}