{"id":111678,"date":"2023-03-01T09:07:37","date_gmt":"2023-03-01T14:07:37","guid":{"rendered":"https:\/\/cscc-sccc.ca\/le-podcast-du-rapport-de-laboratoire\/"},"modified":"2024-04-16T16:35:32","modified_gmt":"2024-04-16T20:35:32","slug":"le-podcast-du-rapport-de-laboratoire","status":"publish","type":"page","link":"https:\/\/cscc-sccc.ca\/fr\/education-et-affaires-scientifiques\/le-podcast-du-rapport-de-laboratoire\/","title":{"rendered":"Le podcast du rapport de laboratoire"},"content":{"rendered":"<div id=\"advanced-editor-block_15f84546c3afe268df9145bc7e00bf62\" class=\"wrap-block advanced-editor no-padding-bottom page_id_111678\">\r\n    <div class=\"grid-container vertical-padding\">\r\n        <div class=\"grid-x\">\r\n            \t\t\t\t\t\r\n                    <div class=\"cell large-12 medium-12 small-12 padding-bottom padding-bas-petit\" data-column-number=\"1\">\r\n                        <h4>Une collection d\u2019histoires, d\u2019interviews et de discussions pour donner un aper\u00e7u de ce qui se passe derri\u00e8re chaque r\u00e9sultat de laboratoire.<\/h4>\n                    <\/div>\r\n                        <\/div>\r\n    <\/div><!-- .grid-container -->\r\n<\/div><!-- .wrapBlock.advanced-editor -->","protected":false},"excerpt":{"rendered":"","protected":false},"author":1,"featured_media":0,"parent":111690,"menu_order":0,"comment_status":"closed","ping_status":"closed","template":"","meta":{"_acf_changed":false,"footnotes":""},"class_list":["post-111678","page","type-page","status-publish","hentry"],"acf":[],"_links":{"self":[{"href":"https:\/\/cscc-sccc.ca\/fr\/wp-json\/wp\/v2\/pages\/111678","targetHints":{"allow":["GET"]}}],"collection":[{"href":"https:\/\/cscc-sccc.ca\/fr\/wp-json\/wp\/v2\/pages"}],"about":[{"href":"https:\/\/cscc-sccc.ca\/fr\/wp-json\/wp\/v2\/types\/page"}],"author":[{"embeddable":true,"href":"https:\/\/cscc-sccc.ca\/fr\/wp-json\/wp\/v2\/users\/1"}],"replies":[{"embeddable":true,"href":"https:\/\/cscc-sccc.ca\/fr\/wp-json\/wp\/v2\/comments?post=111678"}],"version-history":[{"count":1,"href":"https:\/\/cscc-sccc.ca\/fr\/wp-json\/wp\/v2\/pages\/111678\/revisions"}],"predecessor-version":[{"id":111681,"href":"https:\/\/cscc-sccc.ca\/fr\/wp-json\/wp\/v2\/pages\/111678\/revisions\/111681"}],"up":[{"embeddable":true,"href":"https:\/\/cscc-sccc.ca\/fr\/wp-json\/wp\/v2\/pages\/111690"}],"wp:attachment":[{"href":"https:\/\/cscc-sccc.ca\/fr\/wp-json\/wp\/v2\/media?parent=111678"}],"curies":[{"name":"wp","href":"https:\/\/api.w.org\/{rel}","templated":true}]}}