{"id":111666,"date":"2023-03-01T09:12:04","date_gmt":"2023-03-01T14:12:04","guid":{"rendered":"https:\/\/cscc-sccc.ca\/groupes-dinteret-et-comites\/sig-pediatrique-et-perinatal\/"},"modified":"2024-04-15T12:24:22","modified_gmt":"2024-04-15T16:24:22","slug":"sig-pediatrique-et-perinatal","status":"publish","type":"page","link":"https:\/\/cscc-sccc.ca\/fr\/education-et-affaires-scientifiques\/groupes-dinteret-et-comites\/sig-pediatrique-et-perinatal\/","title":{"rendered":"SIG p\u00e9diatrique et p\u00e9rinatal"},"content":{"rendered":"<div id=\"advanced-editor-block_366e19377bb6ec01d67a7194142043ce\" class=\"wrap-block advanced-editor page_id_111666\">\r\n    <div class=\"grid-container vertical-padding\">\r\n        <div class=\"grid-x\">\r\n            \t\t\t\t\t\r\n                    <div class=\"cell large-12 medium-12 small-12  \" data-column-number=\"1\">\r\n                        <h1 style=\"text-align: center;\"><a name=\"_Toc126140509\"><\/a><strong>Groupe d\u2019Int\u00e9r\u00eat Sp\u00e9cial Biochimie P\u00e9diatrique et P\u00e9rinatale<\/strong><\/h1>\n                    <\/div>\r\n                \t\t\t\t\t\r\n                    <div class=\"cell large-6 medium-6 small-12 padding-tlrb \" data-column-number=\"2\">\r\n                        <h3><strong>But:<\/strong><\/h3>\n<p>Le Groupe de discussion sur la biochimie p\u00e9diatrique et p\u00e9rinatale est une tribune importante pour les membres du CSCC afin d\u2019identifier et de discuter des questions p\u00e9diatriques en biochimie clinique et en m\u00e9decine de laboratoire en g\u00e9n\u00e9ral. s.<\/p>\n<p>Les objectifs de ce groupe sont les suivants :<br \/>\n1. Discuter des enjeux actuels de la biochimie clinique p\u00e9diatrique dans le but d\u2019\u00e9laborer des solutions et des recommandations<br \/>\n2. \u00c9laborer des plans d\u2019harmonisation entre les laboratoires de chimie clinique p\u00e9diatrique au Canada.<br \/>\n3. Lancer et mettre en \u0153uvre des projets qui am\u00e9liorent la normalisation des op\u00e9rations et des m\u00e9thodologies de laboratoire dans les laboratoires cliniques p\u00e9diatriques.<\/p>\n<p>4. D\u00e9velopper des projets de recherche collaboratifs qui font progresser le domaine.<\/p>\n                    <\/div>\r\n                \t\t\t\t\t\r\n                    <div class=\"cell large-6 medium-6 small-12 padding-tlrb \" data-column-number=\"3\">\r\n                        <h3><strong>Activit\u00e9s g\u00e9n\u00e9rales&nbsp;:<\/strong><\/h3>\n<p>1. Se r\u00e9unir chaque ann\u00e9e \u00e0 la conf\u00e9rence annuelle du CSCC.<\/p>\n<p style=\"padding-left: 40px;\">L\u2019objectif principal de l\u2019assembl\u00e9e annuelle est de stimuler la discussion et d\u2019encourager la collaboration entre les membres et les participants pour r\u00e9soudre les probl\u00e8mes. On s\u2019attend \u00e0 ce que les membres et les participants fassent rapport au groupe de discussion (p. ex., envoyer un courriel aux pr\u00e9sidents et\/ou aux membres) et pr\u00e9sentent des mises \u00e0 jour en personne lors de l\u2019assembl\u00e9e annuelle.<\/p>\n<p>2. R\u00e9diger des \u00e9nonc\u00e9s de position et des documents de consensus<br \/>\n3. Publier des articles sur la liste de diffusion du CSCC (en cours d\u2019\u00e9laboration)<br \/>\n4. R\u00e9digez des articles pour le bulletin d\u2019information des Nouvelles du CCSC.<\/p>\n                    <\/div>\r\n                \t\t\t\t\t\r\n                    <div class=\"cell large-6 medium-6 small-12 padding-tlrb \" data-column-number=\"4\">\r\n                        <h3><strong>Co-pr\u00e9sidents :<\/strong><\/h3>\n<h3><strong>Plage de la Dre Lori<\/strong><\/h3>\n<h3><strong>Dr Lawrence de Koning<\/strong><\/h3>\n<p>&nbsp;<\/p>\n<p>Mandat : 2023 &#8211; pr\u00e9sent<\/p>\n                    <\/div>\r\n                \t\t\t\t\t\r\n                    <div class=\"cell large-6 medium-6 small-12  \" data-column-number=\"5\">\r\n                        <h3><strong>Membres:<\/strong><\/h3>\n<p>Khosrow Adeli<br \/>\nDana Bailey<br \/>\nVilte Barakauskas<br \/>\nPlage de Lori<br \/>\nLawrence DeKoning<br \/>\nMatthew Henderson<br \/>\nVictoria Higgins<br \/>\nBenjamin Jung<br \/>\nNathalie LePage<br \/>\nMartha Lyon<br \/>\nEd Randell<br \/>\nDavid Seccombe<br \/>\nLi Wang<\/p>\n                    <\/div>\r\n                        <\/div>\r\n    <\/div><!-- .grid-container -->\r\n<\/div><!-- .wrapBlock.advanced-editor -->","protected":false},"excerpt":{"rendered":"","protected":false},"author":1,"featured_media":0,"parent":111656,"menu_order":0,"comment_status":"closed","ping_status":"closed","template":"","meta":{"_acf_changed":false,"footnotes":""},"class_list":["post-111666","page","type-page","status-publish","hentry"],"acf":[],"_links":{"self":[{"href":"https:\/\/cscc-sccc.ca\/fr\/wp-json\/wp\/v2\/pages\/111666","targetHints":{"allow":["GET"]}}],"collection":[{"href":"https:\/\/cscc-sccc.ca\/fr\/wp-json\/wp\/v2\/pages"}],"about":[{"href":"https:\/\/cscc-sccc.ca\/fr\/wp-json\/wp\/v2\/types\/page"}],"author":[{"embeddable":true,"href":"https:\/\/cscc-sccc.ca\/fr\/wp-json\/wp\/v2\/users\/1"}],"replies":[{"embeddable":true,"href":"https:\/\/cscc-sccc.ca\/fr\/wp-json\/wp\/v2\/comments?post=111666"}],"version-history":[{"count":1,"href":"https:\/\/cscc-sccc.ca\/fr\/wp-json\/wp\/v2\/pages\/111666\/revisions"}],"predecessor-version":[{"id":111667,"href":"https:\/\/cscc-sccc.ca\/fr\/wp-json\/wp\/v2\/pages\/111666\/revisions\/111667"}],"up":[{"embeddable":true,"href":"https:\/\/cscc-sccc.ca\/fr\/wp-json\/wp\/v2\/pages\/111656"}],"wp:attachment":[{"href":"https:\/\/cscc-sccc.ca\/fr\/wp-json\/wp\/v2\/media?parent=111666"}],"curies":[{"name":"wp","href":"https:\/\/api.w.org\/{rel}","templated":true}]}}