{"id":111663,"date":"2023-03-01T09:09:06","date_gmt":"2023-03-01T14:09:06","guid":{"rendered":"https:\/\/cscc-sccc.ca\/joignez-vous-a-la-liste-de-diffusion-du-ccsc\/"},"modified":"2024-04-16T16:35:32","modified_gmt":"2024-04-16T20:35:32","slug":"joignez-vous-a-la-liste-de-diffusion-du-ccsc","status":"publish","type":"page","link":"https:\/\/cscc-sccc.ca\/fr\/education-et-affaires-scientifiques\/joignez-vous-a-la-liste-de-diffusion-du-ccsc\/","title":{"rendered":"Joignez-vous \u00e0 la liste de diffusion du CCSC"},"content":{"rendered":"<div id=\"advanced-editor-block_f729f54137ede6b76a64bf503be6c474\" class=\"wrap-block advanced-editor page_id_111663\">\r\n    <div class=\"grid-container vertical-padding\">\r\n        <div class=\"grid-x\">\r\n            \t\t\t\t\t\r\n                    <div class=\"cell large-6 medium-6 small-12 padding-lrft \" data-column-number=\"1\">\r\n                        <h3><strong>Arri\u00e8re-plan<\/strong><\/h3>\n<p>La <a href=\"https:\/\/lists.queensu.ca\/cgi-bin\/listserv\/wa?A0=CSCC-L\">liste de diffusion du CSCC<\/a> est g\u00e9r\u00e9e par le serveur de l\u2019Universit\u00e9 Queen\u2019s (lists.queensu.ca). Il est ouvert \u00e0 tous les membres du CSCC.<\/p>\n<p>\u00c0 l\u2019heure actuelle, l\u2019information affich\u00e9e n\u2019est pas filtr\u00e9e et tout le contenu soumis \u00e0 la liste de diffusion est automatiquement distribu\u00e9 aux abonn\u00e9s par l\u2019entremise de leur compte de courriel. Les abonn\u00e9s peuvent se retirer de la liste de diffusion en communiquant avec la liste de diffusion et en demandant \u00e0 se d\u00e9sabonner.<\/p>\n<p>&nbsp;<\/p>\n                    <\/div>\r\n                \t\t\t\t\t\r\n                    <div class=\"cell large-6 medium-6 small-12 padding-lrbt \" data-column-number=\"2\">\r\n                        <p>La liste de diffusion du CCSC se veut un forum \u00e9ducatif qui permet aux abonn\u00e9s de participer \u00e0 distance aux discussions. Les sujets de discussion sont d\u00e9termin\u00e9s par les messages des abonn\u00e9s sur la liste de diffusion. Les sujets sont vastes et se r\u00e9partissent actuellement dans les cat\u00e9gories suivantes :<br \/>\n1. Recherche d\u2019un laboratoire de r\u00e9f\u00e9rence pour effectuer un test sp\u00e9cifique<br \/>\n2. Pr\u00e9-analytique<br \/>\n3. Analytique<br \/>\n4. Disponibilit\u00e9 des fournisseurs et des produits<br \/>\n5. Partage de la m\u00e9thode (SOP)<br \/>\n6. Questions de sondage pour la recherche d\u2019un consensus<br \/>\n7. Annonces de l\u2019administration centrale du CSCC<\/p>\n                    <\/div>\r\n                \t\t\t\t\t\r\n                    <div class=\"cell large-12 medium-12 small-12 padding-lrbt \" data-column-number=\"3\">\r\n                        <h2 style=\"text-align: center;\"><strong>Comment s\u2019inscrire \u00e0 la liste de diffusion<\/strong><\/h2>\n<p style=\"text-align: center;\">Seuls les membres du CSCC peuvent s\u2019inscrire \u00e0 la liste de diffusion. Les membres sont automatiquement membres de la liste de diffusion lorsqu\u2019ils se joignent au CSCC. \u00catre retir\u00e9 de la liste de diffusion <a href=\"mailto:info@cscc.ca\">info@cscc.ca<\/a><\/p>\n                    <\/div>\r\n                        <\/div>\r\n    <\/div><!-- .grid-container -->\r\n<\/div><!-- .wrapBlock.advanced-editor --><div id=\"accordion-block_d9266996af351893bd8d10286e3016b5\" class=\"wrap-block accordion\">\r\n    <div class=\"grid-container no-padding-top\">\r\n                    <div class=\"grid-x\">\r\n                <div class=\"cell large-12 medium-12 small-12 text-center controls\">\r\n                    <a href=\"#\" class=\"expand\">Tout d\u00e9velopper +<\/a> | <a href=\"#\" class=\"collapse\">Masquer tout &#8211;<\/a>\r\n                <\/div>\r\n                            <div class=\"cell large-12 medium-12 small-12\">\r\n                    <h3>Cadre de r\u00e9f\u00e9rence<\/h3>\r\n                    <div class=\"accordion-content\">\r\n                        <p><span lang=\"EN-CA\">1. L\u2019objectif de la liste de diffusion de la CSCC est d\u2019offrir un forum de discussion aux abonn\u00e9s de la liste de diffusion. Son avantage par rapport aux autres modes de communication est qu\u2019il diffuse l\u2019information \u00e0 tous les abonn\u00e9s \u00e0 peu de frais, ce qui permet une discussion entre un grand groupe de personnes.  <\/span><\/p>\n<p><span lang=\"EN-CA\">2. Le contenu de la liste de diffusion est d\u00e9termin\u00e9 par ses abonn\u00e9s, mais les abonn\u00e9s \u00e0 la liste de diffusion de la CSCC sont encourag\u00e9s \u00e0 garder \u00e0 l\u2019esprit que la liste de diffusion est un visage de la CSCC.  <\/span><\/p>\n<p><span lang=\"EN-CA\">3. Le contenu de la liste de diffusion doit \u00eatre li\u00e9 \u00e0 la pratique de la chimie clinique. Les pratiques suivantes constituent une utilisation inacceptable de la liste de diffusion :<br \/>\nJe. Sollicitation de membres de listes de diffusion \u00e0 des fins commerciales.<br \/>\nIi. Affichage des demandes li\u00e9es \u00e0 l\u2019emploi dans la profession.<\/span><\/p>\n<p><span lang=\"EN-CA\">4. Les membres qui publient sur la liste de diffusion doivent inclure leur nom complet.<\/span><\/p>\n                    <\/div>\r\n                <\/div>\r\n                            <div class=\"cell large-12 medium-12 small-12\">\r\n                    <h3>Processus d\u2019examen du contenu<\/h3>\r\n                    <div class=\"accordion-content\">\r\n                        <p>L\u2019acceptabilit\u00e9 d\u2019une publication est d\u00e9termin\u00e9e par les commentaires des abonn\u00e9s \u00e0 la liste de diffusion. Si un abonn\u00e9 trouve qu\u2019une publication est inappropri\u00e9e, il doit entamer le processus suivant :<\/p>\n<ol>\n<li>Soumettre une copie de l\u2019affichage avec une br\u00e8ve explication \u00e0 l\u2019administration centrale du CSCC sous la forme d\u2019un message \u00e9lectronique (<a href=\"mailto:info@cscc.ca\">info@cscc.ca<\/a>).<\/li>\n<li>L\u2019administration centrale du CSCC transmettra la pr\u00e9occupation au chef des publications.<\/li>\n<li>Le responsable des publications d\u00e9terminera s\u2019il y a lieu de contacter l\u2019auteur de l\u2019annonce et de l\u2019informer de sa publication inappropri\u00e9e. S\u2019il n\u2019est pas clair comment proc\u00e9der, le chef des publications peut consulter l\u2019ex\u00e9cutif du CSCC pour d\u00e9terminer la pertinence de l\u2019affichage, et cela sera d\u00e9termin\u00e9 par l\u2019impact de l\u2019affichage sur l\u2019image du CSCC. Dans certains cas, l\u2019auteur de l\u2019annonce peut voir ses privil\u00e8ges d\u2019abonnement \u00e0 la liste de diffusion suspendus.<\/li>\n<li>Le chef des publications informera le si\u00e8ge social de la CCSC de la marche \u00e0 suivre.<\/li>\n<\/ol>\n<p>&nbsp;<\/p>\n<p>Approuv\u00e9 par le Conseil de la CCSC<br \/>\n13 f\u00e9vrier 2013<\/p>\n                    <\/div>\r\n                <\/div>\r\n                        <\/div>\r\n            <\/div><!-- grid-container -->\r\n<\/div><!-- .wrapBlock.accordion -->","protected":false},"excerpt":{"rendered":"","protected":false},"author":1,"featured_media":0,"parent":111690,"menu_order":0,"comment_status":"closed","ping_status":"closed","template":"","meta":{"_acf_changed":false,"footnotes":""},"class_list":["post-111663","page","type-page","status-publish","hentry"],"acf":[],"_links":{"self":[{"href":"https:\/\/cscc-sccc.ca\/fr\/wp-json\/wp\/v2\/pages\/111663","targetHints":{"allow":["GET"]}}],"collection":[{"href":"https:\/\/cscc-sccc.ca\/fr\/wp-json\/wp\/v2\/pages"}],"about":[{"href":"https:\/\/cscc-sccc.ca\/fr\/wp-json\/wp\/v2\/types\/page"}],"author":[{"embeddable":true,"href":"https:\/\/cscc-sccc.ca\/fr\/wp-json\/wp\/v2\/users\/1"}],"replies":[{"embeddable":true,"href":"https:\/\/cscc-sccc.ca\/fr\/wp-json\/wp\/v2\/comments?post=111663"}],"version-history":[{"count":1,"href":"https:\/\/cscc-sccc.ca\/fr\/wp-json\/wp\/v2\/pages\/111663\/revisions"}],"predecessor-version":[{"id":111665,"href":"https:\/\/cscc-sccc.ca\/fr\/wp-json\/wp\/v2\/pages\/111663\/revisions\/111665"}],"up":[{"embeddable":true,"href":"https:\/\/cscc-sccc.ca\/fr\/wp-json\/wp\/v2\/pages\/111690"}],"wp:attachment":[{"href":"https:\/\/cscc-sccc.ca\/fr\/wp-json\/wp\/v2\/media?parent=111663"}],"curies":[{"name":"wp","href":"https:\/\/api.w.org\/{rel}","templated":true}]}}