{"id":111662,"date":"2023-03-01T09:12:34","date_gmt":"2023-03-01T14:12:34","guid":{"rendered":"https:\/\/cscc-sccc.ca\/groupes-dinteret-et-comites\/tests-au-point-dintervention-sig\/"},"modified":"2024-04-15T12:24:22","modified_gmt":"2024-04-15T16:24:22","slug":"tests-au-point-dintervention-sig","status":"publish","type":"page","link":"https:\/\/cscc-sccc.ca\/fr\/education-et-affaires-scientifiques\/groupes-dinteret-et-comites\/tests-au-point-dintervention-sig\/","title":{"rendered":"Tests au point d\u2019intervention SIG"},"content":{"rendered":"<div id=\"advanced-editor-block_a509a2b5c75d2096bfc862b57ad11b1e\" class=\"wrap-block advanced-editor page_id_111662\">\r\n    <div class=\"grid-container vertical-padding\">\r\n        <div class=\"grid-x\">\r\n            \t\t\t\t\t\r\n                    <div class=\"cell large-12 medium-12 small-12  \" data-column-number=\"1\">\r\n                        <h1 style=\"text-align: center;\"><a name=\"_Toc126140510\"><\/a><strong>Groupe d\u2019int\u00e9r\u00eat sp\u00e9cial sur les tests au point de service<\/strong><\/h1>\n                    <\/div>\r\n                \t\t\t\t\t\r\n                    <div class=\"cell large-6 medium-6 small-12 padding-tlrb \" data-column-number=\"2\">\r\n                        <h3><strong>But:<\/strong><\/h3>\n<p>Fournir un lieu de collaboration pour partager les d\u00e9fis associ\u00e9s au POCT et faciliter l\u2019\u00e9laboration de strat\u00e9gies et d\u2019orientations visant \u00e0 am\u00e9liorer la qualit\u00e9 du POCT, quel que soit l\u2019endroit o\u00f9 le POCT est ex\u00e9cut\u00e9.<\/p>\n<p>&nbsp;<\/p>\n<h3><strong>Chaise:<\/strong><\/h3>\n<h3><strong>Dre Julie Shaw<\/strong><\/h3>\n<p>Mandat : 2014 \u00e0 aujourd\u2019hui<\/p>\n<p>&nbsp;<\/p>\n<h3><strong>Membres:<\/strong><\/h3>\n<p>Cynthia Balion<br \/>\nPlage de Lori<br \/>\nTeralee Burton<br \/>\nDavor Brinc<br \/>\nAmir Karin<br \/>\nAnna Fuezery<br \/>\nAngela Fung<br \/>\nYun Huang<br \/>\nSukhbir Kaur<br \/>\nAdil Khan<br \/>\nMichael Knauer<br \/>\nDailin Li<br \/>\nF\u00e9lix Leung<br \/>\nSamantha Logan<br \/>\nAndr\u00e9 Mattman<br \/>\nLyne Massicottee<br \/>\nN. Nochard<br \/>\nHeather Paul<br \/>\nAtoosa Rezvanpour<br \/>\nJennifer Shea<br \/>\nVinita Thakur<br \/>\nLaurel Thorlacius<br \/>\nAllison Venner<br \/>\nPaul Yip<\/p>\n                    <\/div>\r\n                \t\t\t\t\t\r\n                    <div class=\"cell large-6 medium-6 small-12 padding-tlrb \" data-column-number=\"3\">\r\n                        <h3><strong>Publications:<\/strong><\/h3>\n<table style=\"border-collapse: collapse; width: 100%;\">\n<tbody>\n<tr>\n<td style=\"width: 100%;\">\n<ul>\n<li><a href=\"https:\/\/www.degruyter.com\/document\/doi\/10.1515\/cclm-2023-0147\/html\" target=\"_blank\" rel=\"noopener\">\u00c9tablissement d\u2019indicateurs de qualit\u00e9 pour les tests de glyc\u00e9mie au point de service : recommandations des groupes d\u2019int\u00e9r\u00eat sp\u00e9ciaux de la Soci\u00e9t\u00e9 canadienne des chimistes cliniciens sur les tests au point de service et les indicateurs de qualit\u00e9.<\/a>\n<p>(tel que publi\u00e9 dans <em>Clin Chem Lab Med<\/em>. Volume 61, Num\u00e9ro 7, Pages 1280-1287 (avril 2023))<\/li>\n<\/ul>\n<\/td>\n<\/tr>\n<tr>\n<td style=\"width: 100%;\">\n<ul>\n<li><a href=\"https:\/\/www.sciencedirect.com\/science\/article\/pii\/S0009912017310548\/pdfft?md5=2d58a5c75076f6ddd51cdfdd1a0c8fae&amp;pid=1-s2.0-S0009912017310548-main.pdf\">Tests au point de service : \u00c9nonc\u00e9 de position de la Soci\u00e9t\u00e9 canadienne des chimistes cliniciens<\/a><br \/>\n(tel que publi\u00e9 dans <a href=\"https:\/\/www.sciencedirect.com\/journal\/clinical-biochemistry\/vol\/53\/suppl\/C\"><br \/>\n  <em>Clinical Biochemistry<\/em><br \/>\n<\/a>, Volume 53, Pages 156-159 (mars 2018))<\/li>\n<\/ul>\n<\/td>\n<\/tr>\n<tr>\n<td style=\"width: 100%;\">\n<ul>\n<li><a href=\"https:\/\/pdf.sciencedirectassets.com\/271896\/1-s2.0-S0009912021X00021\/1-s2.0-S0009912020308857\/main.pdf?X-Amz-Security-Token=IQoJb3JpZ2luX2VjEI7%2F%2F%2F%2F%2F%2F%2F%2F%2F%2FwEaCXVzLWVhc3QtMSJGMEQCIDUJ%2BFav7VW5lokHVklpkCzYrlhZIJ1aWjrSTqXaq%2F32AiAETJXayi3Z9%2B8WXAzNTnAB5MjU4MPAmwm%2BIU5yErAk%2ByrVBAj3%2F%2F%2F%2F%2F%2F%2F%2F%2F%2F8BEAUaDDA1OTAwMzU0Njg2NSIM4hz9Rsm4le21SuKpKqkElegJc%2Fxovu%2FL2%2FWY5t4YFePtmHDOuRHxQXBR0RYwN2mkau3CHfezkS0tHuDGvc9xMz9O46GUMaegnatQxhlAYMz2OLuH1ZTAs49C75oyOlSaxO3zeBH56PDa5kEwwXeir3iQweTdFjODEBdJxPAM3bLM%2BvgGCkRp9dAd8B1tOCLmdU6nAo7VgiBtBQlfyu%2BEvhsRxQimoDwd%2BD%2B9dGVeoNCTrxQ578KtNuCFHRWeR2rZQQPS4Z3wkqDU%2FCsn1Un638UliyqDKWZWbnjXySgdmv8p3p0jL%2FPBXXs%2BWIsHSC2sJlONiBwhhBdY4iE8BvkpKyDM6E5Zp6bejXQJMYk1C97E8WN7xgslxahnOgipu%2FJgxYpIE9ifYEAKEtJwpSyrFs9NJ1EwzhiZjN3yNXd0sqhdlUuB0nv%2FfxEkt6NnAKYwdu5gVxeZMqDM8f851LfIBQkWRtEoBrPxp523qLWzICywORgh7K2i9N6wrj7kzjwI9KbOzwnoXY6wHpf8hqNUEUCAQTC60x8qCg2b09MKqG16DrKaZhw4YgJF68mSzUSjHRXQzoZIBv9B5ApmpTAskXfY68cxfRwcpllESu9G3Wd2q2XBe817uB4n7%2BZ%2FLOES80x0G08bZy4RLomAoZvX7neVSfEHZQhu6Qw%2BTon%2FRbeAUEIV9kK%2FAs81Vm3x3%2FDaUSRqJhd5h1sO1TtbOGlMsY7jZE68cJXyi37wnqpBdYCSnrm56DEqxzDTqcGeBjqqAbQmEOadLXEAidcobj%2F096nh7kAkywztbPtxJHlT8xdLY1zTz7FUSvaDjQ1gLfpkXZQtDXGEoD2kqIkNNHxPeG3G69%2BQD0MQKl79wTLUMVSKSm5%2Bs0PeJJAFUMI5UtyDKhmMKzG9XJOMSlpYYo2zb5Xg6ka%2BetOz%2BOrM%2FBpqLEjGYU5pq0pszAgb%2B4wZRydOvwsBieqWAnXfcNQS93X7tCi6IQRHwKOfloWV&amp;X-Amz-Algorithm=AWS4-HMAC-SHA256&amp;X-Amz-Date=20230124T233428Z&amp;X-Amz-SignedHeaders=host&amp;X-Amz-Expires=300&amp;X-Amz-Credential=ASIAQ3PHCVTY7JNQ3YRO%2F20230124%2Fus-east-1%2Fs3%2Faws4_request&amp;X-Amz-Signature=64f26fe8b998a3be1e95968d4af1ad70cf6aea7fbde4e63d7564545d9a5e9f6c&amp;hash=14e9d044122fd7e2aec0153f567e3b606345d5a62631fc6847811288e9c9c7f6&amp;host=68042c943591013ac2b2430a89b270f6af2c76d8dfd086a07176afe7c76c2c61&amp;pii=S0009912020308857&amp;tid=spdf-991957fb-4fdf-4afc-901a-71fce6a144c0&amp;sid=dd73525a2af48240f8299e0228ed8dbcc19dgxrqa&amp;type=client&amp;tsoh=d3d3LXNjaWVuY2VkaXJlY3QtY29tLmV6cHJveHkubGlicmFyeS51YmMuY2E%3D&amp;ua=0d04585e0b0d565153&amp;rr=78ec94787bf66811&amp;cc=ca\">Pratiques d\u2019assurance de la qualit\u00e9 pour les programmes d\u2019essais au point de service : Recommandations du groupe d\u2019int\u00e9r\u00eat sur les tests au point de service de la Soci\u00e9t\u00e9 canadienne des chimistes cliniciens<\/a><br \/>\n(tel que publi\u00e9 dans <a href=\"https:\/\/www.sciencedirect.com\/journal\/clinical-biochemistry\/vol\/88\/suppl\/C\"><br \/>\n  <em>Clinical Biochemistry<\/em><br \/>\n<\/a><span style=\"color: #182d56;\">, Volume 88, Pages 11-17 (f\u00e9vrier 2021))<\/span><\/li>\n<\/ul>\n<\/td>\n<\/tr>\n<tr>\n<td style=\"width: 100%;\">\n<ul>\n<li><a href=\"https:\/\/www.jogc.com\/article\/S1701-2163(21)00497-7\/pdf\">Test intrapartum du lactate du cuir chevelu f\u0153tal : consid\u00e9rations pour la mise en \u0153uvre et la prise de d\u00e9cision clinique<\/a><br \/>\n(tel que publi\u00e9 dans <a href=\"https:\/\/www.jogc.com\/issue\/S1701-2163(21)X0010-2\">J OBstet Gynaecol Can<\/a>., Volume 43, Num\u00e9ro 11, Pages 1244-1246 (Nov 2021))<\/li>\n<\/ul>\n<\/td>\n<\/tr>\n<\/tbody>\n<\/table>\n<p>&nbsp;<\/p>\n<h3><strong>Activit\u00e9s g\u00e9n\u00e9rales&nbsp;:<\/strong><\/h3>\n<p>Ce groupe a pour objectif de se r\u00e9unir annuellement lors de l\u2019assembl\u00e9e annuelle de la CCSC et tient \u00e9galement des r\u00e9unions virtuelles tout au long de l\u2019ann\u00e9e, au besoin.<\/p>\n<ul>\n<li>Des sous-comit\u00e9s au sein du groupe sont form\u00e9s pour travailler sur des projets d\u00e9di\u00e9s. Ces groupes se r\u00e9unissent virtuellement.<\/li>\n<li>Ce groupe travaillera par correspondance par courriel au cours de l\u2019ann\u00e9e<\/li>\n<li>Les membres individuels auront l\u2019occasion de partager les d\u00e9fis qu\u2019ils ont rencontr\u00e9s ainsi que leurs strat\u00e9gies<\/li>\n<li>Le mandat de ce groupe sera d\u2019\u00e9laborer des strat\u00e9gies coh\u00e9rentes pour relever les d\u00e9fis auxquels sont confront\u00e9s les programmes de CPP, en particulier en ce qui concerne les exigences en mati\u00e8re d\u2019agr\u00e9ment<\/li>\n<\/ul>\n<p>Activit\u00e9s actuelles du sous-groupe :<\/p>\n<ol>\n<li>Mise en place d\u2019indicateurs de qualit\u00e9 pour le POCT \u2013 en collaboration avec le QI SIG \u2013 pr\u00e9sid\u00e9 par J. Shaw et V. De Guire<\/li>\n<li>R\u00e9daction d\u2019un document de consensus pour l\u2019utilisation de la SGC en milieu hospitalier. En collaboration avec l\u2019AACC, l\u2019ADA et Diab\u00e8te Canada \u2013 Pr\u00e9sid\u00e9 par J. Shaw<\/li>\n<li>D\u00e9fis li\u00e9s \u00e0 l\u2019exactitude et \u00e0 la pr\u00e9cision des tests de glyc\u00e9mie POCT chez les patients n\u00e9onatals \u2013 pr\u00e9sid\u00e9 par J. Shaw<\/li>\n<li>POCT r\u00e9alis\u00e9 par des assistants de laboratoire m\u00e9dical pour aider \u00e0 rem\u00e9dier aux p\u00e9nuries de ressources humaines en sant\u00e9 \u2013 Pr\u00e9sid\u00e9 par J. Shaw<\/li>\n<li>Orientation pour le POCT effectu\u00e9 \u00e0 l\u2019ext\u00e9rieur du milieu hospitalier \u2013 Pr\u00e9sid\u00e9 par A. Mattman<\/li>\n<li>POCT r\u00e9alis\u00e9 par EMS \u2013 Pr\u00e9sid\u00e9 par A. Fuezery<\/li>\n<li>R\u00e9solution des probl\u00e8mes de pr\u00e9cision li\u00e9s \u00e0 la POCT pour le lactate du cuir chevelu f\u0153tal \u2013 Pr\u00e9sid\u00e9 par A. Fung<\/li>\n<li>\u00c9laboration de recommandations Choisir avec soin pour le CPSP \u2013 Pr\u00e9sid\u00e9 par A. Venner<\/li>\n<\/ol>\n                    <\/div>\r\n                        <\/div>\r\n    <\/div><!-- .grid-container -->\r\n<\/div><!-- .wrapBlock.advanced-editor -->","protected":false},"excerpt":{"rendered":"","protected":false},"author":1,"featured_media":0,"parent":111656,"menu_order":0,"comment_status":"closed","ping_status":"closed","template":"","meta":{"_acf_changed":false,"footnotes":""},"class_list":["post-111662","page","type-page","status-publish","hentry"],"acf":[],"_links":{"self":[{"href":"https:\/\/cscc-sccc.ca\/fr\/wp-json\/wp\/v2\/pages\/111662","targetHints":{"allow":["GET"]}}],"collection":[{"href":"https:\/\/cscc-sccc.ca\/fr\/wp-json\/wp\/v2\/pages"}],"about":[{"href":"https:\/\/cscc-sccc.ca\/fr\/wp-json\/wp\/v2\/types\/page"}],"author":[{"embeddable":true,"href":"https:\/\/cscc-sccc.ca\/fr\/wp-json\/wp\/v2\/users\/1"}],"replies":[{"embeddable":true,"href":"https:\/\/cscc-sccc.ca\/fr\/wp-json\/wp\/v2\/comments?post=111662"}],"version-history":[{"count":1,"href":"https:\/\/cscc-sccc.ca\/fr\/wp-json\/wp\/v2\/pages\/111662\/revisions"}],"predecessor-version":[{"id":111664,"href":"https:\/\/cscc-sccc.ca\/fr\/wp-json\/wp\/v2\/pages\/111662\/revisions\/111664"}],"up":[{"embeddable":true,"href":"https:\/\/cscc-sccc.ca\/fr\/wp-json\/wp\/v2\/pages\/111656"}],"wp:attachment":[{"href":"https:\/\/cscc-sccc.ca\/fr\/wp-json\/wp\/v2\/media?parent=111662"}],"curies":[{"name":"wp","href":"https:\/\/api.w.org\/{rel}","templated":true}]}}