{"id":111659,"date":"2023-03-01T09:15:27","date_gmt":"2023-03-01T14:15:27","guid":{"rendered":"https:\/\/cscc-sccc.ca\/groupes-dinteret-et-comites\/groupe-de-travail-sur-la-gestion-de-la-qualite\/"},"modified":"2024-04-15T12:24:21","modified_gmt":"2024-04-15T16:24:21","slug":"groupe-de-travail-sur-la-gestion-de-la-qualite","status":"publish","type":"page","link":"https:\/\/cscc-sccc.ca\/fr\/education-et-affaires-scientifiques\/groupes-dinteret-et-comites\/groupe-de-travail-sur-la-gestion-de-la-qualite\/","title":{"rendered":"Groupe de travail sur la gestion de la qualit\u00e9"},"content":{"rendered":"<div id=\"advanced-editor-block_6b500650f5d6812d9278446320c96397\" class=\"wrap-block advanced-editor page_id_111659\">\r\n    <div class=\"grid-container vertical-padding\">\r\n        <div class=\"grid-x\">\r\n            \t\t\t\t\t\r\n                    <div class=\"cell large-12 medium-12 small-12 padding-bottom \" data-column-number=\"1\">\r\n                        <h1 style=\"text-align: center;\"><strong>Groupe de travail du CSCC sur la gestion de la qualit\u00e9 (QM)<\/strong><\/h1>\n                    <\/div>\r\n                \t\t\t\t\t\r\n                    <div class=\"cell large-6 medium-6 small-12 padding-lrbt \" data-column-number=\"2\">\r\n                        <h3 style=\"text-align: left;\"><strong>Aper\u00e7u<\/strong><\/h3>\n<p>Le Groupe de travail sur la gestion de la qualit\u00e9 (GCQ) est un groupe de membres de la CCSC qui s\u2019int\u00e9ressent \u00e0 l\u2019avancement des connaissances en gestion de la qualit\u00e9 parmi les membres de la CCSC et \u00e0 l\u2019\u00e9laboration d\u2019activit\u00e9s \u00e9ducatives visant \u00e0 combler les lacunes dans les connaissances en mati\u00e8re de gestion de la qualit\u00e9.<\/p>\n                    <\/div>\r\n                \t\t\t\t\t\r\n                    <div class=\"cell large-6 medium-6 small-12 padding-lrbt \" data-column-number=\"3\">\r\n                        <h3><strong>But<\/strong><\/h3>\n<ol>\n<li>Promouvoir le leadership en mati\u00e8re de gestion de la qualit\u00e9 en laboratoire, en mettant l\u2019accent sur la s\u00e9curit\u00e9 des patients.<\/li>\n<li>Identifier les comp\u00e9tences cl\u00e9s en mati\u00e8re de leadership et de gestion de la qualit\u00e9 pour les chimistes cliniciens<\/li>\n<li>\u00c9laborer des activit\u00e9s \u00e9ducatives pour combler les lacunes dans les connaissances en gestion de la qualit\u00e9.<\/li>\n<li>Promouvoir \/ d\u00e9velopper des outils \u00e0 l\u2019usage des laboratoires pour r\u00e9duire les erreurs dans le laboratoire<\/li>\n<li>Recommander et \u00e9laborer des strat\u00e9gies pour am\u00e9liorer la qualit\u00e9 de la performance des laboratoires et la s\u00e9curit\u00e9 des patients<\/li>\n<\/ol>\n                    <\/div>\r\n                \t\t\t\t\t\r\n                    <div class=\"cell large-6 medium-6 small-12 padding-lrbt \" data-column-number=\"4\">\r\n                        <p><img loading=\"lazy\" decoding=\"async\" class=\"wp-image-2393 aligncenter\" src=\"https:\/\/cscc-sccc.ca\/wp-content\/uploads\/ed-randell.jpg\" alt=\"Ed Randell\" width=\"400\" height=\"400\" srcset=\"https:\/\/cscc-sccc.ca\/wp-content\/uploads\/ed-randell.jpg 800w, https:\/\/cscc-sccc.ca\/wp-content\/uploads\/ed-randell-500x500.jpg 500w, https:\/\/cscc-sccc.ca\/wp-content\/uploads\/ed-randell-150x150.jpg 150w, https:\/\/cscc-sccc.ca\/wp-content\/uploads\/ed-randell-768x768.jpg 768w\" sizes=\"auto, (max-width: 400px) 85vw, 400px\" \/><\/p>\n<h3 style=\"text-align: center;\"><strong>Pr\u00e9sident : Dr Edward Randell<\/strong><\/h3>\n<p style=\"text-align: center;\">Mandat : 2021 &#8211; pr\u00e9sent<\/p>\n                    <\/div>\r\n                \t\t\t\t\t\r\n                    <div class=\"cell large-6 medium-6 small-12 padding-lrbt \" data-column-number=\"5\">\r\n                        <h3><strong>Membres:<\/strong><\/h3>\n<ul>\n<li>Lynn Allen<\/li>\n<li>Saranya Arnoldo<\/li>\n<li>Berna Aslan<\/li>\n<li>Ihssan Bouhtiauy<\/li>\n<li>Teralee Burton<\/li>\n<li>Yun Huang<\/li>\n<li>Lianna Kyriakopoulou<\/li>\n<li>Isolde Seiden Long<\/li>\n<li>\u00c9douard Randell<\/li>\n<li>Vinita Thakur<\/li>\n<li>Paul Yip<\/li>\n<\/ul>\n                    <\/div>\r\n                        <\/div>\r\n    <\/div><!-- .grid-container -->\r\n<\/div><!-- .wrapBlock.advanced-editor -->","protected":false},"excerpt":{"rendered":"","protected":false},"author":1,"featured_media":0,"parent":111656,"menu_order":0,"comment_status":"closed","ping_status":"closed","template":"","meta":{"_acf_changed":false,"footnotes":""},"class_list":["post-111659","page","type-page","status-publish","hentry"],"acf":[],"_links":{"self":[{"href":"https:\/\/cscc-sccc.ca\/fr\/wp-json\/wp\/v2\/pages\/111659","targetHints":{"allow":["GET"]}}],"collection":[{"href":"https:\/\/cscc-sccc.ca\/fr\/wp-json\/wp\/v2\/pages"}],"about":[{"href":"https:\/\/cscc-sccc.ca\/fr\/wp-json\/wp\/v2\/types\/page"}],"author":[{"embeddable":true,"href":"https:\/\/cscc-sccc.ca\/fr\/wp-json\/wp\/v2\/users\/1"}],"replies":[{"embeddable":true,"href":"https:\/\/cscc-sccc.ca\/fr\/wp-json\/wp\/v2\/comments?post=111659"}],"version-history":[{"count":1,"href":"https:\/\/cscc-sccc.ca\/fr\/wp-json\/wp\/v2\/pages\/111659\/revisions"}],"predecessor-version":[{"id":111661,"href":"https:\/\/cscc-sccc.ca\/fr\/wp-json\/wp\/v2\/pages\/111659\/revisions\/111661"}],"up":[{"embeddable":true,"href":"https:\/\/cscc-sccc.ca\/fr\/wp-json\/wp\/v2\/pages\/111656"}],"wp:attachment":[{"href":"https:\/\/cscc-sccc.ca\/fr\/wp-json\/wp\/v2\/media?parent=111659"}],"curies":[{"name":"wp","href":"https:\/\/api.w.org\/{rel}","templated":true}]}}