{"id":111656,"date":"2023-03-01T09:10:00","date_gmt":"2023-03-01T14:10:00","guid":{"rendered":"https:\/\/cscc-sccc.ca\/groupes-dinteret-et-comites\/"},"modified":"2024-05-30T19:52:27","modified_gmt":"2024-05-30T23:52:27","slug":"groupes-dinteret-et-comites","status":"publish","type":"page","link":"https:\/\/cscc-sccc.ca\/fr\/education-et-affaires-scientifiques\/groupes-dinteret-et-comites\/","title":{"rendered":"Groupes d\u2019int\u00e9r\u00eat et comit\u00e9s"},"content":{"rendered":"<div id=\"advanced-editor-block_8282490c837990d458d969b459b1a9a1\" class=\"wrap-block advanced-editor page_id_111656\">\r\n    <div class=\"grid-container vertical-padding\">\r\n        <div class=\"grid-x\">\r\n            \t\t\t\t\t\r\n                    <div class=\"cell large-12 medium-12 small-12  \" data-column-number=\"1\">\r\n                        <p>Un groupe d\u2019int\u00e9r\u00eat ou un groupe de travail de la CCSC est une communaut\u00e9 qui s\u2019int\u00e9resse \u00e0 l\u2019avancement d\u2019un domaine pr\u00e9cis de la connaissance, de l\u2019apprentissage ou de la technologie o\u00f9 les membres coop\u00e8rent pour influer sur leur domaine particulier ou pour produire des solutions dans leur domaine particulier. Les activit\u00e9s consistent g\u00e9n\u00e9ralement en une communication entre les conf\u00e9rences et des s\u00e9ances informelles au sein de la conf\u00e9rence du CSCC.<\/p>\n                    <\/div>\r\n                        <\/div>\r\n    <\/div><!-- .grid-container -->\r\n<\/div><!-- .wrapBlock.advanced-editor --><div id=\"ctas-block_17194ff178cc0d8b18cc63c0799d0b16\" class=\"wrap-block ctas vertical-padding\">\n\t<div class=\"grid-container\">\n\t\t\t\t<div class=\"grid-x\">\n\t        <div class=\"cell large-12 medium-12 small-12 ctas-title text-center\">\n        \t\t<h3>Groupes d\u2019Int\u00e9r\u00eat Sp\u00e9cial actuels<\/h3>\n            \t\t        <\/div>\n\t    <\/div>\n\t\t\t    <div class=\"grid-x grid-margin-x large-up-2 medium-up-2 small-up-1\">\n\t    \t\t    \t\t\t<div class=\"cell cta\">\n    \t\t\t\t\t<div class=\"grid-x\">\n    \t\t\t\t\t\t<div class=\"cell shrink image-cell\">\n    \t\t\t\t\t\t\t    \t\t\t\t\t\t<\/div>\n    \t\t\t\t\t\t<div class=\"cell auto description text-center\" data-equalizer>\n    \t\t\t\t\t\t\t<h4>Groupe d\u2019int\u00e9r\u00eat CALIPER<\/h4>\n\t\t\t\t    \t\t\t\t\t\t\t    \t\t\t<a href=\"https:\/\/cscc-sccc.ca\/fr\/education-scientific-affairs\/interest-groups-committees\/caliper-sig\/\" target=\"_blanc\" class=\"read-more\">Lire la suite<\/a>    \t\t\t\t\t\t<\/div>\n    \t\t\t\t\t<\/div>\n\t\t    \t\t<\/div>\n\t    \t\t\t    \t\t\t<div class=\"cell cta\">\n    \t\t\t\t\t<div class=\"grid-x\">\n    \t\t\t\t\t\t<div class=\"cell shrink image-cell\">\n    \t\t\t\t\t\t\t    \t\t\t\t\t\t<\/div>\n    \t\t\t\t\t\t<div class=\"cell auto description text-center\" data-equalizer>\n    \t\t\t\t\t\t\t<h4>Groupe d\u2019int\u00e9r\u00eat COVID-19 (inactif)<\/h4>\n\t\t\t\t    \t\t\t\t\t\t\t    \t\t\t<a href=\"https:\/\/cscc-sccc.ca\/fr\/education-scientific-affairs\/interest-groups-committees\/covid-19-sig\/\" target=\"_blanc\" class=\"read-more\">Lire la suite<\/a>    \t\t\t\t\t\t<\/div>\n    \t\t\t\t\t<\/div>\n\t\t    \t\t<\/div>\n\t    \t\t\t    \t\t\t<div class=\"cell cta\">\n    \t\t\t\t\t<div class=\"grid-x\">\n    \t\t\t\t\t\t<div class=\"cell shrink image-cell\">\n    \t\t\t\t\t\t\t    \t\t\t\t\t\t<\/div>\n    \t\t\t\t\t\t<div class=\"cell auto description text-center\" data-equalizer>\n    \t\t\t\t\t\t\t<h4>Groupe d\u2019Int\u00e9r\u00eat sur la Gammopathie Monoclonale (MGIG)<\/h4>\n\t\t\t\t    \t\t\t\t\t\t\t    \t\t\t<a href=\"https:\/\/cscc-sccc.ca\/fr\/education-scientific-affairs\/interest-groups-committees\/monoclonal-gammopathy-sig\/\" target=\"_blanc\" class=\"read-more\">Lire la suite<\/a>    \t\t\t\t\t\t<\/div>\n    \t\t\t\t\t<\/div>\n\t\t    \t\t<\/div>\n\t    \t\t\t    \t\t\t<div class=\"cell cta\">\n    \t\t\t\t\t<div class=\"grid-x\">\n    \t\t\t\t\t\t<div class=\"cell shrink image-cell\">\n    \t\t\t\t\t\t\t    \t\t\t\t\t\t<\/div>\n    \t\t\t\t\t\t<div class=\"cell auto description text-center\" data-equalizer>\n    \t\t\t\t\t\t\t<h4>Groupe de discussion sur la biochimie p\u00e9diatrique et p\u00e9rinatale<\/h4>\n\t\t\t\t    \t\t\t\t\t\t\t    \t\t\t<a href=\"https:\/\/cscc-sccc.ca\/fr\/education-scientific-affairs\/interest-groups-committees\/pediatric-perinatal-sig\/\" target=\"_blanc\" class=\"read-more\">Lire la suite<\/a>    \t\t\t\t\t\t<\/div>\n    \t\t\t\t\t<\/div>\n\t\t    \t\t<\/div>\n\t    \t\t\t    \t\t\t<div class=\"cell cta\">\n    \t\t\t\t\t<div class=\"grid-x\">\n    \t\t\t\t\t\t<div class=\"cell shrink image-cell\">\n    \t\t\t\t\t\t\t    \t\t\t\t\t\t<\/div>\n    \t\t\t\t\t\t<div class=\"cell auto description text-center\" data-equalizer>\n    \t\t\t\t\t\t\t<h4>Groupe d\u2019int\u00e9r\u00eat sur les tests au point de service<\/h4>\n\t\t\t\t    \t\t\t\t\t\t\t    \t\t\t<a href=\"https:\/\/cscc-sccc.ca\/fr\/education-scientific-affairs\/interest-groups-committees\/point-of-care-testing-sig\/\" target=\"_blanc\" class=\"read-more\">Lire la suite<\/a>    \t\t\t\t\t\t<\/div>\n    \t\t\t\t\t<\/div>\n\t\t    \t\t<\/div>\n\t    \t\t\t    \t\t\t<div class=\"cell cta\">\n    \t\t\t\t\t<div class=\"grid-x\">\n    \t\t\t\t\t\t<div class=\"cell shrink image-cell\">\n    \t\t\t\t\t\t\t    \t\t\t\t\t\t<\/div>\n    \t\t\t\t\t\t<div class=\"cell auto description text-center\" data-equalizer>\n    \t\t\t\t\t\t\t<h4>Groupe d\u2019int\u00e9r\u00eat sur l\u2019am\u00e9lioration de la qualit\u00e9 gr\u00e2ce aux indicateurs de qualit\u00e9<\/h4>\n\t\t\t\t    \t\t\t\t\t\t\t    \t\t\t<a href=\"https:\/\/cscc-sccc.ca\/fr\/education-scientific-affairs\/interest-groups-committees\/quality-indicators-sig\/\" target=\"_blanc\" class=\"read-more\">Lire la suite<\/a>    \t\t\t\t\t\t<\/div>\n    \t\t\t\t\t<\/div>\n\t\t    \t\t<\/div>\n\t    \t\t\t    \t\t\t<div class=\"cell cta\">\n    \t\t\t\t\t<div class=\"grid-x\">\n    \t\t\t\t\t\t<div class=\"cell shrink image-cell\">\n    \t\t\t\t\t\t\t    \t\t\t\t\t\t<\/div>\n    \t\t\t\t\t\t<div class=\"cell auto description text-center\" data-equalizer>\n    \t\t\t\t\t\t\t<h4>Groupe d\u2019Int\u00e9r\u00eat Toxicologie<\/h4>\n\t\t\t\t    \t\t\t\t\t\t\t    \t\t\t<a href=\"https:\/\/cscc-sccc.ca\/fr\/education-scientific-affairs\/interest-groups-committees\/toxicology-sig\/\" target=\"_blanc\" class=\"read-more\">Lire la suite<\/a>    \t\t\t\t\t\t<\/div>\n    \t\t\t\t\t<\/div>\n\t\t    \t\t<\/div>\n\t    \t\t\t    \t\t\t<div class=\"cell cta\">\n    \t\t\t\t\t<div class=\"grid-x\">\n    \t\t\t\t\t\t<div class=\"cell shrink image-cell\">\n    \t\t\t\t\t\t\t    \t\t\t\t\t\t<\/div>\n    \t\t\t\t\t\t<div class=\"cell auto description text-center\" data-equalizer>\n    \t\t\t\t\t\t\t<h4>Groupe d\u2019int\u00e9r\u00eat sur la gestion de l\u2019utilisation<\/h4>\n\t\t\t\t    \t\t\t\t\t\t\t    \t\t\t<a href=\"https:\/\/cscc-sccc.ca\/fr\/education-scientific-affairs\/interest-groups-committees\/utilization-management-sig\/\" target=\"_blanc\" class=\"read-more\">Lire la suite<\/a>    \t\t\t\t\t\t<\/div>\n    \t\t\t\t\t<\/div>\n\t\t    \t\t<\/div>\n\t    \t\t\t    \t\t    <\/div>\n\t<\/div><!-- .grid-container -->\n<\/div><!-- .wrapBlock.ctas --><div id=\"ctas-block_5fd669b2b0bebb0edad2353dbd22fdd1\" class=\"wrap-block ctas vertical-padding\">\n\t<div class=\"grid-container\">\n\t\t\t\t<div class=\"grid-x\">\n\t        <div class=\"cell large-12 medium-12 small-12 ctas-title text-center\">\n        \t\t<h3>Groupes de travail actuels<\/h3>\n            \t\t        <\/div>\n\t    <\/div>\n\t\t\t    <div class=\"grid-x grid-margin-x large-up-2 medium-up-2 small-up-1\">\n\t    \t\t    \t\t\t<div class=\"cell cta\">\n    \t\t\t\t\t<div class=\"grid-x\">\n    \t\t\t\t\t\t<div class=\"cell shrink image-cell\">\n    \t\t\t\t\t\t\t    \t\t\t\t\t\t<\/div>\n    \t\t\t\t\t\t<div class=\"cell auto description text-center\" data-equalizer>\n    \t\t\t\t\t\t\t<h4>Groupe de travail de la CCSC sur l\u2019harmonisation des intervalles de r\u00e9f\u00e9rence<\/h4>\n\t\t\t\t    \t\t\t\t\t\t\t    \t\t\t<a href=\"https:\/\/cscc-sccc.ca\/fr\/education-scientific-affairs\/interest-groups-committees\/harmonization-of-reference-intervals-working-group\/\" target=\"_blanc\" class=\"read-more\">Lire la suite<\/a>    \t\t\t\t\t\t<\/div>\n    \t\t\t\t\t<\/div>\n\t\t    \t\t<\/div>\n\t    \t\t\t    \t\t\t<div class=\"cell cta\">\n    \t\t\t\t\t<div class=\"grid-x\">\n    \t\t\t\t\t\t<div class=\"cell shrink image-cell\">\n    \t\t\t\t\t\t\t    \t\t\t\t\t\t<\/div>\n    \t\t\t\t\t\t<div class=\"cell auto description text-center\" data-equalizer>\n    \t\t\t\t\t\t\t<h4>Groupe de travail du CSCC sur la gestion de la qualit\u00e9 (QM)<\/h4>\n\t\t\t\t    \t\t\t\t\t\t\t    \t\t\t<a href=\"https:\/\/cscc-sccc.ca\/fr\/education-scientific-affairs\/interest-groups-committees\/quality-management-working-group\/\" target=\"_blanc\" class=\"read-more\">Lire la suite<\/a>    \t\t\t\t\t\t<\/div>\n    \t\t\t\t\t<\/div>\n\t\t    \t\t<\/div>\n\t    \t\t\t    \t\t    <\/div>\n\t<\/div><!-- .grid-container -->\n<\/div><!-- .wrapBlock.ctas --><div id=\"ctas-block_0e15861ec6ea61d2de35275a38633b81\" class=\"wrap-block ctas vertical-padding\">\n\t<div class=\"grid-container\">\n\t\t\t\t<div class=\"grid-x\">\n\t        <div class=\"cell large-12 medium-12 small-12 ctas-title text-center\">\n        \t\t<h3>Comit\u00e9s actuels<\/h3>\n            \t\t        <\/div>\n\t    <\/div>\n\t\t\t    <div class=\"grid-x grid-margin-x large-up-2 medium-up-2 small-up-1\">\n\t    \t\t    \t\t\t<div class=\"cell cta\">\n    \t\t\t\t\t<div class=\"grid-x\">\n    \t\t\t\t\t\t<div class=\"cell shrink image-cell\">\n    \t\t\t\t\t\t\t    \t\t\t\t\t\t<\/div>\n    \t\t\t\t\t\t<div class=\"cell auto description text-center\" data-equalizer>\n    \t\t\t\t\t\t\t<h4>\u00c9duquer le public sur la chimie clinique (EPOCC)<\/h4>\n\t\t\t\t    \t\t\t\t\t\t\t    \t\t\t<a href=\"https:\/\/cscc-sccc.ca\/fr\/education-scientific-affairs\/interest-groups-committees\/educating-the-public-on-clinical-chemistry-epocc-committee\/\" target=\"_blanc\" class=\"read-more\">Lire la suite<\/a>    \t\t\t\t\t\t<\/div>\n    \t\t\t\t\t<\/div>\n\t\t    \t\t<\/div>\n\t    \t\t\t    \t\t\t<div class=\"cell cta\">\n    \t\t\t\t\t<div class=\"grid-x\">\n    \t\t\t\t\t\t<div class=\"cell shrink image-cell\">\n    \t\t\t\t\t\t\t    \t\t\t\t\t\t<\/div>\n    \t\t\t\t\t\t<div class=\"cell auto description text-center\" data-equalizer>\n    \t\t\t\t\t\t\t<h4>Comit\u00e9 des archives<\/h4>\n\t\t\t\t    \t\t\t\t\t\t\t    \t\t\t<a href=\"https:\/\/cscc-sccc.ca\/fr\/education-scientific-affairs\/interest-groups-committees\/archives-committee\/\" target=\"_blanc\" class=\"read-more\">Lire la suite<\/a>    \t\t\t\t\t\t<\/div>\n    \t\t\t\t\t<\/div>\n\t\t    \t\t<\/div>\n\t    \t\t\t    \t\t    <\/div>\n\t<\/div><!-- .grid-container -->\n<\/div><!-- .wrapBlock.ctas --><div id=\"ctas-block_6125bb8bc4c50291e4aaba058ef93adf\" class=\"wrap-block ctas vertical-padding\">\n\t<div class=\"grid-container\">\n\t\t\t\t<div class=\"grid-x\">\n\t        <div class=\"cell large-12 medium-12 small-12 ctas-title text-center\">\n        \t\t<h3>Groupes d\u2019int\u00e9r\u00eat archiv\u00e9s<\/h3>\n            \t\t        <\/div>\n\t    <\/div>\n\t\t\t    <div class=\"grid-x grid-margin-x large-up-2 medium-up-2 small-up-1\">\n\t    \t\t    \t\t\t<div class=\"cell cta\">\n    \t\t\t\t\t<div class=\"grid-x\">\n    \t\t\t\t\t\t<div class=\"cell shrink image-cell\">\n    \t\t\t\t\t\t\t    \t\t\t\t\t\t<\/div>\n    \t\t\t\t\t\t<div class=\"cell auto description text-center\" data-equalizer>\n    \t\t\t\t\t\t\t<h4>Groupe d\u2019int\u00e9r\u00eat sur l\u2019autov\u00e9rification (Archiv\u00e9 2016)<\/h4>\n\t\t\t\t    \t\t\t\t\t\t\t    \t\t\t<a href=\"https:\/\/cscc-sccc.ca\/fr\/education-scientific-affairs\/interest-groups-committees\/autoverification-sig-archived\/\" target=\"_blanc\" class=\"read-more\">Lire la suite<\/a>    \t\t\t\t\t\t<\/div>\n    \t\t\t\t\t<\/div>\n\t\t    \t\t<\/div>\n\t    \t\t\t    \t\t\t<div class=\"cell cta\">\n    \t\t\t\t\t<div class=\"grid-x\">\n    \t\t\t\t\t\t<div class=\"cell shrink image-cell\">\n    \t\t\t\t\t\t\t    \t\t\t\t\t\t<\/div>\n    \t\t\t\t\t\t<div class=\"cell auto description text-center\" data-equalizer>\n    \t\t\t\t\t\t\t<h4>Groupe d\u2019int\u00e9r\u00eat sur les fluides (Archiv\u00e9 2016)<\/h4>\n\t\t\t\t    \t\t\t\t\t\t\t    \t\t\t<a href=\"https:\/\/cscc-sccc.ca\/fr\/education-scientific-affairs\/interest-groups-committees\/fluids-sig-archived\/\" target=\"_blanc\" class=\"read-more\">Lire la suite<\/a>    \t\t\t\t\t\t<\/div>\n    \t\t\t\t\t<\/div>\n\t\t    \t\t<\/div>\n\t    \t\t\t    \t\t    <\/div>\n\t<\/div><!-- .grid-container -->\n<\/div><!-- .wrapBlock.ctas -->","protected":false},"excerpt":{"rendered":"","protected":false},"author":1,"featured_media":0,"parent":111690,"menu_order":0,"comment_status":"closed","ping_status":"closed","template":"","meta":{"_acf_changed":false,"footnotes":""},"class_list":["post-111656","page","type-page","status-publish","hentry"],"acf":[],"_links":{"self":[{"href":"https:\/\/cscc-sccc.ca\/fr\/wp-json\/wp\/v2\/pages\/111656","targetHints":{"allow":["GET"]}}],"collection":[{"href":"https:\/\/cscc-sccc.ca\/fr\/wp-json\/wp\/v2\/pages"}],"about":[{"href":"https:\/\/cscc-sccc.ca\/fr\/wp-json\/wp\/v2\/types\/page"}],"author":[{"embeddable":true,"href":"https:\/\/cscc-sccc.ca\/fr\/wp-json\/wp\/v2\/users\/1"}],"replies":[{"embeddable":true,"href":"https:\/\/cscc-sccc.ca\/fr\/wp-json\/wp\/v2\/comments?post=111656"}],"version-history":[{"count":3,"href":"https:\/\/cscc-sccc.ca\/fr\/wp-json\/wp\/v2\/pages\/111656\/revisions"}],"predecessor-version":[{"id":114587,"href":"https:\/\/cscc-sccc.ca\/fr\/wp-json\/wp\/v2\/pages\/111656\/revisions\/114587"}],"up":[{"embeddable":true,"href":"https:\/\/cscc-sccc.ca\/fr\/wp-json\/wp\/v2\/pages\/111690"}],"wp:attachment":[{"href":"https:\/\/cscc-sccc.ca\/fr\/wp-json\/wp\/v2\/media?parent=111656"}],"curies":[{"name":"wp","href":"https:\/\/api.w.org\/{rel}","templated":true}]}}