{"id":111655,"date":"2023-03-01T09:13:25","date_gmt":"2023-03-01T14:13:25","guid":{"rendered":"https:\/\/cscc-sccc.ca\/indicateurs-de-qualite-sig\/"},"modified":"2024-04-15T12:24:22","modified_gmt":"2024-04-15T16:24:22","slug":"indicateurs-de-qualite-sig","status":"publish","type":"page","link":"https:\/\/cscc-sccc.ca\/fr\/education-et-affaires-scientifiques\/groupes-dinteret-et-comites\/indicateurs-de-qualite-sig\/","title":{"rendered":"Indicateurs de qualit\u00e9 SIG"},"content":{"rendered":"<div id=\"advanced-editor-block_ebd20cfe27471276fddf4f38b60ed94a\" class=\"wrap-block advanced-editor page_id_111655\">\r\n    <div class=\"grid-container vertical-padding\">\r\n        <div class=\"grid-x\">\r\n            \t\t\t\t\t\r\n                    <div class=\"cell large-12 medium-12 small-12  \" data-column-number=\"1\">\r\n                        <h1 style=\"text-align: center;\"><strong>Am\u00e9lioration de la qualit\u00e9 gr\u00e2ce aux indicateurs de qualit\u00e9 Groupe d\u2019Int\u00e9r\u00eat Sp\u00e9cial<\/strong><\/h1>\n                    <\/div>\r\n                \t\t\t\t\t\r\n                    <div class=\"cell large-6 medium-6 small-12 padding-tlrb \" data-column-number=\"2\">\r\n                        <h3><strong>But:<\/strong><\/h3>\n<p>Promouvoir l\u2019am\u00e9lioration de la qualit\u00e9 en chimie clinique \u00e0 travers le Canada par la comparaison des indicateurs de qualit\u00e9 (AQ) entre les laboratoires. Promouvoir la normalisation dans le domaine de l\u2019am\u00e9lioration de la qualit\u00e9 en s\u2019appuyant sur les travaux de l\u2019IFCC. Lancement d\u2019une initiative de normalisation en utilisant les QI comme point de r\u00e9f\u00e9rence. Consolidation de la collaboration du CSCC avec le Programme de comparaison des indicateurs de qualit\u00e9 de la SQBC et le Groupe de travail sur les erreurs de laboratoire et la s\u00e9curit\u00e9 des patients de l\u2019IFCC.<\/p>\n                    <\/div>\r\n                \t\t\t\t\t\r\n                    <div class=\"cell large-6 medium-6 small-12 padding-tlrb \" data-column-number=\"3\">\r\n                        <h3><strong>Activit\u00e9s g\u00e9n\u00e9rales&nbsp;:<\/strong><\/h3>\n<ul>\n<li>Publication de lignes directrices sur la normalisation des QI dans le POCT<\/li>\n<li>Int\u00e9gration des QI POCT dans le Programme de comparaison des indicateurs de qualit\u00e9 (SQBC en collaboration avec le CSCC et l\u2019IFCC)<\/li>\n<li>Inscrire des laboratoires de partout au Canada \u00e0 l\u2019initiative d\u2019am\u00e9lioration de la qualit\u00e9 de la SQBC\/CSCC\/IFCC<\/li>\n<\/ul>\n<p>&nbsp;<\/p>\n                    <\/div>\r\n                \t\t\t\t\t\r\n                    <div class=\"cell large-6 medium-6 small-12 padding-tlrb \" data-column-number=\"4\">\r\n                        <h3><strong>Chaise: <\/strong><\/h3>\n<h3><strong>Dr. Vincent De Guire<\/strong><\/h3>\n<p>Mandat : 2020 &#8211; pr\u00e9sent<\/p>\n<p>&nbsp;<\/p>\n<h3><strong>Membres:<\/strong><\/h3>\n<p>Julie Shaw<\/p>\n<p>Saranya Arnoldo<\/p>\n<p>Aslan Berna<\/p>\n<p>Ihssan Bouthiauy<\/p>\n<p>Davor Bric<\/p>\n<p>Miranda Brun<\/p>\n<p>Christine Collier<\/p>\n<p>Anna Fuezery<\/p>\n<p>Angela Fung<\/p>\n<p>Yun Huang<\/p>\n<p>Josko Ivica<\/p>\n<p>Sukhbir Kaur<\/p>\n<p>\u00c9lie Kostantin<\/p>\n<p>Felix Leug<\/p>\n<p>Vinita Thakur<\/p>\n<p>Laurel Thorlacius<\/p>\n<p>Alisson Venner<\/p>\n<p>Paul Yip<\/p>\n                    <\/div>\r\n                \t\t\t\t\t\r\n                    <div class=\"cell large-6 medium-6 small-12 padding-tlrb \" data-column-number=\"5\">\r\n                        <h3><strong>Publications:<\/strong><\/h3>\n<ul>\n<li><a href=\"https:\/\/www.degruyter.com\/document\/doi\/10.1515\/cclm-2023-0147\/html\" target=\"_blank\" rel=\"noopener\">\u00c9tablissement d\u2019indicateurs de qualit\u00e9 pour les tests de glyc\u00e9mie au point de service : recommandations des groupes d\u2019int\u00e9r\u00eat sp\u00e9ciaux de la Soci\u00e9t\u00e9 canadienne des chimistes cliniciens sur les tests au point de service et les indicateurs de qualit\u00e9.<\/a>\n<p>(tel que publi\u00e9 dans <em>Clin Chem Lab Med<\/em>. Volume 61, Num\u00e9ro 7, Pages 1280-1287 (avril 2023))<\/li>\n<\/ul>\n                    <\/div>\r\n                        <\/div>\r\n    <\/div><!-- .grid-container -->\r\n<\/div><!-- .wrapBlock.advanced-editor -->","protected":false},"excerpt":{"rendered":"","protected":false},"author":1,"featured_media":0,"parent":111656,"menu_order":0,"comment_status":"closed","ping_status":"closed","template":"","meta":{"_acf_changed":false,"footnotes":""},"class_list":["post-111655","page","type-page","status-publish","hentry"],"acf":[],"_links":{"self":[{"href":"https:\/\/cscc-sccc.ca\/fr\/wp-json\/wp\/v2\/pages\/111655","targetHints":{"allow":["GET"]}}],"collection":[{"href":"https:\/\/cscc-sccc.ca\/fr\/wp-json\/wp\/v2\/pages"}],"about":[{"href":"https:\/\/cscc-sccc.ca\/fr\/wp-json\/wp\/v2\/types\/page"}],"author":[{"embeddable":true,"href":"https:\/\/cscc-sccc.ca\/fr\/wp-json\/wp\/v2\/users\/1"}],"replies":[{"embeddable":true,"href":"https:\/\/cscc-sccc.ca\/fr\/wp-json\/wp\/v2\/comments?post=111655"}],"version-history":[{"count":2,"href":"https:\/\/cscc-sccc.ca\/fr\/wp-json\/wp\/v2\/pages\/111655\/revisions"}],"predecessor-version":[{"id":111658,"href":"https:\/\/cscc-sccc.ca\/fr\/wp-json\/wp\/v2\/pages\/111655\/revisions\/111658"}],"up":[{"embeddable":true,"href":"https:\/\/cscc-sccc.ca\/fr\/wp-json\/wp\/v2\/pages\/111656"}],"wp:attachment":[{"href":"https:\/\/cscc-sccc.ca\/fr\/wp-json\/wp\/v2\/media?parent=111655"}],"curies":[{"name":"wp","href":"https:\/\/api.w.org\/{rel}","templated":true}]}}