{"id":111649,"date":"2023-03-01T09:10:42","date_gmt":"2023-03-01T14:10:42","guid":{"rendered":"https:\/\/cscc-sccc.ca\/covid-19-sig-inactif\/"},"modified":"2024-04-15T12:24:22","modified_gmt":"2024-04-15T16:24:22","slug":"covid-19-sig-inactif","status":"publish","type":"page","link":"https:\/\/cscc-sccc.ca\/fr\/education-et-affaires-scientifiques\/groupes-dinteret-et-comites\/covid-19-sig-inactif\/","title":{"rendered":"COVID-19 SIG (Inactif)"},"content":{"rendered":"<div id=\"advanced-editor-block_bb31041728f798fc651735483b9b14c4\" class=\"wrap-block advanced-editor page_id_111649\">\r\n    <div class=\"grid-container vertical-padding\">\r\n        <div class=\"grid-x\">\r\n            \t\t\t\t\t\r\n                    <div class=\"cell large-12 medium-12 small-12  \" data-column-number=\"1\">\r\n                        <h1 style=\"text-align: center;\"><strong>Groupe d\u2019int\u00e9r\u00eat sp\u00e9cial COVID-19 (Inactif)<\/strong><\/h1>\n                    <\/div>\r\n                \t\t\t\t\t\r\n                    <div class=\"cell large-6 medium-6 small-12 padding-tlrb \" data-column-number=\"2\">\r\n                        <h3><strong>But:<\/strong><\/h3>\n<p>Un forum pour les membres du CSCC de partout au pays afin de discuter de diff\u00e9rents aspects de la COVID-19 et du r\u00f4le des biochimistes cliniques dans la r\u00e9ponse des soins de sant\u00e9 \u00e0 la pand\u00e9mie.<\/p>\n                    <\/div>\r\n                \t\t\t\t\t\r\n                    <div class=\"cell large-6 medium-6 small-12 padding-tlrb \" data-column-number=\"3\">\r\n                        <h3><strong>Activit\u00e9s g\u00e9n\u00e9rales&nbsp;:<\/strong><\/h3>\n<p>Partager les exp\u00e9riences provinciales et les pratiques exemplaires en mati\u00e8re de s\u00e9lection, de validation, de mise en \u0153uvre et d\u2019interpr\u00e9tation des tests de d\u00e9pistage de la COVID-19 (diagnostic, s\u00e9rologie, gestion des maladies)<\/p>\n<p>En collaboration avec le Conseil du CCSC, \u00eatre proactif pour accro\u00eetre la visibilit\u00e9 du r\u00f4le des biochimistes cliniciens canadiens dans la r\u00e9ponse \u00e0 la COVID-19 par le biais de la sensibilisation du public et de l\u2019engagement d\u2019autres organisations professionnelles.<\/p>\n                    <\/div>\r\n                \t\t\t\t\t\r\n                    <div class=\"cell large-6 medium-6 small-12 padding-tlrb \" data-column-number=\"4\">\r\n                        <h3><strong>Co-pr\u00e9sidents :<\/strong><\/h3>\n<h3><strong>Dre Danijela Konforte<\/strong><\/h3>\n<h3><strong>Dr. Ihssan Bouhtiauy<\/strong><\/h3>\n<p>Mandats : 2020 &#8211; 2023<\/p>\n<p>&nbsp;<\/p>\n<h3><strong>Membres:<\/strong><\/h3>\n<p>Colombie-Britannique : Vilte Barakauskas, Mari DeMarco, Sophia Wong, Kaur Sukhbir, Kent Dooley, Joanna Jung<\/p>\n<p>AB : Dennis Orton&nbsp;; Matthew Estey, Allison Venner<\/p>\n<p>QC : Vincent De Guire, Rose Dijana, Nicolas T\u00e9treault<\/p>\n<p>SK : Andrew Lyon (en anglais seulement)<\/p>\n<p>ON&nbsp;: Julie Shaw, Michael Knauer, Saranya Arnoldo, Paul Yip, Ivan Stevic, Yanping Gong, Lusia Sepiashvili, Cristiana Stefan, Jennifer Taher, Uvaraj Uddayasankar, Mohamed Abouelhassan, Nicole White-Al Habeeb, Maria Pasic&nbsp;; Peter Kavsak, Michael Chan, Kika Veljkovic, Vathany Kulasingam, Kun-Young Sohn, Ivan Blasutig, Lei Fu, Yun Huang, Dana Bailey&nbsp;; Tony Chetty, Eleonora Petryayeva, Curtis Oleschuk&nbsp;; Mary Kathryn Bohn&nbsp;; Dorothy Truong, Greg Morgan<\/p>\n<p>NB : Ihssan Bouhtiauy<\/p>\n<p>N.-\u00c9. : Plage Lori ; Amy Lou : Manal Elnenaei<\/p>\n<p>Terre-Neuve-et-Labrador : Ed Randell<\/p>\n<p>\u00cele-du-Prince-\u00c9douard : Jason Robinson<\/p>\n<p>\u00c9tats-Unis : Adil Khan<\/p>\n                    <\/div>\r\n                \t\t\t\t\t\r\n                    <div class=\"cell large-6 medium-6 small-12 padding-tlrb \" data-column-number=\"5\">\r\n                        <h3><strong>Publications:<\/strong><\/h3>\n<table style=\"width: 100%;\" width=\"1213\">\n<tbody>\n<tr>\n<td style=\"width: 100%;\" width=\"1022\">\n<ul>\n<li><a href=\"https:\/\/www.sciencedirect.com\/science\/article\/pii\/S000991202100151X\">Lignes directrices consensuelles de la Soci\u00e9t\u00e9 canadienne des chimistes cliniciens (CCSC) pour l\u2019essai, la s\u00e9lection et la gestion de la qualit\u00e9 des tests de d\u00e9pistage du SRAS-CoV-2 au point de service<\/a><\/li>\n<\/ul>\n<p>(tel que publi\u00e9 dans Clinical Biochemistry, Volume 95, Pages 1-12 (septembre 2021))<\/td>\n<\/tr>\n<tr>\n<td style=\"width: 100%;\" width=\"1022\">\n<ul>\n<li><a href=\"https:\/\/www.cmaj.ca\/content\/192\/34\/E973\">S\u00e9rologie du SRAS-CoV-2 (COVID-19) : implications pour la pratique clinique, la m\u00e9decine de laboratoire et la sant\u00e9 publique<\/a><\/li>\n<\/ul>\n<p>(tel que publi\u00e9 dans JAMC, volume 192, num\u00e9ro 34, pages 973-979 (ao\u00fbt 2020))<\/td>\n<\/tr>\n<tr>\n<td style=\"width: 100%;\" width=\"1022\">\n<ul>\n<li><a href=\"https:\/\/academic.oup.com\/clinchem\/article\/67\/9\/1188\/6178192\">Recommandations pratiques de l\u2019AACC pour la mise en \u0153uvre et l\u2019interpr\u00e9tation de l\u2019autorisation d\u2019utilisation d\u2019urgence du SRAS-CoV-2 et des tests s\u00e9rologiques d\u00e9velopp\u00e9s en laboratoire dans les laboratoires cliniques<\/a><\/li>\n<\/ul>\n<p>(tel que publi\u00e9 dans Clinical Chemistry, Volume 67, Num\u00e9ro 9, Pages 1188-1200 (Sept 2021))<\/td>\n<\/tr>\n<tr>\n<td style=\"width: 100%;\" width=\"1022\">\n<ul>\n<li><a href=\"https:\/\/www.canada.ca\/content\/dam\/phac-aspc\/documents\/services\/reports-publications\/canada-communicable-disease-report-ccdr\/monthly-issue\/2020-46\/issue-11-12-nov-5-2020\/ccdrv46i1112a09-eng.pdf\">Lignes directrices provisoires sur l\u2019utilisation de l\u2019instrument Abbott ID NOWMC et du test COVID-19 pour le compte du R\u00e9seau des laboratoires de sant\u00e9 publique du Canada et de la Soci\u00e9t\u00e9 canadienne des chimistes cliniciens<\/a><\/li>\n<\/ul>\n<p>(tel que publi\u00e9 dans Can Commun Dis Rep, Volume 46, Num\u00e9ro 11\/12, Pages 422-426 (Nov 2020))<\/td>\n<\/tr>\n<\/tbody>\n<\/table>\n<p>&nbsp;<\/p>\n<h3><strong>Sensibilisation:<\/strong><\/h3>\n<ul>\n<li><a href=\"https:\/\/cscc-sccc.ca\/wp-content\/uploads\/UM-SIGs-UM-Project-Practice-Alert-Global-Shortages-2022.pdf\">Alerte \u00e0 la pratique du CSCC \u2013 P\u00e9nuries mondiales de fournitures de laboratoire (mars 2022)<\/a><\/li>\n<\/ul>\n                    <\/div>\r\n                        <\/div>\r\n    <\/div><!-- .grid-container -->\r\n<\/div><!-- .wrapBlock.advanced-editor -->","protected":false},"excerpt":{"rendered":"","protected":false},"author":1,"featured_media":0,"parent":111656,"menu_order":0,"comment_status":"closed","ping_status":"closed","template":"","meta":{"_acf_changed":false,"footnotes":""},"class_list":["post-111649","page","type-page","status-publish","hentry"],"acf":[],"_links":{"self":[{"href":"https:\/\/cscc-sccc.ca\/fr\/wp-json\/wp\/v2\/pages\/111649","targetHints":{"allow":["GET"]}}],"collection":[{"href":"https:\/\/cscc-sccc.ca\/fr\/wp-json\/wp\/v2\/pages"}],"about":[{"href":"https:\/\/cscc-sccc.ca\/fr\/wp-json\/wp\/v2\/types\/page"}],"author":[{"embeddable":true,"href":"https:\/\/cscc-sccc.ca\/fr\/wp-json\/wp\/v2\/users\/1"}],"replies":[{"embeddable":true,"href":"https:\/\/cscc-sccc.ca\/fr\/wp-json\/wp\/v2\/comments?post=111649"}],"version-history":[{"count":1,"href":"https:\/\/cscc-sccc.ca\/fr\/wp-json\/wp\/v2\/pages\/111649\/revisions"}],"predecessor-version":[{"id":111652,"href":"https:\/\/cscc-sccc.ca\/fr\/wp-json\/wp\/v2\/pages\/111649\/revisions\/111652"}],"up":[{"embeddable":true,"href":"https:\/\/cscc-sccc.ca\/fr\/wp-json\/wp\/v2\/pages\/111656"}],"wp:attachment":[{"href":"https:\/\/cscc-sccc.ca\/fr\/wp-json\/wp\/v2\/media?parent=111649"}],"curies":[{"name":"wp","href":"https:\/\/api.w.org\/{rel}","templated":true}]}}