{"id":111648,"date":"2023-03-01T09:13:51","date_gmt":"2023-03-01T14:13:51","guid":{"rendered":"https:\/\/cscc-sccc.ca\/sig-toxicologie\/"},"modified":"2024-04-15T12:24:22","modified_gmt":"2024-04-15T16:24:22","slug":"sig-toxicologie","status":"publish","type":"page","link":"https:\/\/cscc-sccc.ca\/fr\/education-et-affaires-scientifiques\/groupes-dinteret-et-comites\/sig-toxicologie\/","title":{"rendered":"SIG toxicologie"},"content":{"rendered":"<div id=\"advanced-editor-block_0c15a696c9905122b9e4927205c81b2b\" class=\"wrap-block advanced-editor page_id_111648\">\r\n    <div class=\"grid-container vertical-padding\">\r\n        <div class=\"grid-x\">\r\n            \t\t\t\t\t\r\n                    <div class=\"cell large-12 medium-12 small-12  \" data-column-number=\"1\">\r\n                        <h1 style=\"text-align: center;\"><strong>Groupe d\u2019Int\u00e9r\u00eat Sp\u00e9cial Toxicologie<\/strong><\/h1>\n                    <\/div>\r\n                \t\t\t\t\t\r\n                    <div class=\"cell large-6 medium-6 small-12 padding-tlrb \" data-column-number=\"2\">\r\n                        <h3><strong>But:<\/strong><\/h3>\n<p>L\u2019objectif du groupe d\u2019int\u00e9r\u00eat toxicologique est de mieux faire conna\u00eetre les d\u00e9veloppements r\u00e9cents dans des domaines tels que les nouvelles drogues de rue, les nouveaux contaminants des drogues de rue, les nouveaux agents th\u00e9rapeutiques et l\u2019am\u00e9lioration de l\u2019interpr\u00e9tation des r\u00e9sultats cliniquement pertinents&nbsp;; fournir une exp\u00e9rience concr\u00e8te de la toxicologie clinique et des questions sp\u00e9cifiques \u00e0 la GDT, aider les g\u00e9n\u00e9ralistes dans l\u2019interpr\u00e9tation et l\u2019analyse de ces sujets&nbsp;; et d\u2019approfondir les connaissances de base en mati\u00e8re de pharmacologie, de toxicologie et d\u2019analyse, et de d\u00e9finir les domaines cl\u00e9s et nouveaux d\u2019une importance particuli\u00e8re pour le fonctionnement quotidien des laboratoires de toxicologie.<\/p>\n                    <\/div>\r\n                \t\t\t\t\t\r\n                    <div class=\"cell large-6 medium-6 small-12 padding-tlrb \" data-column-number=\"3\">\r\n                        <h3><strong>Activit\u00e9s g\u00e9n\u00e9rales&nbsp;:<\/strong><\/h3>\n<p>Ce groupe d\u2019int\u00e9r\u00eat organise une session lors de la r\u00e9union annuelle o\u00f9 des personnes pr\u00e9sentent des cas et des d\u00e9veloppements r\u00e9cents. Cela fournit un format ouvert pour permettre la libre discussion et le partage d\u2019id\u00e9es. Parmi les sujets abord\u00e9s, mentionnons l\u2019identification d\u2019\u00e9chantillons d\u2019urine frelat\u00e9s, les interactions m\u00e9dicamenteuses li\u00e9es \u00e0 la pharmacog\u00e9nomique, la contamination des drogues de rue et les nouvelles m\u00e9thodes d\u2019identification des drogues consomm\u00e9es, les drogues nouvelles et \u00e9mergentes, les interactions m\u00e9dicamenteuses et les toxicit\u00e9s m\u00e9dicamenteuses.<\/p>\n                    <\/div>\r\n                \t\t\t\t\t\r\n                    <div class=\"cell large-6 medium-6 small-12 padding-tlrb \" data-column-number=\"4\">\r\n                        <h3><strong>Chaise:<\/strong><\/h3>\n<h3><strong>Curtis Oleschuk, Ph. D.<\/strong><\/h3>\n<p>Mandat : 2023 &#8211; pr\u00e9sent<\/p>\n                    <\/div>\r\n                \t\t\t\t\t\r\n                    <div class=\"cell large-6 medium-6 small-12 padding-tlrb \" data-column-number=\"5\">\r\n                        <h3><strong>Membres:<\/strong><\/h3>\n<p>Daniel Beriault<br \/>\nYu Chen<br \/>\nDavid Colantonio<br \/>\nDavid Cole<br \/>\nYanping Gong<br \/>\nBhushan Kapur<br \/>\nDavid Kinniburgh<br \/>\nDon LeGatt<br \/>\nJoseph Macri<br \/>\nManuela Neuman<br \/>\nCurtis Oleschuk<br \/>\nHossein Sadrazadeh<br \/>\nCristiana Stefan<br \/>\nAllison Venner<br \/>\nPaul Yip<\/p>\n                    <\/div>\r\n                        <\/div>\r\n    <\/div><!-- .grid-container -->\r\n<\/div><!-- .wrapBlock.advanced-editor -->","protected":false},"excerpt":{"rendered":"","protected":false},"author":1,"featured_media":0,"parent":111656,"menu_order":0,"comment_status":"closed","ping_status":"closed","template":"","meta":{"_acf_changed":false,"footnotes":""},"class_list":["post-111648","page","type-page","status-publish","hentry"],"acf":[],"_links":{"self":[{"href":"https:\/\/cscc-sccc.ca\/fr\/wp-json\/wp\/v2\/pages\/111648","targetHints":{"allow":["GET"]}}],"collection":[{"href":"https:\/\/cscc-sccc.ca\/fr\/wp-json\/wp\/v2\/pages"}],"about":[{"href":"https:\/\/cscc-sccc.ca\/fr\/wp-json\/wp\/v2\/types\/page"}],"author":[{"embeddable":true,"href":"https:\/\/cscc-sccc.ca\/fr\/wp-json\/wp\/v2\/users\/1"}],"replies":[{"embeddable":true,"href":"https:\/\/cscc-sccc.ca\/fr\/wp-json\/wp\/v2\/comments?post=111648"}],"version-history":[{"count":1,"href":"https:\/\/cscc-sccc.ca\/fr\/wp-json\/wp\/v2\/pages\/111648\/revisions"}],"predecessor-version":[{"id":111651,"href":"https:\/\/cscc-sccc.ca\/fr\/wp-json\/wp\/v2\/pages\/111648\/revisions\/111651"}],"up":[{"embeddable":true,"href":"https:\/\/cscc-sccc.ca\/fr\/wp-json\/wp\/v2\/pages\/111656"}],"wp:attachment":[{"href":"https:\/\/cscc-sccc.ca\/fr\/wp-json\/wp\/v2\/media?parent=111648"}],"curies":[{"name":"wp","href":"https:\/\/api.w.org\/{rel}","templated":true}]}}