{"id":111642,"date":"2023-03-01T09:15:02","date_gmt":"2023-03-01T14:15:02","guid":{"rendered":"https:\/\/cscc-sccc.ca\/groupe-de-travail-sur-lharmonisation-des-intervalles-de-reference\/"},"modified":"2024-04-15T12:24:22","modified_gmt":"2024-04-15T16:24:22","slug":"groupe-de-travail-sur-lharmonisation-des-intervalles-de-reference","status":"publish","type":"page","link":"https:\/\/cscc-sccc.ca\/fr\/education-et-affaires-scientifiques\/groupes-dinteret-et-comites\/groupe-de-travail-sur-lharmonisation-des-intervalles-de-reference\/","title":{"rendered":"Groupe de travail sur l\u2019harmonisation des intervalles de r\u00e9f\u00e9rence"},"content":{"rendered":"<div id=\"advanced-editor-block_360e5a17bb68a5ca03298561f913490f\" class=\"wrap-block advanced-editor page_id_111642\">\r\n    <div class=\"grid-container vertical-padding\">\r\n        <div class=\"grid-x\">\r\n            \t\t\t\t\t\r\n                    <div class=\"cell large-12 medium-12 small-12 padding-bottom \" data-column-number=\"1\">\r\n                        <h1 style=\"text-align: center;\"><strong><span lang=\"EN-CA\">Groupe de travail de la CCSC sur l\u2019harmonisation des intervalles de r\u00e9f\u00e9rence<\/span><\/strong><\/h1>\n                    <\/div>\r\n                \t\t\t\t\t\r\n                    <div class=\"cell large-12 medium-12 small-12 padding-tlrb \" data-column-number=\"2\">\r\n                        <h3><strong>MISSION:<\/strong><\/h3>\n<p>\u00c9tablir des intervalles de r\u00e9f\u00e9rence harmonis\u00e9s\/communs (IRH) fond\u00e9s sur des donn\u00e9es probantes et appuyer leur mise en \u0153uvre dans les laboratoires partout au Canada.<\/p>\n                    <\/div>\r\n                \t\t\t\t\t\r\n                    <div class=\"cell large-12 medium-12 small-12 padding-tlrb \" data-column-number=\"3\">\r\n                        <h3><strong>Activit\u00e9s g\u00e9n\u00e9rales&nbsp;:<\/strong><\/h3>\n<p>Il existe des variations importantes et injustifi\u00e9es dans les intervalles de r\u00e9f\u00e9rence utilis\u00e9s par les laboratoires pour les essais dont la tra\u00e7abilit\u00e9 analytique est \u00e9tablie. Le Groupe de travail du CCSC sur l\u2019harmonisation des intervalles de r\u00e9f\u00e9rence (hRI-WG) vise \u00e0 \u00e9tablir des intervalles de r\u00e9f\u00e9rence harmonis\u00e9s pour les essais en laboratoire et \u00e0 soutenir la mise en \u0153uvre. Les principales activit\u00e9s sont les suivantes :<\/p>\n<ul>\n<li>Mise au point d\u2019une nouvelle approche globale pour l\u2019\u00e9tablissement de l\u2019IRH et son application \u00e0 16 analytes candidats initiaux (analyses \u00e9largies pr\u00e9vues)<\/li>\n<li>\u00c9laboration d\u2019outils pour la mise en \u0153uvre des recommandations de l\u2019IRH dans les laboratoires canadiens, notamment :\n<ul>\n<li>S\u00e9rie d\u2019assembl\u00e9es publiques et de webinaires<\/li>\n<li>Ressources p\u00e9dagogiques<\/li>\n<li>Outils de v\u00e9rification et de marquage<\/li>\n<\/ul>\n<\/li>\n<\/ul>\n<p><strong>D\u2019autres sous-comit\u00e9s visent \u00e9galement \u00e0 harmoniser l\u2019interpr\u00e9tation des r\u00e9sultats d\u2019essais dans des contextes sp\u00e9cialis\u00e9s, notamment :<\/strong><\/p>\n<ul>\n<li>Harmonisation de la d\u00e9claration des lipides chez l\u2019adulte et la p\u00e9diatrie<\/li>\n<li>Harmonisation de l\u2019analyse du LCR pour l\u2019investigation de la scl\u00e9rose en plaques<\/li>\n<\/ul>\n<p>Si vous souhaitez participer, veuillez communiquer avec les copr\u00e9sidents Khosrow Adeli et Christine Collier.<\/p>\n                    <\/div>\r\n                \t\t\t\t\t\r\n                    <div class=\"cell large-6 medium-6 small-12 padding-tlrb \" data-column-number=\"4\">\r\n                        <table width=\"100%\">\n<tbody>\n<tr>\n<td>\n<h3><strong>Co-pr\u00e9sidents :<\/strong><\/h3>\n<\/td>\n<td>Khosrow Adeli et Christine Collier<\/td>\n<\/tr>\n<tr>\n<td><\/td>\n<td><\/td>\n<\/tr>\n<tr>\n<td>\n<h3><strong>Membres:<\/strong><\/h3>\n<\/td>\n<td>Dana Bailey<br \/>\nCynthia BalionDaniel Beriault<br \/>\nGeorge Cembrowski<br \/>\nVictoria Higgins<br \/>\nBenjamin Jung<br \/>\nZahraa Mohammed Ali<br \/>\nKarina Rodriguez-Capote<br \/>\nDavid Seccombe<br \/>\nJennifer Taher<br \/>\nAlbert Tsui<br \/>\nAllison Venner<br \/>\nNicole White-Al Habeeb<br \/>\nJulia Stemp<\/td>\n<\/tr>\n<tr>\n<td><\/td>\n<td><\/td>\n<\/tr>\n<tr>\n<td>\n<h3><strong>Membres \u00e9tudiants postdoctoraux et des cycles sup\u00e9rieurs :<\/strong><\/h3>\n<\/td>\n<td>Mary Kathryn Bohn<\/td>\n<\/tr>\n<tr>\n<td><\/td>\n<td><\/td>\n<\/tr>\n<tr>\n<td>\n<h3><strong>Soutien \u00e0 l\u2019administration centrale du CSCC :<\/strong><\/h3>\n<\/td>\n<td>Erica Lattimore<\/td>\n<\/tr>\n<tr>\n<td><\/td>\n<td><\/td>\n<\/tr>\n<tr>\n<td>\n<h3><strong>Membres du CSCC sur CSCChRI-L :<\/strong><\/h3>\n<\/td>\n<td>\n<ul>\n<li>Terence Agbor<\/li>\n<li>Berna Aslan<\/li>\n<li>David Blank<\/li>\n<li>Jake Cosme<\/li>\n<li>Anna Fuezery<\/li>\n<li>Angela Fung<\/li>\n<li>Trefor Higgins<\/li>\n<li>Josko Ivica<\/li>\n<li>F\u00e9lix Leung<\/li>\n<li>Joe Macri<\/li>\n<li>Ambre Marcano<\/li>\n<li>Pierre-Olivier H\u00e9tu<\/li>\n<li>Michelle Parker<\/li>\n<li>Isolde Seiden Long<\/li>\n<li>Janet Simons<\/li>\n<li>Julie Shaw<\/li>\n<li>Vinita Thakur<\/li>\n<li>Dorothy Truong<\/li>\n<li>Uvaraj Uddayasankar<\/li>\n<li>Paul Yip<\/li>\n<\/ul>\n<\/td>\n<\/tr>\n<tr>\n<td><\/td>\n<td><\/td>\n<\/tr>\n<tr>\n<td>\n<h3><strong>Repr\u00e9sentants des partenaires de l\u2019industrie :<\/strong><\/h3>\n<\/td>\n<td>Christina Fabbro (Abbott)<br \/>\nJoe Bottos (Beckman)<br \/>\nMaria Patru (TOC \u2013 Rochester, NY)<br \/>\nGuy Turcotte (Roche)<br \/>\nMatthew Coughlin (Siemens)<br \/>\nWaihao Tang (Alexion)<\/td>\n<\/tr>\n<tr>\n<td><\/td>\n<td><\/td>\n<\/tr>\n<tr>\n<td>\n<h3><strong>Repr\u00e9sentants aupr\u00e8s d\u2019autres soci\u00e9t\u00e9s :<\/strong><\/h3>\n<\/td>\n<td>K Adeli (AACC, IFCC)<br \/>\nD Seccombe (AACC)<br \/>\nJ Macri (IFCC)<br \/>\nIsolde Seiden-Long (ISO)<br \/>\nBerna Aslan (IQMH)<br \/>\nKaren Scraba (BD)<\/td>\n<\/tr>\n<tr>\n<td><\/td>\n<td><\/td>\n<\/tr>\n<tr>\n<td>\n<h3><strong>Autres associations et collaborateurs :<\/strong><\/h3>\n<\/td>\n<td>Russell Price (pr\u00e9sident, Association des pathologistes de l\u2019Ontario \u2013 Barrie)<br \/>\nGraham Jones (Australie)<br \/>\nLina Santaguida (\u00e9pid\u00e9miologiste (m\u00e9thodologie), McMaster)<br \/>\nFan Qing (LifeLabs)<\/td>\n<\/tr>\n<\/tbody>\n<\/table>\n                    <\/div>\r\n                \t\t\t\t\t\r\n                    <div class=\"cell large-6 medium-6 small-12 padding-tlrb \" data-column-number=\"5\">\r\n                        <h3><strong>Publications r\u00e9centes :<\/strong><\/h3>\n<h4><strong>Groupe de travail principal hRI<\/strong> :<\/h4>\n<table style=\"border-collapse: collapse; width: 100%;\">\n<tbody>\n<tr>\n<td style=\"width: 100%;\">\n<ul>\n<li><a href=\"https:\/\/doi.org\/10.1515\/labmed-2020-0133\">Application de la m\u00e9thode TML \u00e0 l\u2019analyse de donn\u00e9es volumineuses et \u00e0 l\u2019harmonisation des intervalles de r\u00e9f\u00e9rence<\/a><\/li>\n<\/ul>\n<p>(tel que publi\u00e9 dans Journal of Laboratory Medicine, volume 45, pages 79-85 (avril 2021))<\/td>\n<\/tr>\n<tr>\n<td style=\"width: 100%;\">\n<ul>\n<li><a href=\"https:\/\/doi.org\/10.1515\/cclm-2017-0965\">Harmonisation de l\u2019intervalle de r\u00e9f\u00e9rence chez les enfants et les adultes au Canada : mise \u00e0 jour.<\/a>  (tel que publi\u00e9 dans Clinical Chemistry and Laboratory Medicine. Volume 57, Pages 57-60 (janvier 2019))<\/li>\n<\/ul>\n<\/td>\n<\/tr>\n<tr>\n<td style=\"width: 100%;\">\n<ul>\n<li><a href=\"https:\/\/doi.org\/10.1016\/j.clinbiochem.2017.06.006\">Enqu\u00eate nationale sur les intervalles de r\u00e9f\u00e9rence chez les adultes et les enfants dans les laboratoires cliniques du Canada : rapport du groupe de travail du CCSC sur l\u2019harmonisation des intervalles de r\u00e9f\u00e9rence.<\/a>\n<p>(tel que publi\u00e9 dans Clinical Biochemistry, Volume 50, Pages 925-935, (novembre 2017))<\/li>\n<\/ul>\n<\/td>\n<\/tr>\n<\/tbody>\n<\/table>\n<p>&nbsp;<\/p>\n<h4><strong>Sous-comit\u00e9 de la d\u00e9claration des lipides :<\/strong><\/h4>\n<table style=\"border-collapse: collapse; width: 100%;\">\n<tbody>\n<tr>\n<td style=\"width: 100%;\">\n<ul>\n<li><a href=\"https:\/\/doi.org\/10.1016\/j.cjca.2022.03.019\">La Soci\u00e9t\u00e9 canadienne des chimistes cliniciens a harmonis\u00e9 les recommandations relatives \u00e0 la d\u00e9claration des lipides en laboratoire clinique sur la base des lignes directrices sur les lipides de 2021 de la Soci\u00e9t\u00e9 canadienne de cardiologie.<\/a>\n<p>(tel que publi\u00e9 dans la Revue canadienne de cardiologie, volume 38, pages 1180-1188 (ao\u00fbt 2022))<\/li>\n<\/ul>\n<\/td>\n<\/tr>\n<tr>\n<td style=\"width: 100%;\">\n<ul>\n<li><a href=\"https:\/\/doi.org\/10.1016\/j.cjca.2021.03.018\">Aper\u00e7u des pratiques de d\u00e9claration des lipides dans les laboratoires cliniques canadiens : un besoin urgent d\u2019harmonisation<\/a>.\n<p>(tel que publi\u00e9 dans la Revue canadienne de cardiologie, volume 37, pages 937-937 (juin 2021))<\/li>\n<\/ul>\n<\/td>\n<\/tr>\n<\/tbody>\n<\/table>\n<p>&nbsp;<\/p>\n<p>&nbsp;<\/p>\n<h3><strong>Mises \u00e0 jour de la pratique :<\/strong><\/h3>\n<table style=\"border-collapse: collapse; width: 100%;\">\n<tbody>\n<tr>\n<td style=\"width: 100%;\">\n<ul>\n<li><strong><a href=\"https:\/\/cscc-sccc.ca\/fr\/kit-doutils-dequation-ldl-c-du-nih\/\">Recommandations sur le calcul et la d\u00e9claration du LDL-C<\/a><\/strong><\/li>\n<\/ul>\n<p><em>Comprend les recommandations publi\u00e9es par le groupe de travail hRI du CSCC sur la d\u00e9claration des lipides chez les adultes et des ressources suppl\u00e9mentaires (c.-\u00e0-d. la bo\u00eete \u00e0 outils de mise en \u0153uvre de l\u2019\u00e9quation LDL-C des NIH) :<\/em><\/p>\n<ul>\n<li>Mod\u00e8le de communication<\/li>\n<li>Commentaires sur les rapports de transition<\/li>\n<li>Conditions de v\u00e9rification cl\u00e9s et mod\u00e8le pour v\u00e9rifier le calcul correct par l\u2019\u00e9quation LDL-C du NIH<\/li>\n<\/ul>\n<\/td>\n<\/tr>\n<\/tbody>\n<\/table>\n                    <\/div>\r\n                        <\/div>\r\n    <\/div><!-- .grid-container -->\r\n<\/div><!-- .wrapBlock.advanced-editor -->","protected":false},"excerpt":{"rendered":"","protected":false},"author":1,"featured_media":0,"parent":111656,"menu_order":0,"comment_status":"closed","ping_status":"closed","template":"","meta":{"_acf_changed":false,"footnotes":""},"class_list":["post-111642","page","type-page","status-publish","hentry"],"acf":[],"_links":{"self":[{"href":"https:\/\/cscc-sccc.ca\/fr\/wp-json\/wp\/v2\/pages\/111642","targetHints":{"allow":["GET"]}}],"collection":[{"href":"https:\/\/cscc-sccc.ca\/fr\/wp-json\/wp\/v2\/pages"}],"about":[{"href":"https:\/\/cscc-sccc.ca\/fr\/wp-json\/wp\/v2\/types\/page"}],"author":[{"embeddable":true,"href":"https:\/\/cscc-sccc.ca\/fr\/wp-json\/wp\/v2\/users\/1"}],"replies":[{"embeddable":true,"href":"https:\/\/cscc-sccc.ca\/fr\/wp-json\/wp\/v2\/comments?post=111642"}],"version-history":[{"count":1,"href":"https:\/\/cscc-sccc.ca\/fr\/wp-json\/wp\/v2\/pages\/111642\/revisions"}],"predecessor-version":[{"id":111644,"href":"https:\/\/cscc-sccc.ca\/fr\/wp-json\/wp\/v2\/pages\/111642\/revisions\/111644"}],"up":[{"embeddable":true,"href":"https:\/\/cscc-sccc.ca\/fr\/wp-json\/wp\/v2\/pages\/111656"}],"wp:attachment":[{"href":"https:\/\/cscc-sccc.ca\/fr\/wp-json\/wp\/v2\/media?parent=111642"}],"curies":[{"name":"wp","href":"https:\/\/api.w.org\/{rel}","templated":true}]}}