{"id":111641,"date":"2023-03-01T09:11:15","date_gmt":"2023-03-01T14:11:15","guid":{"rendered":"https:\/\/cscc-sccc.ca\/gammopathie-monoclonale-sig\/"},"modified":"2024-04-15T12:24:21","modified_gmt":"2024-04-15T16:24:21","slug":"gammopathie-monoclonale-sig","status":"publish","type":"page","link":"https:\/\/cscc-sccc.ca\/fr\/education-et-affaires-scientifiques\/groupes-dinteret-et-comites\/gammopathie-monoclonale-sig\/","title":{"rendered":"Gammopathie monoclonale SIG"},"content":{"rendered":"<div id=\"advanced-editor-block_34adbee900b477ccfbbb4b045541b86b\" class=\"wrap-block advanced-editor page_id_111641\">\r\n    <div class=\"grid-container vertical-padding\">\r\n        <div class=\"grid-x\">\r\n            \t\t\t\t\t\r\n                    <div class=\"cell large-12 medium-12 small-12  \" data-column-number=\"1\">\r\n                        <h1 style=\"text-align: center;\"><a name=\"_Toc126140508\"><\/a><strong>Groupe d\u2019Int\u00e9r\u00eat sur la Gammopathie Monoclonale (MGIG)<\/strong><\/h1>\n                    <\/div>\r\n                \t\t\t\t\t\r\n                    <div class=\"cell large-6 medium-6 small-12 padding-tlrb \" data-column-number=\"2\">\r\n                        <h3><strong>But:<\/strong><\/h3>\n<p>Favoriser la compr\u00e9hension des affections de la gammapathie monoclonale et de leurs investigations associ\u00e9es, et promouvoir la coop\u00e9ration entre les membres.<\/p>\n<p>&nbsp;<\/p>\n                    <\/div>\r\n                \t\t\t\t\t\r\n                    <div class=\"cell large-6 medium-6 small-12 padding-tlrb \" data-column-number=\"3\">\r\n                        <h3><strong>Activit\u00e9s g\u00e9n\u00e9rales&nbsp;:<\/strong><\/h3>\n<ul>\n<li>Des discussions de cas favorisant le partage d\u2019informations, l\u2019acquisition de connaissances et des pr\u00e9sentations et collaborations lors de conf\u00e9rences<\/li>\n<li>Des r\u00e9unions virtuelles r\u00e9guli\u00e8res,<\/li>\n<li>R\u00e9union en personne \/ virtuelle au congr\u00e8s annuel du CSCC<\/li>\n<li>Promotion de pratiques fond\u00e9es sur des donn\u00e9es probantes en \u00e9lectrophor\u00e8se<\/li>\n<li>\u00c9laboration potentielle de lignes directrices de pratique fond\u00e9es sur des donn\u00e9es probantes \u00e0 l\u2019\u00e9chelle nationale en ce qui concerne les enqu\u00eates sur la gammapathie monoclonale<\/li>\n<\/ul>\n<p>Examen continu des technologies \u00e9mergentes et des marqueurs des gammapathies monoclonales<\/p>\n                    <\/div>\r\n                \t\t\t\t\t\r\n                    <div class=\"cell large-6 medium-6 small-12 padding-tlrb \" data-column-number=\"4\">\r\n                        <h3><strong>Chaise:<\/strong><\/h3>\n<h3><strong>Dre Tracy Morrison (en anglais seulement)<\/strong><\/h3>\n<p>Mandat : 2023 &#8211; pr\u00e9sent<\/p>\n                    <\/div>\r\n                \t\t\t\t\t\r\n                    <div class=\"cell large-6 medium-6 small-12 padding-tlrb \" data-column-number=\"5\">\r\n                        <h3><strong>Publications:<\/strong><\/h3>\n<ul>\n<li><a href=\"https:\/\/www.sciencedirect.com\/science\/article\/pii\/S0009912017309645\/pdfft?md5=e29a0f0e90b7e4e0781cb06cab9fbdc7&amp;pid=1-s2.0-S0009912017309645-main.pdf\">Recommandations candidates pour la production de rapports sur l\u2019\u00e9lectrophor\u00e8se des prot\u00e9ines du groupe de travail sur la gammapathie monoclonale de la Soci\u00e9t\u00e9 canadienne des chimistes cliniciens<\/a> (tel que publi\u00e9 dans <a href=\"https:\/\/www.sciencedirect.com\/journal\/clinical-biochemistry\/vol\/51\/suppl\/C\">Clinical Biochemistry<\/a><em>, volume 51, pages 10-20 (janvier 2018)<\/em>)<\/li>\n<\/ul>\n                    <\/div>\r\n                        <\/div>\r\n    <\/div><!-- .grid-container -->\r\n<\/div><!-- .wrapBlock.advanced-editor -->","protected":false},"excerpt":{"rendered":"","protected":false},"author":1,"featured_media":0,"parent":111656,"menu_order":0,"comment_status":"closed","ping_status":"closed","template":"","meta":{"_acf_changed":false,"footnotes":""},"class_list":["post-111641","page","type-page","status-publish","hentry"],"acf":[],"_links":{"self":[{"href":"https:\/\/cscc-sccc.ca\/fr\/wp-json\/wp\/v2\/pages\/111641","targetHints":{"allow":["GET"]}}],"collection":[{"href":"https:\/\/cscc-sccc.ca\/fr\/wp-json\/wp\/v2\/pages"}],"about":[{"href":"https:\/\/cscc-sccc.ca\/fr\/wp-json\/wp\/v2\/types\/page"}],"author":[{"embeddable":true,"href":"https:\/\/cscc-sccc.ca\/fr\/wp-json\/wp\/v2\/users\/1"}],"replies":[{"embeddable":true,"href":"https:\/\/cscc-sccc.ca\/fr\/wp-json\/wp\/v2\/comments?post=111641"}],"version-history":[{"count":1,"href":"https:\/\/cscc-sccc.ca\/fr\/wp-json\/wp\/v2\/pages\/111641\/revisions"}],"predecessor-version":[{"id":111645,"href":"https:\/\/cscc-sccc.ca\/fr\/wp-json\/wp\/v2\/pages\/111641\/revisions\/111645"}],"up":[{"embeddable":true,"href":"https:\/\/cscc-sccc.ca\/fr\/wp-json\/wp\/v2\/pages\/111656"}],"wp:attachment":[{"href":"https:\/\/cscc-sccc.ca\/fr\/wp-json\/wp\/v2\/media?parent=111641"}],"curies":[{"name":"wp","href":"https:\/\/api.w.org\/{rel}","templated":true}]}}