{"id":111611,"date":"2023-03-03T10:09:18","date_gmt":"2023-03-03T15:09:18","guid":{"rendered":"https:\/\/cscc-sccc.ca\/conseil-dadministration-du-ccca\/"},"modified":"2024-04-16T16:40:53","modified_gmt":"2024-04-16T20:40:53","slug":"conseil-dadministration-du-ccca","status":"publish","type":"page","link":"https:\/\/cscc-sccc.ca\/fr\/academie\/conseil-dadministration-du-ccca\/","title":{"rendered":"Conseil d\u2019administration du CCCA"},"content":{"rendered":"<div id=\"advanced-editor-block_3ae59931f167b02a1ac76c359ca34d79\" class=\"wrap-block advanced-editor page_id_111611\">\r\n    <div class=\"grid-container vertical-padding\">\r\n        <div class=\"grid-x\">\r\n            \t\t\t\t\t\r\n                    <div class=\"cell large-12 medium-12 small-12 padding-tbp \" data-column-number=\"1\">\r\n                        <h1 style=\"text-align: center;\"><strong>Conseil d\u2019administration du CCCA<\/strong><\/h1>\n                    <\/div>\r\n                \t\t\t\t\t\r\n                    <div class=\"cell large-6 medium-6 small-12 padding-lrft \" data-column-number=\"2\">\r\n                        <p><strong>Chaise<\/strong><br \/>\n2021 \u2013 2024<br \/>\nDr. Isolde Seiden Long<\/p>\n<p>&nbsp;<\/p>\n<p><strong>Secr\u00e9taire\/Communications<\/strong><br \/>\n2023 \u2013 2026<br \/>\nDr. Kun-Young Sohn<\/p>\n<p>&nbsp;<\/p>\n<p><strong>Tr\u00e9sorier<\/strong><br \/>\n2023 \u2013 2026<br \/>\nDre Saranya Arnoldo<\/p>\n<p>&nbsp;<\/p>\n<p><strong>Pr\u00e9sident, Comit\u00e9 d\u2019agr\u00e9ment des programmes de formation<\/strong><br \/>\n2023 \u2013 2024<br \/>\nDr Matthew Henderson (en anglais seulement)<\/p>\n<p>&nbsp;<\/p>\n<p><strong>Pr\u00e9sident, Comit\u00e9 de certification<\/strong><br \/>\n2023 \u2013 2026<br \/>\nDre Dana Bailey<\/p>\n<p>&nbsp;<\/p>\n                    <\/div>\r\n                \t\t\t\t\t\r\n                    <div class=\"cell large-6 medium-6 small-12 padding-lrft \" data-column-number=\"3\">\r\n                        <p><strong>Pr\u00e9sident, Comit\u00e9 de v\u00e9rification des pouvoirs<\/strong><br \/>\n2022 \u2013 2025<br \/>\nDre Marie-H\u00e9l\u00e8ne Levesque<\/p>\n<p>&nbsp;<\/p>\n<p><strong>Pr\u00e9sident, Comit\u00e9 du maintien des comp\u00e9tences<\/strong><br \/>\n2021 \u2013 2024<br \/>\nDr. Ihssan Bouhtiauy<\/p>\n<p>&nbsp;<\/p>\n<p><strong>Pr\u00e9sident, Comit\u00e9 des nominations et des prix<\/strong><br \/>\n2023 \u2013 2026<br \/>\nDr Daniel Beriault<\/p>\n<p>&nbsp;<\/p>\n<p><strong>Pr\u00e9sident, Comit\u00e9 de r\u00e9vision des plans de cours<\/strong><br \/>\n2021 \u2013 2024<br \/>\nDr Matthew Henderson (en anglais seulement)<\/p>\n<p>&nbsp;<\/p>\n<p><strong>Directrice ex\u00e9cutive<\/strong><br \/>\nPamela Lyons<\/p>\n<p>&nbsp;<\/p>\n                    <\/div>\r\n                        <\/div>\r\n    <\/div><!-- .grid-container -->\r\n<\/div><!-- .wrapBlock.advanced-editor -->","protected":false},"excerpt":{"rendered":"","protected":false},"author":1,"featured_media":0,"parent":111736,"menu_order":0,"comment_status":"closed","ping_status":"closed","template":"","meta":{"_acf_changed":false,"footnotes":""},"class_list":["post-111611","page","type-page","status-publish","hentry"],"acf":[],"_links":{"self":[{"href":"https:\/\/cscc-sccc.ca\/fr\/wp-json\/wp\/v2\/pages\/111611","targetHints":{"allow":["GET"]}}],"collection":[{"href":"https:\/\/cscc-sccc.ca\/fr\/wp-json\/wp\/v2\/pages"}],"about":[{"href":"https:\/\/cscc-sccc.ca\/fr\/wp-json\/wp\/v2\/types\/page"}],"author":[{"embeddable":true,"href":"https:\/\/cscc-sccc.ca\/fr\/wp-json\/wp\/v2\/users\/1"}],"replies":[{"embeddable":true,"href":"https:\/\/cscc-sccc.ca\/fr\/wp-json\/wp\/v2\/comments?post=111611"}],"version-history":[{"count":1,"href":"https:\/\/cscc-sccc.ca\/fr\/wp-json\/wp\/v2\/pages\/111611\/revisions"}],"predecessor-version":[{"id":111613,"href":"https:\/\/cscc-sccc.ca\/fr\/wp-json\/wp\/v2\/pages\/111611\/revisions\/111613"}],"up":[{"embeddable":true,"href":"https:\/\/cscc-sccc.ca\/fr\/wp-json\/wp\/v2\/pages\/111736"}],"wp:attachment":[{"href":"https:\/\/cscc-sccc.ca\/fr\/wp-json\/wp\/v2\/media?parent=111611"}],"curies":[{"name":"wp","href":"https:\/\/api.w.org\/{rel}","templated":true}]}}