{"id":111591,"date":"2023-08-14T16:14:00","date_gmt":"2023-08-14T20:14:00","guid":{"rendered":"https:\/\/cscc-sccc.ca\/demande-daccreditation-pour-une-reunion\/"},"modified":"2024-04-15T12:21:48","modified_gmt":"2024-04-15T16:21:48","slug":"demande-daccreditation-pour-une-reunion","status":"publish","type":"page","link":"https:\/\/cscc-sccc.ca\/fr\/demande-daccreditation-pour-une-reunion\/","title":{"rendered":"Demande d\u2019accr\u00e9ditation pour une r\u00e9union"},"content":{"rendered":"<div id=\"advanced-editor-block_58778f6be0a04a783a0e97ef7d40d9c9\" class=\"wrap-block advanced-editor page_id_111591\">\r\n    <div class=\"grid-container vertical-padding\">\r\n        <div class=\"grid-x\">\r\n            \t\t\t\t\t\r\n                    <div class=\"cell large-12 medium-12 small-12  \" data-column-number=\"1\">\r\n                        <p><strong>Bienvenue au processus de demande en ligne pour faire accr\u00e9diter vos programmes de formation et votre r\u00e9union par l\u2019Acad\u00e9mie canadienne de biochimie clinique (ACCCA) en tant qu\u2019\u00e9v\u00e9nement de d\u00e9veloppement professionnel continu (DPC).<\/strong><\/p>\n<p>Les programmes de formation agr\u00e9\u00e9s par l\u2019Acad\u00e9mie canadienne de biochimie clinique (ACCCA) peuvent \u00eatre r\u00e9clam\u00e9s en tant qu\u2019heures de cr\u00e9dit de cat\u00e9gorie 1. Les programmes agr\u00e9\u00e9s donnent droit \u00e0 1 cr\u00e9dit pour chaque heure d\u2019enseignement.<\/p>\n<p>Il y a un certain nombre d\u2019\u00e9tapes qui doivent \u00eatre franchies afin d\u2019obtenir l\u2019agr\u00e9ment du programme d\u2019\u00e9ducation. L\u2019ach\u00e8vement des \u00e9tapes est votre preuve que le programme offrira \u00e0 vos participants une v\u00e9ritable exp\u00e9rience d\u2019apprentissage.<\/p>\n<p style=\"text-align: center;\"><em><strong>Le formulaire de demande d\u00fbment rempli et les documents \u00e0 l\u2019appui doivent \u00eatre soumis au si\u00e8ge social du CSCC au moins 1 mois avant la date de d\u00e9but de l\u2019\u00e9v\u00e9nement.<\/strong><\/em><\/p>\n<p><strong>Il n\u2019est pas garanti que les demandes re\u00e7ues moins d\u2019un mois avant la date de d\u00e9but de l\u2019\u00e9v\u00e9nement soient trait\u00e9es pour obtenir des cr\u00e9dits.<\/strong><\/p>\n<p>Une fois que l\u2019accr\u00e9ditation a \u00e9t\u00e9 approuv\u00e9e par le comit\u00e9 du MDC, la d\u00e9claration suivante doit \u00eatre ajout\u00e9e \u00e0 tout le mat\u00e9riel promotionnel li\u00e9 \u00e0 l\u2019\u00e9v\u00e9nement :<\/p>\n<p><em>\u00ab Cet \u00e9v\u00e9nement est une activit\u00e9 d\u2019apprentissage de groupe agr\u00e9\u00e9e telle que d\u00e9finie par le Programme de perfectionnement professionnel du CCSC et du CCCA. \u00bb<\/em><\/p>\n<h2>Aper\u00e7u des exigences relatives \u00e0 la demande<\/h2>\n<h3>Comit\u00e9 d\u2019organisation de l\u2019\u00e9v\u00e9nement<\/h3>\n<ul>\n<li>Au moins un membre du comit\u00e9 organisateur doit \u00eatre un Fellow en r\u00e8gle du CCCA, de l\u2019OCQ ou d\u2019un autre groupe m\u00e9dicalement qualifi\u00e9, qui participera pleinement au processus de planification afin de s\u2019assurer que le contexte et le processus de la r\u00e9union respecteront les lignes directrices du CSCC et du CCCA en mati\u00e8re de perfectionnement professionnel.<\/li>\n<li>Une liste de tous les sponsors commerciaux<\/li>\n<li>Une liste des membres du comit\u00e9 organisateur local (COL) ayant un poste et une institution actuels et des formulaires de d\u00e9claration de conflit d\u2019int\u00e9r\u00eats.<\/li>\n<\/ul>\n<h3>Besoins et objectifs d\u2019apprentissage<\/h3>\n<ul>\n<li>Programme scientifique pr\u00e9liminaire comprenant le titre, le(s) conf\u00e9rencier(s), le nombre d\u2019heures<\/li>\n<li>Un rapport sommaire des r\u00e9sultats de l\u2019\u00e9valuation des besoins<\/li>\n<li>L\u2019objectif g\u00e9n\u00e9ral et l\u2019objectif de l\u2019\u00e9v\u00e9nement \u00e9ducatif doivent \u00eatre \u00e9nonc\u00e9s, suivis d\u2019objectifs d\u2019apprentissage sp\u00e9cifiques pour chaque symposium et chaque conf\u00e9rencier<\/li>\n<li>Fournir des preuves \u00e0 l\u2019appui sur la fa\u00e7on dont l\u2019\u00e9valuation des besoins a \u00e9t\u00e9 examin\u00e9e ou \u00e9labor\u00e9e, sur la fa\u00e7on dont ces objectifs ont \u00e9t\u00e9 communiqu\u00e9s aux conf\u00e9renciers afin que leur pr\u00e9sentation refl\u00e8te ces objectifs, et sur la fa\u00e7on dont les objectifs d\u2019apprentissage sont communiqu\u00e9s dans le plan du programme de l\u2019\u00e9v\u00e9nement aux participants \u00e0 la r\u00e9union.<\/li>\n<\/ul>\n<h3>Divulgation des int\u00e9r\u00eats commerciaux<\/h3>\n<ul>\n<li>Chaque conf\u00e9rencier doit divulguer tout conflit d\u2019int\u00e9r\u00eats potentiel concernant le sujet qui est pr\u00e9sent\u00e9 au d\u00e9but de sa pr\u00e9sentation, d\u00e9crivant toute relation avec des soci\u00e9t\u00e9s commerciales li\u00e9es.<\/li>\n<\/ul>\n<h3>Frais de dossier<\/h3>\n<ul>\n<li style=\"list-style-type: none;\">\n<ul>\n<li>500 $ pour la premi\u00e8re journ\u00e9e&nbsp;; 100 $ pour chaque jour suppl\u00e9mentaire avec les taxes provinciales correspondantes<\/li>\n<li>Le paiement est d\u00fb d\u00e8s l\u2019approbation de l\u2019accr\u00e9ditation<\/li>\n<\/ul>\n<\/li>\n<\/ul>\n<h3>QUESTIONNE?<\/h3>\n<p>Courriel : info@cscc.ca<\/p>\n<p><a class=\"theme-button\" href=\"https:\/\/cscc-sccc.ca\/fr\/demande-daccreditation-pour-une-reunion\/formulaire-de-demande-daccreditation-pour-les-reunions\/\">COMMENCER \u00c0 R\u00c9PONDRE \u00c0 LA DEMANDE D\u2019ACCR\u00c9DITATION<\/a><\/p>\n                    <\/div>\r\n                        <\/div>\r\n    <\/div><!-- .grid-container -->\r\n<\/div><!-- .wrapBlock.advanced-editor -->","protected":false},"excerpt":{"rendered":"","protected":false},"author":1,"featured_media":0,"parent":0,"menu_order":0,"comment_status":"closed","ping_status":"closed","template":"","meta":{"_acf_changed":false,"footnotes":""},"class_list":["post-111591","page","type-page","status-publish","hentry"],"acf":[],"_links":{"self":[{"href":"https:\/\/cscc-sccc.ca\/fr\/wp-json\/wp\/v2\/pages\/111591","targetHints":{"allow":["GET"]}}],"collection":[{"href":"https:\/\/cscc-sccc.ca\/fr\/wp-json\/wp\/v2\/pages"}],"about":[{"href":"https:\/\/cscc-sccc.ca\/fr\/wp-json\/wp\/v2\/types\/page"}],"author":[{"embeddable":true,"href":"https:\/\/cscc-sccc.ca\/fr\/wp-json\/wp\/v2\/users\/1"}],"replies":[{"embeddable":true,"href":"https:\/\/cscc-sccc.ca\/fr\/wp-json\/wp\/v2\/comments?post=111591"}],"version-history":[{"count":1,"href":"https:\/\/cscc-sccc.ca\/fr\/wp-json\/wp\/v2\/pages\/111591\/revisions"}],"predecessor-version":[{"id":111593,"href":"https:\/\/cscc-sccc.ca\/fr\/wp-json\/wp\/v2\/pages\/111591\/revisions\/111593"}],"wp:attachment":[{"href":"https:\/\/cscc-sccc.ca\/fr\/wp-json\/wp\/v2\/media?parent=111591"}],"curies":[{"name":"wp","href":"https:\/\/api.w.org\/{rel}","templated":true}]}}