{"id":111581,"date":"2023-05-12T20:06:50","date_gmt":"2023-05-13T00:06:50","guid":{"rendered":"https:\/\/cscc-sccc.ca\/sig-de-verification-automatique-archive\/"},"modified":"2024-04-15T12:24:20","modified_gmt":"2024-04-15T16:24:20","slug":"sig-de-verification-automatique-archive","status":"publish","type":"page","link":"https:\/\/cscc-sccc.ca\/fr\/education-et-affaires-scientifiques\/groupes-dinteret-et-comites\/sig-de-verification-automatique-archive\/","title":{"rendered":"SIG de v\u00e9rification automatique (archiv\u00e9)"},"content":{"rendered":"<div id=\"advanced-editor-block_de0202a1e826542c8b4c6fd06619a727\" class=\"wrap-block advanced-editor page_id_111581\">\r\n    <div class=\"grid-container vertical-padding\">\r\n        <div class=\"grid-x\">\r\n            \t\t\t\t\t\r\n                    <div class=\"cell large-12 medium-12 small-12  \" data-column-number=\"1\">\r\n                        <h1 style=\"text-align: center;\"><strong>Groupe d\u2019int\u00e9r\u00eat sur l\u2019autov\u00e9rification (Archiv\u00e9 2016)<\/strong><\/h1>\n                    <\/div>\r\n                \t\t\t\t\t\r\n                    <div class=\"cell large-6 medium-6 small-12 padding-tlrb \" data-column-number=\"2\">\r\n                        <h3><strong>But:  <\/strong><\/h3>\n<p>Mettre en place un forum de discussion sur les r\u00e8gles d\u2019autov\u00e9rification des laboratoires de biochimie et mettre en place une base de donn\u00e9es commune normalis\u00e9e des limites d\u2019autov\u00e9rification.<\/p>\n                    <\/div>\r\n                \t\t\t\t\t\r\n                    <div class=\"cell large-6 medium-6 small-12 padding-tlrb \" data-column-number=\"3\">\r\n                        <h3><strong>Activit\u00e9s g\u00e9n\u00e9rales&nbsp;:<\/strong><\/h3>\n<p>1. Discussions par t\u00e9l\u00e9conf\u00e9rence sur des questions d\u2019int\u00e9r\u00eat commun.<br \/>\n2. R\u00e9union annuelle, discussions de groupes satellites sur des questions d\u2019int\u00e9r\u00eat commun.<br \/>\n3. Mise en place d\u2019un r\u00e9f\u00e9rentiel de donn\u00e9es des limites d\u2019autov\u00e9rification pour les analyseurs de chimie<\/p>\n                    <\/div>\r\n                \t\t\t\t\t\r\n                    <div class=\"cell large-6 medium-6 small-12 padding-tlrb \" data-column-number=\"4\">\r\n                        <h3><strong>Pr\u00e9sident : Dr AbdulRazaq Sokoro<\/strong><\/h3>\n<p>Mandat&nbsp;: 2013 &#8211; 2016<\/p>\n                    <\/div>\r\n                \t\t\t\t\t\r\n                    <div class=\"cell large-6 medium-6 small-12 padding-tlrb \" data-column-number=\"5\">\r\n                        <h3><strong>Membres:<\/strong><\/h3>\n<table border=\"0\" cellpadding=\"3\">\n<tbody>\n<tr valign=\"top\">\n<td>\u2022 Dr AbdulRazaq Sokoro<br \/>\n\u2022 Dr Kent Dooley (en anglais seulement)<br \/>\n\u2022 Dr Arun Garg (en anglais seulement)<br \/>\n\u2022 Dre Allison Venner<br \/>\n\u2022 Dr Paul Yip (en anglais seulement)<br \/>\n\u2022 Dre Rose Djiana<br \/>\n\u2022 Dr Denis Lehotay<br \/>\n\u2022 Dr Doug Gornall (en anglais seulement)<br \/>\n\u2022 Dr Richard Krause (en anglais seulement)<br \/>\n\u2022 Dr Stephen Hill, Ph. D.<br \/>\n\u2022 Dr Steve Kazmierczak (en anglais seulement)<br \/>\n\u2022 Dr Lyle Redman (en anglais seulement)<br \/>\n\u2022 Dr Christopher McCudden (en anglais seulement)<br \/>\n\u2022 Dre Karina Capote<br \/>\n\u2022 Dr Yu Chen<br \/>\n\u2022 Dr Lei Fu<br \/>\n\u2022 Dr Vipin Bhayana<\/td>\n<\/tr>\n<\/tbody>\n<\/table>\n                    <\/div>\r\n                        <\/div>\r\n    <\/div><!-- .grid-container -->\r\n<\/div><!-- .wrapBlock.advanced-editor -->","protected":false},"excerpt":{"rendered":"","protected":false},"author":4,"featured_media":0,"parent":111656,"menu_order":0,"comment_status":"closed","ping_status":"closed","template":"","meta":{"_acf_changed":false,"footnotes":""},"class_list":["post-111581","page","type-page","status-publish","hentry"],"acf":[],"_links":{"self":[{"href":"https:\/\/cscc-sccc.ca\/fr\/wp-json\/wp\/v2\/pages\/111581","targetHints":{"allow":["GET"]}}],"collection":[{"href":"https:\/\/cscc-sccc.ca\/fr\/wp-json\/wp\/v2\/pages"}],"about":[{"href":"https:\/\/cscc-sccc.ca\/fr\/wp-json\/wp\/v2\/types\/page"}],"author":[{"embeddable":true,"href":"https:\/\/cscc-sccc.ca\/fr\/wp-json\/wp\/v2\/users\/4"}],"replies":[{"embeddable":true,"href":"https:\/\/cscc-sccc.ca\/fr\/wp-json\/wp\/v2\/comments?post=111581"}],"version-history":[{"count":1,"href":"https:\/\/cscc-sccc.ca\/fr\/wp-json\/wp\/v2\/pages\/111581\/revisions"}],"predecessor-version":[{"id":111583,"href":"https:\/\/cscc-sccc.ca\/fr\/wp-json\/wp\/v2\/pages\/111581\/revisions\/111583"}],"up":[{"embeddable":true,"href":"https:\/\/cscc-sccc.ca\/fr\/wp-json\/wp\/v2\/pages\/111656"}],"wp:attachment":[{"href":"https:\/\/cscc-sccc.ca\/fr\/wp-json\/wp\/v2\/media?parent=111581"}],"curies":[{"name":"wp","href":"https:\/\/api.w.org\/{rel}","templated":true}]}}