{"id":111578,"date":"2023-05-12T20:07:24","date_gmt":"2023-05-13T00:07:24","guid":{"rendered":"https:\/\/cscc-sccc.ca\/sig-fluides-archive-2016sig-fluides-archive-2016sig-fluides-archive-2016\/"},"modified":"2024-04-15T12:24:20","modified_gmt":"2024-04-15T16:24:20","slug":"sig-fluides-archive-2016sig-fluides-archive-2016sig-fluides-archive-2016","status":"publish","type":"page","link":"https:\/\/cscc-sccc.ca\/fr\/education-et-affaires-scientifiques\/groupes-dinteret-et-comites\/sig-fluides-archive-2016sig-fluides-archive-2016sig-fluides-archive-2016\/","title":{"rendered":"SIG Fluides (Archiv\u00e9 2016)SIG Fluides (Archiv\u00e9 2016)SIG Fluides (Archiv\u00e9 2016)"},"content":{"rendered":"<div id=\"advanced-editor-block_a5dc7f0900e5894dd1a315ae280b7241\" class=\"wrap-block advanced-editor page_id_111578\">\r\n    <div class=\"grid-container vertical-padding\">\r\n        <div class=\"grid-x\">\r\n            \t\t\t\t\t\r\n                    <div class=\"cell large-12 medium-12 small-12  \" data-column-number=\"1\">\r\n                        <h1 style=\"text-align: center;\"><strong>SIG des fluides (Archiv\u00e9 2016)<\/strong><\/h1>\n                    <\/div>\r\n                \t\t\t\t\t\r\n                    <div class=\"cell large-6 medium-6 small-12 padding-tlrb \" data-column-number=\"2\">\r\n                        <h3><strong>But:<\/strong><\/h3>\n<p>\u2022 Mettre en place un forum de discussion sur les tests de fluides dans les laboratoires de biochimie.<br \/>\n\u2022 \u00c9laborer une politique et un document normalis\u00e9s pour les tests acceptables dans divers fluides corporels non sanguins et non urinaires.<\/p>\n                    <\/div>\r\n                \t\t\t\t\t\r\n                    <div class=\"cell large-6 medium-6 small-12 padding-tlrb \" data-column-number=\"3\">\r\n                        <h3><strong>Activit\u00e9s g\u00e9n\u00e9rales&nbsp;:<\/strong><\/h3>\n<p>1. Discussions par t\u00e9l\u00e9conf\u00e9rence.<br \/>\n2. R\u00e9unions annuelles de groupes satellites.<br \/>\n3. Mise en place d\u2019un r\u00e9f\u00e9rentiel de donn\u00e9es d\u2019essais fluides.<\/p>\n                    <\/div>\r\n                \t\t\t\t\t\r\n                    <div class=\"cell large-6 medium-6 small-12 padding-tlrb \" data-column-number=\"4\">\r\n                        <h3><strong>Pr\u00e9sident : Dr AbdulRazaq Sokoro<\/strong><\/h3>\n<p>Mandat&nbsp;: 2013 &#8211; 2016<\/p>\n                    <\/div>\r\n                \t\t\t\t\t\r\n                    <div class=\"cell large-6 medium-6 small-12 padding-tlrb \" data-column-number=\"5\">\r\n                        <h3><strong>Membres:<\/strong><\/h3>\n<table>\n<tbody>\n<tr>\n<td>\u2022 Dr AbdulRazaq Sokoro<br \/>\n\u2022 Dr Morris Pudek (en anglais seulement)<br \/>\n\u2022 Dr Kun-Young Sohn<br \/>\n\u2022 Dr Lei Fu<br \/>\n\u2022 Dr Li Wang<br \/>\n\u2022 Dre Karina Capote<br \/>\n\u2022 Dr Jo\u00ebl Lavoie<br \/>\n\u2022 Dr Adil Khan<br \/>\n\u2022 Dr Val\u00e9rian Dias<br \/>\n\u2022 Dr Ken Onuska (en anglais seulement)<br \/>\n\u2022 Dr Yu Chen<br \/>\n\u2022 Dr Mathew Estey (en anglais seulement)<br \/>\n\u2022 Dr Mohebullah Zamkanei<\/td>\n<\/tr>\n<\/tbody>\n<\/table>\n                    <\/div>\r\n                        <\/div>\r\n    <\/div><!-- .grid-container -->\r\n<\/div><!-- .wrapBlock.advanced-editor -->","protected":false},"excerpt":{"rendered":"","protected":false},"author":4,"featured_media":0,"parent":111656,"menu_order":0,"comment_status":"closed","ping_status":"closed","template":"","meta":{"_acf_changed":false,"footnotes":""},"class_list":["post-111578","page","type-page","status-publish","hentry"],"acf":[],"_links":{"self":[{"href":"https:\/\/cscc-sccc.ca\/fr\/wp-json\/wp\/v2\/pages\/111578","targetHints":{"allow":["GET"]}}],"collection":[{"href":"https:\/\/cscc-sccc.ca\/fr\/wp-json\/wp\/v2\/pages"}],"about":[{"href":"https:\/\/cscc-sccc.ca\/fr\/wp-json\/wp\/v2\/types\/page"}],"author":[{"embeddable":true,"href":"https:\/\/cscc-sccc.ca\/fr\/wp-json\/wp\/v2\/users\/4"}],"replies":[{"embeddable":true,"href":"https:\/\/cscc-sccc.ca\/fr\/wp-json\/wp\/v2\/comments?post=111578"}],"version-history":[{"count":1,"href":"https:\/\/cscc-sccc.ca\/fr\/wp-json\/wp\/v2\/pages\/111578\/revisions"}],"predecessor-version":[{"id":111579,"href":"https:\/\/cscc-sccc.ca\/fr\/wp-json\/wp\/v2\/pages\/111578\/revisions\/111579"}],"up":[{"embeddable":true,"href":"https:\/\/cscc-sccc.ca\/fr\/wp-json\/wp\/v2\/pages\/111656"}],"wp:attachment":[{"href":"https:\/\/cscc-sccc.ca\/fr\/wp-json\/wp\/v2\/media?parent=111578"}],"curies":[{"name":"wp","href":"https:\/\/api.w.org\/{rel}","templated":true}]}}