{"id":111573,"date":"2024-01-15T12:11:19","date_gmt":"2024-01-15T17:11:19","guid":{"rendered":"https:\/\/cscc-sccc.ca\/soumission-des-resumes-2024\/"},"modified":"2024-04-16T16:35:39","modified_gmt":"2024-04-16T20:35:39","slug":"soumission-des-resumes-2024","status":"publish","type":"page","link":"https:\/\/cscc-sccc.ca\/fr\/actualites-evenements\/soumission-des-resumes-2024\/","title":{"rendered":"Soumission des r\u00e9sum\u00e9s 2024"},"content":{"rendered":"<div id=\"advanced-editor-block_88276a7bc6f78804123e9f922095626c\" class=\"wrap-block advanced-editor page_id_111573\">\r\n    <div class=\"grid-container vertical-padding\">\r\n        <div class=\"grid-x\">\r\n            \t\t\t\t\t\r\n                    <div class=\"cell large-12 medium-12 small-12  \" data-column-number=\"1\">\r\n                        <table class=\" alignleft\" style=\"width: 100%; border-collapse: collapse; background-color: #cc0000;\">\n<tbody>\n<tr>\n<td style=\"width: 33%; text-align: center; background-color: #cc0000;\"><a class=\"theme-button\" href=\"https:\/\/cscc-sccc.ca\/fr\/soumission-des-resumes-2024\/\" target=\"_blank\" rel=\"noopener noreferrer\"><span style=\"font-weight: bold; color: #ffffff;\">Soumettre un r\u00e9sum\u00e9<\/span><\/a><\/td>\n<td style=\"width: 33%; text-align: center; background-color: #cc0000;\"><a class=\"theme-button\" href=\"https:\/\/cscc-sccc.ca\/fr\/soumission-pour-latelier-ou-la-table-ronde-2024\/\" target=\"_blank\" rel=\"noopener noreferrer\"><span style=\"font-weight: bold; color: #ffffff;\">Soumettre l\u2019atelier<\/span><\/a><\/td>\n<td style=\"width: 34%; text-align: center; background-color: #cc0000;\"><a class=\"theme-button\" href=\"https:\/\/cscc-sccc.ca\/fr\/soumission-pour-latelier-ou-la-table-ronde-2024\/\" target=\"_blank\" rel=\"noopener noreferrer\"><span style=\"font-weight: bold; color: #ffffff;\">Soumettre une table ronde<\/span><\/a><\/td>\n<\/tr>\n<\/tbody>\n<\/table>\n<p style=\"margin: 0;\">\n<p>&nbsp;<\/p>\n<p>&nbsp;<\/p>\n<p style=\"margin: 0;\"><strong><a class=\"theme-button\" href=\"https:\/\/event.fourwaves.com\/csccsqbc2024\/submission\" target=\"_blank\" rel=\"noreferrer noopener\">Cliquez ici pour soumettre un r\u00e9sum\u00e9<\/a><\/strong><\/p>\n<p style=\"margin: 0;\">\n<p>&nbsp;<\/p>\n<h4 style=\"margin: 0;\"><strong>Lignes directrices pour la soumission des r\u00e9sum\u00e9s<\/strong><\/h4>\n<p style=\"margin: 0;\">Avant de commencer, veuillez lire ces instructions de r\u00e9sum\u00e9 pour plus de d\u00e9tails sur la structure des r\u00e9sum\u00e9s, le processus de soumission des r\u00e9sum\u00e9s et les prix et subventions disponibles. Pour de plus amples renseignements, veuillez communiquer avec le bureau du CSCC au <a href=\"mailto:info@cscc.ca\">info@cscc.ca<\/a>.<\/p>\n<p style=\"margin: 0;\">\n<p>&nbsp;<\/p>\n<h4 style=\"margin: 0;\"><strong>Aper\u00e7u<\/strong><\/h4>\n<p style=\"margin: 0;\">Les r\u00e9sum\u00e9s doivent \u00eatre soumis <strong><br \/>\n  <a href=\"https:\/\/event.fourwaves.com\/cscc-2023\/submission\" target=\"_blank\" rel=\"noreferrer noopener\">en ligne<\/a><br \/>\n<\/strong>. La date limite de soumission est le <strong>29 f\u00e9vrier 2024<\/strong>. Une confirmation sera envoy\u00e9e \u00e0 la r\u00e9ception du r\u00e9sum\u00e9. La notification d\u2019acceptation sera retourn\u00e9e \u00e0 l\u2019auteur soumis au plus tard le 31 mars 2024. Des instructions suppl\u00e9mentaires pour la pr\u00e9sentation seront fournies \u00e0 ce moment-l\u00e0.<\/p>\n<p style=\"margin: 0;\">\n<p style=\"margin: 0;\">Les r\u00e9sum\u00e9s soumis \u00e0 la conf\u00e9rence annuelle du CSCC doivent r\u00e9pondre \u00e0 des normes approuv\u00e9es en mati\u00e8re de qualit\u00e9 et de coh\u00e9rence scientifiques, et ils doivent \u00eatre soumis correctement. Ils seront \u00e9valu\u00e9s par un examen par les pairs par un ou plusieurs \u00e9valuateurs ayant une expertise sur le sujet du r\u00e9sum\u00e9. Le non-respect des directives de soumission entra\u00eenera une demande de nouvelle soumission avec des corrections ou le rejet du r\u00e9sum\u00e9. Les r\u00e9sum\u00e9s accept\u00e9s sont publi\u00e9s dans Clinical Biochemistry. Les r\u00e9sum\u00e9s ne doivent pas avoir d\u00e9j\u00e0 \u00e9t\u00e9 publi\u00e9s dans une revue prot\u00e9g\u00e9e par le droit d\u2019auteur.<\/p>\n<p style=\"margin: 0;\">\n<p style=\"margin: 0;\">Il n\u2019y a pas de limite au nombre de r\u00e9sum\u00e9s qu\u2019une personne peut soumettre. Cependant, plusieurs r\u00e9sum\u00e9s doivent diff\u00e9rer suffisamment pour justifier des pr\u00e9sentations distinctes. La soumission de plusieurs r\u00e9sum\u00e9s avec un contenu similaire peut entra\u00eener le rejet d\u2019un ou de plusieurs r\u00e9sum\u00e9s.<\/p>\n<p style=\"margin: 0;\">\n<p>&nbsp;<\/p>\n<h4 style=\"margin: 0;\"><strong>Format<\/strong><\/h4>\n<p style=\"margin: 0;\">Les r\u00e9sum\u00e9s seront automatiquement rejet\u00e9s s\u2019ils ne r\u00e9pondent pas aux crit\u00e8res suivants :<\/p>\n<p style=\"margin: 0;\">\n<p>&nbsp;<\/p>\n<h4 style=\"margin: 0;\"><strong>Titre<\/strong><\/h4>\n<p style=\"margin: 0;\">\u00c0 mettre en forme par le syst\u00e8me de soumission en ligne<\/p>\n<p style=\"margin: 0;\">\n<p>&nbsp;<\/p>\n<h4 style=\"margin: 0;\"><strong>Auteurs\/Affiliations<\/strong><\/h4>\n<p style=\"margin: 0;\">\u00c0 mettre en forme par le syst\u00e8me de soumission en ligne<\/p>\n<p style=\"margin: 0;\">\n<p>&nbsp;<\/p>\n<h4 style=\"margin: 0;\"><strong>Sous-titres<\/strong><\/h4>\n<p style=\"margin: 0;\">\u00c0 mettre en forme par le syst\u00e8me de soumission en ligne<\/p>\n<p style=\"margin: 0;\">\n<p>&nbsp;<\/p>\n<h4 style=\"margin: 0;\"><strong>Police<\/strong><\/h4>\n<p style=\"margin: 0;\">\u00c0 mettre en forme par le syst\u00e8me de soumission en ligne<\/p>\n<p style=\"margin: 0;\">\n<p>&nbsp;<\/p>\n<h4 style=\"margin: 0;\"><strong>Longueur<\/strong><\/h4>\n<p style=\"margin: 0;\">250 mots (sans compter le titre, les auteurs et les affiliations, les mots-cl\u00e9s). D\u00e9duisez 50 pour chaque tableau ou graphique.<\/p>\n<p style=\"margin: 0;\">Le r\u00e9sum\u00e9 doit correspondre \u00e0 une largeur de 14 cm (5,5 pouces) et \u00e0 une longueur de 10 cm ou (4 pouces). \u00c0 l\u2019aide de 10 points et d\u2019une page de 8,5 x 11 po, d\u00e9finissez les marges pour 1 po en haut, 6 po en bas, 1,5 po \u00e0 gauche et 1,5 po \u00e0 droite. Le texte int\u00e9gral du r\u00e9sum\u00e9, y compris le titre, le nom des auteurs et les affiliations des auteurs, doit \u00eatre contenu dans ces limites.<\/p>\n<p style=\"margin: 0;\">\n<h4 style=\"margin: 0;\"><strong>Tableaux\/Figures<\/strong><\/h4>\n<p style=\"margin: 0;\">Maximum de 2 dans les dimensions sp\u00e9cifi\u00e9es :<br \/>\n\u2022 Figures \u2013 t\u00e9l\u00e9chargez le fichier \u00e0 l\u2019aide de la fonction d\u2019insertion graphique.<br \/>\n\u2022 Tableaux \u2013 utilisez wysiwyg pour ins\u00e9rer un tableau dans le corps du r\u00e9sum\u00e9. Les tableaux ne doivent pas d\u00e9passer 6 colonnes.<\/p>\n<h4 style=\"margin: 0;\"><\/h4>\n<p>&nbsp;<\/p>\n<h4 style=\"margin: 0;\"><strong>Format structur\u00e9<\/strong><\/h4>\n<p style=\"margin: 0;\">Objectifs : \/ Conception et m\u00e9thodes : \/ R\u00e9sultats : \/ Conclusions :<\/p>\n<p style=\"margin: 0;\">\n<p style=\"margin: 0;\">Objectifs \u2013 Suffisamment d\u2019information d\u00e9montrant la pertinence pour la m\u00e9decine de laboratoire clinique.<\/p>\n<p style=\"margin: 0;\">\n<p style=\"margin: 0;\">Conception et m\u00e9thodes \u2013 Description suffisante de la m\u00e9thodologie.<\/p>\n<p style=\"margin: 0;\">\n<p style=\"margin: 0;\">R\u00e9sultats \u2013 Des preuves objectives suffisantes dans la section des r\u00e9sultats pour \u00e9tayer les conclusions. Les r\u00e9sultats doivent \u00eatre exprim\u00e9s en unit\u00e9s SI. Le type d\u2019information varie selon la conception de l\u2019\u00e9tude, et les \u00e9l\u00e9ments suivants doivent \u00eatre inclus le cas \u00e9ch\u00e9ant :<\/p>\n<p style=\"margin: 0;\">un. Type d\u2019\u00e9tude : \u00c9laboration\/\u00e9valuation d\u2019une nouvelle m\u00e9thode\/proc\u00e9dure<br \/>\n-Proc\u00e9dure<br \/>\n&#8211; Plage de mesure, lin\u00e9arit\u00e9, pr\u00e9cision (intra-tirage et totale), exactitude (comparaison avec la m\u00e9thode accept\u00e9e et\/ou les \u00e9tudes de r\u00e9cup\u00e9ration)<br \/>\n&#8211; Interf\u00e9rences, r\u00e9activit\u00e9 crois\u00e9e (surtout si une m\u00e9thode comparable pr\u00e9sente ces probl\u00e8mes)<\/p>\n<p style=\"margin: 0;\">\n<p style=\"margin: 0;\">b. Type d\u2019\u00e9tude : Clinique<br \/>\n-Population<br \/>\n&#8211; Intervalles de r\u00e9f\u00e9rence et\/ou limites de d\u00e9cision<br \/>\n&#8211; Pr\u00e9cision diagnostique (sensibilit\u00e9 et sp\u00e9cificit\u00e9 cliniques, aires sous courbes ROC&#8230;)<\/p>\n<p style=\"margin: 0;\">\n<p style=\"margin: 0;\">c. Autres types d\u2019\u00e9tudes<br \/>\n&#8211; Description du processus<br \/>\n&#8211; Intrants (temps, dollars, informations&#8230;) et extrants (r\u00e9sultats, productivit\u00e9&#8230;)<br \/>\n-Analyse statistique<br \/>\n&#8211; Comparaison des r\u00e9sultats avec un proc\u00e9d\u00e9 ou un produit comparable ou original<\/p>\n<p style=\"margin: 0;\">\n<p style=\"margin: 0;\">Conclusions \u2013 Fournissez une d\u00e9claration.<\/p>\n<p style=\"margin: 0;\">\n<p style=\"margin: 0;\">Mots-cl\u00e9s \u2013 Maximum 5 mots-cl\u00e9s.<\/p>\n<p style=\"margin: 0;\">\n<p>&nbsp;<\/p>\n<h4 style=\"margin: 0;\"><strong>Processus de soumission des r\u00e9sum\u00e9s<\/strong><\/h4>\n<p style=\"margin: 0;\">L\u2019\u00e9criture doit \u00eatre concise, claire et grammaticalement correcte.<\/p>\n<p style=\"margin: 0;\">\n<p style=\"margin: 0;\">Les informations techniques relatives aux observations et aux conclusions ne peuvent pas \u00eatre retenues pour des raisons exclusives. Il n\u2019est pas acceptable d\u2019affirmer que \u00ab les r\u00e9sultats seront discut\u00e9s \u00bb.<\/p>\n<p style=\"margin: 0;\">\n<p style=\"margin: 0;\">N\u2019utilisez pas de retours forc\u00e9s pour couper les lignes d\u2019un paragraphe \u2013 laissez le programme de soumission le faire de mani\u00e8re appropri\u00e9e.<\/p>\n<p style=\"margin: 0;\">\n<p style=\"margin: 0;\">Le paragraphe du r\u00e9sum\u00e9 ne peut pas d\u00e9passer 250 mots et doit \u00eatre r\u00e9dig\u00e9 en simple interligne. Un maximum de 2 tableaux et\/ou figures est acceptable. D\u00e9duisez 50 mots du nombre maximal de mots pour chaque tableau ou figure inclus. Les figures ne doivent pas d\u00e9passer 3,5 pouces de largeur et doivent \u00eatre lisibles \u00e0 cette dimension, et recadr\u00e9es pour \u00e9liminer les espaces blancs suppl\u00e9mentaires. Les tableaux doivent tenir et \u00eatre lisibles \u00e0 l\u2019int\u00e9rieur d\u2019une colonne de 3,5 pouces.<\/p>\n<p style=\"margin: 0;\">\n<p style=\"margin: 0;\">Toutes les abr\u00e9viations doivent \u00eatre d\u00e9finies lors de la premi\u00e8re utilisation.<\/p>\n<p style=\"margin: 0;\">\n<p style=\"margin: 0;\">S\u2019il y a lieu, les r\u00e9f\u00e9rences doivent \u00eatre indiqu\u00e9es entre parenth\u00e8ses, sans auteurs ni titre, par les abr\u00e9viations fournies dans les revues r\u00e9pertori\u00e9es par Index-Medicus, sans ponctuation, suivies de l\u2019ann\u00e9e, du num\u00e9ro de volume et des num\u00e9ros de page inclusifs. (Exemple : Clin Biochem, 2002&nbsp;; 35:151-169).<\/p>\n<p style=\"margin: 0;\">\n<p style=\"margin: 0;\">Tous les auteurs pr\u00e9sentateurs doivent s\u2019inscrire \u00e0 la conf\u00e9rence et payer les frais d\u2019inscription afin de se qualifier pour la pr\u00e9sentation sur plateforme ou par affiche et la publication des r\u00e9sum\u00e9s. Les r\u00e9sum\u00e9s des participants qui ne sont pas pr\u00e9sents \u00e0 la conf\u00e9rence ne seront pas publi\u00e9s. Si les renseignements d\u2019inscription ne vous ont pas \u00e9t\u00e9 envoy\u00e9s et qu\u2019ils sont requis, veuillez communiquer avec :<br \/>\nSi\u00e8ge social du CSCC<br \/>\nCourriel : <a href=\"mailto:info@cscc.ca\">info@cscc.ca<\/a><\/p>\n<p style=\"margin: 0;\">\n<p>&nbsp;<\/p>\n<h4 style=\"margin: 0;\"><strong>Prix de l\u2019affiche<\/strong><\/h4>\n<p style=\"margin: 0;\">Trois prix d\u2019affiches seront d\u00e9cern\u00e9s aux meilleures pr\u00e9sentations d\u2019affiches en fonction de leur m\u00e9rite, tel qu\u2019\u00e9valu\u00e9 par un comit\u00e9 de s\u00e9lection de la Soci\u00e9t\u00e9. Ils seront jug\u00e9s sur : l\u2019originalit\u00e9, l\u2019importance, le degr\u00e9 de d\u00e9fi scientifique\/technique et la pr\u00e9sentation.<\/p>\n<p style=\"margin: 0;\">\n<p>&nbsp;<\/p>\n<h4 style=\"margin: 0;\"><strong>Bourses de voyage pour stagiaires<\/strong><\/h4>\n<p style=\"margin: 0;\">Chaque ann\u00e9e, le CCSC accorde un nombre limit\u00e9 de subventions de voyage aux stagiaires pour appuyer cet aspect important de la formation en m\u00e9decine de laboratoire. Les stagiaires actuellement inscrits \u00e0 un programme de bourses postdoctorales en biochimie clinique au Canada (CCSC\/CCCA) qui pr\u00e9sentent une affiche \u00e0 cette r\u00e9union seront admissibles \u00e0 des subventions de voyage pour les stagiaires afin de les aider \u00e0 payer leurs frais de d\u00e9placement pour assister \u00e0 la conf\u00e9rence. Les boursiers seront s\u00e9lectionn\u00e9s par le comit\u00e9 des prix du CCSC. Si vous souhaitez \u00eatre pris en consid\u00e9ration pour l\u2019une de ces subventions, veuillez cocher la case appropri\u00e9e sur le formulaire lors de la soumission de votre r\u00e9sum\u00e9. Pour plus d\u2019informations sur ces subventions, <a class=\"theme-button\" href=\"https:\/\/cscc-sccc.ca\/about-us\/cscc-awards-grants\/\" target=\"_blank\" rel=\"noopener\">cliquez ici<\/a>.<\/p>\n<p style=\"margin: 0;\">\n<p>&nbsp;<\/p>\n<h4 style=\"margin: 0;\"><strong>Questionne<\/strong><\/h4>\n<p style=\"margin: 0;\">Les questions concernant la soumission des r\u00e9sum\u00e9s peuvent \u00eatre adress\u00e9es \u00e0 :<br \/>\nSi\u00e8ge social du CSCC<br \/>\nCourriel : <a href=\"mailto:info@cscc.ca\">info@cscc.ca<\/a><\/p>\n<p style=\"margin: 0;\">\n<p>&nbsp;<\/p>\n<h4 style=\"margin: 0;\"><strong>DATE LIMITE<\/strong><\/h4>\n<p style=\"margin: 0;\">Les r\u00e9sum\u00e9s doivent \u00eatre re\u00e7us au plus tard le <strong>29 f\u00e9vrier 2024<\/strong>.<\/p>\n<p style=\"margin: 0;\">\n<p>&nbsp;<\/p>\n<h4 style=\"margin: 0;\"><strong>Inscription<\/strong><\/h4>\n<p style=\"margin: 0;\">Les auteurs seront inform\u00e9s de l\u2019acceptation ou du rejet par e-mail d\u2019ici le 31 mars 2024. Le formulaire d\u2019inscription du pr\u00e9sentateur et les frais d\u2019inscription doivent \u00eatre re\u00e7us au plus tard le 30 avril 2024 pour \u00eatre admissibles \u00e0 la pr\u00e9sentation.<\/p>\n<p>&nbsp;<\/p>\n<p style=\"margin: 0;\">\n<p style=\"margin: 0;\"><strong><a class=\"theme-button\" href=\"https:\/\/event.fourwaves.com\/csccsqbc2024\/submission\" target=\"_blank\" rel=\"noreferrer noopener\">Cliquez ici pour soumettre un r\u00e9sum\u00e9<\/a><\/strong><\/p>\n<p style=\"margin: 0;\">\n                    <\/div>\r\n                        <\/div>\r\n    <\/div><!-- .grid-container -->\r\n<\/div><!-- .wrapBlock.advanced-editor -->","protected":false},"excerpt":{"rendered":"","protected":false},"author":596,"featured_media":0,"parent":111708,"menu_order":0,"comment_status":"closed","ping_status":"closed","template":"","meta":{"_acf_changed":false,"footnotes":""},"class_list":["post-111573","page","type-page","status-publish","hentry"],"acf":[],"_links":{"self":[{"href":"https:\/\/cscc-sccc.ca\/fr\/wp-json\/wp\/v2\/pages\/111573","targetHints":{"allow":["GET"]}}],"collection":[{"href":"https:\/\/cscc-sccc.ca\/fr\/wp-json\/wp\/v2\/pages"}],"about":[{"href":"https:\/\/cscc-sccc.ca\/fr\/wp-json\/wp\/v2\/types\/page"}],"author":[{"embeddable":true,"href":"https:\/\/cscc-sccc.ca\/fr\/wp-json\/wp\/v2\/users\/596"}],"replies":[{"embeddable":true,"href":"https:\/\/cscc-sccc.ca\/fr\/wp-json\/wp\/v2\/comments?post=111573"}],"version-history":[{"count":1,"href":"https:\/\/cscc-sccc.ca\/fr\/wp-json\/wp\/v2\/pages\/111573\/revisions"}],"predecessor-version":[{"id":111574,"href":"https:\/\/cscc-sccc.ca\/fr\/wp-json\/wp\/v2\/pages\/111573\/revisions\/111574"}],"up":[{"embeddable":true,"href":"https:\/\/cscc-sccc.ca\/fr\/wp-json\/wp\/v2\/pages\/111708"}],"wp:attachment":[{"href":"https:\/\/cscc-sccc.ca\/fr\/wp-json\/wp\/v2\/media?parent=111573"}],"curies":[{"name":"wp","href":"https:\/\/api.w.org\/{rel}","templated":true}]}}