{"id":111563,"date":"2024-01-24T10:09:49","date_gmt":"2024-01-24T15:09:49","guid":{"rendered":"https:\/\/cscc-sccc.ca\/soumission-pour-latelier-ou-la-table-ronde-2024\/"},"modified":"2024-04-16T16:35:39","modified_gmt":"2024-04-16T20:35:39","slug":"soumission-pour-latelier-ou-la-table-ronde-2024","status":"publish","type":"page","link":"https:\/\/cscc-sccc.ca\/fr\/actualites-evenements\/soumission-pour-latelier-ou-la-table-ronde-2024\/","title":{"rendered":"Soumission pour l\u2019atelier ou la table ronde 2024"},"content":{"rendered":"<div id=\"advanced-editor-block_1846f062c0c21aa42aac7abc0c4c5b04\" class=\"wrap-block advanced-editor page_id_111563\">\r\n    <div class=\"grid-container vertical-padding\">\r\n        <div class=\"grid-x\">\r\n            \t\t\t\t\t\r\n                    <div class=\"cell large-12 medium-12 small-12  \" data-column-number=\"1\">\r\n                        <table class=\" alignleft\" style=\"width: 100%; border-collapse: collapse; background-color: #cc0000;\">\n<tbody>\n<tr>\n<td style=\"width: 33%; text-align: center; background-color: #cc0000;\"><a class=\"theme-button\" href=\"https:\/\/cscc-sccc.ca\/news-events\/abstract-submission-2024\/\" target=\"_blank\" rel=\"noopener noreferrer\"><span style=\"font-weight: bold; color: #ffffff;\">Soumettre un r\u00e9sum\u00e9<\/span><\/a><\/td>\n<td style=\"width: 33%; text-align: center; background-color: #cc0000;\"><a class=\"theme-button\" href=\"https:\/\/cscc-sccc.ca\/fr\/soumission-pour-latelier-ou-la-table-ronde-2024\/\" target=\"_blank\" rel=\"noopener noreferrer\"><span style=\"font-weight: bold; color: #ffffff;\">Soumettre l\u2019atelier<\/span><\/a><\/td>\n<td style=\"width: 34%; text-align: center; background-color: #cc0000;\"><a class=\"theme-button\" href=\"https:\/\/cscc-sccc.ca\/fr\/soumission-pour-latelier-ou-la-table-ronde-2024\/\" target=\"_blank\" rel=\"noopener noreferrer\"><span style=\"font-weight: bold; color: #ffffff;\">Soumettre une table ronde<\/span><\/a><\/td>\n<\/tr>\n<\/tbody>\n<\/table>\n<p style=\"margin: 0;\">\n<h3 style=\"margin: 0px; font-weight: bold;\">SOUMETTRE UNE PROPOSITION D\u2019ATELIER SCIENTIFIQUE ET\/OU DE TABLE RONDE<\/h3>\n<h3 style=\"margin: 0px; font-weight: bold;\">CHANGEMENTS IMPORTANTS !<\/h3>\n<p style=\"margin: 0px;\">\n<p style=\"margin: 0px;\">\n<p>&nbsp;<\/p>\n<p style=\"margin: 0px;\"><a class=\"theme-button\" style=\"font-weight: bold;\" href=\"https:\/\/www.research.net\/r\/5SS5TM7\" target=\"_blank\" rel=\"noopener noreferrer\">Cliquez ici pour soumettre votre proposition<\/a><\/p>\n<p>&nbsp;<\/p>\n<h4 style=\"margin: 0px; font-weight: bold;\">Date limite : 31 janvier<\/h4>\n<p style=\"margin: 0px;\">\n<p style=\"margin: 0px;\">D\u2019apr\u00e8s les commentaires des participants aux r\u00e9unions annuelles pr\u00e9c\u00e9dentes, cette ann\u00e9e, le calendrier et le format des tables rondes et des ateliers seront diff\u00e9rents de ceux des r\u00e9unions pr\u00e9c\u00e9dentes.<\/p>\n<p style=\"margin: 0px;\">\n<p style=\"margin: 0px;\">Des ateliers et des tables rondes se tiendront d\u00e9sormais le mardi apr\u00e8s-midi (13h30-16h30) \u00e0 la place de l\u2019un des symposiums. Toutes les tables rondes dureront 1 heure (13h30-14h30) et les ateliers dureront 1,5 heure (15h00-16h30). Il n\u2019y aura pas de frais pour assister \u00e0 une table ronde ou \u00e0 un atelier, mais l\u2019inscription sera obligatoire. Les ateliers et les tables rondes seront accr\u00e9dit\u00e9s PDP.<\/p>\n<p style=\"margin: 0px;\">\n<p style=\"margin: 0px;\">Les soumissions pour les tables rondes et les ateliers seront examin\u00e9es par les membres du sous-comit\u00e9 du comit\u00e9 de planification de l\u2019assembl\u00e9e annuelle.<\/p>\n<p style=\"margin: 0px;\">\n<h4 style=\"margin: 0px; font-weight: bold;\">Tables rondes<\/h4>\n<ul>\n<li>Peut accueillir jusqu\u2019\u00e0 10 participants<\/li>\n<li>Il doit s\u2019agir de discussions en petits groupes anim\u00e9es par un seul pr\u00e9sentateur.<\/li>\n<li>Id\u00e9alement, les sujets se concentreront sur des exemples pratiques, des comp\u00e9tences ou des \u00e9tudes de cas<\/li>\n<\/ul>\n<h4 style=\"margin: 0px;\"><\/h4>\n<h4 style=\"margin: 0px; font-weight: bold;\">Ateliers<\/h4>\n<ul>\n<li>Doit encourager l\u2019interaction entre les participants<\/li>\n<li>Id\u00e9alement ax\u00e9 sur les fondements de la m\u00e9decine de laboratoire, le d\u00e9veloppement de comp\u00e9tences pratiques et des sujets qui font progresser le d\u00e9veloppement professionnel<\/li>\n<\/ul>\n<p style=\"margin: 0px;\">\n<p style=\"margin: 0px;\">\n<p style=\"margin: 0px;\"><a class=\"theme-button\" style=\"font-weight: bold;\" href=\"https:\/\/www.research.net\/r\/5SS5TM7\" target=\"_blank\" rel=\"noopener noreferrer\">Cliquez ici pour soumettre votre proposition<\/a><\/p>\n<p style=\"margin: 0px;\">\n<p style=\"margin: 0px;\">\n<p style=\"margin: 0px;\">\n                    <\/div>\r\n                        <\/div>\r\n    <\/div><!-- .grid-container -->\r\n<\/div><!-- .wrapBlock.advanced-editor -->","protected":false},"excerpt":{"rendered":"","protected":false},"author":596,"featured_media":0,"parent":111708,"menu_order":0,"comment_status":"closed","ping_status":"closed","template":"","meta":{"_acf_changed":false,"footnotes":""},"class_list":["post-111563","page","type-page","status-publish","hentry"],"acf":[],"_links":{"self":[{"href":"https:\/\/cscc-sccc.ca\/fr\/wp-json\/wp\/v2\/pages\/111563","targetHints":{"allow":["GET"]}}],"collection":[{"href":"https:\/\/cscc-sccc.ca\/fr\/wp-json\/wp\/v2\/pages"}],"about":[{"href":"https:\/\/cscc-sccc.ca\/fr\/wp-json\/wp\/v2\/types\/page"}],"author":[{"embeddable":true,"href":"https:\/\/cscc-sccc.ca\/fr\/wp-json\/wp\/v2\/users\/596"}],"replies":[{"embeddable":true,"href":"https:\/\/cscc-sccc.ca\/fr\/wp-json\/wp\/v2\/comments?post=111563"}],"version-history":[{"count":1,"href":"https:\/\/cscc-sccc.ca\/fr\/wp-json\/wp\/v2\/pages\/111563\/revisions"}],"predecessor-version":[{"id":111566,"href":"https:\/\/cscc-sccc.ca\/fr\/wp-json\/wp\/v2\/pages\/111563\/revisions\/111566"}],"up":[{"embeddable":true,"href":"https:\/\/cscc-sccc.ca\/fr\/wp-json\/wp\/v2\/pages\/111708"}],"wp:attachment":[{"href":"https:\/\/cscc-sccc.ca\/fr\/wp-json\/wp\/v2\/media?parent=111563"}],"curies":[{"name":"wp","href":"https:\/\/api.w.org\/{rel}","templated":true}]}}