{"id":111547,"date":"2024-03-13T11:28:21","date_gmt":"2024-03-13T15:28:21","guid":{"rendered":"https:\/\/cscc-sccc.ca\/hebergement-2024\/"},"modified":"2024-04-15T12:20:34","modified_gmt":"2024-04-15T16:20:34","slug":"hebergement-2024","status":"publish","type":"page","link":"https:\/\/cscc-sccc.ca\/fr\/hebergement-2024\/","title":{"rendered":"H\u00e9bergement 2024"},"content":{"rendered":"<div id=\"advanced-editor-block_597e940c78e7fa0b6ee416947df55d54\" class=\"wrap-block advanced-editor page_id_111547\">\r\n    <div class=\"grid-container vertical-padding\">\r\n        <div class=\"grid-x\">\r\n            \t\t\t\t\t\r\n                    <div class=\"cell large-12 medium-12 small-12  \" data-column-number=\"1\">\r\n                        <table class=\" alignleft\" style=\"width: 100%; border-collapse: collapse; background-color: #cc0000;\">\n<tbody>\n<tr>\n<td colspan=\"4\" style=\"text-align: center; background-color: #003399;\"><a class=\"theme-button\" href=\"https:\/\/cscc-sccc.ca\/hebergement-2024\/\" target=\"_blank\" rel=\"noopener noreferrer\"><span style=\"font-weight: bold; color: #ffffff;\">Cliquer ici pour la version fran\u00e7aise<\/span><\/a><\/td>\n<\/tr>\n<tr>\n<td style=\"width: 25%; text-align: center; background-color: #cc0000;\"><a class=\"theme-button\" href=\"https:\/\/cscc-sccc.ca\/fr\/programme-2024\/\" target=\"_blank\" rel=\"noopener noreferrer\"><span style=\"font-weight: bold; color: #ffffff;\">Programme<\/span><\/a><\/td>\n<td style=\"width: 25%; text-align: center; background-color: #cc0000;\"><a class=\"theme-button\" href=\"https:\/\/cscc-sccc.ca\/fr\/inscription-2024\/\" target=\"_blank\" rel=\"noopener noreferrer\"><span style=\"font-weight: bold; color: #ffffff;\">Registre<\/span><\/a><\/td>\n<td style=\"width: 25%; text-align: center; background-color: #cc0000;\"><a class=\"theme-button\" href=\"https:\/\/cscc-sccc.ca\/fr\/hebergement-2024\/\" target=\"_blank\" rel=\"noopener noreferrer\"><span style=\"font-weight: bold; color: #ffffff;\">H\u00e9bergement<\/span><\/a><\/td>\n<td style=\"width: 25%; text-align: center; background-color: #cc0000;\"><a class=\"theme-button\" href=\"https:\/\/cscc-sccc.ca\/fr\/tourisme-de-voyage-2024\/\" target=\"_blank\" rel=\"noopener noreferrer\"><span style=\"font-weight: bold; color: #ffffff;\">Voyage\/Tourisme<\/span><\/a><\/td>\n<\/tr>\n<\/tbody>\n<\/table>\n<p>&nbsp;<\/p>\n<h3 style=\"margin: 0px; font-weight: bold;\"><img loading=\"lazy\" decoding=\"async\" class=\"size-medium wp-image-82540 alignright\" src=\"https:\/\/cscc-sccc.ca\/wp-content\/uploads\/delta_terrace_600x400-500x333.jpg\" alt=\"Delta Terrace Mont Ste-Anne\" width=\"500\" height=\"333\" srcset=\"https:\/\/cscc-sccc.ca\/wp-content\/uploads\/delta_terrace_600x400-500x333.jpg 500w, https:\/\/cscc-sccc.ca\/wp-content\/uploads\/delta_terrace_600x400.jpg 600w\" sizes=\"auto, (max-width: 500px) 85vw, 500px\" \/>R\u00c9SERVEZ D\u00c8S MAINTENANT VOTRE CHAMBRE POUR LE CSCC\/SQBC 2024 !<\/h3>\n<p>&nbsp;<\/p>\n<h4 style=\"margin: 0;\"><strong>Delta Hotels, Mont Sainte-Anne, Centre de vill\u00e9giature et de congr\u00e8s<\/strong><\/h4>\n<p style=\"margin: 0;\">Date de d\u00e9but : 14 juin 2024*<\/p>\n<p style=\"margin: 0;\">Date de fin : 19 juin 2024*<\/p>\n<p style=\"margin: 0;\">Dernier jour pour r\u00e9server : mardi 14 mai 2024<\/p>\n<p style=\"margin: 0;\">*Contactez directement l\u2019h\u00f4tel si vous souhaitez r\u00e9server votre s\u00e9jour en dehors de ces dates<\/p>\n<p style=\"margin: 0;\">Tarif&nbsp;: $229 \u2013 $479 par nuit<\/p>\n<p>&nbsp;<\/p>\n<h4 style=\"margin: 0;\"><strong><a href=\"https:\/\/www.marriott.com\/events\/start.mi?id=1699545165803&amp;key=GRP\" target=\"_blank\" rel=\"noreferrer noopener\">Cliquez ici pour r\u00e9server votre tarif de groupe pour le congr\u00e8s annuel de la Soci\u00e9t\u00e9 canadienne des chimistes cliniciens<\/a><\/strong><\/h4>\n<p>&nbsp;<\/p>\n<p style=\"margin: 0;\">Delta Hotels by Marriott, Mont Sainte-Anne, Centre de vill\u00e9giature et de congr\u00e8s<br \/>\n500, boulevard Beau-Pr\u00e9<br \/>\nBeaupr\u00e9 (Qu\u00e9bec) G0A 1E0<\/p>\n<p style=\"margin: 0;\">T\u00e9l. : 581-909-5267<\/p>\n<p>&nbsp;<\/p>\n<p><img loading=\"lazy\" decoding=\"async\" class=\"alignnone size-medium wp-image-82538\" src=\"https:\/\/cscc-sccc.ca\/wp-content\/uploads\/delta_bistro_600x400-500x333.jpg\" alt=\"Delta Bistro Mont Ste-Anne\" width=\"500\" height=\"333\" srcset=\"https:\/\/cscc-sccc.ca\/wp-content\/uploads\/delta_bistro_600x400-500x333.jpg 500w, https:\/\/cscc-sccc.ca\/wp-content\/uploads\/delta_bistro_600x400.jpg 600w\" sizes=\"auto, (max-width: 500px) 85vw, 500px\" \/><\/p>\n                    <\/div>\r\n                        <\/div>\r\n    <\/div><!-- .grid-container -->\r\n<\/div><!-- .wrapBlock.advanced-editor -->","protected":false},"excerpt":{"rendered":"","protected":false},"author":596,"featured_media":0,"parent":0,"menu_order":0,"comment_status":"closed","ping_status":"closed","template":"","meta":{"_acf_changed":false,"footnotes":""},"class_list":["post-111547","page","type-page","status-publish","hentry"],"acf":[],"_links":{"self":[{"href":"https:\/\/cscc-sccc.ca\/fr\/wp-json\/wp\/v2\/pages\/111547","targetHints":{"allow":["GET"]}}],"collection":[{"href":"https:\/\/cscc-sccc.ca\/fr\/wp-json\/wp\/v2\/pages"}],"about":[{"href":"https:\/\/cscc-sccc.ca\/fr\/wp-json\/wp\/v2\/types\/page"}],"author":[{"embeddable":true,"href":"https:\/\/cscc-sccc.ca\/fr\/wp-json\/wp\/v2\/users\/596"}],"replies":[{"embeddable":true,"href":"https:\/\/cscc-sccc.ca\/fr\/wp-json\/wp\/v2\/comments?post=111547"}],"version-history":[{"count":1,"href":"https:\/\/cscc-sccc.ca\/fr\/wp-json\/wp\/v2\/pages\/111547\/revisions"}],"predecessor-version":[{"id":111550,"href":"https:\/\/cscc-sccc.ca\/fr\/wp-json\/wp\/v2\/pages\/111547\/revisions\/111550"}],"wp:attachment":[{"href":"https:\/\/cscc-sccc.ca\/fr\/wp-json\/wp\/v2\/media?parent=111547"}],"curies":[{"name":"wp","href":"https:\/\/api.w.org\/{rel}","templated":true}]}}