{"id":111529,"date":"2024-03-13T20:54:44","date_gmt":"2024-03-14T00:54:44","guid":{"rendered":"https:\/\/cscc-sccc.ca\/conference-2024\/"},"modified":"2024-04-15T12:19:18","modified_gmt":"2024-04-15T16:19:18","slug":"conference-2024","status":"publish","type":"page","link":"https:\/\/cscc-sccc.ca\/fr\/conference-2024\/","title":{"rendered":"Conf\u00e9rence 2024"},"content":{"rendered":"<div id=\"advanced-editor-block_7a27824b54c577c4833e9143252126d8\" class=\"wrap-block advanced-editor page_id_111529\">\r\n    <div class=\"grid-container vertical-padding\">\r\n        <div class=\"grid-x\">\r\n            \t\t\t\t\t\r\n                    <div class=\"cell large-12 medium-12 small-12  \" data-column-number=\"1\">\r\n                        <table class=\" alignleft\" style=\"width: 100%; border-collapse: collapse; background-color: #cc0000;\">\n<tbody>\n<tr>\n<td colspan=\"4\" style=\"text-align: center; background-color: #003399;\"><a class=\"theme-button\" href=\"https:\/\/cscc-sccc.ca\/programme-2024\/\" target=\"_blank\" rel=\"noopener noreferrer\"><span style=\"font-weight: bold; color: #ffffff;\">Cliquer ici pour la version fran\u00e7aise<\/span><\/a><\/td>\n<\/tr>\n<tr>\n<td style=\"width: 25%; text-align: center; background-color: #cc0000;\"><a class=\"theme-button\" href=\"https:\/\/cscc-sccc.ca\/program-2024\/\" target=\"_blank\" rel=\"noopener noreferrer\"><span style=\"font-weight: bold; color: #ffffff;\">Programme<\/span><\/a><\/td>\n<td style=\"width: 25%; text-align: center; background-color: #cc0000;\"><a class=\"theme-button\" href=\"https:\/\/cscc-sccc.ca\/fr\/inscription-2024\/\" target=\"_blank\" rel=\"noopener noreferrer\"><span style=\"font-weight: bold; color: #ffffff;\">Registre<\/span><\/a><\/td>\n<td style=\"width: 25%; text-align: center; background-color: #cc0000;\"><a class=\"theme-button\" href=\"https:\/\/cscc-sccc.ca\/accommodation-2024\/\" target=\"_blank\" rel=\"noopener noreferrer\"><span style=\"font-weight: bold; color: #ffffff;\">H\u00e9bergement<\/span><\/a><\/td>\n<td style=\"width: 25%; text-align: center; background-color: #cc0000;\"><a class=\"theme-button\" href=\"https:\/\/cscc-sccc.ca\/fr\/tourisme-de-voyage-2024\/\" target=\"_blank\" rel=\"noopener noreferrer\"><span style=\"font-weight: bold; color: #ffffff;\">Voyage\/Tourisme<\/span><\/a><\/td>\n<\/tr>\n<\/tbody>\n<\/table>\n<p style=\"margin: 0;\">&nbsp;<\/p>\n<p>Le Mont Sainte-Anne accueille les visiteurs avec une foule d\u2019activit\u00e9s dans un d\u00e9cor \u00e0 couper le souffle, dont le v\u00e9lo de montagne sur des sentiers pour tous les niveaux, la randonn\u00e9e p\u00e9destre, le parapente et le golf au pied de la montagne&nbsp;! Les visiteurs peuvent admirer la vue \u00e0 partir d\u2019une t\u00e9l\u00e9cabine en route vers le sommet du mont Saint-Anne. Joignez-vous au CSCC et \u00e0 la SQBC au Mont Sainte-Anne, du 16 au 19 juin&nbsp;!<\/p>\n<h3 style=\"margin: 0;\"><strong>La conf\u00e9rence comprendra&#8230;<\/strong><\/h3>\n<ul>\n<li>3 Colloques scientifiques<\/li>\n<li>Ateliers scientifiques<\/li>\n<li>Tables rondes<\/li>\n<li>Ateliers de l\u2019industrie<\/li>\n<li>Pr\u00e9sentations d\u2019affiches<\/li>\n<li>Pr\u00e9sentations \u00e9clair<\/li>\n<li>Expositions des fournisseurs<\/li>\n<li>\u00c9v\u00e9nements sociaux de r\u00e9seautage<\/li>\n<\/ul>\n                    <\/div>\r\n                        <\/div>\r\n    <\/div><!-- .grid-container -->\r\n<\/div><!-- .wrapBlock.advanced-editor -->","protected":false},"excerpt":{"rendered":"","protected":false},"author":596,"featured_media":0,"parent":0,"menu_order":0,"comment_status":"closed","ping_status":"closed","template":"","meta":{"_acf_changed":false,"footnotes":""},"class_list":["post-111529","page","type-page","status-publish","hentry"],"acf":[],"_links":{"self":[{"href":"https:\/\/cscc-sccc.ca\/fr\/wp-json\/wp\/v2\/pages\/111529","targetHints":{"allow":["GET"]}}],"collection":[{"href":"https:\/\/cscc-sccc.ca\/fr\/wp-json\/wp\/v2\/pages"}],"about":[{"href":"https:\/\/cscc-sccc.ca\/fr\/wp-json\/wp\/v2\/types\/page"}],"author":[{"embeddable":true,"href":"https:\/\/cscc-sccc.ca\/fr\/wp-json\/wp\/v2\/users\/596"}],"replies":[{"embeddable":true,"href":"https:\/\/cscc-sccc.ca\/fr\/wp-json\/wp\/v2\/comments?post=111529"}],"version-history":[{"count":1,"href":"https:\/\/cscc-sccc.ca\/fr\/wp-json\/wp\/v2\/pages\/111529\/revisions"}],"predecessor-version":[{"id":111532,"href":"https:\/\/cscc-sccc.ca\/fr\/wp-json\/wp\/v2\/pages\/111529\/revisions\/111532"}],"wp:attachment":[{"href":"https:\/\/cscc-sccc.ca\/fr\/wp-json\/wp\/v2\/media?parent=111529"}],"curies":[{"name":"wp","href":"https:\/\/api.w.org\/{rel}","templated":true}]}}