{"id":111524,"date":"2024-03-13T21:04:45","date_gmt":"2024-03-14T01:04:45","guid":{"rendered":"https:\/\/cscc-sccc.ca\/tourisme-de-voyage-2024\/"},"modified":"2024-04-15T12:19:18","modified_gmt":"2024-04-15T16:19:18","slug":"tourisme-de-voyage-2024","status":"publish","type":"page","link":"https:\/\/cscc-sccc.ca\/fr\/tourisme-de-voyage-2024\/","title":{"rendered":"Tourisme de voyage 2024"},"content":{"rendered":"<div id=\"advanced-editor-block_5224731d4e75a65436cf9b2f07231133\" class=\"wrap-block advanced-editor page_id_111524\">\r\n    <div class=\"grid-container vertical-padding\">\r\n        <div class=\"grid-x\">\r\n            \t\t\t\t\t\r\n                    <div class=\"cell large-12 medium-12 small-12  \" data-column-number=\"1\">\r\n                        <table class=\" alignleft\" style=\"width: 100%; border-collapse: collapse; background-color: #cc0000;\">\n<tbody>\n<tr>\n<td colspan=\"4\" style=\"text-align: center; background-color: #003399;\"><a class=\"theme-button\" href=\"https:\/\/cscc-sccc.ca\/tourisme-2024\/\" target=\"_blank\" rel=\"noopener noreferrer\"><span style=\"font-weight: bold; color: #ffffff;\">Cliquer ici pour la version fran\u00e7aise<\/span><\/a><\/td>\n<\/tr>\n<tr>\n<td style=\"width: 25%; text-align: center; background-color: #cc0000;\"><a class=\"theme-button\" href=\"https:\/\/cscc-sccc.ca\/program-2024\/\" target=\"_blank\" rel=\"noopener noreferrer\"><span style=\"font-weight: bold; color: #ffffff;\">Programme<\/span><\/a><\/td>\n<td style=\"width: 25%; text-align: center; background-color: #cc0000;\"><a class=\"theme-button\" href=\"https:\/\/cscc-sccc.ca\/fr\/inscription-2024\/\" target=\"_blank\" rel=\"noopener noreferrer\"><span style=\"font-weight: bold; color: #ffffff;\">Registre<\/span><\/a><\/td>\n<td style=\"width: 25%; text-align: center; background-color: #cc0000;\"><a class=\"theme-button\" href=\"https:\/\/cscc-sccc.ca\/accommodation-2024\/\" target=\"_blank\" rel=\"noopener noreferrer\"><span style=\"font-weight: bold; color: #ffffff;\">H\u00e9bergement<\/span><\/a><\/td>\n<td style=\"width: 25%; text-align: center; background-color: #cc0000;\"><a class=\"theme-button\" href=\"https:\/\/cscc-sccc.ca\/fr\/tourisme-de-voyage-2024\/\" target=\"_blank\" rel=\"noopener noreferrer\"><span style=\"font-weight: bold; color: #ffffff;\">Voyage\/Tourisme<\/span><\/a><\/td>\n<\/tr>\n<\/tbody>\n<\/table>\n<p style=\"margin: 0;\">&nbsp;<\/p>\n<table border=\"0\" width=\"100%\" cellspacing=\"0\" cellpadding=\"0\">\n<tbody>\n<tr valign=\"top\">\n<td colspan=\"3\" valign=\"top\">\n<h4 style=\"margin: 0;\" align=\"left\">SERVICE DE NAVETTE SP\u00c9CIAL<\/h4>\n<p style=\"margin: 0;\" align=\"left\">Le co\u00fbt d\u2019un taxi entre Qu\u00e9bec et Mont Ste-Anne est d\u2019environ 150 $ par trajet. La conf\u00e9rence offre un service de transport en taxi et en autobus \u00e0 un co\u00fbt r\u00e9duit de 50 $ par trajet. Ce service de navette de Qu\u00e9bec \u00e0 l\u2019H\u00f4tel Delta Mont Ste-Anne sera offert tous les jours du vendredi au mardi. Des navettes aller-retour vers Qu\u00e9bec seront assur\u00e9es mercredi \u00e0 midi. Veuillez noter que si vous choisissez l\u2019option de transport de Qu\u00e9bec au Mont Ste-Anne, le service sera disponible peu importe votre heure d\u2019arriv\u00e9e et avec un temps d\u2019attente court.<\/p>\n<p style=\"margin: 0;\" align=\"left\"><strong><em>Nous vous encourageons \u00e0 consid\u00e9rer cette excellente option&nbsp;!<\/em><\/strong><\/p>\n<p style=\"margin: 0;\" align=\"left\">Tous les services de navette sont soumis \u00e0 un minimum de vente de billets et peuvent ne pas \u00eatre disponibles certains jours. Si le service de navette n\u2019est pas propos\u00e9 le jour de votre voyage, tous les billets seront rembours\u00e9s int\u00e9gralement.<\/p>\n<\/td>\n<\/tr>\n<tr valign=\"top\">\n<td colspan=\"2\">\n<p style=\"margin: 0;\" align=\"left\">Transport aller-retour de l\u2019a\u00e9roport Jean-Lesage de Qu\u00e9bec (YQB) ou de la gare de Qu\u00e9bec (Gare de Qu\u00e9bec) \u00e0 l\u2019H\u00f4tel Delta Mont Ste-Anne, et retour \u00e0 l\u2019a\u00e9roport Jean-Lesage (YQB) \/ Via train station (Gare de Qu\u00e9bec) Mercredi<\/p>\n<\/td>\n<td width=\"20%\">\n<p style=\"margin: 0;\" align=\"center\">100 $<\/p>\n<\/td>\n<\/tr>\n<tr valign=\"top\">\n<td colspan=\"2\">\n<p style=\"margin: 0;\" align=\"left\">Transport aller simple de l\u2019a\u00e9roport Jean-Lesage de Qu\u00e9bec (YQB) ou de la gare de train (Gare de Qu\u00e9bec) \u00e0 l\u2019h\u00f4tel Delta Mont Ste-Anne<\/p>\n<\/td>\n<td>\n<p style=\"margin: 0;\" align=\"center\">50 $<\/p>\n<\/td>\n<\/tr>\n<tr valign=\"top\">\n<td colspan=\"2\">\n<p style=\"margin: 0;\" align=\"left\">Transport aller simple de l\u2019H\u00f4tel Delta Mont Ste-Anne \u00e0 l\u2019a\u00e9roport Jean-Lesage de Qu\u00e9bec (YQB) ou \u00e0 la gare de Qu\u00e9bec (Gare de Qu\u00e9bec) le mercredi 19 juin<\/p>\n<\/td>\n<td>\n<p style=\"margin: 0;\" align=\"center\">50 $<\/p>\n<\/td>\n<\/tr>\n<\/tbody>\n<\/table>\n<p style=\"margin: 0;\">&nbsp;<\/p>\n<h4 style=\"margin: 0;\" align=\"left\">COMPAGNIE A\u00c9RIENNE OFFICIELLE<\/h4>\n<table border=\"0\" width=\"100%\" cellspacing=\"0\" cellpadding=\"0\">\n<tbody>\n<tr valign=\"top\">\n<td colspan=\"2\" width=\"20%\">\n<a href=\"mailto:info@cscc-sccc.ca\"><img decoding=\"async\" src=\"https:\/\/cscc-sccc.ca\/wp-content\/uploads\/aircanada_200x200.jpg\" border=\"0\" align=\"center\"><\/a>\n<\/td>\n<td>\n<p style=\"margin: 0;\" align=\"left\">Air Canada offre des rabais sp\u00e9ciaux aux d\u00e9l\u00e9gu\u00e9s qui se rendent \u00e0 la conf\u00e9rence. R\u00e9servez votre billet en utilisant le code promotionnel et \u00e9conomisez jusqu\u2019\u00e0 10 % ! (Contactez <a href=\"mailto:info@cscc-sccc.ca\">info@cscc.sccc.ca<\/a> pour obtenir le code de r\u00e9servation.)<\/p>\n<p style=\"margin: 0;\" align=\"left\">R\u00e8gles applicables<\/p>\n<ul>\n<li>La r\u00e9servation doit \u00eatre faite \u00e0 destination de la ville suivante : Qu\u00e9bec, YQB (CA)<\/li>\n<li>La p\u00e9riode de voyage commence le vendredi 7 juin 2024 et se termine le dimanche 23 juin 2024.<\/li>\n<li>Les voyages sont valables lundi, mardi, mercredi, jeudi, vendredi, samedi, dimanche.<\/li>\n<li>Pour l\u2019Am\u00e9rique du Nord : 5 % s\u2019applique sur les tarifs standard, 10 % sur les tarifs flexibles et sup\u00e9rieurs. Pour les voyages internationaux : 10 % sur les tarifs standard et sup\u00e9rieurs.<\/li>\n<li>Cependant, toutes les r\u00e9servations effectu\u00e9es \u00e0 l\u2019aide du code promotionnel seront prises en compte dans le minimum de 10 passagers requis pour les r\u00e9unions et les congr\u00e8s.<\/li>\n<\/ul>\n<\/td>\n<\/tr>\n<\/tbody>\n<\/table>\n<p style=\"margin: 0;\">&nbsp;<\/p>\n<p><img decoding=\"async\" class=\"alignnone wp-image-82531\" src=\"https:\/\/cscc-sccc.ca\/wp-content\/uploads\/biketrail.600x334-500x278.jpg\" alt=\"Piste cyclable du Mont Ste-Anne\" width=\"100%\" srcset=\"https:\/\/cscc-sccc.ca\/wp-content\/uploads\/biketrail.600x334-500x278.jpg 500w, https:\/\/cscc-sccc.ca\/wp-content\/uploads\/biketrail.600x334.jpg 600w\" sizes=\"(max-width: 500px) 85vw, 500px\" \/><\/p>\n<p style=\"margin: 0;\">Le Mont Sainte-Anne accueille les visiteurs avec une foule d\u2019activit\u00e9s dans un d\u00e9cor \u00e0 couper le souffle, dont le v\u00e9lo de montagne sur des sentiers pour tous les niveaux, la randonn\u00e9e p\u00e9destre, le parapente et le golf au pied de la montagne&nbsp;! Les visiteurs peuvent admirer la vue \u00e0 partir d\u2019une t\u00e9l\u00e9cabine en route vers le sommet du mont Saint-Anne. Joignez-vous au CSCC et \u00e0 la SQBC au Mont-Sainte-Anne, du 16 au 19 juin&nbsp;!<\/p>\n<p>&nbsp;<\/p>\n<ul>\n<li><a href=\"https:\/\/www.theweathernetwork.com\/ca\/weather\/quebec\/beaupre\" target=\"_blank\" rel=\"noopener noreferrer\">M\u00e9t\u00e9o locale<\/a><\/li>\n<li><a href=\"https:\/\/mont-sainte-anne.com\/en\/\" target=\"_blank\" rel=\"noopener noreferrer\">Mont Sainte-Anne Tourisme<\/a><\/li>\n<li><a href=\"https:\/\/www.aeroportdequebec.com\/en\" target=\"_blank\" rel=\"noopener noreferrer\">A\u00e9roport international Jean-Lesage de Qu\u00e9bec<\/a><\/li>\n<li><a href=\"https:\/\/www.quebec-cite.com\/en\" target=\"_blank\" rel=\"noopener noreferrer\">Visiter Qu\u00e9bec<\/a><\/li>\n<\/ul>\n<p><img decoding=\"async\" class=\"alignnone size-medium wp-image-82535\" src=\"https:\/\/cscc-sccc.ca\/wp-content\/uploads\/gondola_600x355-500x296.jpg\" alt=\"T\u00e9l\u00e9cabine du Mont Ste-Anne\" width=\"100%\" srcset=\"https:\/\/cscc-sccc.ca\/wp-content\/uploads\/gondola_600x355-500x296.jpg 500w, https:\/\/cscc-sccc.ca\/wp-content\/uploads\/gondola_600x355.jpg 600w\" sizes=\"(max-width: 500px) 85vw, 500px\" \/><\/p>\n                    <\/div>\r\n                        <\/div>\r\n    <\/div><!-- .grid-container -->\r\n<\/div><!-- .wrapBlock.advanced-editor -->","protected":false},"excerpt":{"rendered":"","protected":false},"author":596,"featured_media":0,"parent":0,"menu_order":0,"comment_status":"closed","ping_status":"closed","template":"","meta":{"_acf_changed":false,"footnotes":""},"class_list":["post-111524","page","type-page","status-publish","hentry"],"acf":[],"_links":{"self":[{"href":"https:\/\/cscc-sccc.ca\/fr\/wp-json\/wp\/v2\/pages\/111524","targetHints":{"allow":["GET"]}}],"collection":[{"href":"https:\/\/cscc-sccc.ca\/fr\/wp-json\/wp\/v2\/pages"}],"about":[{"href":"https:\/\/cscc-sccc.ca\/fr\/wp-json\/wp\/v2\/types\/page"}],"author":[{"embeddable":true,"href":"https:\/\/cscc-sccc.ca\/fr\/wp-json\/wp\/v2\/users\/596"}],"replies":[{"embeddable":true,"href":"https:\/\/cscc-sccc.ca\/fr\/wp-json\/wp\/v2\/comments?post=111524"}],"version-history":[{"count":1,"href":"https:\/\/cscc-sccc.ca\/fr\/wp-json\/wp\/v2\/pages\/111524\/revisions"}],"predecessor-version":[{"id":111527,"href":"https:\/\/cscc-sccc.ca\/fr\/wp-json\/wp\/v2\/pages\/111524\/revisions\/111527"}],"wp:attachment":[{"href":"https:\/\/cscc-sccc.ca\/fr\/wp-json\/wp\/v2\/media?parent=111524"}],"curies":[{"name":"wp","href":"https:\/\/api.w.org\/{rel}","templated":true}]}}