{"id":111467,"date":"2024-04-08T10:44:48","date_gmt":"2024-04-08T14:44:48","guid":{"rendered":"https:\/\/cscc-sccc.ca\/inscription-2024\/"},"modified":"2024-04-15T10:54:27","modified_gmt":"2024-04-15T14:54:27","slug":"inscription-2024","status":"publish","type":"page","link":"https:\/\/cscc-sccc.ca\/fr\/inscription-2024\/","title":{"rendered":"Inscription 2024"},"content":{"rendered":"<div id=\"advanced-editor-block_96809238298d065d99bc24bbd98e7b4f\" class=\"wrap-block advanced-editor page_id_111467\">\r\n    <div class=\"grid-container vertical-padding\">\r\n        <div class=\"grid-x\">\r\n            \t\t\t\t\t\r\n                    <div class=\"cell large-12 medium-12 small-12  \" data-column-number=\"1\">\r\n                        <table class=\" alignleft\" style=\"width: 100%; border-collapse: collapse; background-color: #cc0000;\">\n<tbody>\n<tr>\n<td colspan=\"4\" style=\"text-align: center; background-color: #003399;\"><a class=\"theme-button\" href=\"https:\/\/cscc-sccc.ca\/inscription-2024\/\" target=\"_blank\" rel=\"noopener noreferrer\"><span style=\"font-weight: bold; color: #ffffff;\">Cliquer ici pour la version fran\u00e7aise<\/span><\/a><\/td>\n<\/tr>\n<tr>\n<td style=\"width: 25%; text-align: center; background-color: #cc0000;\"><a class=\"theme-button\" href=\"https:\/\/cscc-sccc.ca\/program-2024\/\" target=\"_blank\" rel=\"noopener noreferrer\"><span style=\"font-weight: bold; color: #ffffff;\">Programme<\/span><\/a><\/td>\n<td style=\"width: 25%; text-align: center; background-color: #cc0000;\"><a class=\"theme-button\" href=\"https:\/\/cscc-sccc.ca\/fr\/inscription-2024\/\" target=\"_blank\" rel=\"noopener noreferrer\"><span style=\"font-weight: bold; color: #ffffff;\">Registre<\/span><\/a><\/td>\n<td style=\"width: 25%; text-align: center; background-color: #cc0000;\"><a class=\"theme-button\" href=\"https:\/\/cscc-sccc.ca\/accommodation-2024\/\" target=\"_blank\" rel=\"noopener noreferrer\"><span style=\"font-weight: bold; color: #ffffff;\">H\u00e9bergement<\/span><\/a><\/td>\n<td style=\"width: 25%; text-align: center; background-color: #cc0000;\"><a class=\"theme-button\" href=\"https:\/\/cscc-sccc.ca\/travel-tourism-2024\/\" target=\"_blank\" rel=\"noopener noreferrer\"><span style=\"font-weight: bold; color: #ffffff;\">Voyage\/Tourisme<\/span><\/a><\/td>\n<\/tr>\n<\/tbody>\n<\/table>\n<p style=\"margin: 0;\">&nbsp;<\/p>\n<p style=\"margin: 0;\" align=\"left\"><a class=\"theme-button\" href=\"https:\/\/event.fourwaves.com\/csccsqbc2024\/registration\" target=\"_blank\" rel=\"noopener noreferrer\"><span style=\"font-weight: bold; color: #ffffff;\">Registre<\/span><\/a><\/p>\n<p style=\"margin: 0;\">&nbsp;<\/p>\n<h4 style=\"margin: 0;\" align=\"left\">Modalit\u00e9s d\u2019inscription<\/h4>\n<p style=\"margin: 0;\" align=\"left\">Avant de proc\u00e9der \u00e0 votre inscription, veuillez lire attentivement les conditions g\u00e9n\u00e9rales suivantes :<\/p>\n<p style=\"margin: 0;\" align=\"left\">\n<p style=\"margin: 0;\" align=\"left\">Tous les participants doivent s\u2019inscrire via le <a href=\"https:\/\/event.fourwaves.com\/csccsqbc2024\/registration\" target=\"_blank\" rel=\"noopener noreferrer\">formulaire d\u2019inscription en ligne<\/a>. Les r\u00e9servations pour les ateliers et les tables rondes peuvent \u00eatre annul\u00e9es si le paiement complet n\u2019est pas re\u00e7u en temps opportun, et l\u2019espace sera lib\u00e9r\u00e9 pour les r\u00e9servations d\u2019autres d\u00e9l\u00e9gu\u00e9s. Le paiement via le syst\u00e8me de paiement en ligne est fortement recommand\u00e9 pour s\u2019assurer que vos s\u00e9lections sont confirm\u00e9es.<\/p>\n<p style=\"margin: 0;\" align=\"left\">\n<p style=\"margin: 0;\" align=\"left\">Annulations:<\/p>\n<p style=\"margin: 0;\" align=\"left\">Les avis d\u2019annulation doivent \u00eatre faits par \u00e9crit et envoy\u00e9s par courriel au Secr\u00e9tariat de la Conf\u00e9rence (<a href=\"mailto:info@cscc-sccc.ca\">info@cscc-sccc.ca<\/a>) au plus tard le 15 mai 2024 afin que les frais d\u2019inscription soient rembours\u00e9s. Si vous avez \u00e9t\u00e9 factur\u00e9 mais que vous n\u2019avez pas pay\u00e9 les frais, vous \u00eates toujours redevable des frais d\u2019annulation ci-dessous :<\/p>\n<p style=\"margin: 0;\" align=\"left\">\u2022 Jusqu\u2019au 15 mai 2024 inclusivement : les frais d\u2019inscription seront rembours\u00e9s moins 100 $ de frais d\u2019administration.<\/p>\n<p style=\"margin: 0;\" align=\"left\">\u2022 Apr\u00e8s le 15 mai 2024 : Aucun remboursement des frais d\u2019inscription ne sera effectu\u00e9. Des substitutions peuvent \u00eatre effectu\u00e9es.<\/p>\n<p style=\"margin: 0;\" align=\"left\">\n<p style=\"margin: 0;\" align=\"left\">Exigences particuli\u00e8res en mati\u00e8re d\u2019acc\u00e8s et de nourriture :<\/p>\n<p style=\"margin: 0;\" align=\"left\">Veuillez \u00e9num\u00e9rer uniquement les besoins alimentaires sp\u00e9ciaux essentiels. En g\u00e9n\u00e9ral, le choix de la nourriture est la responsabilit\u00e9 du d\u00e9l\u00e9gu\u00e9. Les demandes di\u00e9t\u00e9tiques sp\u00e9ciales, si elles sont disponibles, ne seront satisfaites que par inscription pr\u00e9alable.<\/p>\n<p style=\"margin: 0;\" align=\"left\">\n<p style=\"margin: 0;\" align=\"left\">Tarifs pour les membres :<\/p>\n<p style=\"margin: 0;\" align=\"left\">Les frais d\u2019inscription r\u00e9duits s\u2019appliquent aux membres actuels de la CSCC et de la SQBC. Tous les autres d\u00e9l\u00e9gu\u00e9s doivent s\u2019inscrire dans la cat\u00e9gorie des non-membres.<\/p>\n<p style=\"margin: 0;\">&nbsp;<\/p>\n<table border=\"0\" width=\"100%\" cellspacing=\"0\" cellpadding=\"0\">\n<tbody>\n<tr valign=\"top\">\n<td colspan=\"4\" valign=\"top\">\n<h4 style=\"margin: 0;\" align=\"left\">FRAIS D\u2019INSCRIPTION<\/h4>\n<\/td>\n<\/tr>\n<tr valign=\"top\">\n<td width=\"40%\">\n<p style=\"margin: 0;\" align=\"center\">\n<\/td>\n<td width=\"20%\">\n<h5 style=\"margin: 0;\" align=\"center\">Le ou avant<br \/>\n15 mai<\/h5>\n<\/td>\n<td width=\"20%\">\n<h5 style=\"margin: 0;\" align=\"center\">Entre le 16 mai<br \/>\net le 31 mai<\/h5>\n<\/td>\n<td width=\"20%\">\n<h5 style=\"margin: 0;\" align=\"center\">Apr\u00e8s le 31 mai<br \/>\nou sur place<\/h5>\n<\/td>\n<\/tr>\n<tr valign=\"top\">\n<td colspan=\"4\">\n<h5 style=\"margin: 0;\" align=\"left\">Membres du CSCC et de la SQBC<\/h5>\n<\/td>\n<\/tr>\n<tr valign=\"top\">\n<td>\n<p style=\"margin: 0;\" align=\"left\">Membre r\u00e9gulier<sup>1<\/sup><\/p>\n<\/td>\n<td>\n<p style=\"margin: 0;\" align=\"center\">795 $<\/p>\n<\/td>\n<td>\n<p style=\"margin: 0;\" align=\"center\">895 $<\/p>\n<\/td>\n<td>\n<p style=\"margin: 0;\" align=\"center\">945 $<\/p>\n<\/td>\n<\/tr>\n<tr valign=\"top\">\n<td>\n<p style=\"margin: 0;\" align=\"left\">Membre stagiaire ou \u00e9tudiant<sup>1<\/sup><\/p>\n<\/td>\n<td>\n<p style=\"margin: 0;\" align=\"center\">395 $<\/p>\n<\/td>\n<td>\n<p style=\"margin: 0;\" align=\"center\">445 $<\/p>\n<\/td>\n<td>\n<p style=\"margin: 0;\" align=\"center\">470 $<\/p>\n<\/td>\n<\/tr>\n<tr valign=\"top\">\n<td>\n<p style=\"margin: 0;\" align=\"left\">Membre \u00e9m\u00e9rite<sup>1<\/sup><\/p>\n<\/td>\n<td>\n<p style=\"margin: 0;\" align=\"center\">395 $<\/p>\n<\/td>\n<td>\n<p style=\"margin: 0;\" align=\"center\">445 $<\/p>\n<\/td>\n<td>\n<p style=\"margin: 0;\" align=\"center\">470 $<\/p>\n<\/td>\n<\/tr>\n<tr valign=\"top\">\n<td>\n<p style=\"margin: 0;\" align=\"left\">Membre d\u2019un jour<sup>2,3,4,5,6<\/sup><\/p>\n<\/td>\n<td>\n<p style=\"margin: 0;\" align=\"center\">300 $<\/p>\n<\/td>\n<td>\n<p style=\"margin: 0;\" align=\"center\">350 $<\/p>\n<\/td>\n<td>\n<p style=\"margin: 0;\" align=\"center\">375 $<\/p>\n<\/td>\n<\/tr>\n<tr valign=\"top\">\n<td colspan=\"4\">\n<h5 style=\"margin: 0;\" align=\"left\">Non-membres<\/h5>\n<\/td>\n<\/tr>\n<tr valign=\"top\">\n<td>\n<p style=\"margin: 0;\" align=\"left\">Non-membre r\u00e9gulier<sup>1<\/sup><\/p>\n<\/td>\n<td>\n<p style=\"margin: 0;\" align=\"center\">895 $<\/p>\n<\/td>\n<td>\n<p style=\"margin: 0;\" align=\"center\">995 $<\/p>\n<\/td>\n<td>\n<p style=\"margin: 0;\" align=\"center\">1045 $<\/p>\n<\/td>\n<\/tr>\n<tr valign=\"top\">\n<td>\n<p style=\"margin: 0;\" align=\"left\">Stagiaire, \u00e9tudiant ou technologue Non-membre<sup>1<\/sup><\/p>\n<\/td>\n<td>\n<p style=\"margin: 0;\" align=\"center\">445 $<\/p>\n<\/td>\n<td>\n<p style=\"margin: 0;\" align=\"center\">495 $<\/p>\n<\/td>\n<td>\n<p style=\"margin: 0;\" align=\"center\">520 $<\/p>\n<\/td>\n<\/tr>\n<tr valign=\"top\">\n<td>\n<p style=\"margin: 0;\" align=\"left\">Journ\u00e9e unique Non-membre<sup>2,3,4,5,6<\/sup><\/p>\n<\/td>\n<td>\n<p style=\"margin: 0;\" align=\"center\">400 $<\/p>\n<\/td>\n<td>\n<p style=\"margin: 0;\" align=\"center\">450 $<\/p>\n<\/td>\n<td>\n<p style=\"margin: 0;\" align=\"center\">475 $<\/p>\n<\/td>\n<\/tr>\n<\/tbody>\n<\/table>\n<p style=\"margin: 0;\" align=\"left\"><sup>1<\/sup>L\u2019inscription compl\u00e8te \u00e0 la conf\u00e9rence comprend le discours d\u2019ouverture (dimanche), la r\u00e9ception de bienvenue (dimanche), la r\u00e9ception de vins et de fromages (lundi), l\u2019acc\u00e8s \u00e0 tous les symposiums (du lundi au mercredi), les ateliers de l\u2019industrie (du lundi au mardi), le d\u00e9jeuner (du lundi au mercredi), la r\u00e9ception des pr\u00e9sidents et le banquet de gala (le mardi) et les expositions (du lundi au mardi).<br \/>\nInclus mais les places sont limit\u00e9es et les billets doivent \u00eatre r\u00e9serv\u00e9s : Ateliers scientifiques (mardi), tables rondes (mardi).<\/p>\n<p style=\"margin: 0;\" align=\"left\"><sup>deux<\/sup>Les tarifs d\u2019une journ\u00e9e s\u2019appliquent uniquement pour les inscriptions d\u2019une journ\u00e9e. La participation \u00e0 2 jours ou plus n\u00e9cessite une inscription compl\u00e8te \u00e0 la conf\u00e9rence.<\/p>\n<p style=\"margin: 0;\" align=\"left\"><sup>3<\/sup>L\u2019inscription au dimanche d\u2019une journ\u00e9e comprend le discours d\u2019ouverture (dimanche) et la r\u00e9ception de bienvenue (dimanche).<br \/>\nNon inclus, mais disponible \u00e0 l\u2019achat : R\u00e9ception des pr\u00e9sidents et banquet de gala (mardi).<\/p>\n<p style=\"margin: 0;\" align=\"left\"><sup>4<\/sup>L\u2019inscription d\u2019une journ\u00e9e le lundi comprend la r\u00e9ception des vins et des fromages (lundi), l\u2019acc\u00e8s \u00e0 tous les symposiums et ateliers de l\u2019industrie (lundi), les expositions (lundi), le d\u00e9jeuner (lundi).<br \/>\nNon inclus, mais disponible \u00e0 l\u2019achat : R\u00e9ception des pr\u00e9sidents et banquet de gala (mardi).<\/p>\n<p style=\"margin: 0;\" align=\"left\"><sup>5<\/sup>L\u2019inscription au mardi d\u2019une journ\u00e9e comprend l\u2019acc\u00e8s \u00e0 tous les symposiums et ateliers de l\u2019industrie (mardi), aux expositions (mardi) et au d\u00eener (mardi).<br \/>\nInclus mais les places sont limit\u00e9es et les billets doivent \u00eatre r\u00e9serv\u00e9s : Ateliers scientifiques (mardi), tables rondes (mardi).<br \/>\nNon inclus, mais disponible \u00e0 l\u2019achat : R\u00e9ception des pr\u00e9sidents et banquet de gala (mardi).<\/p>\n<p style=\"margin: 0;\" align=\"left\"><sup>6<\/sup>L\u2019inscription d\u2019une journ\u00e9e le mercredi comprend l\u2019acc\u00e8s \u00e0 tous les symposiums (mercredi) et au d\u00e9jeuner (mercredi).<br \/>\nNon inclus, mais disponible \u00e0 l\u2019achat : R\u00e9ception des pr\u00e9sidents et banquet de gala (mardi).<\/p>\n<p style=\"margin: 0;\" align=\"left\">&nbsp;<\/p>\n<table border=\"0\" width=\"100%\" cellspacing=\"0\" cellpadding=\"0\">\n<tbody>\n<tr valign=\"top\">\n<td colspan=\"3\" valign=\"top\">\n<h4 style=\"margin: 0;\" align=\"left\">INSCRIPTION \u00c0 L\u2019ATELIER SCIENTIFIQUE<\/h4>\n<p>Il n\u2019y a pas de frais pour les ateliers, mais le nombre de participants est limit\u00e9 et des billets sont requis.<\/p>\n<\/td>\n<\/tr>\n<tr valign=\"top\">\n<td colspan=\"2\">\n<p style=\"margin: 0;\" align=\"left\">Par atelier<\/p>\n<\/td>\n<td width=\"20%\">\n<p style=\"margin: 0;\" align=\"center\">Aucuns frais<\/p>\n<\/td>\n<\/tr>\n<\/tbody>\n<\/table>\n<p style=\"margin: 0;\">&nbsp;<\/p>\n<table border=\"0\" width=\"100%\" cellspacing=\"0\" cellpadding=\"0\">\n<tbody>\n<tr valign=\"top\">\n<td colspan=\"3\" valign=\"top\">\n<h4 style=\"margin: 0;\" align=\"left\">FRAIS DE TABLE RONDE<\/h4>\n<p>Il n\u2019y a pas de frais pour les tables rondes, mais le nombre de participants est limit\u00e9 et des billets sont requis.<\/p>\n<\/td>\n<\/tr>\n<tr valign=\"top\">\n<td colspan=\"2\">\n<p style=\"margin: 0;\" align=\"left\">Par table ronde<\/p>\n<\/td>\n<td width=\"20%\">\n<p style=\"margin: 0;\" align=\"center\">Aucuns frais<\/p>\n<\/td>\n<\/tr>\n<\/tbody>\n<\/table>\n<p style=\"margin: 0;\">&nbsp;<\/p>\n<table border=\"0\" width=\"100%\" cellspacing=\"0\" cellpadding=\"0\">\n<tbody>\n<tr valign=\"top\">\n<td colspan=\"3\" valign=\"top\">\n<h4 style=\"margin: 0;\" align=\"left\">BILLETS POUR LES \u00c9V\u00c9NEMENTS SOCIAUX<\/h4>\n<\/td>\n<\/tr>\n<tr valign=\"top\">\n<td colspan=\"2\">\n<p style=\"margin: 0;\" align=\"left\">R\u00e9ception de bienvenue, dimanche 16 juin<\/p>\n<\/td>\n<td width=\"20%\">\n<p style=\"margin: 0;\" align=\"center\">\n<\/td>\n<\/tr>\n<tr valign=\"top\">\n<td colspan=\"2\">\n<p style=\"margin: 0;\" align=\"left\">  \u2022 D\u00e9l\u00e9gu\u00e9s inscrits<\/p>\n<\/td>\n<td>\n<p style=\"margin: 0;\" align=\"center\">Aucuns frais<\/p>\n<\/td>\n<\/tr>\n<tr valign=\"top\">\n<td colspan=\"2\">\n<p style=\"margin: 0;\" align=\"left\">  \u2022 Accompagnateurs\/invit\u00e9s<\/p>\n<\/td>\n<td>\n<p style=\"margin: 0;\" align=\"center\">75 $<\/p>\n<\/td>\n<\/tr>\n<tr valign=\"top\">\n<td colspan=\"2\">\n<p style=\"margin: 0;\" align=\"left\">  \u2022 D\u00e9l\u00e9gu\u00e9s d\u2019une journ\u00e9e le lundi, le mardi et le mercredi<\/p>\n<\/td>\n<td>\n<p style=\"margin: 0;\" align=\"center\">75 $<\/p>\n<\/td>\n<\/tr>\n<tr valign=\"top\">\n<td colspan=\"3\">&nbsp;<\/td>\n<\/tr>\n<tr valign=\"top\">\n<td colspan=\"2\">\n<p style=\"margin: 0;\" align=\"left\">R\u00e9ception vins et fromages, lundi 17 juin<\/p>\n<\/td>\n<td>\n<p style=\"margin: 0;\" align=\"center\">\n<\/td>\n<\/tr>\n<tr valign=\"top\">\n<td colspan=\"2\">\n<p style=\"margin: 0;\" align=\"left\">  \u2022 D\u00e9l\u00e9gu\u00e9s inscrits<\/p>\n<\/td>\n<td>\n<p style=\"margin: 0;\" align=\"center\">Aucuns frais<\/p>\n<\/td>\n<\/tr>\n<tr valign=\"top\">\n<td colspan=\"2\">\n<p style=\"margin: 0;\" align=\"left\">  \u2022 Accompagnateurs\/invit\u00e9s<\/p>\n<\/td>\n<td>\n<p style=\"margin: 0;\" align=\"center\">50 $<\/p>\n<\/td>\n<\/tr>\n<tr valign=\"top\">\n<td colspan=\"2\">\n<p style=\"margin: 0;\" align=\"left\">  \u2022 D\u00e9l\u00e9gu\u00e9(e)s d\u2019une journ\u00e9e (dimanche, mardi, mercredi)<\/p>\n<\/td>\n<td>\n<p style=\"margin: 0;\" align=\"center\">50 $<\/p>\n<\/td>\n<\/tr>\n<tr valign=\"top\">\n<td colspan=\"3\">&nbsp;<\/td>\n<\/tr>\n<tr valign=\"top\">\n<td colspan=\"2\">\n<p style=\"margin: 0;\" align=\"left\">Banquet de gala, mardi 18 juin<\/p>\n<\/td>\n<td>\n<p style=\"margin: 0;\" align=\"center\">\n<\/td>\n<\/tr>\n<tr valign=\"top\">\n<td colspan=\"2\">\n<p style=\"margin: 0;\" align=\"left\">  \u2022 D\u00e9l\u00e9gu\u00e9s inscrits \u00e0 part enti\u00e8re<\/p>\n<\/td>\n<td>\n<p style=\"margin: 0;\" align=\"center\">Aucuns frais<\/p>\n<\/td>\n<\/tr>\n<tr valign=\"top\">\n<td colspan=\"2\">\n<p style=\"margin: 0;\" align=\"left\">  \u2022 Accompagnateurs\/invit\u00e9s<\/p>\n<\/td>\n<td>\n<p style=\"margin: 0;\" align=\"center\">95 $<\/p>\n<\/td>\n<\/tr>\n<tr valign=\"top\">\n<td colspan=\"2\">\n<p style=\"margin: 0;\" align=\"left\">  \u2022 D\u00e9l\u00e9gu\u00e9s d\u2019une journ\u00e9e<\/p>\n<\/td>\n<td>\n<p style=\"margin: 0;\" align=\"center\">95 $<\/p>\n<\/td>\n<\/tr>\n<\/tbody>\n<\/table>\n<p style=\"margin: 0;\" align=\"left\">&nbsp;<\/p>\n<table border=\"0\" width=\"100%\" cellspacing=\"0\" cellpadding=\"0\">\n<tbody>\n<tr valign=\"top\">\n<td colspan=\"3\" valign=\"top\">\n<h4 style=\"margin: 0;\" align=\"left\">SERVICE DE NAVETTE SP\u00c9CIAL<\/h4>\n<p style=\"margin: 0;\" align=\"left\">Le co\u00fbt d\u2019un taxi entre Qu\u00e9bec et Mont Ste-Anne est d\u2019environ 150 $ par trajet. La conf\u00e9rence offre un service de transport en taxi et en autobus \u00e0 un co\u00fbt r\u00e9duit de 50 $ par trajet. Ce service de navette de Qu\u00e9bec \u00e0 l\u2019H\u00f4tel Delta Mont Ste-Anne sera offert tous les jours du vendredi au mardi. Des navettes aller-retour vers Qu\u00e9bec seront assur\u00e9es mercredi \u00e0 midi. Veuillez noter que si vous choisissez l\u2019option de transport de Qu\u00e9bec au Mont Ste-Anne, le service sera disponible peu importe votre heure d\u2019arriv\u00e9e et avec un temps d\u2019attente court.<\/p>\n<p style=\"margin: 0;\" align=\"left\"><strong><em>Nous vous encourageons \u00e0 consid\u00e9rer cette excellente option&nbsp;!<\/em><\/strong><\/p>\n<p style=\"margin: 0;\" align=\"left\">Tous les services de navette sont soumis \u00e0 un minimum de vente de billets et peuvent ne pas \u00eatre disponibles certains jours. Si le service de navette n\u2019est pas propos\u00e9 le jour de votre voyage, tous les billets seront rembours\u00e9s int\u00e9gralement.<\/p>\n<\/td>\n<\/tr>\n<tr valign=\"top\">\n<td colspan=\"2\">\n<p style=\"margin: 0;\" align=\"left\">Transport aller-retour de l\u2019a\u00e9roport Jean-Lesage de Qu\u00e9bec (YQB) ou de la gare de Qu\u00e9bec (Gare de Qu\u00e9bec) \u00e0 l\u2019H\u00f4tel Delta Mont Ste-Anne, et retour \u00e0 l\u2019a\u00e9roport Jean-Lesage (YQB) \/ Via train station (Gare de Qu\u00e9bec) Mercredi<\/p>\n<\/td>\n<td width=\"20%\">\n<p style=\"margin: 0;\" align=\"center\">100 $<\/p>\n<\/td>\n<\/tr>\n<tr valign=\"top\">\n<td colspan=\"2\">\n<p style=\"margin: 0;\" align=\"left\">Transport aller simple de l\u2019a\u00e9roport Jean-Lesage de Qu\u00e9bec (YQB) ou de la gare de train (Gare de Qu\u00e9bec) \u00e0 l\u2019h\u00f4tel Delta Mont Ste-Anne<\/p>\n<\/td>\n<td>\n<p style=\"margin: 0;\" align=\"center\">50 $<\/p>\n<\/td>\n<\/tr>\n<tr valign=\"top\">\n<td colspan=\"2\">\n<p style=\"margin: 0;\" align=\"left\">Transport aller simple de l\u2019H\u00f4tel Delta Mont Ste-Anne \u00e0 l\u2019a\u00e9roport Jean-Lesage de Qu\u00e9bec (YQB) ou \u00e0 la gare de Qu\u00e9bec (Gare de Qu\u00e9bec) le mercredi 19 juin<\/p>\n<\/td>\n<td>\n<p style=\"margin: 0;\" align=\"center\">50 $<\/p>\n<\/td>\n<\/tr>\n<\/tbody>\n<\/table>\n<p style=\"margin: 0;\">&nbsp;<\/p>\n<p style=\"margin: 0;\" align=\"left\"><a class=\"theme-button\" href=\"https:\/\/event.fourwaves.com\/csccsqbc2024\/registration\" target=\"_blank\" rel=\"noopener noreferrer\"><span style=\"font-weight: bold; color: #ffffff;\">Registre<\/span><\/a><\/p>\n<p style=\"margin: 0;\">&nbsp;<\/p>\n<p style=\"margin: 0;\">&nbsp;<\/p>\n<h4 style=\"margin: 0;\" align=\"left\">COMPAGNIE A\u00c9RIENNE OFFICIELLE<\/h4>\n<table border=\"0\" width=\"100%\" cellspacing=\"0\" cellpadding=\"0\">\n<tbody>\n<tr valign=\"top\">\n<td colspan=\"2\" width=\"20%\">\n<a href=\"mailto:info@cscc-sccc.ca\"><img decoding=\"async\" src=\"https:\/\/cscc-sccc.ca\/wp-content\/uploads\/aircanada_200x200.jpg\" border=\"0\" align=\"center\"><\/a>\n<\/td>\n<td>\n<p style=\"margin: 0;\" align=\"left\">Air Canada offre des rabais sp\u00e9ciaux aux d\u00e9l\u00e9gu\u00e9s qui se rendent \u00e0 la conf\u00e9rence. R\u00e9servez votre billet en utilisant le code promotionnel et \u00e9conomisez jusqu\u2019\u00e0 10 % ! (Contactez <a href=\"mailto:info@cscc-sccc.ca\">info@cscc.sccc.ca<\/a> pour obtenir le code de r\u00e9servation.)<\/p>\n<p style=\"margin: 0;\" align=\"left\">R\u00e8gles applicables<\/p>\n<ul>\n<li>La r\u00e9servation doit \u00eatre faite \u00e0 destination de la ville suivante : Qu\u00e9bec, YQB (CA).<\/li>\n<li>La p\u00e9riode de voyage commence le vendredi 7 juin 2024 et se termine le dimanche 23 juin 2024.<\/li>\n<li>Les voyages sont valables lundi, mardi, mercredi, jeudi, vendredi, samedi, dimanche.<\/li>\n<li>Pour l\u2019Am\u00e9rique du Nord : 5 % s\u2019applique sur les tarifs standard, 10 % sur les tarifs flexibles et sup\u00e9rieurs. Pour les voyages internationaux : 10 % sur les tarifs standard et sup\u00e9rieurs.<\/li>\n<li>Cependant, toutes les r\u00e9servations effectu\u00e9es \u00e0 l\u2019aide du code promotionnel seront prises en compte dans le minimum de 10 passagers requis pour les r\u00e9unions et les congr\u00e8s.<\/li>\n<\/ul>\n<\/td>\n<\/tr>\n<\/tbody>\n<\/table>\n<p style=\"margin: 0;\">&nbsp;<\/p>\n                    <\/div>\r\n                        <\/div>\r\n    <\/div><!-- .grid-container -->\r\n<\/div><!-- .wrapBlock.advanced-editor -->","protected":false},"excerpt":{"rendered":"","protected":false},"author":596,"featured_media":0,"parent":0,"menu_order":0,"comment_status":"closed","ping_status":"closed","template":"","meta":{"_acf_changed":false,"footnotes":""},"class_list":["post-111467","page","type-page","status-publish","hentry"],"acf":[],"_links":{"self":[{"href":"https:\/\/cscc-sccc.ca\/fr\/wp-json\/wp\/v2\/pages\/111467","targetHints":{"allow":["GET"]}}],"collection":[{"href":"https:\/\/cscc-sccc.ca\/fr\/wp-json\/wp\/v2\/pages"}],"about":[{"href":"https:\/\/cscc-sccc.ca\/fr\/wp-json\/wp\/v2\/types\/page"}],"author":[{"embeddable":true,"href":"https:\/\/cscc-sccc.ca\/fr\/wp-json\/wp\/v2\/users\/596"}],"replies":[{"embeddable":true,"href":"https:\/\/cscc-sccc.ca\/fr\/wp-json\/wp\/v2\/comments?post=111467"}],"version-history":[{"count":1,"href":"https:\/\/cscc-sccc.ca\/fr\/wp-json\/wp\/v2\/pages\/111467\/revisions"}],"predecessor-version":[{"id":111468,"href":"https:\/\/cscc-sccc.ca\/fr\/wp-json\/wp\/v2\/pages\/111467\/revisions\/111468"}],"wp:attachment":[{"href":"https:\/\/cscc-sccc.ca\/fr\/wp-json\/wp\/v2\/media?parent=111467"}],"curies":[{"name":"wp","href":"https:\/\/api.w.org\/{rel}","templated":true}]}}